{"id":2180,"date":"2025-03-26T14:07:12","date_gmt":"2025-03-26T13:07:12","guid":{"rendered":"https:\/\/agora.xtec.cat\/iesaltpenedes\/?page_id=2180"},"modified":"2026-03-27T12:09:26","modified_gmt":"2026-03-27T11:09:26","slug":"cfgs-mecatronica-industrial","status":"publish","type":"page","link":"https:\/\/agora.xtec.cat\/iesaltpenedes\/estudis\/cicles-formatius\/cfgs-mecatronica-industrial\/","title":{"rendered":"CFGS Mecatr\u00f2nica industrial"},"content":{"rendered":"\n<div class=\"wp-block-cover\"><span aria-hidden=\"true\" class=\"wp-block-cover__background has-background-dim-40 has-background-dim\"><\/span><img loading=\"lazy\" decoding=\"async\" width=\"1024\" height=\"768\" class=\"wp-block-cover__image-background wp-image-1563\" alt=\"\" src=\"https:\/\/agora.xtec.cat\/iesaltpenedes\/wp-content\/uploads\/usu1207\/2024\/11\/imatge-3-1-1024x768.jpg\" data-object-fit=\"cover\" srcset=\"https:\/\/agora.xtec.cat\/iesaltpenedes\/wp-content\/uploads\/usu1207\/2024\/11\/imatge-3-1-1024x768.jpg 1024w, https:\/\/agora.xtec.cat\/iesaltpenedes\/wp-content\/uploads\/usu1207\/2024\/11\/imatge-3-1-300x225.jpg 300w, https:\/\/agora.xtec.cat\/iesaltpenedes\/wp-content\/uploads\/usu1207\/2024\/11\/imatge-3-1-768x576.jpg 768w, https:\/\/agora.xtec.cat\/iesaltpenedes\/wp-content\/uploads\/usu1207\/2024\/11\/imatge-3-1-1536x1152.jpg 1536w, https:\/\/agora.xtec.cat\/iesaltpenedes\/wp-content\/uploads\/usu1207\/2024\/11\/imatge-3-1-2048x1536.jpg 2048w, https:\/\/agora.xtec.cat\/iesaltpenedes\/wp-content\/uploads\/usu1207\/2024\/11\/imatge-3-1-200x150.jpg 200w\" sizes=\"auto, (max-width: 1024px) 100vw, 1024px\" \/><div class=\"wp-block-cover__inner-container is-layout-flow wp-block-cover-is-layout-flow\">\n<p class=\"has-text-align-center has-large-font-size\"><strong><mark style=\"background-color:var(--ast-global-color-0)\" class=\"has-inline-color\">MECATR\u00d2NICA INDUSTRIAL<\/mark><\/strong><\/p>\n\n\n\n<p class=\"has-text-align-center has-large-font-size\"><strong><mark style=\"background-color:var(--ast-global-color-0)\" class=\"has-inline-color\">Cicle formatiu de grau superior<\/mark><\/strong><\/p>\n<\/div><\/div>\n\n\n\n<figure class=\"wp-block-table is-style-stripes\"><table><tbody><tr><td class=\"has-text-align-center\" data-align=\"center\"><img loading=\"lazy\" decoding=\"async\" width=\"150\" height=\"85\" class=\"wp-image-2326\" style=\"width: 150px;\" src=\"https:\/\/agora.xtec.cat\/iesaltpenedes\/wp-content\/uploads\/usu1207\/2025\/04\/edificiv.png\" alt=\"\" srcset=\"https:\/\/agora.xtec.cat\/iesaltpenedes\/wp-content\/uploads\/usu1207\/2025\/04\/edificiv.png 1472w, https:\/\/agora.xtec.cat\/iesaltpenedes\/wp-content\/uploads\/usu1207\/2025\/04\/edificiv-300x170.png 300w, https:\/\/agora.xtec.cat\/iesaltpenedes\/wp-content\/uploads\/usu1207\/2025\/04\/edificiv-1024x579.png 1024w, https:\/\/agora.xtec.cat\/iesaltpenedes\/wp-content\/uploads\/usu1207\/2025\/04\/edificiv-768x434.png 768w\" sizes=\"auto, (max-width: 150px) 100vw, 150px\" \/><\/td><td class=\"has-text-align-center\" data-align=\"center\"><img loading=\"lazy\" decoding=\"async\" width=\"150\" height=\"85\" class=\"wp-image-2328\" style=\"width: 150px;\" src=\"https:\/\/agora.xtec.cat\/iesaltpenedes\/wp-content\/uploads\/usu1207\/2025\/04\/birretv.png\" alt=\"\" srcset=\"https:\/\/agora.xtec.cat\/iesaltpenedes\/wp-content\/uploads\/usu1207\/2025\/04\/birretv.png 1472w, https:\/\/agora.xtec.cat\/iesaltpenedes\/wp-content\/uploads\/usu1207\/2025\/04\/birretv-300x170.png 300w, https:\/\/agora.xtec.cat\/iesaltpenedes\/wp-content\/uploads\/usu1207\/2025\/04\/birretv-1024x579.png 1024w, https:\/\/agora.xtec.cat\/iesaltpenedes\/wp-content\/uploads\/usu1207\/2025\/04\/birretv-768x434.png 768w\" sizes=\"auto, (max-width: 150px) 100vw, 150px\" \/><\/td><td class=\"has-text-align-center\" data-align=\"center\"><img loading=\"lazy\" decoding=\"async\" width=\"150\" height=\"85\" class=\"wp-image-2327\" style=\"width: 150px;\" src=\"https:\/\/agora.xtec.cat\/iesaltpenedes\/wp-content\/uploads\/usu1207\/2025\/04\/maletav.png\" alt=\"\" srcset=\"https:\/\/agora.xtec.cat\/iesaltpenedes\/wp-content\/uploads\/usu1207\/2025\/04\/maletav.png 1472w, https:\/\/agora.xtec.cat\/iesaltpenedes\/wp-content\/uploads\/usu1207\/2025\/04\/maletav-300x170.png 300w, https:\/\/agora.xtec.cat\/iesaltpenedes\/wp-content\/uploads\/usu1207\/2025\/04\/maletav-1024x579.png 1024w, https:\/\/agora.xtec.cat\/iesaltpenedes\/wp-content\/uploads\/usu1207\/2025\/04\/maletav-768x434.png 768w\" sizes=\"auto, (max-width: 150px) 100vw, 150px\" \/><\/td><td class=\"has-text-align-center\" data-align=\"center\"><img loading=\"lazy\" decoding=\"async\" width=\"150\" height=\"85\" class=\"wp-image-2297\" style=\"width: 150px;\" src=\"https:\/\/agora.xtec.cat\/iesaltpenedes\/wp-content\/uploads\/usu1207\/2025\/04\/calendariv.png\" alt=\"\" srcset=\"https:\/\/agora.xtec.cat\/iesaltpenedes\/wp-content\/uploads\/usu1207\/2025\/04\/calendariv.png 1472w, https:\/\/agora.xtec.cat\/iesaltpenedes\/wp-content\/uploads\/usu1207\/2025\/04\/calendariv-300x170.png 300w, https:\/\/agora.xtec.cat\/iesaltpenedes\/wp-content\/uploads\/usu1207\/2025\/04\/calendariv-1024x579.png 1024w, https:\/\/agora.xtec.cat\/iesaltpenedes\/wp-content\/uploads\/usu1207\/2025\/04\/calendariv-768x434.png 768w\" sizes=\"auto, (max-width: 150px) 100vw, 150px\" \/><\/td><\/tr><tr><td class=\"has-text-align-center\" data-align=\"center\"><strong>2 CURSOS<\/strong><br><\/td><td class=\"has-text-align-center\" data-align=\"center\"><strong>1485 HORES AL CENTRE<\/strong><\/td><td class=\"has-text-align-center\" data-align=\"center\"><strong>515&nbsp; HORES A EMPRESA<\/strong><\/td><td class=\"has-text-align-center\" data-align=\"center\"><strong>TARDES 15:30-22:00 HORES<\/strong><\/td><\/tr><\/tbody><\/table><\/figure>\n\n\n\n<div class=\"wp-block-getwid-toggle has-icon-left\">\n<div class=\"wp-block-getwid-toggle__row\"><div class=\"wp-block-getwid-toggle__header-wrapper\"><span class=\"wp-block-getwid-toggle__header\"><a href=\"#\"><span class=\"wp-block-getwid-toggle__header-title\">Compet\u00e8ncia General<\/span><span class=\"wp-block-getwid-toggle__icon is-active\"><i class=\"fas fa-plus\"><\/i><\/span><span class=\"wp-block-getwid-toggle__icon is-passive\"><i class=\"fas fa-minus\"><\/i><\/span><\/a><\/span><\/div><div class=\"wp-block-getwid-toggle__content-wrapper\"><div class=\"wp-block-getwid-toggle__content\">\n<p>Aquests estudis capaciten per configurar i optimitzar sistemes mecatr\u00f2nics industrials, aix\u00ed com planificar,<br>supervisar i\/o executar-ne el muntatge i manteniment, seguint els protocols de qualitat, de seguretat i de<br>prevenci\u00f3 de riscos laborals i respecte ambiental.<\/p>\n<\/div><\/div><\/div>\n\n\n\n<div class=\"wp-block-getwid-toggle__row\"><div class=\"wp-block-getwid-toggle__header-wrapper\"><span class=\"wp-block-getwid-toggle__header\"><a href=\"#\"><span class=\"wp-block-getwid-toggle__header-title\">Sortides Professionals<\/span><span class=\"wp-block-getwid-toggle__icon is-active\"><i class=\"fas fa-plus\"><\/i><\/span><span class=\"wp-block-getwid-toggle__icon is-passive\"><i class=\"fas fa-minus\"><\/i><\/span><\/a><\/span><\/div><div class=\"wp-block-getwid-toggle__content-wrapper\"><div class=\"wp-block-getwid-toggle__content\">\n<p>La superaci\u00f3 d&#8217;aquest cicle formatiu permet accedir al m\u00f3n laboral com a:<br><br>\u2022 T\u00e8cnic o t\u00e8cnica en planificaci\u00f3 i programaci\u00f3 de processos de manteniment d&#8217;instal\u00b7lacions de maquin\u00e0ria<br>i equips industrials<\/p>\n\n\n\n<p>\u2022 Cap d&#8217;equip en muntatge d&#8217;instal\u00b7lacions de maquin\u00e0ria i equips industrials<br>\u2022 Cap d&#8217;equip en manteniment d&#8217;instal\u00b7lacions de maquin\u00e0ria i equips industrials.<\/p>\n<\/div><\/div><\/div>\n\n\n\n<div class=\"wp-block-getwid-toggle__row\"><div class=\"wp-block-getwid-toggle__header-wrapper\"><span class=\"wp-block-getwid-toggle__header\"><a href=\"#\"><span class=\"wp-block-getwid-toggle__header-title\">Pla d&#8217;estudis<\/span><span class=\"wp-block-getwid-toggle__icon is-active\"><i class=\"fas fa-plus\"><\/i><\/span><span class=\"wp-block-getwid-toggle__icon is-passive\"><i class=\"fas fa-minus\"><\/i><\/span><\/a><\/span><\/div><div class=\"wp-block-getwid-toggle__content-wrapper\"><div class=\"wp-block-getwid-toggle__content\">\n<p>Cicle Formatiu de grau superior de Mecatr\u00f2nica Industrial.<\/p>\n\n\n\n<p>T\u00edtol: T\u00e8cnic\/a de Mecatr\u00f2nica ind\u00fastrial<\/p>\n\n\n\n<p>Fam\u00edlia professional: Manteniment i Instal.laci\u00f3<\/p>\n\n\n\n<p>El cicle es cursa en horari de tarda de 15:30 a 22:00 hores.<\/p>\n\n\n\n<p>La durada \u00e9s de 2.000 hores (1.485 en un centre educatiu i 515 en un centre de treball) distribu\u00efdes en dos cursos acad\u00e8mics.<\/p>\n\n\n\n<p>Els m\u00f2duls professionals que s\u2019imparteixen s\u00f3n:<\/p>\n\n\n\n<p>\u2022Sistemes mec\u00e0nics<br>\u2022Sistemes hidr\u00e0ulics i pneum\u00e0tics<br>\u2022Sistemes el\u00e8ctrics i electr\u00f2nics<br>\u2022Elements de m\u00e0quines<br>\u2022Processos de fabricaci\u00f3<br>\u2022Representaci\u00f3 gr\u00e0fica de sistemes mecatr\u00f2nics<br>\u2022Configuraci\u00f3 de sistemes mecatr\u00f2nics<br>\u2022Processos i gesti\u00f3 de manteniment i qualitat<br>\u2022Integraci\u00f3 de sistemes<br>\u2022Simulaci\u00f3 de sistemes mecatr\u00f2nics<br>\u2022Projecte intermodular<br>\u2022Angl\u00e8s professional<br>\u2022Digitalitzaci\u00f3 aplicada als sectors productius<br>\u2022Sostenibilitat aplicada al sistema productiu<br>\u2022Itinerari personal per a l&#8217;ocupabilitat I<br>\u2022Itinerari personal per a l&#8217;ocupabilitat II<br>\u2022M\u00f2dul professional optatiu<\/p>\n<\/div><\/div><\/div>\n\n\n\n<div class=\"wp-block-getwid-toggle__row\"><div class=\"wp-block-getwid-toggle__header-wrapper\"><span class=\"wp-block-getwid-toggle__header\"><a href=\"#\"><span class=\"wp-block-getwid-toggle__header-title\">Qu\u00e8 puc estudiar despr\u00e9s?<\/span><span class=\"wp-block-getwid-toggle__icon is-active\"><i class=\"fas fa-plus\"><\/i><\/span><span class=\"wp-block-getwid-toggle__icon is-passive\"><i class=\"fas fa-minus\"><\/i><\/span><\/a><\/span><\/div><div class=\"wp-block-getwid-toggle__content-wrapper\"><div class=\"wp-block-getwid-toggle__content\">\n<p>Amb aquests estudis s&#8217;obt\u00e9 el t\u00edtol de t\u00e8cnic superior o t\u00e8cnica superior, que permet accedir a qualsevol estudi<br>universitari oficial de grau. <\/p>\n\n\n\n<p>Les persones que s&#8217;han graduat en un cicle formatiu de grau superior poden obtenir la convalidaci\u00f3 de cr\u00e8dits universitaris ECTS.<br>Per a m\u00e9s informaci\u00f3, consulteu el Canal Universitats<\/p>\n<\/div><\/div><\/div>\n\n\n\n<div class=\"wp-block-getwid-toggle__row\"><div class=\"wp-block-getwid-toggle__header-wrapper\"><span class=\"wp-block-getwid-toggle__header\"><a href=\"#\"><span class=\"wp-block-getwid-toggle__header-title\">Requisits d&#8217;acc\u00e9s<\/span><span class=\"wp-block-getwid-toggle__icon is-active\"><i class=\"fas fa-plus\"><\/i><\/span><span class=\"wp-block-getwid-toggle__icon is-passive\"><i class=\"fas fa-minus\"><\/i><\/span><\/a><\/span><\/div><div class=\"wp-block-getwid-toggle__content-wrapper\"><div class=\"wp-block-getwid-toggle__content\">\n<p>Tenir un d\u2019aquests t\u00edtols:<br>\u2022Batxillerat.<br>\u2022Batxillerat LOGSE.<br>\u2022BUP. T\u00e8cnic\/a superior de formaci\u00f3 professional o grau universitari o equivalent.<br>\u2022T\u00e8cnic\/a especialista, t\u00e8cnic\/a superior o equivalent.<br>\u2022T\u00e8cnic\/a de grau mitj\u00e0 de formaci\u00f3 professional o t\u00edtol de t\u00e8cnic\/a o t\u00e8cnic\/a d&#8217;arts pl\u00e0stiques i disseny.<\/p>\n\n\n\n<p>O b\u00e9, haver superat:<br>\u2022Una prova d&#8217;acc\u00e9s.<br>\u2022El COU o un curs preuniversitari.<br>\u2022Una oferta formativa de certificat professional inclosa en el cicle.<br>\u2022Un curs de formaci\u00f3 espec\u00edfic per a l\u2019acc\u00e9s als cicles de grau superior.<br>\u2022El segon curs de qualsevol modalitat de batxillerat experimental.<br>\u2022Haver superat la prova d&#8217;acc\u00e9s a la universitat per a m\u00e9s grans de 25 o de 45 anys, o haver accedit a la universitat per tenir 40 anys o m\u00e9s i acreditar experi\u00e8ncia laboral o professional.<\/p>\n<\/div><\/div><\/div>\n<\/div>\n\n\n\n<p>Podeu trobar m\u00e9s informaci\u00f3 en el nostre <a href=\"https:\/\/agora.xtec.cat\/iesaltpenedes\/wp-content\/uploads\/usu1207\/2024\/09\/triptic_gs_mecatronica_2022.pdf\">d\u00edptic <\/a>o a la <a href=\"https:\/\/triaeducativa.gencat.cat\/ca\/estudis?mecatronica-industrial&amp;p_id=1873\">web <\/a>del departament d&#8217;educaci\u00f3.<\/p>\n\n\n\n<p>Participem al programa de beques per estudis universitaris de l&#8217;empresa IDIADA<\/p>\n\n\n\n<figure class=\"wp-block-image size-full\"><a href=\"https:\/\/agora.xtec.cat\/iesaltpenedes\/wp-content\/uploads\/usu1207\/2026\/03\/IDIADA-1.png\"><img loading=\"lazy\" decoding=\"async\" width=\"462\" height=\"644\" src=\"https:\/\/agora.xtec.cat\/iesaltpenedes\/wp-content\/uploads\/usu1207\/2026\/03\/IDIADA-1.png\" alt=\"\" class=\"wp-image-3601\" srcset=\"https:\/\/agora.xtec.cat\/iesaltpenedes\/wp-content\/uploads\/usu1207\/2026\/03\/IDIADA-1.png 462w, https:\/\/agora.xtec.cat\/iesaltpenedes\/wp-content\/uploads\/usu1207\/2026\/03\/IDIADA-1-215x300.png 215w\" sizes=\"auto, (max-width: 462px) 100vw, 462px\" \/><\/a><\/figure>\n","protected":false},"excerpt":{"rendered":"<p>2 CURSOS 1485 HORES AL CENTRE 515&nbsp; HORES A EMPRESA TARDES 15:30-22:00 HORES Podeu trobar m\u00e9s informaci\u00f3 en el nostre [&hellip;]<\/p>\n","protected":false},"author":4,"featured_media":0,"parent":620,"menu_order":5,"comment_status":"closed","ping_status":"close","template":"","meta":{"_bbp_topic_count":0,"_bbp_reply_count":0,"_bbp_total_topic_count":0,"_bbp_total_reply_count":0,"_bbp_voice_count":0,"_bbp_anonymous_reply_count":0,"_bbp_topic_count_hidden":0,"_bbp_reply_count_hidden":0,"_bbp_forum_subforum_count":0,"site-sidebar-layout":"default","site-content-layout":"","ast-site-content-layout":"default","site-content-style":"default","site-sidebar-style":"default","ast-global-header-display":"","ast-banner-title-visibility":"","ast-main-header-display":"","ast-hfb-above-header-display":"","ast-hfb-below-header-display":"","ast-hfb-mobile-header-display":"","site-post-title":"","ast-breadcrumbs-content":"","ast-featured-img":"","footer-sml-layout":"","theme-transparent-header-meta":"","adv-header-id-meta":"","stick-header-meta":"","header-above-stick-meta":"","header-main-stick-meta":"","header-below-stick-meta":"","astra-migrate-meta-layouts":"set","ast-page-background-enabled":"default","ast-page-background-meta":{"desktop":{"background-color":"var(--ast-global-color-4)","background-image":"","background-repeat":"repeat","background-position":"center center","background-size":"auto","background-attachment":"scroll","background-type":"","background-media":"","overlay-type":"","overlay-color":"","overlay-opacity":"","overlay-gradient":""},"tablet":{"background-color":"","background-image":"","background-repeat":"repeat","background-position":"center center","background-size":"auto","background-attachment":"scroll","background-type":"","background-media":"","overlay-type":"","overlay-color":"","overlay-opacity":"","overlay-gradient":""},"mobile":{"background-color":"","background-image":"","background-repeat":"repeat","background-position":"center center","background-size":"auto","background-attachment":"scroll","background-type":"","background-media":"","overlay-type":"","overlay-color":"","overlay-opacity":"","overlay-gradient":""}},"ast-content-background-meta":{"desktop":{"background-color":"var(--ast-global-color-5)","background-image":"","background-repeat":"repeat","background-position":"center center","background-size":"auto","background-attachment":"scroll","background-type":"","background-media":"","overlay-type":"","overlay-color":"","overlay-opacity":"","overlay-gradient":""},"tablet":{"background-color":"var(--ast-global-color-5)","background-image":"","background-repeat":"repeat","background-position":"center center","background-size":"auto","background-attachment":"scroll","background-type":"","background-media":"","overlay-type":"","overlay-color":"","overlay-opacity":"","overlay-gradient":""},"mobile":{"background-color":"var(--ast-global-color-5)","background-image":"","background-repeat":"repeat","background-position":"center center","background-size":"auto","background-attachment":"scroll","background-type":"","background-media":"","overlay-type":"","overlay-color":"","overlay-opacity":"","overlay-gradient":""}},"footnotes":""},"class_list":["post-2180","page","type-page","status-publish","hentry"],"post_mailing_queue_ids":[],"_links":{"self":[{"href":"https:\/\/agora.xtec.cat\/iesaltpenedes\/wp-json\/wp\/v2\/pages\/2180","targetHints":{"allow":["GET"]}}],"collection":[{"href":"https:\/\/agora.xtec.cat\/iesaltpenedes\/wp-json\/wp\/v2\/pages"}],"about":[{"href":"https:\/\/agora.xtec.cat\/iesaltpenedes\/wp-json\/wp\/v2\/types\/page"}],"author":[{"embeddable":true,"href":"https:\/\/agora.xtec.cat\/iesaltpenedes\/wp-json\/wp\/v2\/users\/4"}],"replies":[{"embeddable":true,"href":"https:\/\/agora.xtec.cat\/iesaltpenedes\/wp-json\/wp\/v2\/comments?post=2180"}],"version-history":[{"count":6,"href":"https:\/\/agora.xtec.cat\/iesaltpenedes\/wp-json\/wp\/v2\/pages\/2180\/revisions"}],"predecessor-version":[{"id":3603,"href":"https:\/\/agora.xtec.cat\/iesaltpenedes\/wp-json\/wp\/v2\/pages\/2180\/revisions\/3603"}],"up":[{"embeddable":true,"href":"https:\/\/agora.xtec.cat\/iesaltpenedes\/wp-json\/wp\/v2\/pages\/620"}],"wp:attachment":[{"href":"https:\/\/agora.xtec.cat\/iesaltpenedes\/wp-json\/wp\/v2\/media?parent=2180"}],"curies":[{"name":"wp","href":"https:\/\/api.w.org\/{rel}","templated":true}]}}