{"id":2177,"date":"2025-03-26T14:03:10","date_gmt":"2025-03-26T13:03:10","guid":{"rendered":"https:\/\/agora.xtec.cat\/iesaltpenedes\/?page_id=2177"},"modified":"2025-04-28T18:01:48","modified_gmt":"2025-04-28T16:01:48","slug":"cfgm-mecanitzacio","status":"publish","type":"page","link":"https:\/\/agora.xtec.cat\/iesaltpenedes\/estudis\/cicles-formatius\/cfgm-mecanitzacio\/","title":{"rendered":"CFGM de Mecanitzaci\u00f3"},"content":{"rendered":"\n<div class=\"wp-block-cover\"><span aria-hidden=\"true\" class=\"wp-block-cover__background has-background-dim-0 has-background-dim\"><\/span><img loading=\"lazy\" decoding=\"async\" width=\"1024\" height=\"575\" class=\"wp-block-cover__image-background wp-image-2335\" alt=\"\" src=\"https:\/\/agora.xtec.cat\/iesaltpenedes\/wp-content\/uploads\/usu1207\/2025\/04\/mecanitzacio-1024x575.jpg\" style=\"object-position:69% 13%\" data-object-fit=\"cover\" data-object-position=\"69% 13%\" srcset=\"https:\/\/agora.xtec.cat\/iesaltpenedes\/wp-content\/uploads\/usu1207\/2025\/04\/mecanitzacio-1024x575.jpg 1024w, https:\/\/agora.xtec.cat\/iesaltpenedes\/wp-content\/uploads\/usu1207\/2025\/04\/mecanitzacio-300x169.jpg 300w, https:\/\/agora.xtec.cat\/iesaltpenedes\/wp-content\/uploads\/usu1207\/2025\/04\/mecanitzacio-768x431.jpg 768w, https:\/\/agora.xtec.cat\/iesaltpenedes\/wp-content\/uploads\/usu1207\/2025\/04\/mecanitzacio.jpg 1100w\" sizes=\"auto, (max-width: 1024px) 100vw, 1024px\" \/><div class=\"wp-block-cover__inner-container is-layout-flow wp-block-cover-is-layout-flow\">\n<p class=\"has-text-align-center has-large-font-size\"><strong><mark style=\"background-color:var(--ast-global-color-0)\" class=\"has-inline-color\">MECANITZACI\u00d3<\/mark><\/strong><\/p>\n\n\n\n<p class=\"has-text-align-center has-large-font-size\"><strong><mark style=\"background-color:var(--ast-global-color-3)\" class=\"has-inline-color has-ast-global-color-0-color\">Cicle formatiu de grau mig<\/mark><\/strong><\/p>\n<\/div><\/div>\n\n\n\n<figure class=\"wp-block-table is-style-stripes\"><table><tbody><tr><td class=\"has-text-align-center\" data-align=\"center\"><img loading=\"lazy\" decoding=\"async\" width=\"150\" height=\"85\" class=\"wp-image-2326\" style=\"width: 150px;\" src=\"https:\/\/agora.xtec.cat\/iesaltpenedes\/wp-content\/uploads\/usu1207\/2025\/04\/edificiv.png\" alt=\"\" srcset=\"https:\/\/agora.xtec.cat\/iesaltpenedes\/wp-content\/uploads\/usu1207\/2025\/04\/edificiv.png 1472w, https:\/\/agora.xtec.cat\/iesaltpenedes\/wp-content\/uploads\/usu1207\/2025\/04\/edificiv-300x170.png 300w, https:\/\/agora.xtec.cat\/iesaltpenedes\/wp-content\/uploads\/usu1207\/2025\/04\/edificiv-1024x579.png 1024w, https:\/\/agora.xtec.cat\/iesaltpenedes\/wp-content\/uploads\/usu1207\/2025\/04\/edificiv-768x434.png 768w\" sizes=\"auto, (max-width: 150px) 100vw, 150px\" \/><\/td><td class=\"has-text-align-center\" data-align=\"center\"><img loading=\"lazy\" decoding=\"async\" width=\"150\" height=\"85\" class=\"wp-image-2328\" style=\"width: 150px;\" src=\"https:\/\/agora.xtec.cat\/iesaltpenedes\/wp-content\/uploads\/usu1207\/2025\/04\/birretv.png\" alt=\"\" srcset=\"https:\/\/agora.xtec.cat\/iesaltpenedes\/wp-content\/uploads\/usu1207\/2025\/04\/birretv.png 1472w, https:\/\/agora.xtec.cat\/iesaltpenedes\/wp-content\/uploads\/usu1207\/2025\/04\/birretv-300x170.png 300w, https:\/\/agora.xtec.cat\/iesaltpenedes\/wp-content\/uploads\/usu1207\/2025\/04\/birretv-1024x579.png 1024w, https:\/\/agora.xtec.cat\/iesaltpenedes\/wp-content\/uploads\/usu1207\/2025\/04\/birretv-768x434.png 768w\" sizes=\"auto, (max-width: 150px) 100vw, 150px\" \/><\/td><td class=\"has-text-align-center\" data-align=\"center\"><img loading=\"lazy\" decoding=\"async\" width=\"150\" height=\"85\" class=\"wp-image-2327\" style=\"width: 150px;\" src=\"https:\/\/agora.xtec.cat\/iesaltpenedes\/wp-content\/uploads\/usu1207\/2025\/04\/maletav.png\" alt=\"\" srcset=\"https:\/\/agora.xtec.cat\/iesaltpenedes\/wp-content\/uploads\/usu1207\/2025\/04\/maletav.png 1472w, https:\/\/agora.xtec.cat\/iesaltpenedes\/wp-content\/uploads\/usu1207\/2025\/04\/maletav-300x170.png 300w, https:\/\/agora.xtec.cat\/iesaltpenedes\/wp-content\/uploads\/usu1207\/2025\/04\/maletav-1024x579.png 1024w, https:\/\/agora.xtec.cat\/iesaltpenedes\/wp-content\/uploads\/usu1207\/2025\/04\/maletav-768x434.png 768w\" sizes=\"auto, (max-width: 150px) 100vw, 150px\" \/><\/td><td class=\"has-text-align-center\" data-align=\"center\"><img loading=\"lazy\" decoding=\"async\" width=\"150\" height=\"85\" class=\"wp-image-2297\" style=\"width: 150px;\" src=\"https:\/\/agora.xtec.cat\/iesaltpenedes\/wp-content\/uploads\/usu1207\/2025\/04\/calendariv.png\" alt=\"\" srcset=\"https:\/\/agora.xtec.cat\/iesaltpenedes\/wp-content\/uploads\/usu1207\/2025\/04\/calendariv.png 1472w, https:\/\/agora.xtec.cat\/iesaltpenedes\/wp-content\/uploads\/usu1207\/2025\/04\/calendariv-300x170.png 300w, https:\/\/agora.xtec.cat\/iesaltpenedes\/wp-content\/uploads\/usu1207\/2025\/04\/calendariv-1024x579.png 1024w, https:\/\/agora.xtec.cat\/iesaltpenedes\/wp-content\/uploads\/usu1207\/2025\/04\/calendariv-768x434.png 768w\" sizes=\"auto, (max-width: 150px) 100vw, 150px\" \/><\/td><\/tr><tr><td class=\"has-text-align-center\" data-align=\"center\"><strong>2 CURSOS<\/strong><\/td><td class=\"has-text-align-center\" data-align=\"center\"><strong>1.485 HORES<br>INSTITUT<\/strong><\/td><td class=\"has-text-align-center\" data-align=\"center\"><strong>515 HORES<br>EMPRESA<\/strong><\/td><td class=\"has-text-align-center\" data-align=\"center\"><strong>HORARI<\/strong> <br><strong>TARDA<\/strong><\/td><\/tr><\/tbody><\/table><\/figure>\n\n\n\n<p><strong>Cicle formatiu de grau mig de mecanitzaci\u00f3<\/strong><\/p>\n\n\n\n<div class=\"wp-block-getwid-toggle has-icon-left\">\n<div class=\"wp-block-getwid-toggle__row\"><div class=\"wp-block-getwid-toggle__header-wrapper\"><span class=\"wp-block-getwid-toggle__header\"><a href=\"#\"><span class=\"wp-block-getwid-toggle__header-title\">Compet\u00e8ncia General<\/span><span class=\"wp-block-getwid-toggle__icon is-active\"><i class=\"fas fa-plus\"><\/i><\/span><span class=\"wp-block-getwid-toggle__icon is-passive\"><i class=\"fas fa-minus\"><\/i><\/span><\/a><\/span><\/div><div class=\"wp-block-getwid-toggle__content-wrapper\"><div class=\"wp-block-getwid-toggle__content\">\n<p>Aquests estudis capaciten per executar els processos de mecanitzaci\u00f3 per arrencament de ferritja, conformat i<br>procediments especials, preparant, programant, operant les m\u00e0quines eines i verificant el producte obtingut, complint amb les especificacions de qualitat, seguretat i protecci\u00f3 mediambiental.<\/p>\n<\/div><\/div><\/div>\n\n\n\n<div class=\"wp-block-getwid-toggle__row\"><div class=\"wp-block-getwid-toggle__header-wrapper\"><span class=\"wp-block-getwid-toggle__header\"><a href=\"#\"><span class=\"wp-block-getwid-toggle__header-title\">Sortides professionals<\/span><span class=\"wp-block-getwid-toggle__icon is-active\"><i class=\"fas fa-plus\"><\/i><\/span><span class=\"wp-block-getwid-toggle__icon is-passive\"><i class=\"fas fa-minus\"><\/i><\/span><\/a><\/span><\/div><div class=\"wp-block-getwid-toggle__content-wrapper\"><div class=\"wp-block-getwid-toggle__content\">\n<p>La superaci\u00f3 d&#8217;aquest cicle formatiu permet accedir al m\u00f3n<br>laboral com a:<\/p>\n\n\n\n<ul class=\"wp-block-list\">\n<li>Operari ajustador o oper\u00e0ria ajustadora de m\u00e0quines eina;<\/li>\n\n\n\n<li>Polidor o polidora de metalls i afilador o afiladora d&#8217;eines; operador o operadora de m\u00e0quines per treballar metalls, de m\u00e0quines eina o de robots industrials, i torner o tornera, fresador o fresadora i mandrinador o mandrinadora.<\/li>\n<\/ul>\n<\/div><\/div><\/div>\n\n\n\n<div class=\"wp-block-getwid-toggle__row\"><div class=\"wp-block-getwid-toggle__header-wrapper\"><span class=\"wp-block-getwid-toggle__header\"><a href=\"#\"><span class=\"wp-block-getwid-toggle__header-title\">Pla d&#8217;estudis<\/span><span class=\"wp-block-getwid-toggle__icon is-active\"><i class=\"fas fa-plus\"><\/i><\/span><span class=\"wp-block-getwid-toggle__icon is-passive\"><i class=\"fas fa-minus\"><\/i><\/span><\/a><\/span><\/div><div class=\"wp-block-getwid-toggle__content-wrapper\"><div class=\"wp-block-getwid-toggle__content\">\n<p>Cicle Formatiu de grau mig de Mecanitzaci\u00f3.<\/p>\n\n\n\n<p>T\u00edtol: T\u00e8cnic\/a de Mecanitzaci\u00f3<\/p>\n\n\n\n<p>Fam\u00edlia professional: Fabricaci\u00f3 Mec\u00e0nica<\/p>\n\n\n\n<p>El cicle es cursa en horari de tarda de 15:30 a 22:00 hores.<\/p>\n\n\n\n<p>La durada \u00e9s de 2.000 hores (1.485 en un centre educatiu i 515 en un centre de treball) distribu\u00efdes en dos cursos acad\u00e8mics. <\/p>\n\n\n\n<p>Els m\u00f2duls professionals que s&#8217;imparteixen s\u00f3n:<\/p>\n\n\n\n<ul class=\"wp-block-list\">\n<li>Processos de mecanitzaci\u00f3<\/li>\n\n\n\n<li>Mecanitzaci\u00f3 per control num\u00e8ric<\/li>\n\n\n\n<li>Fabricaci\u00f3 per abrasi\u00f3, electroerosi\u00f3, tall i conformat i per processos especials<\/li>\n\n\n\n<li>Fabricaci\u00f3 per arrencament de ferritja<\/li>\n\n\n\n<li>Sistemes automatitzats<\/li>\n\n\n\n<li>Metrologia i assaig<\/li>\n\n\n\n<li>Interpretaci\u00f3 gr\u00e0fica<\/li>\n\n\n\n<li>Angl\u00e8s professional (GM)<\/li>\n\n\n\n<li>Digitalitzaci\u00f3 aplicada als sectors productius (GM)<\/li>\n\n\n\n<li>Sostenibilitat aplicada al sistema productiu<\/li>\n\n\n\n<li>Itinerari personal per a l&#8217;ocupabilitat I<\/li>\n\n\n\n<li>Itinerari personal per a l&#8217;ocupabilitat II<\/li>\n\n\n\n<li>Projecte intermodular<\/li>\n\n\n\n<li>M\u00f2dul professional optatiu<\/li>\n<\/ul>\n<\/div><\/div><\/div>\n\n\n\n<div class=\"wp-block-getwid-toggle__row\"><div class=\"wp-block-getwid-toggle__header-wrapper\"><span class=\"wp-block-getwid-toggle__header\"><a href=\"#\"><span class=\"wp-block-getwid-toggle__header-title\">Qu\u00e8 puc estudiar despr\u00e9s?<\/span><span class=\"wp-block-getwid-toggle__icon is-active\"><i class=\"fas fa-plus\"><\/i><\/span><span class=\"wp-block-getwid-toggle__icon is-passive\"><i class=\"fas fa-minus\"><\/i><\/span><\/a><\/span><\/div><div class=\"wp-block-getwid-toggle__content-wrapper\"><div class=\"wp-block-getwid-toggle__content\">\n<p>Amb aquests estudis s&#8217;obt\u00e9 el t\u00edtol de t\u00e8cnic o t\u00e8cnica, que permet accedir:<br>\u00b7A batxillerat.<br>\u00b7A un cicle de grau superior de formaci\u00f3 professional.<\/p>\n<\/div><\/div><\/div>\n\n\n\n<div class=\"wp-block-getwid-toggle__row\"><div class=\"wp-block-getwid-toggle__header-wrapper\"><span class=\"wp-block-getwid-toggle__header\"><a href=\"#\"><span class=\"wp-block-getwid-toggle__header-title\">Requisits d&#8217;acc\u00e9s<\/span><span class=\"wp-block-getwid-toggle__icon is-active\"><i class=\"fas fa-plus\"><\/i><\/span><span class=\"wp-block-getwid-toggle__icon is-passive\"><i class=\"fas fa-minus\"><\/i><\/span><\/a><\/span><\/div><div class=\"wp-block-getwid-toggle__content-wrapper\"><div class=\"wp-block-getwid-toggle__content\">\n<p>Tenen&nbsp;<strong>acc\u00e9s directe<\/strong>&nbsp;al cicle les persones que compleixen algun dels requisits seg\u00fcents:<\/p>\n\n\n\n<ul class=\"wp-block-list\">\n<li>Tenir el t\u00edtol de graduat en educaci\u00f3 secund\u00e0ria obligat\u00f2ria.<\/li>\n\n\n\n<li>Haver superat el curs espec\u00edfic per a l\u2019acc\u00e9s als cicles de grau mitj\u00e0.<\/li>\n\n\n\n<li>Tenir el t\u00edtol de t\u00e8cnic, de t\u00e8cnic auxiliar, de t\u00e8cnic b\u00e0sic o de t\u00e8cnic superior.<\/li>\n\n\n\n<li>Haver superat el segon curs del batxillerat unificat i polivalent (BUP).<\/li>\n\n\n\n<li>Tenir altres estudis equivalents a efectes acad\u00e8mics.<\/li>\n\n\n\n<li>Haver superat la prova d\u2019acc\u00e9s a la universitat per a m\u00e9s grans de 25 anys o de 45 anys, o haver accedit a la universitat per haver acreditat experi\u00e8ncia laboral o professional tenint complerts 40 anys d\u2019edat.<\/li>\n\n\n\n<li>Haver superat els m\u00f2duls obligatoris d\u2019un programa de formaci\u00f3 inicial (PFI).<\/li>\n\n\n\n<li>Tenir un t\u00edtol per accedir a un cicle formatiu de grau superior.<\/li>\n<\/ul>\n\n\n\n<p><strong>Amb una prova d\u2019acc\u00e9s:<\/strong><\/p>\n\n\n\n<ul class=\"wp-block-list\">\n<li>Les persones que no compleixen cap dels requisits esmentats han de superar una prova d\u2019acc\u00e9s. Per presentar-s\u2019hi cal tenir com a m\u00ednim 17 anys l\u2019any en qu\u00e8 es fa la prova.<\/li>\n<\/ul>\n<\/div><\/div><\/div>\n<\/div>\n\n\n\n<p><\/p>\n\n\n\n<p>Podeu trobar m\u00e9s informaci\u00f3 en el nostre <a href=\"https:\/\/agora.xtec.cat\/iesaltpenedes\/wp-content\/uploads\/usu1207\/2024\/09\/triptic_gm_mecanitzacio_2021.pdf\">d\u00edptic <\/a>o a la <a href=\"https:\/\/triaeducativa.gencat.cat\/ca\/estudis\/?mecanitzacio&amp;p_id=101\">web <\/a>del departament d&#8217;educaci\u00f3.<\/p>\n","protected":false},"excerpt":{"rendered":"<p>2 CURSOS 1.485 HORESINSTITUT 515 HORESEMPRESA HORARI TARDA Cicle formatiu de grau mig de mecanitzaci\u00f3 Podeu trobar m\u00e9s informaci\u00f3 en [&hellip;]<\/p>\n","protected":false},"author":4,"featured_media":0,"parent":620,"menu_order":2,"comment_status":"closed","ping_status":"close","template":"","meta":{"_bbp_topic_count":0,"_bbp_reply_count":0,"_bbp_total_topic_count":0,"_bbp_total_reply_count":0,"_bbp_voice_count":0,"_bbp_anonymous_reply_count":0,"_bbp_topic_count_hidden":0,"_bbp_reply_count_hidden":0,"_bbp_forum_subforum_count":0,"site-sidebar-layout":"default","site-content-layout":"","ast-site-content-layout":"default","site-content-style":"default","site-sidebar-style":"default","ast-global-header-display":"","ast-banner-title-visibility":"","ast-main-header-display":"","ast-hfb-above-header-display":"","ast-hfb-below-header-display":"","ast-hfb-mobile-header-display":"","site-post-title":"","ast-breadcrumbs-content":"","ast-featured-img":"","footer-sml-layout":"","theme-transparent-header-meta":"","adv-header-id-meta":"","stick-header-meta":"","header-above-stick-meta":"","header-main-stick-meta":"","header-below-stick-meta":"","astra-migrate-meta-layouts":"set","ast-page-background-enabled":"default","ast-page-background-meta":{"desktop":{"background-color":"var(--ast-global-color-4)","background-image":"","background-repeat":"repeat","background-position":"center center","background-size":"auto","background-attachment":"scroll","background-type":"","background-media":"","overlay-type":"","overlay-color":"","overlay-opacity":"","overlay-gradient":""},"tablet":{"background-color":"","background-image":"","background-repeat":"repeat","background-position":"center center","background-size":"auto","background-attachment":"scroll","background-type":"","background-media":"","overlay-type":"","overlay-color":"","overlay-opacity":"","overlay-gradient":""},"mobile":{"background-color":"","background-image":"","background-repeat":"repeat","background-position":"center center","background-size":"auto","background-attachment":"scroll","background-type":"","background-media":"","overlay-type":"","overlay-color":"","overlay-opacity":"","overlay-gradient":""}},"ast-content-background-meta":{"desktop":{"background-color":"var(--ast-global-color-5)","background-image":"","background-repeat":"repeat","background-position":"center center","background-size":"auto","background-attachment":"scroll","background-type":"","background-media":"","overlay-type":"","overlay-color":"","overlay-opacity":"","overlay-gradient":""},"tablet":{"background-color":"var(--ast-global-color-5)","background-image":"","background-repeat":"repeat","background-position":"center center","background-size":"auto","background-attachment":"scroll","background-type":"","background-media":"","overlay-type":"","overlay-color":"","overlay-opacity":"","overlay-gradient":""},"mobile":{"background-color":"var(--ast-global-color-5)","background-image":"","background-repeat":"repeat","background-position":"center center","background-size":"auto","background-attachment":"scroll","background-type":"","background-media":"","overlay-type":"","overlay-color":"","overlay-opacity":"","overlay-gradient":""}},"footnotes":""},"class_list":["post-2177","page","type-page","status-publish","hentry"],"post_mailing_queue_ids":[],"_links":{"self":[{"href":"https:\/\/agora.xtec.cat\/iesaltpenedes\/wp-json\/wp\/v2\/pages\/2177","targetHints":{"allow":["GET"]}}],"collection":[{"href":"https:\/\/agora.xtec.cat\/iesaltpenedes\/wp-json\/wp\/v2\/pages"}],"about":[{"href":"https:\/\/agora.xtec.cat\/iesaltpenedes\/wp-json\/wp\/v2\/types\/page"}],"author":[{"embeddable":true,"href":"https:\/\/agora.xtec.cat\/iesaltpenedes\/wp-json\/wp\/v2\/users\/4"}],"replies":[{"embeddable":true,"href":"https:\/\/agora.xtec.cat\/iesaltpenedes\/wp-json\/wp\/v2\/comments?post=2177"}],"version-history":[{"count":6,"href":"https:\/\/agora.xtec.cat\/iesaltpenedes\/wp-json\/wp\/v2\/pages\/2177\/revisions"}],"predecessor-version":[{"id":2406,"href":"https:\/\/agora.xtec.cat\/iesaltpenedes\/wp-json\/wp\/v2\/pages\/2177\/revisions\/2406"}],"up":[{"embeddable":true,"href":"https:\/\/agora.xtec.cat\/iesaltpenedes\/wp-json\/wp\/v2\/pages\/620"}],"wp:attachment":[{"href":"https:\/\/agora.xtec.cat\/iesaltpenedes\/wp-json\/wp\/v2\/media?parent=2177"}],"curies":[{"name":"wp","href":"https:\/\/api.w.org\/{rel}","templated":true}]}}