{"id":2174,"date":"2025-03-26T13:59:24","date_gmt":"2025-03-26T12:59:24","guid":{"rendered":"https:\/\/agora.xtec.cat\/iesaltpenedes\/?page_id=2174"},"modified":"2026-02-27T16:26:19","modified_gmt":"2026-02-27T15:26:19","slug":"cfgm-installacions-electriques-i-automatiques","status":"publish","type":"page","link":"https:\/\/agora.xtec.cat\/iesaltpenedes\/estudis\/cicles-formatius\/cfgm-installacions-electriques-i-automatiques\/","title":{"rendered":"CFGM Instal\u00b7lacions El\u00e8ctriques i Autom\u00e0tiques"},"content":{"rendered":"\n<div class=\"wp-block-cover\"><span aria-hidden=\"true\" class=\"wp-block-cover__background has-background-dim-20 has-background-dim\"><\/span><img loading=\"lazy\" decoding=\"async\" width=\"1024\" height=\"538\" class=\"wp-block-cover__image-background wp-image-2243\" alt=\"\" src=\"https:\/\/agora.xtec.cat\/iesaltpenedes\/wp-content\/uploads\/usu1207\/2025\/04\/1743615390812-1024x538.jpg\" style=\"object-position:17% 48%\" data-object-fit=\"cover\" data-object-position=\"17% 48%\" srcset=\"https:\/\/agora.xtec.cat\/iesaltpenedes\/wp-content\/uploads\/usu1207\/2025\/04\/1743615390812-1024x538.jpg 1024w, https:\/\/agora.xtec.cat\/iesaltpenedes\/wp-content\/uploads\/usu1207\/2025\/04\/1743615390812-300x158.jpg 300w, https:\/\/agora.xtec.cat\/iesaltpenedes\/wp-content\/uploads\/usu1207\/2025\/04\/1743615390812-768x403.jpg 768w, https:\/\/agora.xtec.cat\/iesaltpenedes\/wp-content\/uploads\/usu1207\/2025\/04\/1743615390812-1536x806.jpg 1536w, https:\/\/agora.xtec.cat\/iesaltpenedes\/wp-content\/uploads\/usu1207\/2025\/04\/1743615390812-2048x1075.jpg 2048w\" sizes=\"auto, (max-width: 1024px) 100vw, 1024px\" \/><div class=\"wp-block-cover__inner-container is-layout-flow wp-block-cover-is-layout-flow\">\n<p class=\"has-text-align-center has-white-color has-text-color has-link-color has-medium-font-size wp-elements-6f78517301045dd98f9b12628e376d71\">INSTAL\u00b7LACIONS EL\u00c8CTRIQUES I AUTOM\u00c0TIQUES (Cicle Formatiu de Grau Mig)<\/p>\n<\/div><\/div>\n\n\n\n<div class=\"wp-block-columns is-layout-flex wp-container-core-columns-is-layout-1 wp-block-columns-is-layout-flex\" style=\"margin-top:0;margin-bottom:0;padding-top:0;padding-right:0;padding-bottom:0;padding-left:0\">\n<div class=\"wp-block-column is-layout-flow wp-block-column-is-layout-flow\">\n<figure class=\"wp-block-image size-large\"><a href=\"https:\/\/agora.xtec.cat\/iesaltpenedes\/wp-content\/uploads\/usu1207\/2025\/04\/edificiv.png\"><img loading=\"lazy\" decoding=\"async\" width=\"1024\" height=\"579\" src=\"https:\/\/agora.xtec.cat\/iesaltpenedes\/wp-content\/uploads\/usu1207\/2025\/04\/edificiv-1024x579.png\" alt=\"\" class=\"wp-image-2326\" srcset=\"https:\/\/agora.xtec.cat\/iesaltpenedes\/wp-content\/uploads\/usu1207\/2025\/04\/edificiv-1024x579.png 1024w, https:\/\/agora.xtec.cat\/iesaltpenedes\/wp-content\/uploads\/usu1207\/2025\/04\/edificiv-300x170.png 300w, https:\/\/agora.xtec.cat\/iesaltpenedes\/wp-content\/uploads\/usu1207\/2025\/04\/edificiv-768x434.png 768w, https:\/\/agora.xtec.cat\/iesaltpenedes\/wp-content\/uploads\/usu1207\/2025\/04\/edificiv.png 1472w\" sizes=\"auto, (max-width: 1024px) 100vw, 1024px\" \/><\/a><\/figure>\n<\/div>\n\n\n\n<div class=\"wp-block-column is-layout-flow wp-block-column-is-layout-flow\">\n<figure class=\"wp-block-image size-large\"><a href=\"https:\/\/agora.xtec.cat\/iesaltpenedes\/wp-content\/uploads\/usu1207\/2025\/04\/birretv.png\"><img loading=\"lazy\" decoding=\"async\" width=\"1024\" height=\"579\" src=\"https:\/\/agora.xtec.cat\/iesaltpenedes\/wp-content\/uploads\/usu1207\/2025\/04\/birretv-1024x579.png\" alt=\"\" class=\"wp-image-2328\" srcset=\"https:\/\/agora.xtec.cat\/iesaltpenedes\/wp-content\/uploads\/usu1207\/2025\/04\/birretv-1024x579.png 1024w, https:\/\/agora.xtec.cat\/iesaltpenedes\/wp-content\/uploads\/usu1207\/2025\/04\/birretv-300x170.png 300w, https:\/\/agora.xtec.cat\/iesaltpenedes\/wp-content\/uploads\/usu1207\/2025\/04\/birretv-768x434.png 768w, https:\/\/agora.xtec.cat\/iesaltpenedes\/wp-content\/uploads\/usu1207\/2025\/04\/birretv.png 1472w\" sizes=\"auto, (max-width: 1024px) 100vw, 1024px\" \/><\/a><\/figure>\n<\/div>\n\n\n\n<div class=\"wp-block-column is-layout-flow wp-block-column-is-layout-flow\">\n<figure class=\"wp-block-image size-large\"><a href=\"https:\/\/agora.xtec.cat\/iesaltpenedes\/wp-content\/uploads\/usu1207\/2025\/04\/maletav.png\"><img loading=\"lazy\" decoding=\"async\" width=\"1024\" height=\"579\" src=\"https:\/\/agora.xtec.cat\/iesaltpenedes\/wp-content\/uploads\/usu1207\/2025\/04\/maletav-1024x579.png\" alt=\"\" class=\"wp-image-2327\" srcset=\"https:\/\/agora.xtec.cat\/iesaltpenedes\/wp-content\/uploads\/usu1207\/2025\/04\/maletav-1024x579.png 1024w, https:\/\/agora.xtec.cat\/iesaltpenedes\/wp-content\/uploads\/usu1207\/2025\/04\/maletav-300x170.png 300w, https:\/\/agora.xtec.cat\/iesaltpenedes\/wp-content\/uploads\/usu1207\/2025\/04\/maletav-768x434.png 768w, https:\/\/agora.xtec.cat\/iesaltpenedes\/wp-content\/uploads\/usu1207\/2025\/04\/maletav.png 1472w\" sizes=\"auto, (max-width: 1024px) 100vw, 1024px\" \/><\/a><\/figure>\n<\/div>\n\n\n\n<div class=\"wp-block-column is-layout-flow wp-block-column-is-layout-flow\">\n<figure class=\"wp-block-image size-large\"><a href=\"https:\/\/agora.xtec.cat\/iesaltpenedes\/wp-content\/uploads\/usu1207\/2025\/04\/calendariv.png\"><img loading=\"lazy\" decoding=\"async\" width=\"1024\" height=\"579\" src=\"https:\/\/agora.xtec.cat\/iesaltpenedes\/wp-content\/uploads\/usu1207\/2025\/04\/calendariv-1024x579.png\" alt=\"\" class=\"wp-image-2297\" srcset=\"https:\/\/agora.xtec.cat\/iesaltpenedes\/wp-content\/uploads\/usu1207\/2025\/04\/calendariv-1024x579.png 1024w, https:\/\/agora.xtec.cat\/iesaltpenedes\/wp-content\/uploads\/usu1207\/2025\/04\/calendariv-300x170.png 300w, https:\/\/agora.xtec.cat\/iesaltpenedes\/wp-content\/uploads\/usu1207\/2025\/04\/calendariv-768x434.png 768w, https:\/\/agora.xtec.cat\/iesaltpenedes\/wp-content\/uploads\/usu1207\/2025\/04\/calendariv.png 1472w\" sizes=\"auto, (max-width: 1024px) 100vw, 1024px\" \/><\/a><\/figure>\n<\/div>\n<\/div>\n\n\n\n<div class=\"wp-block-columns is-layout-flex wp-container-core-columns-is-layout-2 wp-block-columns-is-layout-flex\" style=\"margin-top:0;margin-bottom:0;padding-top:0;padding-right:0;padding-bottom:0;padding-left:0\">\n<div class=\"wp-block-column is-layout-flow wp-block-column-is-layout-flow\">\n<p class=\"has-text-align-center\">2 CURSOS<\/p>\n<\/div>\n\n\n\n<div class=\"wp-block-column is-layout-flow wp-block-column-is-layout-flow\">\n<p class=\"has-text-align-center\">1485 HORES AL CENTRE<\/p>\n<\/div>\n\n\n\n<div class=\"wp-block-column is-layout-flow wp-block-column-is-layout-flow\">\n<p class=\"has-text-align-center\">515&nbsp; HORES A EMPRESA<\/p>\n<\/div>\n\n\n\n<div class=\"wp-block-column is-layout-flow wp-block-column-is-layout-flow\">\n<p class=\"has-text-align-center\">TARDES 15:30-22:00 HORES<\/p>\n<\/div>\n<\/div>\n\n\n\n<p style=\"margin-top:0;margin-bottom:0;padding-top:var(--wp--preset--spacing--50);padding-bottom:var(--wp--preset--spacing--50)\"><strong>Cicle Formatiu de Grau Mig d\u2019 Instal\u00b7lacions El\u00e8ctriques i Autom\u00e0tiques<\/strong><\/p>\n\n\n\n<div class=\"wp-block-getwid-toggle has-icon-left\">\n<div class=\"wp-block-getwid-toggle__row\"><div class=\"wp-block-getwid-toggle__header-wrapper\"><span class=\"wp-block-getwid-toggle__header\"><a href=\"#\"><span class=\"wp-block-getwid-toggle__header-title\">Compet\u00e8ncia general<\/span><span class=\"wp-block-getwid-toggle__icon is-active\"><i class=\"fas fa-plus\"><\/i><\/span><span class=\"wp-block-getwid-toggle__icon is-passive\"><i class=\"fas fa-minus\"><\/i><\/span><\/a><\/span><\/div><div class=\"wp-block-getwid-toggle__content-wrapper\"><div class=\"wp-block-getwid-toggle__content\">\n<p>Aquests estudis postobligatoris capaciten per muntar i mantenir infraestructures de telecomunicaci\u00f3 en edificis, instal\u00b7lacions el\u00e8ctriques de baixa tensi\u00f3, m\u00e0quines el\u00e8ctriques i sistemes automatitzats.<\/p>\n<\/div><\/div><\/div>\n\n\n\n<div class=\"wp-block-getwid-toggle__row\"><div class=\"wp-block-getwid-toggle__header-wrapper\"><span class=\"wp-block-getwid-toggle__header\"><a href=\"#\"><span class=\"wp-block-getwid-toggle__header-title\">Sortides professionals<\/span><span class=\"wp-block-getwid-toggle__icon is-active\"><i class=\"fas fa-plus\"><\/i><\/span><span class=\"wp-block-getwid-toggle__icon is-passive\"><i class=\"fas fa-minus\"><\/i><\/span><\/a><\/span><\/div><div class=\"wp-block-getwid-toggle__content-wrapper\"><div class=\"wp-block-getwid-toggle__content\">\n<p>La superaci\u00f3 d&#8217;aquest cicle formatiu permet accedir al&nbsp;m\u00f3n laboral&nbsp;com a:<\/p>\n\n\n\n<ul class=\"wp-block-list\">\n<li>&nbsp;electricista industrial i d&#8217;instal\u00b7lacions el\u00e8ctriques d&#8217;edificis;<\/li>\n\n\n\n<li>&nbsp;instal\u00b7lador o instal\u00b7ladora de l\u00ednies el\u00e8ctriques, equips electr\u00f2nics en edificis, antenes i equips telef\u00f2nics;<\/li>\n\n\n\n<li>&nbsp;electricista de construcci\u00f3;<\/li>\n\n\n\n<li>&nbsp;electricista de manteniment;<\/li>\n\n\n\n<li>&nbsp;instal\u00b7lador o instal\u00b7ladora i mantenidor o mantenidora de sistemes dom\u00f2tics, i<\/li>\n\n\n\n<li>&nbsp;muntador o muntadora d&#8217;instal\u00b7lacions d&#8217;energia solar fotovoltaica;<\/li>\n\n\n\n<li>&nbsp;instal\u00b7lador de telecomunicacions en edificis i habitatges.<\/li>\n<\/ul>\n\n\n\n<p>Amb aquest t\u00edtol s&#8217;obt\u00e9 la compet\u00e8ncia per ser&nbsp;instal\u00b7lador autoritzat en Baixa Tensi\u00f3&nbsp;i la qualificaci\u00f3 t\u00e8cnica adequada exigida com a requisit per ser&nbsp;empresa instal\u00b7ladora d&#8217;infraestructures comunes de telecomunicacions.<\/p>\n<\/div><\/div><\/div>\n\n\n\n<div class=\"wp-block-getwid-toggle__row\"><div class=\"wp-block-getwid-toggle__header-wrapper\"><span class=\"wp-block-getwid-toggle__header\"><a href=\"#\"><span class=\"wp-block-getwid-toggle__header-title\">Pla d&#8217;estudis<\/span><span class=\"wp-block-getwid-toggle__icon is-active\"><i class=\"fas fa-plus\"><\/i><\/span><span class=\"wp-block-getwid-toggle__icon is-passive\"><i class=\"fas fa-minus\"><\/i><\/span><\/a><\/span><\/div><div class=\"wp-block-getwid-toggle__content-wrapper\"><div class=\"wp-block-getwid-toggle__content\">\n<p>Aquests estudis tenen una durada de 2.000 hores distribu\u00efdes en<strong>&nbsp;<\/strong>dos cursos acad\u00e8mics.<\/p>\n\n\n\n<p>Mat\u00e8ries i continguts que s&#8217;imparteixen:<\/p>\n\n\n\n<ul class=\"wp-block-list\">\n<li>Automatismes industrials<\/li>\n\n\n\n<li>Electr\u00f2nica<\/li>\n\n\n\n<li>Electrot\u00e8cnia<\/li>\n\n\n\n<li>Instal\u00b7lacions el\u00e8ctriques interiors<\/li>\n\n\n\n<li>Instal\u00b7lacions de distribuci\u00f3<\/li>\n\n\n\n<li>Infraestructures comunes de telecomunicaci\u00f3 en habitatges i edificis<\/li>\n\n\n\n<li>Instal\u00b7lacions dom\u00f2tiques<\/li>\n\n\n\n<li>Instal\u00b7lacions solars fotovoltaiques<\/li>\n\n\n\n<li>M\u00e0quines el\u00e8ctriques<\/li>\n\n\n\n<li>Angl\u00e8s professional<\/li>\n\n\n\n<li>Digitalitzaci\u00f3 aplicada als sectors productius<\/li>\n\n\n\n<li>Sostenibilitat aplicada al sistema productiu<\/li>\n\n\n\n<li>Itinerari personal per a l&#8217;ocupabilitat I<\/li>\n\n\n\n<li>Itinerari personal per a l&#8217;ocupabilitat II<\/li>\n\n\n\n<li>Projecte intermodular<\/li>\n\n\n\n<li>M\u00f2dul professional optatiu<\/li>\n<\/ul>\n<\/div><\/div><\/div>\n\n\n\n<div class=\"wp-block-getwid-toggle__row\"><div class=\"wp-block-getwid-toggle__header-wrapper\"><span class=\"wp-block-getwid-toggle__header\"><a href=\"#\"><span class=\"wp-block-getwid-toggle__header-title\">Qu\u00e8 puc estudiar despr\u00e9s?<\/span><span class=\"wp-block-getwid-toggle__icon is-active\"><i class=\"fas fa-plus\"><\/i><\/span><span class=\"wp-block-getwid-toggle__icon is-passive\"><i class=\"fas fa-minus\"><\/i><\/span><\/a><\/span><\/div><div class=\"wp-block-getwid-toggle__content-wrapper\"><div class=\"wp-block-getwid-toggle__content\">\n<p>Amb aquests estudis s&#8217;obt\u00e9 el t\u00edtol de&nbsp;<strong>t\u00e8cnic o t\u00e8cnica<\/strong>, que permet accedir:<\/p>\n\n\n\n<ul class=\"wp-block-list\">\n<li>&nbsp;al batxillerat,<\/li>\n\n\n\n<li>&nbsp;a un cicle de Grau Superior de Formaci\u00f3 Professional.<\/li>\n<\/ul>\n\n\n\n<p>Al nostre centre es poden cursar les seg\u00fcents Formacions Professionals de Grau Superior:<\/p>\n\n\n\n<ul class=\"wp-block-list\">\n<li><a href=\"https:\/\/agora.xtec.cat\/iesaltpenedes\/estudis\/cicles-formatius\/cfgs-automatitzacio-i-robotica-industrial\/\" data-type=\"page\" data-id=\"2179\">Grau Superior en Automatitzaci\u00f3 i Rob\u00f2tica Industrial (ARI)<\/a><\/li>\n\n\n\n<li><a href=\"https:\/\/agora.xtec.cat\/iesaltpenedes\/estudis\/cicles-formatius\/cfgs-mecatronica-industrial\/\" data-type=\"page\" data-id=\"2180\">Grau Superior en Mecatr\u00f2nica Industrial (MEI)<\/a><\/li>\n<\/ul>\n\n\n\n<p>Despr\u00e9s d\u2019un cicle de grau superior hi ha la possibilitat d\u2019accedir a la Universitat.<\/p>\n<\/div><\/div><\/div>\n\n\n\n<div class=\"wp-block-getwid-toggle__row\"><div class=\"wp-block-getwid-toggle__header-wrapper\"><span class=\"wp-block-getwid-toggle__header\"><a href=\"#\"><span class=\"wp-block-getwid-toggle__header-title\">Requisits d&#8217;acc\u00e8s<\/span><span class=\"wp-block-getwid-toggle__icon is-active\"><i class=\"fas fa-plus\"><\/i><\/span><span class=\"wp-block-getwid-toggle__icon is-passive\"><i class=\"fas fa-minus\"><\/i><\/span><\/a><\/span><\/div><div class=\"wp-block-getwid-toggle__content-wrapper\"><div class=\"wp-block-getwid-toggle__content\">\n<p>Pots accedir als cicles de grau mitj\u00e0 si compleixes algun dels requisits seg\u00fcents:<\/p>\n\n\n\n<p>Tenir un d\u2019aquests t\u00edtols:<\/p>\n\n\n\n<ul class=\"wp-block-list\">\n<li>&nbsp;Graduat\/ada en educaci\u00f3 secund\u00e0ria obligat\u00f2ria.<\/li>\n\n\n\n<li>&nbsp;T\u00e8cnic\/a b\u00e0sic\/a.<\/li>\n\n\n\n<li>&nbsp;T\u00e8cnic\/a.<\/li>\n\n\n\n<li>&nbsp;T\u00e8cnic\/a superior.<\/li>\n\n\n\n<li>&nbsp;T\u00e8cnic\/a auxiliar.<\/li>\n\n\n\n<li>&nbsp;Batxillerat superior (plans educatius anteriors a la Llei org\u00e0nica 2\/2006, de 3 de maig).<\/li>\n\n\n\n<li>&nbsp;Titulacions equivalents per accedir als cicles formatius de grau superior.<\/li>\n<\/ul>\n\n\n\n<p>O b\u00e9, haver superat:<\/p>\n\n\n\n<ul class=\"wp-block-list\">\n<li>&nbsp;Una oferta formativa de certificat professional inclosa en el cicle.<\/li>\n\n\n\n<li>&nbsp;Un&nbsp;<a href=\"https:\/\/triaeducativa.gencat.cat\/ca\/estudis?curs-formacio-preparatori-acces-cicles-grau-mitja&amp;p_id=6750\">curs de formaci\u00f3 preparatori per a l&#8217;acc\u00e9s als cicles de grau mitj\u00e0<\/a>.<\/li>\n\n\n\n<li>&nbsp;Una&nbsp;<a href=\"https:\/\/triaeducativa.gencat.cat\/ca\/proves\/proves-acces\/fp\/fp-gm\/\">prova d&#8217;acc\u00e9s<\/a>.<\/li>\n\n\n\n<li>&nbsp;El segon curs del primer cicle experimental de reforma dels ensenyaments mitjans.<\/li>\n\n\n\n<li>&nbsp;El tercer curs del Pla 1963 o segon de comuns experimental dels ensenyaments d&#8217;arts aplicades i oficis art\u00edstics.<\/li>\n\n\n\n<li>&nbsp;El segon curs de BUP, amb un m\u00e0xim de dues mat\u00e8ries suspeses.<\/li>\n\n\n\n<li>&nbsp;Haver superat la prova d&#8217;acc\u00e9s a la universitat per a m\u00e9s grans de 25 o de 45 anys, o haver accedit a la universitat per tenir 40 anys o m\u00e9s i acreditar experi\u00e8ncia laboral o professional.<\/li>\n\n\n\n<li>Altres estudis o cursos de formaci\u00f3 equivalents acad\u00e8micament.<\/li>\n<\/ul>\n<\/div><\/div><\/div>\n<\/div>\n\n\n\n<p>Per m\u00e9s informaci\u00f3 sobre el cicle podeu consultar el <a href=\"https:\/\/agora.xtec.cat\/iesaltpenedes\/wp-content\/uploads\/usu1207\/2024\/09\/triptic_gm._installacions_i_robotica_2021.pdf\">d\u00edptic <\/a>o la <a href=\"https:\/\/triaeducativa.gencat.cat\/ca\/estudis\/?installacions-electriques-automatiques&amp;p_id=74\">web <\/a>del departament d&#8217;educaci\u00f3. <\/p>\n","protected":false},"excerpt":{"rendered":"<p>2 CURSOS 1485 HORES AL CENTRE 515&nbsp; HORES A EMPRESA TARDES 15:30-22:00 HORES Cicle Formatiu de Grau Mig d\u2019 Instal\u00b7lacions [&hellip;]<\/p>\n","protected":false},"author":4,"featured_media":0,"parent":620,"menu_order":1,"comment_status":"closed","ping_status":"close","template":"","meta":{"_bbp_topic_count":0,"_bbp_reply_count":0,"_bbp_total_topic_count":0,"_bbp_total_reply_count":0,"_bbp_voice_count":0,"_bbp_anonymous_reply_count":0,"_bbp_topic_count_hidden":0,"_bbp_reply_count_hidden":0,"_bbp_forum_subforum_count":0,"site-sidebar-layout":"default","site-content-layout":"","ast-site-content-layout":"default","site-content-style":"default","site-sidebar-style":"default","ast-global-header-display":"","ast-banner-title-visibility":"","ast-main-header-display":"","ast-hfb-above-header-display":"","ast-hfb-below-header-display":"","ast-hfb-mobile-header-display":"","site-post-title":"","ast-breadcrumbs-content":"","ast-featured-img":"","footer-sml-layout":"","theme-transparent-header-meta":"","adv-header-id-meta":"","stick-header-meta":"","header-above-stick-meta":"","header-main-stick-meta":"","header-below-stick-meta":"","astra-migrate-meta-layouts":"set","ast-page-background-enabled":"default","ast-page-background-meta":{"desktop":{"background-color":"var(--ast-global-color-4)","background-image":"","background-repeat":"repeat","background-position":"center center","background-size":"auto","background-attachment":"scroll","background-type":"","background-media":"","overlay-type":"","overlay-color":"","overlay-opacity":"","overlay-gradient":""},"tablet":{"background-color":"","background-image":"","background-repeat":"repeat","background-position":"center center","background-size":"auto","background-attachment":"scroll","background-type":"","background-media":"","overlay-type":"","overlay-color":"","overlay-opacity":"","overlay-gradient":""},"mobile":{"background-color":"","background-image":"","background-repeat":"repeat","background-position":"center center","background-size":"auto","background-attachment":"scroll","background-type":"","background-media":"","overlay-type":"","overlay-color":"","overlay-opacity":"","overlay-gradient":""}},"ast-content-background-meta":{"desktop":{"background-color":"var(--ast-global-color-5)","background-image":"","background-repeat":"repeat","background-position":"center center","background-size":"auto","background-attachment":"scroll","background-type":"","background-media":"","overlay-type":"","overlay-color":"","overlay-opacity":"","overlay-gradient":""},"tablet":{"background-color":"var(--ast-global-color-5)","background-image":"","background-repeat":"repeat","background-position":"center center","background-size":"auto","background-attachment":"scroll","background-type":"","background-media":"","overlay-type":"","overlay-color":"","overlay-opacity":"","overlay-gradient":""},"mobile":{"background-color":"var(--ast-global-color-5)","background-image":"","background-repeat":"repeat","background-position":"center center","background-size":"auto","background-attachment":"scroll","background-type":"","background-media":"","overlay-type":"","overlay-color":"","overlay-opacity":"","overlay-gradient":""}},"footnotes":""},"class_list":["post-2174","page","type-page","status-publish","hentry"],"post_mailing_queue_ids":[],"_links":{"self":[{"href":"https:\/\/agora.xtec.cat\/iesaltpenedes\/wp-json\/wp\/v2\/pages\/2174","targetHints":{"allow":["GET"]}}],"collection":[{"href":"https:\/\/agora.xtec.cat\/iesaltpenedes\/wp-json\/wp\/v2\/pages"}],"about":[{"href":"https:\/\/agora.xtec.cat\/iesaltpenedes\/wp-json\/wp\/v2\/types\/page"}],"author":[{"embeddable":true,"href":"https:\/\/agora.xtec.cat\/iesaltpenedes\/wp-json\/wp\/v2\/users\/4"}],"replies":[{"embeddable":true,"href":"https:\/\/agora.xtec.cat\/iesaltpenedes\/wp-json\/wp\/v2\/comments?post=2174"}],"version-history":[{"count":6,"href":"https:\/\/agora.xtec.cat\/iesaltpenedes\/wp-json\/wp\/v2\/pages\/2174\/revisions"}],"predecessor-version":[{"id":3540,"href":"https:\/\/agora.xtec.cat\/iesaltpenedes\/wp-json\/wp\/v2\/pages\/2174\/revisions\/3540"}],"up":[{"embeddable":true,"href":"https:\/\/agora.xtec.cat\/iesaltpenedes\/wp-json\/wp\/v2\/pages\/620"}],"wp:attachment":[{"href":"https:\/\/agora.xtec.cat\/iesaltpenedes\/wp-json\/wp\/v2\/media?parent=2174"}],"curies":[{"name":"wp","href":"https:\/\/api.w.org\/{rel}","templated":true}]}}