{"id":1125,"date":"2024-10-02T17:35:49","date_gmt":"2024-10-02T15:35:49","guid":{"rendered":"https:\/\/agora.xtec.cat\/iesaltpenedes\/?page_id=1125"},"modified":"2026-03-02T17:44:25","modified_gmt":"2026-03-02T16:44:25","slug":"francais","status":"publish","type":"page","link":"https:\/\/agora.xtec.cat\/iesaltpenedes\/projecte-educatiu\/departaments\/idiomes\/francais\/","title":{"rendered":"Fran\u00e7ais"},"content":{"rendered":"\n<div class=\"wp-block-columns is-layout-flex wp-container-core-columns-is-layout-1 wp-block-columns-is-layout-flex\">\n<div class=\"wp-block-column is-layout-flow wp-block-column-is-layout-flow\" style=\"flex-basis:33.33%\">\n<h2 class=\"wp-block-heading\">Llibres de text<\/h2>\n\n\n\n<figure class=\"wp-block-image\"><img decoding=\"async\" src=\"https:\/\/463344365128478901.weebly.com\/uploads\/4\/9\/8\/1\/49816005\/editor\/parachute.png?1675157670\" alt=\"Foto\"\/><\/figure>\n\n\n\n<p>Professora: Laura Fenollar &#8211; lfenolla@institutaltpenedes.cat<\/p>\n<\/div>\n\n\n\n<div class=\"wp-block-column is-layout-flow wp-block-column-is-layout-flow\" style=\"flex-basis:66.66%\">\n<iframe loading=\"lazy\" src=\"https:\/\/docs.google.com\/presentation\/d\/e\/2PACX-1vRgC5EP3LRBZzybZJdm63tLCsl-B5gWh2Zsl7fFJlaXI69DTBWxKh3eZaucEIIgrg\/pubembed?start=false&#038;loop=false&#038;delayms=3000\" frameborder=\"0\" width=\"960\" height=\"569\" allowfullscreen=\"true\" mozallowfullscreen=\"true\" webkitallowfullscreen=\"true\"><\/iframe>\n\n\n\n<p>Presentaci\u00f3 de Portes Obertes 2026.<\/p>\n<\/div>\n<\/div>\n\n\n\n<p><\/p>\n\n\n\n<h2 class=\"wp-block-heading\">Activitats<\/h2>\n\n\n\n<p>Estem fent un intercanvi de cartes amb un institut franc\u00e8s anomenat Coll\u00e8ge Fran\u00e7oise Dolto, situat a Lamorlaye, a prop de Par\u00eds. Cada alumne t\u00e9 un corresponent assignat i peri\u00f2dicament fem un intercanvi de cartes sobre temes acordats treballats pr\u00e8viament a classe, com presentaci\u00f3, descripci\u00f3 f\u00edsica, tradicions i costums, presentar el sistema educatiu, membres de la fam\u00edlia, gastronomia, etc. En la mesura del possible es fa tamb\u00e9 alguna videotrucada en directe.<\/p>\n\n\n\n<figure class=\"wp-block-image\"><img decoding=\"async\" src=\"https:\/\/463344365128478901.weebly.com\/uploads\/4\/9\/8\/1\/49816005\/published\/image.png?1675159023\" alt=\"Foto\"\/><\/figure>\n\n\n\n<p><\/p>\n\n\n\n<p>Participem al concurs de traducci\u00f3 franc\u00e8s-catal\u00e0 de la universitat Pompeu Fabra de Barcelona.<\/p>\n\n\n\n<figure class=\"wp-block-image\"><img decoding=\"async\" src=\"https:\/\/463344365128478901.weebly.com\/uploads\/4\/9\/8\/1\/49816005\/editor\/traduccio.png?1675158334\" alt=\"Foto\"\/><\/figure>\n\n\n\n<p><\/p>\n\n\n\n<p>Participem al Concurso Portavoz, projecte educatiu i cultural que t\u00e9 per objectiu promoure el pluriling\u00fcisme i la diversitat cultural. Concurs de fotografia i llengua pels estudiants de franc\u00e8s d&#8217;Espanya, It\u00e0lia, Portugal i Rep\u00fablica Txeca.<\/p>\n\n\n\n<figure class=\"wp-block-image\"><img decoding=\"async\" src=\"https:\/\/463344365128478901.weebly.com\/uploads\/4\/9\/8\/1\/49816005\/port.jpeg?250\" alt=\"Foto\"\/><\/figure>\n\n\n\n<p><\/p>\n\n\n\n<h2 class=\"wp-block-heading\">DELF<\/h2>\n\n\n\n<p>Fem preparaci\u00f3 als ex\u00e0mens oficials de DELF scolaire et junior nivell A2 o B1 depenent del curs i nivell dels alumnes.<\/p>\n\n\n\n<figure class=\"wp-block-image\"><img decoding=\"async\" src=\"https:\/\/463344365128478901.weebly.com\/uploads\/4\/9\/8\/1\/49816005\/published\/delf.jpeg?1675159098\" alt=\"Foto\"\/><\/figure>\n\n\n\n<p><\/p>\n\n\n\n<h2 class=\"wp-block-heading\">Sortides<\/h2>\n\n\n\n<p>Sortida al teatre a veure una obra en franc\u00e8s. Aquest curs veurem &#8220;Le Chef&#8221; (fotos quan anem)<\/p>\n\n\n\n<p><img decoding=\"async\" src=\"https:\/\/463344365128478901.weebly.com\/uploads\/4\/9\/8\/1\/49816005\/published\/le-chef.jpeg?1675159123\" alt=\"Foto\"><br>Sortida a Collioure<\/p>\n\n\n\n<figure class=\"wp-block-image\"><img decoding=\"async\" src=\"https:\/\/463344365128478901.weebly.com\/uploads\/4\/9\/8\/1\/49816005\/colliure_orig.jpeg\" alt=\"Foto\"\/><\/figure>\n\n\n\n<p><\/p>\n","protected":false},"excerpt":{"rendered":"<p>Llibres de text Professora: Laura Fenollar &#8211; lfenolla@institutaltpenedes.cat Presentaci\u00f3 de Portes Obertes 2026. Activitats Estem fent un intercanvi de cartes [&hellip;]<\/p>\n","protected":false},"author":4,"featured_media":0,"parent":902,"menu_order":0,"comment_status":"closed","ping_status":"closed","template":"","meta":{"_bbp_topic_count":0,"_bbp_reply_count":0,"_bbp_total_topic_count":0,"_bbp_total_reply_count":0,"_bbp_voice_count":0,"_bbp_anonymous_reply_count":0,"_bbp_topic_count_hidden":0,"_bbp_reply_count_hidden":0,"_bbp_forum_subforum_count":0,"site-sidebar-layout":"default","site-content-layout":"","ast-site-content-layout":"default","site-content-style":"default","site-sidebar-style":"default","ast-global-header-display":"","ast-banner-title-visibility":"","ast-main-header-display":"","ast-hfb-above-header-display":"","ast-hfb-below-header-display":"","ast-hfb-mobile-header-display":"","site-post-title":"","ast-breadcrumbs-content":"","ast-featured-img":"","footer-sml-layout":"","theme-transparent-header-meta":"","adv-header-id-meta":"","stick-header-meta":"","header-above-stick-meta":"","header-main-stick-meta":"","header-below-stick-meta":"","astra-migrate-meta-layouts":"set","ast-page-background-enabled":"default","ast-page-background-meta":{"desktop":{"background-color":"var(--ast-global-color-4)","background-image":"","background-repeat":"repeat","background-position":"center center","background-size":"auto","background-attachment":"scroll","background-type":"","background-media":"","overlay-type":"","overlay-color":"","overlay-opacity":"","overlay-gradient":""},"tablet":{"background-color":"","background-image":"","background-repeat":"repeat","background-position":"center center","background-size":"auto","background-attachment":"scroll","background-type":"","background-media":"","overlay-type":"","overlay-color":"","overlay-opacity":"","overlay-gradient":""},"mobile":{"background-color":"","background-image":"","background-repeat":"repeat","background-position":"center center","background-size":"auto","background-attachment":"scroll","background-type":"","background-media":"","overlay-type":"","overlay-color":"","overlay-opacity":"","overlay-gradient":""}},"ast-content-background-meta":{"desktop":{"background-color":"var(--ast-global-color-5)","background-image":"","background-repeat":"repeat","background-position":"center center","background-size":"auto","background-attachment":"scroll","background-type":"","background-media":"","overlay-type":"","overlay-color":"","overlay-opacity":"","overlay-gradient":""},"tablet":{"background-color":"var(--ast-global-color-5)","background-image":"","background-repeat":"repeat","background-position":"center center","background-size":"auto","background-attachment":"scroll","background-type":"","background-media":"","overlay-type":"","overlay-color":"","overlay-opacity":"","overlay-gradient":""},"mobile":{"background-color":"var(--ast-global-color-5)","background-image":"","background-repeat":"repeat","background-position":"center center","background-size":"auto","background-attachment":"scroll","background-type":"","background-media":"","overlay-type":"","overlay-color":"","overlay-opacity":"","overlay-gradient":""}},"footnotes":""},"class_list":["post-1125","page","type-page","status-publish","hentry"],"post_mailing_queue_ids":[],"_links":{"self":[{"href":"https:\/\/agora.xtec.cat\/iesaltpenedes\/wp-json\/wp\/v2\/pages\/1125","targetHints":{"allow":["GET"]}}],"collection":[{"href":"https:\/\/agora.xtec.cat\/iesaltpenedes\/wp-json\/wp\/v2\/pages"}],"about":[{"href":"https:\/\/agora.xtec.cat\/iesaltpenedes\/wp-json\/wp\/v2\/types\/page"}],"author":[{"embeddable":true,"href":"https:\/\/agora.xtec.cat\/iesaltpenedes\/wp-json\/wp\/v2\/users\/4"}],"replies":[{"embeddable":true,"href":"https:\/\/agora.xtec.cat\/iesaltpenedes\/wp-json\/wp\/v2\/comments?post=1125"}],"version-history":[{"count":2,"href":"https:\/\/agora.xtec.cat\/iesaltpenedes\/wp-json\/wp\/v2\/pages\/1125\/revisions"}],"predecessor-version":[{"id":3575,"href":"https:\/\/agora.xtec.cat\/iesaltpenedes\/wp-json\/wp\/v2\/pages\/1125\/revisions\/3575"}],"up":[{"embeddable":true,"href":"https:\/\/agora.xtec.cat\/iesaltpenedes\/wp-json\/wp\/v2\/pages\/902"}],"wp:attachment":[{"href":"https:\/\/agora.xtec.cat\/iesaltpenedes\/wp-json\/wp\/v2\/media?parent=1125"}],"curies":[{"name":"wp","href":"https:\/\/api.w.org\/{rel}","templated":true}]}}