{"id":1121,"date":"2024-10-02T14:21:13","date_gmt":"2024-10-02T12:21:13","guid":{"rendered":"https:\/\/agora.xtec.cat\/iesaltpenedes\/?page_id=1121"},"modified":"2026-03-02T17:43:20","modified_gmt":"2026-03-02T16:43:20","slug":"deutsch","status":"publish","type":"page","link":"https:\/\/agora.xtec.cat\/iesaltpenedes\/projecte-educatiu\/departaments\/idiomes\/deutsch\/","title":{"rendered":"DEUTSCH"},"content":{"rendered":"\n<div class=\"wp-block-columns is-layout-flex wp-container-core-columns-is-layout-1 wp-block-columns-is-layout-flex\">\n<div class=\"wp-block-column is-layout-flow wp-block-column-is-layout-flow\" style=\"flex-basis:33.33%\">\n<h2 class=\"wp-block-heading\">La mat\u00e8ria<\/h2>\n\n\n\n<p>La mat\u00e8ria d\u2019Alemany s\u2019ofereix com a assignatura optativa tant a l\u2019ESO com a Batxillerat. De 1r a 3r d\u2019ESO la mat\u00e8ria t\u00e9 una c\u00e0rrega lectiva de dues hores setmanals, a 4rt d\u2019ESO, de tres hores setmanals, i a Batxillerat, de quatre hores setmanals.<br>\u200bPROFESSORA : Judit Romeu Labayen ( jromeu34@institutaltpenedes.cat )<\/p>\n<\/div>\n\n\n\n<div class=\"wp-block-column is-layout-flow wp-block-column-is-layout-flow\" style=\"flex-basis:66.66%\">\n<iframe loading=\"lazy\" src=\"https:\/\/docs.google.com\/presentation\/d\/e\/2PACX-1vRgC5EP3LRBZzybZJdm63tLCsl-B5gWh2Zsl7fFJlaXI69DTBWxKh3eZaucEIIgrg\/pubembed?start=false&#038;loop=false&#038;delayms=3000\" frameborder=\"0\" width=\"960\" height=\"569\" allowfullscreen=\"true\" mozallowfullscreen=\"true\" webkitallowfullscreen=\"true\"><\/iframe>\n\n\n\n<p>Presentaci\u00f3 de Portes Obertes 2026.<\/p>\n<\/div>\n<\/div>\n\n\n\n<h3 class=\"wp-block-heading\">LLIBRES DE TEXT \u200b<\/h3>\n\n\n\n<p>El manual que es fa servir de 1r a 3r d\u2019ESO \u00e9s Logisch Neu A1. El llibre de text es complementa amb altres materials, tant en suport paper com digital. Des del principi es posa \u00e8mfasi en les activitats orals, de manera que els alumnes s\u00f3n capa\u00e7os ben aviat de mantenir converses senzilles per presentar-se i parlar de la seva vida quotidiana i el seu entorn (fam\u00edlia, escola, etc.).<\/p>\n\n\n\n<p>A partir de 4rt d\u2019ESO el manual usat \u00e9s Logisch Neu A2, que se segueix utilitzant, en funci\u00f3 del<br>grup i del ritme de treball, fins a Batxillerat, on enlla\u00e7a amb Logisch Neu B1. Un cop assolit el nivell<br>A2, els alumnes tenen la possibilitat de fer l\u2019examen per obtenir el certificat oficial del nivell A2 del Goethe-Institut.<\/p>\n\n\n\n<figure class=\"wp-block-image\"><img decoding=\"async\" src=\"https:\/\/463344365128478901.weebly.com\/uploads\/4\/9\/8\/1\/49816005\/blau_orig.png\" alt=\"Foto\"\/><\/figure>\n\n\n\n<figure class=\"wp-block-image\"><img decoding=\"async\" src=\"https:\/\/463344365128478901.weebly.com\/uploads\/4\/9\/8\/1\/49816005\/editor\/a2.jpg?1675762104\" alt=\"Imagen\"\/><\/figure>\n\n\n\n<figure class=\"wp-block-image\"><img decoding=\"async\" src=\"https:\/\/463344365128478901.weebly.com\/uploads\/4\/9\/8\/1\/49816005\/verd_orig.png\" alt=\"Foto\"\/><\/figure>\n\n\n\n<p>&nbsp; &nbsp; <\/p>\n\n\n\n<p>L\u2019activitat acad\u00e8mica es complementa amb activitats fora del centre, com ara visites al Goethe-Institut Barcelona, visualitzaci\u00f3 de pel\u00b7l\u00edcules en alemany, etc. Alhora, el nostre centre t\u00e9 contacte amb una escola de Langenhagen (Alemanya) amb la intenci\u00f3 d\u2019iniciar properament un projecte d\u2019intercanvi escolar.<\/p>\n\n\n\n<h3 class=\"wp-block-heading\">Activitats<\/h3>\n\n\n\n<figure class=\"wp-block-image alignright\"><img decoding=\"async\" src=\"https:\/\/463344365128478901.weebly.com\/uploads\/4\/9\/8\/1\/49816005\/goethe_orig.png\" alt=\"Foto\"\/><\/figure>\n\n\n\n<p><\/p>\n\n\n\n<ul class=\"wp-block-list\">\n<li>Obtenci\u00f3 de certificats oficials a trav\u00e9s del Goethe Institut.<\/li>\n\n\n\n<li>Participaci\u00f3 en una gimcana en alemany al Goethe Institut de Barcelona.<\/li>\n<\/ul>\n\n\n\n<figure class=\"wp-block-table\"><table class=\"has-fixed-layout\"><tbody><tr><td><\/td><\/tr><\/tbody><\/table><\/figure>\n\n\n\n<figure class=\"wp-block-video\"><video controls src=\"https:\/\/agora.xtec.cat\/iesaltpenedes\/wp-content\/uploads\/usu1207\/2024\/10\/youcut-20230126-103458003-937_n3xpkv0r.mp4\"><\/video><\/figure>\n\n\n\n<p><iframe loading=\"lazy\" title=\"V\u00eddeo Presentaci\u00f3 Ins Alt Pened\u00e8s (llengua alemanya) (2)\" src=\"\/\/www.youtube.com\/embed\/DUuh7JIjY6o\" width=\"416\" height=\"263\" frameborder=\"0\" allowfullscreen=\"allowfullscreen\"><\/iframe><\/p>\n","protected":false},"excerpt":{"rendered":"<p>La mat\u00e8ria La mat\u00e8ria d\u2019Alemany s\u2019ofereix com a assignatura optativa tant a l\u2019ESO com a Batxillerat. De 1r a 3r [&hellip;]<\/p>\n","protected":false},"author":4,"featured_media":0,"parent":902,"menu_order":0,"comment_status":"closed","ping_status":"closed","template":"","meta":{"_bbp_topic_count":0,"_bbp_reply_count":0,"_bbp_total_topic_count":0,"_bbp_total_reply_count":0,"_bbp_voice_count":0,"_bbp_anonymous_reply_count":0,"_bbp_topic_count_hidden":0,"_bbp_reply_count_hidden":0,"_bbp_forum_subforum_count":0,"site-sidebar-layout":"default","site-content-layout":"","ast-site-content-layout":"default","site-content-style":"default","site-sidebar-style":"default","ast-global-header-display":"","ast-banner-title-visibility":"","ast-main-header-display":"","ast-hfb-above-header-display":"","ast-hfb-below-header-display":"","ast-hfb-mobile-header-display":"","site-post-title":"","ast-breadcrumbs-content":"","ast-featured-img":"","footer-sml-layout":"","theme-transparent-header-meta":"","adv-header-id-meta":"","stick-header-meta":"","header-above-stick-meta":"","header-main-stick-meta":"","header-below-stick-meta":"","astra-migrate-meta-layouts":"set","ast-page-background-enabled":"default","ast-page-background-meta":{"desktop":{"background-color":"var(--ast-global-color-4)","background-image":"","background-repeat":"repeat","background-position":"center center","background-size":"auto","background-attachment":"scroll","background-type":"","background-media":"","overlay-type":"","overlay-color":"","overlay-opacity":"","overlay-gradient":""},"tablet":{"background-color":"","background-image":"","background-repeat":"repeat","background-position":"center center","background-size":"auto","background-attachment":"scroll","background-type":"","background-media":"","overlay-type":"","overlay-color":"","overlay-opacity":"","overlay-gradient":""},"mobile":{"background-color":"","background-image":"","background-repeat":"repeat","background-position":"center center","background-size":"auto","background-attachment":"scroll","background-type":"","background-media":"","overlay-type":"","overlay-color":"","overlay-opacity":"","overlay-gradient":""}},"ast-content-background-meta":{"desktop":{"background-color":"var(--ast-global-color-5)","background-image":"","background-repeat":"repeat","background-position":"center center","background-size":"auto","background-attachment":"scroll","background-type":"","background-media":"","overlay-type":"","overlay-color":"","overlay-opacity":"","overlay-gradient":""},"tablet":{"background-color":"var(--ast-global-color-5)","background-image":"","background-repeat":"repeat","background-position":"center center","background-size":"auto","background-attachment":"scroll","background-type":"","background-media":"","overlay-type":"","overlay-color":"","overlay-opacity":"","overlay-gradient":""},"mobile":{"background-color":"var(--ast-global-color-5)","background-image":"","background-repeat":"repeat","background-position":"center center","background-size":"auto","background-attachment":"scroll","background-type":"","background-media":"","overlay-type":"","overlay-color":"","overlay-opacity":"","overlay-gradient":""}},"footnotes":""},"class_list":["post-1121","page","type-page","status-publish","hentry"],"post_mailing_queue_ids":[],"_links":{"self":[{"href":"https:\/\/agora.xtec.cat\/iesaltpenedes\/wp-json\/wp\/v2\/pages\/1121","targetHints":{"allow":["GET"]}}],"collection":[{"href":"https:\/\/agora.xtec.cat\/iesaltpenedes\/wp-json\/wp\/v2\/pages"}],"about":[{"href":"https:\/\/agora.xtec.cat\/iesaltpenedes\/wp-json\/wp\/v2\/types\/page"}],"author":[{"embeddable":true,"href":"https:\/\/agora.xtec.cat\/iesaltpenedes\/wp-json\/wp\/v2\/users\/4"}],"replies":[{"embeddable":true,"href":"https:\/\/agora.xtec.cat\/iesaltpenedes\/wp-json\/wp\/v2\/comments?post=1121"}],"version-history":[{"count":5,"href":"https:\/\/agora.xtec.cat\/iesaltpenedes\/wp-json\/wp\/v2\/pages\/1121\/revisions"}],"predecessor-version":[{"id":3574,"href":"https:\/\/agora.xtec.cat\/iesaltpenedes\/wp-json\/wp\/v2\/pages\/1121\/revisions\/3574"}],"up":[{"embeddable":true,"href":"https:\/\/agora.xtec.cat\/iesaltpenedes\/wp-json\/wp\/v2\/pages\/902"}],"wp:attachment":[{"href":"https:\/\/agora.xtec.cat\/iesaltpenedes\/wp-json\/wp\/v2\/media?parent=1121"}],"curies":[{"name":"wp","href":"https:\/\/api.w.org\/{rel}","templated":true}]}}