{"id":8268,"date":"2025-09-24T07:11:23","date_gmt":"2025-09-24T05:11:23","guid":{"rendered":"https:\/\/agora.xtec.cat\/iesaltbergueda\/?page_id=8268"},"modified":"2025-10-01T13:59:21","modified_gmt":"2025-10-01T11:59:21","slug":"complecio-destudis","status":"publish","type":"page","link":"https:\/\/agora.xtec.cat\/iesaltbergueda\/cfgs\/complecio-destudis\/","title":{"rendered":"Compleci\u00f3 d&#8217;estudis"},"content":{"rendered":"<p data-start=\"173\" data-end=\"402\">La\u00a0<strong data-start=\"176\" data-end=\"199\">compleci\u00f3 d\u2019estudis<\/strong>\u00a0\u00e9s un procediment extraordinari que permet a l\u2019alumnat o exalumnat de\u00a0<strong data-start=\"270\" data-end=\"295\">formaci\u00f3 professional<\/strong>\u00a0acabar els seus estudis quan el cicle formatiu que cursaven\u00a0<strong data-start=\"356\" data-end=\"380\">ja ha estat extingit<\/strong>\u00a0pel sistema educatiu.\u00a0Aquesta mesura est\u00e0 pensada per garantir que totes les persones que tenien m\u00f2duls o unitats formatives pendents\u00a0<strong data-start=\"516\" data-end=\"555\">tinguin l\u2019oportunitat de titular-se<\/strong>, tot i que el cicle ja no s\u2019ofereixi en els centres educatius.<\/p>\n<p data-start=\"654\" data-end=\"970\">Aquest procediment de compleci\u00f3 est\u00e0 establert pel Departament d\u2019Educaci\u00f3 i es troba\u00a0<strong data-start=\"819\" data-end=\"869\">regulat per l\u2019<a href=\"https:\/\/portaldogc.gencat.cat\/utilsEADOP\/PDF\/9417\/2089256.pdf\" target=\"_blank\" rel=\"noopener\">Ordre EDU\/74\/2025, de 15 de maig<\/a><\/strong>, i es pot dur a terme durant els\u00a0<strong data-start=\"903\" data-end=\"945\">dos cursos seg\u00fcents a la seva extinci\u00f3<\/strong>\u00a0(2025-2026 i 2026-2027).<\/p>\n<p data-start=\"972\" data-end=\"1118\">En el cas del nostre institut, afecta a<strong data-start=\"1010\" data-end=\"1078\">ls Cicles Formatius de Grau Mitj\u00e0 i Superior (GUIA i EAS).<\/strong><\/p>\n<p data-start=\"620\" data-end=\"835\">\ud83d\udd52\u00a0<strong data-start=\"623\" data-end=\"636\">Terminis:<\/strong><br data-start=\"636\" data-end=\"639\" \/>Un cop un cicle formatiu s\u2019extingeix oficialment, l\u2019alumnat disposa de\u00a0<strong data-start=\"710\" data-end=\"733\">dos cursos escolars<\/strong>\u00a0(2025-2026 i 2026-2027) per completar-lo mitjan\u00e7ant convocat\u00f2ries d\u2019avaluaci\u00f3 espec\u00edfiques per aquest alumnat.<\/p>\n<p>\ud83d\udcda\u00a0<strong data-start=\"840\" data-end=\"859\">A qui s\u2019adre\u00e7a?<\/strong><br data-start=\"859\" data-end=\"862\" \/>A qualsevol persona que hagi estat matriculada en un cicle LOE en extinci\u00f3 i que tingui\u00a0<strong data-start=\"950\" data-end=\"980\">m\u00f2duls pendents de superar mitjan\u00e7ant la realitzaci\u00f3 d\u2019activitats de recuperaci\u00f3 i d\u2019avaluaci\u00f3 en el centre on va cursar la \u00faltima matr\u00edcula.<\/strong><\/p>\n<p data-start=\"872\" data-end=\"896\">\ud83d\udcdd\u00a0<strong data-start=\"840\" data-end=\"859\">Com s\u2019organitza?<\/strong><\/p>\n<ul>\n<li data-start=\"899\" data-end=\"996\">Es convoquen\u00a0<strong data-start=\"912\" data-end=\"948\">dues proves d\u2019avaluaci\u00f3 per curs<\/strong>: una al\u00a0<strong data-start=\"957\" data-end=\"969\">novembre (entre l\u20191 i el 30 de novembre)<\/strong>\u00a0i una altra a l\u2019<strong data-start=\"986\" data-end=\"995\">abril (entre l\u20191 i el 30 d\u2019abril)<\/strong>.<\/li>\n<li data-start=\"899\" data-end=\"996\">L\u2019alumnat ha de\u00a0<strong data-start=\"1015\" data-end=\"1043\">matricular-se pr\u00e8viament<\/strong>\u00a0i indicar quins m\u00f2duls vol presentar-se.\n<ul>\n<li>\n<ul>\n<li data-start=\"899\" data-end=\"996\">De l\u20191 al 15 d\u2019octubre: permet participar en les convocat\u00f2ries de novembre i abril. L\u2019alumnat ha de confirmar, amb l\u2019antelaci\u00f3, l\u2019assist\u00e8ncia o la ren\u00fancia a la segona convocat\u00f2ria.<\/li>\n<li data-start=\"899\" data-end=\"996\">De l\u20191 al 15 de mar\u00e7: permet participar en la convocat\u00f2ria d\u2019abril.<\/li>\n<\/ul>\n<\/li>\n<\/ul>\n<\/li>\n<\/ul>\n<p data-start=\"1165\" data-end=\"1195\">\ud83d\udcdc\u00a0<strong data-start=\"840\" data-end=\"859\">Qu\u00e8 pret\u00e9n aconseguir<\/strong>?<\/p>\n<ul>\n<li data-start=\"1198\" data-end=\"1244\"><strong data-start=\"1198\" data-end=\"1230\">Finalitzar el cicle formatiu<\/strong>\u00a0LOE extingit.<\/li>\n<\/ul>\n","protected":false},"excerpt":{"rendered":"<p>La\u00a0compleci\u00f3 d\u2019estudis\u00a0\u00e9s un procediment extraordinari que permet a l\u2019alumnat o exalumnat de\u00a0formaci\u00f3 professional\u00a0acabar els seus estudis quan el cicle formatiu que cursaven\u00a0ja ha estat extingit\u00a0pel sistema educatiu.\u00a0Aquesta mesura est\u00e0 pensada per garantir que totes les persones que tenien m\u00f2duls o unitats formatives pendents\u00a0tinguin l\u2019oportunitat de titular-se, tot i que el cicle ja no s\u2019ofereixi en [&hellip;]<\/p>\n","protected":false},"author":1,"featured_media":0,"parent":1598,"menu_order":9,"comment_status":"closed","ping_status":"closed","template":"","meta":{"_bbp_topic_count":0,"_bbp_reply_count":0,"_bbp_total_topic_count":0,"_bbp_total_reply_count":0,"_bbp_voice_count":0,"_bbp_anonymous_reply_count":0,"_bbp_topic_count_hidden":0,"_bbp_reply_count_hidden":0,"_bbp_forum_subforum_count":0,"site-sidebar-layout":"default","site-content-layout":"","ast-site-content-layout":"","site-content-style":"default","site-sidebar-style":"default","ast-global-header-display":"","ast-banner-title-visibility":"","ast-main-header-display":"","ast-hfb-above-header-display":"","ast-hfb-below-header-display":"","ast-hfb-mobile-header-display":"","site-post-title":"","ast-breadcrumbs-content":"","ast-featured-img":"","footer-sml-layout":"","theme-transparent-header-meta":"","adv-header-id-meta":"","stick-header-meta":"","header-above-stick-meta":"","header-main-stick-meta":"","header-below-stick-meta":"","astra-migrate-meta-layouts":"default","ast-page-background-enabled":"default","ast-page-background-meta":{"desktop":{"background-color":"var(--ast-global-color-4)","background-image":"","background-repeat":"repeat","background-position":"center center","background-size":"auto","background-attachment":"scroll","background-type":"","background-media":"","overlay-type":"","overlay-color":"","overlay-opacity":"","overlay-gradient":""},"tablet":{"background-color":"","background-image":"","background-repeat":"repeat","background-position":"center center","background-size":"auto","background-attachment":"scroll","background-type":"","background-media":"","overlay-type":"","overlay-color":"","overlay-opacity":"","overlay-gradient":""},"mobile":{"background-color":"","background-image":"","background-repeat":"repeat","background-position":"center center","background-size":"auto","background-attachment":"scroll","background-type":"","background-media":"","overlay-type":"","overlay-color":"","overlay-opacity":"","overlay-gradient":""}},"ast-content-background-meta":{"desktop":{"background-color":"var(--ast-global-color-5)","background-image":"","background-repeat":"repeat","background-position":"center center","background-size":"auto","background-attachment":"scroll","background-type":"","background-media":"","overlay-type":"","overlay-color":"","overlay-opacity":"","overlay-gradient":""},"tablet":{"background-color":"var(--ast-global-color-5)","background-image":"","background-repeat":"repeat","background-position":"center center","background-size":"auto","background-attachment":"scroll","background-type":"","background-media":"","overlay-type":"","overlay-color":"","overlay-opacity":"","overlay-gradient":""},"mobile":{"background-color":"var(--ast-global-color-5)","background-image":"","background-repeat":"repeat","background-position":"center center","background-size":"auto","background-attachment":"scroll","background-type":"","background-media":"","overlay-type":"","overlay-color":"","overlay-opacity":"","overlay-gradient":""}},"footnotes":""},"class_list":["post-8268","page","type-page","status-publish","hentry"],"post_mailing_queue_ids":[],"_links":{"self":[{"href":"https:\/\/agora.xtec.cat\/iesaltbergueda\/wp-json\/wp\/v2\/pages\/8268","targetHints":{"allow":["GET"]}}],"collection":[{"href":"https:\/\/agora.xtec.cat\/iesaltbergueda\/wp-json\/wp\/v2\/pages"}],"about":[{"href":"https:\/\/agora.xtec.cat\/iesaltbergueda\/wp-json\/wp\/v2\/types\/page"}],"author":[{"embeddable":true,"href":"https:\/\/agora.xtec.cat\/iesaltbergueda\/wp-json\/wp\/v2\/users\/1"}],"replies":[{"embeddable":true,"href":"https:\/\/agora.xtec.cat\/iesaltbergueda\/wp-json\/wp\/v2\/comments?post=8268"}],"version-history":[{"count":2,"href":"https:\/\/agora.xtec.cat\/iesaltbergueda\/wp-json\/wp\/v2\/pages\/8268\/revisions"}],"predecessor-version":[{"id":8287,"href":"https:\/\/agora.xtec.cat\/iesaltbergueda\/wp-json\/wp\/v2\/pages\/8268\/revisions\/8287"}],"up":[{"embeddable":true,"href":"https:\/\/agora.xtec.cat\/iesaltbergueda\/wp-json\/wp\/v2\/pages\/1598"}],"wp:attachment":[{"href":"https:\/\/agora.xtec.cat\/iesaltbergueda\/wp-json\/wp\/v2\/media?parent=8268"}],"curies":[{"name":"wp","href":"https:\/\/api.w.org\/{rel}","templated":true}]}}