{"id":790,"date":"2018-01-11T11:09:09","date_gmt":"2018-01-11T10:09:09","guid":{"rendered":"http:\/\/agora.xtec.cat\/iesaltbergueda\/?page_id=790"},"modified":"2026-04-10T09:41:26","modified_gmt":"2026-04-10T07:41:26","slug":"cfgm","status":"publish","type":"page","link":"https:\/\/agora.xtec.cat\/iesaltbergueda\/secretaria\/cfgm\/","title":{"rendered":"Preinscripci\u00f3 i matr\u00edcula CFGM"},"content":{"rendered":"<h4>Jornada de portes obertes<\/h4>\n<p>Dimecres 22 d&#8217;abril de 2026 a les 19 hores<\/p>\n<h4>Calendari de preinscripci\u00f3 i matr\u00edcula<\/h4>\n<table style=\"height: 96px; width: 100%; border-collapse: collapse; background-color: #dcfaf4;\">\n<tbody>\n<tr style=\"height: 96px;\">\n<td style=\"width: 19.3657%; height: 96px;\"><a href=\"https:\/\/agora.xtec.cat\/iesaltbergueda\/wp-content\/uploads\/usu1645\/2025\/03\/2.jpg\"><img loading=\"lazy\" decoding=\"async\" class=\"aligncenter wp-image-7846\" src=\"https:\/\/agora.xtec.cat\/iesaltbergueda\/wp-content\/uploads\/usu1645\/2025\/03\/2-300x300.jpg\" alt=\"\" width=\"77\" height=\"77\" srcset=\"https:\/\/agora.xtec.cat\/iesaltbergueda\/wp-content\/uploads\/usu1645\/2025\/03\/2-300x300.jpg 300w, https:\/\/agora.xtec.cat\/iesaltbergueda\/wp-content\/uploads\/usu1645\/2025\/03\/2-150x150.jpg 150w, https:\/\/agora.xtec.cat\/iesaltbergueda\/wp-content\/uploads\/usu1645\/2025\/03\/2.jpg 500w\" sizes=\"auto, (max-width: 77px) 100vw, 77px\" \/><\/a><\/td>\n<td style=\"width: 80.6343%; height: 96px;\">\n<h4><strong>CODI DEL CENTRE: 8052891<\/strong><\/h4>\n<p><a href=\"https:\/\/preinscripcio.gencat.cat\/ca\/estudis\/fp-grau-mitja\/informat\/\">M\u00c9S INFORMACI\u00d3<\/a> SOBRE LA PREINSCRIPCI\u00d3 A GRAU MITJ\u00c0<\/p>\n<h4>ENLLA\u00c7 A LA SOL\u00b7LICITUD DE <strong><a href=\"https:\/\/educacio.gencat.cat\/ca\/tramits\/tramits-temes\/preinscripcio-fp-gm\">PREINSCRIPCI\u00d3<\/a><\/strong><\/h4>\n<h4><span style=\"color: #800000;\"><strong>Presentaci\u00f3 de sol\u00b7licituds: del 26 de maig a l&#8217;1 de juny de 2026<\/strong><\/span><\/h4>\n<\/td>\n<\/tr>\n<\/tbody>\n<\/table>\n<h4><\/h4>\n<h4><img decoding=\"async\" class=\"emoji\" role=\"img\" draggable=\"false\" src=\"https:\/\/s.w.org\/images\/core\/emoji\/15.0.3\/svg\/1f5d3.svg\" alt=\"\ud83d\uddd3\ufe0f\" \/>Dates a tenir en compte per a la preinscripci\u00f3<\/h4>\n<ul>\n<li><img decoding=\"async\" class=\"emoji\" role=\"img\" draggable=\"false\" src=\"https:\/\/s.w.org\/images\/core\/emoji\/15.0.3\/svg\/1f50d.svg\" alt=\"\ud83d\udd0d\" \/>22 de maig de 2026: oferta inicial de places escolars<\/li>\n<li><img decoding=\"async\" class=\"emoji\" role=\"img\" draggable=\"false\" src=\"https:\/\/s.w.org\/images\/core\/emoji\/15.0.3\/svg\/1f4bb.svg\" alt=\"\ud83d\udcbb\" \/> Del 26 de maig a l&#8217;1 de juny de 2026: presentaci\u00f3 de sol\u00b7licituds<\/li>\n<li><img decoding=\"async\" class=\"emoji\" role=\"img\" draggable=\"false\" src=\"https:\/\/s.w.org\/images\/core\/emoji\/15.0.3\/svg\/1f4c3.svg\" alt=\"\ud83d\udcc3\" \/> Del 26 de maig al 2 de juny de 2026: presentaci\u00f3 de documentaci\u00f3<\/li>\n<li><img decoding=\"async\" class=\"emoji\" role=\"img\" draggable=\"false\" src=\"https:\/\/s.w.org\/images\/core\/emoji\/15.0.3\/svg\/2705.svg\" alt=\"\u2705\" \/>29 de juny de 2026: llista de sol\u00b7licituds amb la puntuaci\u00f3 provisional<\/li>\n<li><img decoding=\"async\" class=\"emoji\" role=\"img\" draggable=\"false\" src=\"https:\/\/s.w.org\/images\/core\/emoji\/15.0.3\/svg\/270f.svg\" alt=\"\u270f\ufe0f\" \/>Del 29 de juny al 2 de juliol de 2026: presentaci\u00f3 de reclamacions<\/li>\n<li><img decoding=\"async\" class=\"emoji\" role=\"img\" draggable=\"false\" src=\"https:\/\/s.w.org\/images\/core\/emoji\/15.0.3\/svg\/1f514.svg\" alt=\"\ud83d\udd14\" \/>6 de juliol de 2026: a les 11 hores, sorteig per resoldre les sol\u00b7licituds de preinscripci\u00f3 empatades en punts<img decoding=\"async\" class=\"emoji\" role=\"img\" draggable=\"false\" src=\"https:\/\/s.w.org\/images\/core\/emoji\/15.0.3\/svg\/1f514.svg\" alt=\"\ud83d\udd14\" \/><\/li>\n<li><img decoding=\"async\" class=\"emoji\" role=\"img\" draggable=\"false\" src=\"https:\/\/s.w.org\/images\/core\/emoji\/15.0.3\/svg\/2705.svg\" alt=\"\u2705\" \/>7 de juliol de 2026: llista de sol\u00b7licituds amb la puntuaci\u00f3 un cop resoltes les reclamacions<\/li>\n<li><img decoding=\"async\" class=\"emoji\" role=\"img\" draggable=\"false\" src=\"https:\/\/s.w.org\/images\/core\/emoji\/15.0.3\/svg\/25b6.svg\" alt=\"\u25b6\ufe0f\" \/>10 de juliol de 2026: oferta final de places<\/li>\n<li><img decoding=\"async\" class=\"emoji\" role=\"img\" draggable=\"false\" src=\"https:\/\/s.w.org\/images\/core\/emoji\/15.0.3\/svg\/2705.svg\" alt=\"\u2705\" \/>10 de juliol de 2026: llista de places assignades de la primera tanda, amb indicaci\u00f3 de la petici\u00f3 atesa de l&#8217;alumne\/a<\/li>\n<li><img decoding=\"async\" class=\"emoji\" role=\"img\" draggable=\"false\" src=\"https:\/\/s.w.org\/images\/core\/emoji\/15.0.3\/svg\/1f4bb.svg\" alt=\"\ud83d\udcbb\" \/> Del 10 al 14 de juliol de 2026: confirma la matr\u00edcula, millora l&#8217;assignaci\u00f3 o renuncia a la pla\u00e7a assignada<\/li>\n<li><img decoding=\"async\" class=\"emoji\" role=\"img\" draggable=\"false\" src=\"https:\/\/s.w.org\/images\/core\/emoji\/15.0.3\/svg\/2705.svg\" alt=\"\u2705\" \/> 24 de juliol de 2026: llista de places assignades en la segona tanda d&#8217;assignaci\u00f3 i en la proposta d&#8217;assignaci\u00f3<\/li>\n<li><img decoding=\"async\" class=\"emoji\" role=\"img\" draggable=\"false\" src=\"https:\/\/s.w.org\/images\/core\/emoji\/15.0.3\/svg\/1f4bb.svg\" alt=\"\ud83d\udcbb\" \/>Del 24 al 28 de juliol de 2026: confirma la matr\u00edcula o renuncia a la pla\u00e7a assignada<\/li>\n<li>\ud83e\udd47Del 10 al 16 de juliol de 2026, fins a les 14 h: per\u00edode per completar la matr\u00edcula al centre (primera tanda)\n<div class=\"bloc-mobil\">\n<div class=\"descripcio link-dotted\">\n<p>Si has confirmat la matr\u00edcula en l\u00ednia de la pla\u00e7a assignada en la primera tanda d&#8217;assignaci\u00f3.<\/p>\n<\/div>\n<\/div>\n<\/li>\n<li>\ud83e\udd47Del 24 al 29 de juliol de 2026, ambd\u00f3s inclosos: per\u00edode per completar la matr\u00edcula al centre (2a tanda i proposta d&#8217;assignaci\u00f3). Excepcionalment de l&#8217;1 al 3 de setembre de 2026.\n<div class=\"bloc-mobil\">\n<div class=\"descripcio link-dotted\">\n<p>Si has confirmat la matr\u00edcula en l\u00ednia de la pla\u00e7a assignada en la segona tanda d&#8217;assignaci\u00f3.<\/p>\n<\/div>\n<\/div>\n<\/li>\n<\/ul>\n<ul>\n<li style=\"list-style-type: none;\"><\/li>\n<\/ul>\n<table>\n<tbody>\n<tr>\n<td><a href=\"https:\/\/agora.xtec.cat\/iesaltbergueda\/wp-content\/uploads\/usu1645\/2025\/03\/Diseno-sin-titulo-5.jpg\"><img loading=\"lazy\" decoding=\"async\" class=\"aligncenter wp-image-7852\" src=\"https:\/\/agora.xtec.cat\/iesaltbergueda\/wp-content\/uploads\/usu1645\/2025\/03\/Diseno-sin-titulo-5-300x300.jpg\" alt=\"\" width=\"98\" height=\"98\" srcset=\"https:\/\/agora.xtec.cat\/iesaltbergueda\/wp-content\/uploads\/usu1645\/2025\/03\/Diseno-sin-titulo-5-300x300.jpg 300w, https:\/\/agora.xtec.cat\/iesaltbergueda\/wp-content\/uploads\/usu1645\/2025\/03\/Diseno-sin-titulo-5-150x150.jpg 150w, https:\/\/agora.xtec.cat\/iesaltbergueda\/wp-content\/uploads\/usu1645\/2025\/03\/Diseno-sin-titulo-5.jpg 500w\" sizes=\"auto, (max-width: 98px) 100vw, 98px\" \/><\/a><\/td>\n<td style=\"background-color: #def2cb;\">Per tant, enguany les matr\u00edcules seran:<strong>MATR\u00cdCULA ALUMNES ASSIGNATS EN PRIMERA TANDA: del 10 al 16 de juliol<\/strong><\/p>\n<p><strong>MATR\u00cdCULA ALUMNES ASSIGNATS EN SEGONA TANDA: del 24 al 29 de juliol. Excepcionalment de l&#8217;1 al 3 de setembre de 2026.<\/strong><\/td>\n<\/tr>\n<\/tbody>\n<\/table>\n<h4>Documentaci\u00f3 matr\u00edcula primer curs de guia (<span style=\"color: #993366;\">informaci\u00f3 pendent d&#8217;actualitzar quan comenci el per\u00edode de matr\u00edcula<\/span>)<\/h4>\n<ul>\n<li style=\"list-style-type: none;\">\n<ul>\n<li><strong>Certificaci\u00f3 acad\u00e8mica de\u00a0 l&#8217;ESO <\/strong>(en cas que no s&#8217;ha presentat en el proc\u00e9s de preinscripci\u00f3)<\/li>\n<li><strong>Informe de compet\u00e8ncies b\u00e0siques de 4t d&#8217;ESO<\/strong><\/li>\n<li><strong>Expedient de l&#8217;ESO<\/strong><\/li>\n<li><strong>Consell orientador<\/strong><\/li>\n<li><strong>N\u00famero Identificador Alumne\/a<\/strong> (IDALU)<\/li>\n<li><strong>Fotoc\u00f2pia Targeta sanit\u00e0ria individual<\/strong> (TSI)<\/li>\n<li><strong>Fotoc\u00f2pia del NUS<\/strong> (N\u00famero d&#8217;afiliaci\u00f3 a la seguretat social)<\/li>\n<li><strong>Certificat m\u00e8dic oficial o prova d&#8217;esfor\u00e7<\/strong><\/li>\n<li><strong>2 fotografies<\/strong><\/li>\n<li><strong>El pagament de l&#8217;import del cicle es realitzar\u00e0 a trav\u00e9s de l&#8217;aplicaci\u00f3 Comunicapp (us ho activarem en el moment de la matr\u00edcula), si decidiu fraccionar l&#8217;import, el primer pagament caldr\u00e0 efectuar-lo abans del 16 o 29 de juliol (segons la tanda de la matr\u00edcula) i el segon abans del 30 de setembre.<\/strong><\/li>\n<li><strong>Documents a emplenar (documentaci\u00f3 disponible al centre en format paper quan vinguis a fer la matr\u00edcula):<\/strong><br \/>\n<table style=\"width: 100%; height: 239px;\">\n<tbody>\n<tr style=\"height: 143px;\">\n<td style=\"height: 143px;\">Document comprom\u00eds fam\u00edlies i informaci\u00f3 pagament<\/td>\n<td style=\"height: 143px;\">VeureL&#8217;aplicaci\u00f3 de pagament us l&#8217;activarem en el moment que formalitzeu la matr\u00edcula al centre.<\/td>\n<\/tr>\n<tr style=\"height: 32px;\">\n<td style=\"height: 32px;\">Fitxes dades alumnat<\/td>\n<td style=\"height: 32px;\">Formulari a contestar per l&#8217;alumne\/a<\/td>\n<\/tr>\n<tr style=\"height: 32px;\">\n<td style=\"height: 32px;\">Document estat salut<\/td>\n<td style=\"height: 32px;\">Veure<\/td>\n<\/tr>\n<tr style=\"height: 32px;\">\n<td style=\"height: 32px;\">Autoritzaci\u00f3 sortides<\/td>\n<td style=\"height: 32px;\">Veure<\/td>\n<\/tr>\n<\/tbody>\n<\/table>\n<\/li>\n<\/ul>\n<\/li>\n<\/ul>\n<h4>Inici de curs<\/h4>\n<ul>\n<li style=\"list-style-type: none;\">\n<ul>\n<li><strong>\u00a0Documents informatius d&#8217;inici de curs (documentaci\u00f3 disponibe a partir de l&#8217;1 de setembre):<\/strong><br \/>\n<table style=\"width: 100%;\">\n<tbody>\n<tr>\n<td style=\"width: 71.7371%;\">Material obligatori 26\/27<\/td>\n<td style=\"width: 14.6478%;\">GUIA 1<\/td>\n<td style=\"width: 12.77%;\">GUIA 2<\/td>\n<\/tr>\n<tr>\n<td style=\"width: 71.7371%;\">Informacions inici de curs<\/td>\n<td style=\"width: 14.6478%;\">GUIA 1<\/td>\n<td style=\"width: 12.77%;\">GUIA 2<\/td>\n<\/tr>\n<tr>\n<td style=\"width: 71.7371%;\">Pagament fian\u00e7a material 26\/27<\/td>\n<td style=\"width: 14.6478%;\">GUIA 1<\/td>\n<td style=\"width: 12.77%;\">GUIA 2<\/td>\n<\/tr>\n<tr>\n<td style=\"width: 71.7371%;\">Horaris (disponibles a partir del setembre)<\/td>\n<td style=\"width: 14.6478%;\">GUIA 1<\/td>\n<td style=\"width: 12.77%;\">GUIA 2<\/td>\n<\/tr>\n<\/tbody>\n<\/table>\n<\/li>\n<\/ul>\n<\/li>\n<\/ul>\n<div class=\"bloc-mobil\">\n<div class=\"descripcio link-dotted\">\n<\/div>\n<\/div>\n<ul style=\"list-style-type: circle;\">\n<li style=\"list-style-type: none;\"><\/li>\n<\/ul>\n","protected":false},"excerpt":{"rendered":"<p>Jornada de portes obertes Dimecres 22 d&#8217;abril de 2026 a les 19 hores Calendari de preinscripci\u00f3 i matr\u00edcula CODI DEL CENTRE: 8052891 M\u00c9S INFORMACI\u00d3 SOBRE LA PREINSCRIPCI\u00d3 A GRAU MITJ\u00c0 ENLLA\u00c7 A LA SOL\u00b7LICITUD DE PREINSCRIPCI\u00d3 Presentaci\u00f3 de sol\u00b7licituds: del 26 de maig a l&#8217;1 de juny de 2026 Dates a tenir en compte per [&hellip;]<\/p>\n","protected":false},"author":1,"featured_media":0,"parent":81,"menu_order":6,"comment_status":"closed","ping_status":"closed","template":"","meta":{"_bbp_topic_count":0,"_bbp_reply_count":0,"_bbp_total_topic_count":0,"_bbp_total_reply_count":0,"_bbp_voice_count":0,"_bbp_anonymous_reply_count":0,"_bbp_topic_count_hidden":0,"_bbp_reply_count_hidden":0,"_bbp_forum_subforum_count":0,"site-sidebar-layout":"default","site-content-layout":"","ast-site-content-layout":"default","site-content-style":"default","site-sidebar-style":"default","ast-global-header-display":"","ast-banner-title-visibility":"","ast-main-header-display":"","ast-hfb-above-header-display":"","ast-hfb-below-header-display":"","ast-hfb-mobile-header-display":"","site-post-title":"","ast-breadcrumbs-content":"","ast-featured-img":"","footer-sml-layout":"","theme-transparent-header-meta":"","adv-header-id-meta":"","stick-header-meta":"","header-above-stick-meta":"","header-main-stick-meta":"","header-below-stick-meta":"","astra-migrate-meta-layouts":"set","ast-page-background-enabled":"default","ast-page-background-meta":{"desktop":{"background-color":"var(--ast-global-color-4)","background-image":"","background-repeat":"repeat","background-position":"center center","background-size":"auto","background-attachment":"scroll","background-type":"","background-media":"","overlay-type":"","overlay-color":"","overlay-opacity":"","overlay-gradient":""},"tablet":{"background-color":"","background-image":"","background-repeat":"repeat","background-position":"center center","background-size":"auto","background-attachment":"scroll","background-type":"","background-media":"","overlay-type":"","overlay-color":"","overlay-opacity":"","overlay-gradient":""},"mobile":{"background-color":"","background-image":"","background-repeat":"repeat","background-position":"center center","background-size":"auto","background-attachment":"scroll","background-type":"","background-media":"","overlay-type":"","overlay-color":"","overlay-opacity":"","overlay-gradient":""}},"ast-content-background-meta":{"desktop":{"background-color":"var(--ast-global-color-5)","background-image":"","background-repeat":"repeat","background-position":"center center","background-size":"auto","background-attachment":"scroll","background-type":"","background-media":"","overlay-type":"","overlay-color":"","overlay-opacity":"","overlay-gradient":""},"tablet":{"background-color":"var(--ast-global-color-5)","background-image":"","background-repeat":"repeat","background-position":"center center","background-size":"auto","background-attachment":"scroll","background-type":"","background-media":"","overlay-type":"","overlay-color":"","overlay-opacity":"","overlay-gradient":""},"mobile":{"background-color":"var(--ast-global-color-5)","background-image":"","background-repeat":"repeat","background-position":"center center","background-size":"auto","background-attachment":"scroll","background-type":"","background-media":"","overlay-type":"","overlay-color":"","overlay-opacity":"","overlay-gradient":""}},"footnotes":""},"class_list":["post-790","page","type-page","status-publish","hentry"],"post_mailing_queue_ids":[],"_links":{"self":[{"href":"https:\/\/agora.xtec.cat\/iesaltbergueda\/wp-json\/wp\/v2\/pages\/790","targetHints":{"allow":["GET"]}}],"collection":[{"href":"https:\/\/agora.xtec.cat\/iesaltbergueda\/wp-json\/wp\/v2\/pages"}],"about":[{"href":"https:\/\/agora.xtec.cat\/iesaltbergueda\/wp-json\/wp\/v2\/types\/page"}],"author":[{"embeddable":true,"href":"https:\/\/agora.xtec.cat\/iesaltbergueda\/wp-json\/wp\/v2\/users\/1"}],"replies":[{"embeddable":true,"href":"https:\/\/agora.xtec.cat\/iesaltbergueda\/wp-json\/wp\/v2\/comments?post=790"}],"version-history":[{"count":5,"href":"https:\/\/agora.xtec.cat\/iesaltbergueda\/wp-json\/wp\/v2\/pages\/790\/revisions"}],"predecessor-version":[{"id":8788,"href":"https:\/\/agora.xtec.cat\/iesaltbergueda\/wp-json\/wp\/v2\/pages\/790\/revisions\/8788"}],"up":[{"embeddable":true,"href":"https:\/\/agora.xtec.cat\/iesaltbergueda\/wp-json\/wp\/v2\/pages\/81"}],"wp:attachment":[{"href":"https:\/\/agora.xtec.cat\/iesaltbergueda\/wp-json\/wp\/v2\/media?parent=790"}],"curies":[{"name":"wp","href":"https:\/\/api.w.org\/{rel}","templated":true}]}}