{"id":788,"date":"2018-01-11T11:07:57","date_gmt":"2018-01-11T10:07:57","guid":{"rendered":"http:\/\/agora.xtec.cat\/iesaltbergueda\/?page_id=788"},"modified":"2026-04-08T15:49:32","modified_gmt":"2026-04-08T13:49:32","slug":"batxillerat","status":"publish","type":"page","link":"https:\/\/agora.xtec.cat\/iesaltbergueda\/secretaria\/batxillerat\/","title":{"rendered":"Preinscripci\u00f3 i matr\u00edcula BATXILLERAT"},"content":{"rendered":"<h4><\/h4>\n<ul>\n<li>\n<h4><a href=\"https:\/\/agora.xtec.cat\/iesaltbergueda\/wp-content\/uploads\/usu1645\/2026\/03\/Preinscripcio_baners_Web_educacio__Preinscripcio_web_educacio_1900x372_3imatges.jpg\"><img loading=\"lazy\" decoding=\"async\" class=\"aligncenter size-full wp-image-8657\" src=\"https:\/\/agora.xtec.cat\/iesaltbergueda\/wp-content\/uploads\/usu1645\/2026\/03\/Preinscripcio_baners_Web_educacio__Preinscripcio_web_educacio_1900x372_3imatges.jpg\" alt=\"\" width=\"1900\" height=\"372\" srcset=\"https:\/\/agora.xtec.cat\/iesaltbergueda\/wp-content\/uploads\/usu1645\/2026\/03\/Preinscripcio_baners_Web_educacio__Preinscripcio_web_educacio_1900x372_3imatges.jpg 1900w, https:\/\/agora.xtec.cat\/iesaltbergueda\/wp-content\/uploads\/usu1645\/2026\/03\/Preinscripcio_baners_Web_educacio__Preinscripcio_web_educacio_1900x372_3imatges-300x59.jpg 300w, https:\/\/agora.xtec.cat\/iesaltbergueda\/wp-content\/uploads\/usu1645\/2026\/03\/Preinscripcio_baners_Web_educacio__Preinscripcio_web_educacio_1900x372_3imatges-1024x200.jpg 1024w, https:\/\/agora.xtec.cat\/iesaltbergueda\/wp-content\/uploads\/usu1645\/2026\/03\/Preinscripcio_baners_Web_educacio__Preinscripcio_web_educacio_1900x372_3imatges-768x150.jpg 768w, https:\/\/agora.xtec.cat\/iesaltbergueda\/wp-content\/uploads\/usu1645\/2026\/03\/Preinscripcio_baners_Web_educacio__Preinscripcio_web_educacio_1900x372_3imatges-1536x301.jpg 1536w\" sizes=\"auto, (max-width: 1900px) 100vw, 1900px\" \/><\/a><\/h4>\n<h4><span style=\"font-weight: 400;\">\u203c\ufe0f<\/span><span style=\"background-color: #33cccc;\">Jornada de portes obertes<\/span><\/h4>\n<p style=\"padding-left: 40px;\">Dimecres 8 de abril de 2026 a les 18 hores<\/p>\n<h4><span style=\"background-color: #ccffcc;\"><span style=\"font-weight: 400;\">\ud83d\uddd3\ufe0f<\/span>Calendari de preinscripci\u00f3 i matr\u00edcula<\/span><\/h4>\n<table style=\"border-collapse: collapse; width: 100%;\">\n<tbody>\n<tr>\n<td style=\"width: 13.5968%;\" rowspan=\"2\"><a href=\"https:\/\/agora.xtec.cat\/iesaltbergueda\/wp-content\/uploads\/usu1645\/2025\/03\/Diseno-sin-titulo-5.jpg\"><img loading=\"lazy\" decoding=\"async\" class=\"aligncenter wp-image-7852\" src=\"https:\/\/agora.xtec.cat\/iesaltbergueda\/wp-content\/uploads\/usu1645\/2025\/03\/Diseno-sin-titulo-5-300x300.jpg\" alt=\"\" width=\"85\" height=\"85\" srcset=\"https:\/\/agora.xtec.cat\/iesaltbergueda\/wp-content\/uploads\/usu1645\/2025\/03\/Diseno-sin-titulo-5-300x300.jpg 300w, https:\/\/agora.xtec.cat\/iesaltbergueda\/wp-content\/uploads\/usu1645\/2025\/03\/Diseno-sin-titulo-5-150x150.jpg 150w, https:\/\/agora.xtec.cat\/iesaltbergueda\/wp-content\/uploads\/usu1645\/2025\/03\/Diseno-sin-titulo-5.jpg 500w\" sizes=\"auto, (max-width: 85px) 100vw, 85px\" \/><\/a><\/td>\n<td style=\"width: 86.4032%;\">\n<h5><span style=\"color: #3366ff;\">Preinscripci\u00f3 BAT:<\/span>\u00a0 del<strong> 9 al 16 d&#8217;abril de 2026<\/strong><\/h5>\n<\/td>\n<\/tr>\n<tr>\n<td style=\"width: 86.4032%;\">\n<h5><span style=\"color: #3366ff;\">Matr\u00edcula BAT:<\/span>\u00a0 <strong>del 18 al 30 de juny de 2026<\/strong><\/h5>\n<\/td>\n<\/tr>\n<\/tbody>\n<\/table>\n<h4><span style=\"background-color: #ffcc99;\"><span style=\"font-weight: 400;\">\ud83d\uddd3\ufe0f<\/span>Dates a tenir en compte per a la preinscripci\u00f3<\/span><\/h4>\n<ul style=\"list-style-type: square;\">\n<li><span style=\"font-weight: 400;\">\ud83d\udd0d8<\/span> d&#8217;abril de 2026: <a href=\"https:\/\/agora.xtec.cat\/iesaltbergueda\/wp-content\/uploads\/usu1645\/2026\/04\/INFORME_OFERTA_OME_INFORME_OFERTA-2-3.pdf\">oferta inicial de places escolars<\/a><\/li>\n<li><span style=\"font-weight: 400;\">\ud83d\udcbb <\/span>Del 9 al 16 d&#8217;abril de 2026: presentaci\u00f3 de sol\u00b7licituds<\/li>\n<li><span style=\"font-weight: 400;\">\ud83d\udcc3 <\/span>Fins al 17 d&#8217;abril de 2026: presentaci\u00f3 de documentaci\u00f3<\/li>\n<li><span style=\"font-weight: 400;\">\u2705<\/span>14 de maig de 2026: llista de sol\u00b7licituds amb puntuaci\u00f3 provisional<\/li>\n<li><span style=\"font-weight: 400;\">\u270f\ufe0f<\/span>Del 14 al 20 de maig de 2026: presentaci\u00f3 de reclamacions<\/li>\n<li><span style=\"font-weight: 400;\">\u2705<\/span>26 de maig de 2026: llista de sol\u00b7licituds amb la puntuaci\u00f3 un cop resoltes les reclamacions<\/li>\n<li><span style=\"font-weight: 400;\">\ud83d\udd14<\/span>26 de maig de 2026 a les 11 hores: sorteig per resoldre les sol\u00b7licituds de preinscripci\u00f3 empatades en punts<\/li>\n<li><span style=\"font-weight: 400;\">\u2705<\/span>29 de maig de 2026: llista ordenada<\/li>\n<li><span style=\"font-weight: 400;\">\u25b6\ufe0f<\/span>17 de juny de 2026: oferta final de places escolars<\/li>\n<li><span style=\"font-weight: 400;\">\u2705<\/span>17 de juny de 2026: llista d&#8217;alumnes admesos i llista d&#8217;espera<\/li>\n<\/ul>\n<\/li>\n<\/ul>\n<h4>Qui ha de fer la preinscripci\u00f3?<\/h4>\n<table style=\"border-collapse: collapse; width: 100%;\">\n<tbody>\n<tr>\n<td style=\"width: 13.8144%;\"><a href=\"https:\/\/agora.xtec.cat\/iesaltbergueda\/wp-content\/uploads\/usu1645\/2025\/04\/Diseno-sin-titulo.png\"><img loading=\"lazy\" decoding=\"async\" class=\"aligncenter wp-image-7857\" src=\"https:\/\/agora.xtec.cat\/iesaltbergueda\/wp-content\/uploads\/usu1645\/2025\/04\/Diseno-sin-titulo-300x300.png\" alt=\"\" width=\"88\" height=\"88\" srcset=\"https:\/\/agora.xtec.cat\/iesaltbergueda\/wp-content\/uploads\/usu1645\/2025\/04\/Diseno-sin-titulo-300x300.png 300w, https:\/\/agora.xtec.cat\/iesaltbergueda\/wp-content\/uploads\/usu1645\/2025\/04\/Diseno-sin-titulo-150x150.png 150w, https:\/\/agora.xtec.cat\/iesaltbergueda\/wp-content\/uploads\/usu1645\/2025\/04\/Diseno-sin-titulo.png 500w\" sizes=\"auto, (max-width: 88px) 100vw, 88px\" \/><\/a><\/td>\n<td style=\"width: 86.1856%; background-color: #d7eef7;\"><strong>Han de presentar la sol\u00b7licitud de preinscripci\u00f3 tots els alumnes que volen accedir al batxillerat de qualsevol modalitat en un centre diferent del que s&#8217;est\u00e0 cursant l&#8217;ESO, les persones que cursen o han cursat un cicle formatiu, les que volen accedir a la modalitat d&#8217;arts i les que provenen d&#8217;un institut que ja no imparteix el batxillerat.<\/strong><strong>Important: si l&#8217;alumne\/a t\u00e9 18 anys o els fa durant l&#8217;any en qu\u00e8 es fa la preinscripci\u00f3, \u00e9s qui s&#8217;ha d&#8217;identificar i presentar-la.<\/strong><\/td>\n<\/tr>\n<\/tbody>\n<\/table>\n<h4><span style=\"font-size: 1.33333rem; background-color: rgba(0, 0, 0, 0);\"><br \/>\nDocumentaci\u00f3 preinscripci\u00f3<\/span><\/h4>\n<ul>\n<li style=\"list-style-type: none;\">\n<ul style=\"list-style-type: circle;\">\n<li>Sol\u00b7licitud preinscripci\u00f3<\/li>\n<li><strong>Fotoc\u00f2pia del DNI de la persona sol\u00b7licitant<\/strong>\u00a0(pare, mare o tutor\/a o guardador\/a de fet) o de la targeta de resid\u00e8ncia on consta el NIE si es tracta de persones estrangeres.<\/li>\n<li><strong>Fotoc\u00f2pia del DNI de l\u2019alumne o alumna<\/strong>.<\/li>\n<li><strong>Fotoc\u00f2pia del llibre de fam\u00edlia o altres documents relatius a la filiaci\u00f3<\/strong>. Si l&#8217;alumne\/a est\u00e0 en situaci\u00f3 d&#8217;acolliment, la resoluci\u00f3 d&#8217;acolliment del Departament de Benestar Social i Fam\u00edlia.<\/li>\n<li><strong>Certificaci\u00f3 acad\u00e8mica de la qualificaci\u00f3 mitjana de l&#8217;ESO<\/strong> o si l&#8217;alumne encara cursa els estudis en el moment de presentar la sol\u00b7licitud d&#8217;admissi\u00f3, certificaci\u00f3 de la qualificaci\u00f3 mitjana dels cursos d&#8217;aquests estudis ja avaluats definitivament.<\/li>\n<li><strong>N\u00famero Identificador Alumne\/a<\/strong> (IDALU)<\/li>\n<li>TRIA D&#8217;OPTATIVES <em>(Nom\u00e9s els alumnes del mateix centre, cal que envi\u00efn aquest document per formalitzar la reserva de pla\u00e7a<\/em><em>)\u00a0<\/em><\/li>\n<\/ul>\n<\/li>\n<\/ul>\n<table style=\"width: 100%; border-collapse: collapse; border-color: #fcfafa;\">\n<tbody>\n<tr>\n<td style=\"width: 16.5317%;\"><a href=\"https:\/\/agora.xtec.cat\/iesaltbergueda\/wp-content\/uploads\/usu1645\/2025\/03\/2.jpg\"><img loading=\"lazy\" decoding=\"async\" class=\"aligncenter wp-image-7846\" src=\"https:\/\/agora.xtec.cat\/iesaltbergueda\/wp-content\/uploads\/usu1645\/2025\/03\/2-300x300.jpg\" alt=\"\" width=\"73\" height=\"73\" srcset=\"https:\/\/agora.xtec.cat\/iesaltbergueda\/wp-content\/uploads\/usu1645\/2025\/03\/2-300x300.jpg 300w, https:\/\/agora.xtec.cat\/iesaltbergueda\/wp-content\/uploads\/usu1645\/2025\/03\/2-150x150.jpg 150w, https:\/\/agora.xtec.cat\/iesaltbergueda\/wp-content\/uploads\/usu1645\/2025\/03\/2.jpg 500w\" sizes=\"auto, (max-width: 73px) 100vw, 73px\" \/><\/a><\/td>\n<td style=\"width: 83.4683%;\">\n<h3><a href=\"https:\/\/preinscripcio.gencat.cat\/ca\/estudis\/batxillerat\/inici\/\"><span style=\"color: #008080;\">M\u00e9s informaci\u00f3 sobre la preinscripci\u00f3 del curs 2026\/27 a Batxillerat (web Generalitat)<\/span><\/a><\/h3>\n<\/td>\n<\/tr>\n<\/tbody>\n<\/table>\n<h3>Documentaci\u00f3 matr\u00edcula (informaci\u00f3 actualitzada a partir del juny)<\/h3>\n<table style=\"border-collapse: collapse; width: 100%;\">\n<tbody>\n<tr>\n<td style=\"width: 14.7773%; background-color: #fcfcfc;\"><a href=\"https:\/\/agora.xtec.cat\/iesaltbergueda\/wp-content\/uploads\/usu1645\/2025\/03\/Diseno-sin-titulo.png\"><img loading=\"lazy\" decoding=\"async\" class=\"aligncenter wp-image-7850\" src=\"https:\/\/agora.xtec.cat\/iesaltbergueda\/wp-content\/uploads\/usu1645\/2025\/03\/Diseno-sin-titulo-300x300.png\" alt=\"\" width=\"63\" height=\"63\" srcset=\"https:\/\/agora.xtec.cat\/iesaltbergueda\/wp-content\/uploads\/usu1645\/2025\/03\/Diseno-sin-titulo-300x300.png 300w, https:\/\/agora.xtec.cat\/iesaltbergueda\/wp-content\/uploads\/usu1645\/2025\/03\/Diseno-sin-titulo-150x150.png 150w, https:\/\/agora.xtec.cat\/iesaltbergueda\/wp-content\/uploads\/usu1645\/2025\/03\/Diseno-sin-titulo.png 500w\" sizes=\"auto, (max-width: 63px) 100vw, 63px\" \/><\/a><\/td>\n<td style=\"width: 85.2227%; background-color: #cafaed;\">\n<ul>\n<li>DNI de l&#8217;alumne\/a. (*)<\/li>\n<li>Full de tria de mat\u00e8ries, presentant en paper i signat per la fam\u00edlia. (*)<\/li>\n<li>Omplir el formulari digital d&#8217;actualitzaci\u00f3 de dades que el centre us far\u00e0 arribar. (*)<\/li>\n<li>DNI\/NIES\/PASSAPORT Mare\/pare\/tutor o tutora de l&#8217;alumne\/a<\/li>\n<li>Carnet de fam\u00edlia nombrosa o monoparental, si \u00e9s el cas. (*)<\/li>\n<li>Fotoc\u00f2pia Targeta Sanit\u00e0ria Individual (TSI)<\/li>\n<li><strong>2 fotografies (*)<\/strong><\/li>\n<li>Llibre de fam\u00edlia<\/li>\n<li>Certificaci\u00f3 acad\u00e8mica de la qualificaci\u00f3 mitjana de l&#8217;ESO<\/li>\n<\/ul>\n<p>(*) L&#8217;alumnat que ha cursat 4t d&#8217;ESO al centre, haur\u00e0 de lliurar aquesta documentaci\u00f3 abans de finalitzar les classes.<\/td>\n<\/tr>\n<tr>\n<td style=\"width: 14.7773%; background-color: #fcfcfc;\"><a href=\"https:\/\/agora.xtec.cat\/iesaltbergueda\/wp-content\/uploads\/usu1645\/2025\/03\/1.jpg\"><img loading=\"lazy\" decoding=\"async\" class=\"aligncenter wp-image-7847\" src=\"https:\/\/agora.xtec.cat\/iesaltbergueda\/wp-content\/uploads\/usu1645\/2025\/03\/1-300x300.jpg\" alt=\"\" width=\"56\" height=\"56\" srcset=\"https:\/\/agora.xtec.cat\/iesaltbergueda\/wp-content\/uploads\/usu1645\/2025\/03\/1-300x300.jpg 300w, https:\/\/agora.xtec.cat\/iesaltbergueda\/wp-content\/uploads\/usu1645\/2025\/03\/1-150x150.jpg 150w, https:\/\/agora.xtec.cat\/iesaltbergueda\/wp-content\/uploads\/usu1645\/2025\/03\/1.jpg 500w\" sizes=\"auto, (max-width: 56px) 100vw, 56px\" \/><\/a><\/td>\n<td style=\"width: 85.2227%; background-color: #cafaed;\">M\u00e9s informaci\u00f3 i\/o dubtes: 93 824 41 36<\/td>\n<\/tr>\n<tr>\n<td style=\"width: 14.7773%; background-color: #fcfcfc;\"><a href=\"https:\/\/agora.xtec.cat\/iesaltbergueda\/wp-content\/uploads\/usu1645\/2025\/03\/Diseno-sin-titulo-4.jpg\"><img loading=\"lazy\" decoding=\"async\" class=\"aligncenter wp-image-7848\" src=\"https:\/\/agora.xtec.cat\/iesaltbergueda\/wp-content\/uploads\/usu1645\/2025\/03\/Diseno-sin-titulo-4-300x300.jpg\" alt=\"\" width=\"57\" height=\"57\" srcset=\"https:\/\/agora.xtec.cat\/iesaltbergueda\/wp-content\/uploads\/usu1645\/2025\/03\/Diseno-sin-titulo-4-300x300.jpg 300w, https:\/\/agora.xtec.cat\/iesaltbergueda\/wp-content\/uploads\/usu1645\/2025\/03\/Diseno-sin-titulo-4-150x150.jpg 150w, https:\/\/agora.xtec.cat\/iesaltbergueda\/wp-content\/uploads\/usu1645\/2025\/03\/Diseno-sin-titulo-4.jpg 500w\" sizes=\"auto, (max-width: 57px) 100vw, 57px\" \/><\/a><\/td>\n<td style=\"width: 85.2227%; background-color: #cafaed;\">M\u00e9s informaci\u00f3 i\/o dubtes: <a href=\"mailto:secretaria@insaltbergueda.cat\">secretaria@insaltbergueda.cat<\/a><\/td>\n<\/tr>\n<\/tbody>\n<\/table>\n<div class=\"FW_sPregunta FW_sImpacte\">\n<div class=\"FW_sArticleFoto\">\n<div class=\"FW_sEditPro\"><\/div>\n<\/div>\n<\/div>\n","protected":false},"excerpt":{"rendered":"<p>\u203c\ufe0fJornada de portes obertes Dimecres 8 de abril de 2026 a les 18 hores \ud83d\uddd3\ufe0fCalendari de preinscripci\u00f3 i matr\u00edcula Preinscripci\u00f3 BAT:\u00a0 del 9 al 16 d&#8217;abril de 2026 Matr\u00edcula BAT:\u00a0 del 18 al 30 de juny de 2026 \ud83d\uddd3\ufe0fDates a tenir en compte per a la preinscripci\u00f3 \ud83d\udd0d8 d&#8217;abril de 2026: oferta inicial de places [&hellip;]<\/p>\n","protected":false},"author":1,"featured_media":0,"parent":81,"menu_order":5,"comment_status":"closed","ping_status":"closed","template":"","meta":{"_bbp_topic_count":0,"_bbp_reply_count":0,"_bbp_total_topic_count":0,"_bbp_total_reply_count":0,"_bbp_voice_count":0,"_bbp_anonymous_reply_count":0,"_bbp_topic_count_hidden":0,"_bbp_reply_count_hidden":0,"_bbp_forum_subforum_count":0,"site-sidebar-layout":"default","site-content-layout":"","ast-site-content-layout":"default","site-content-style":"default","site-sidebar-style":"default","ast-global-header-display":"","ast-banner-title-visibility":"","ast-main-header-display":"","ast-hfb-above-header-display":"","ast-hfb-below-header-display":"","ast-hfb-mobile-header-display":"","site-post-title":"","ast-breadcrumbs-content":"","ast-featured-img":"","footer-sml-layout":"","theme-transparent-header-meta":"","adv-header-id-meta":"","stick-header-meta":"","header-above-stick-meta":"","header-main-stick-meta":"","header-below-stick-meta":"","astra-migrate-meta-layouts":"set","ast-page-background-enabled":"default","ast-page-background-meta":{"desktop":{"background-color":"var(--ast-global-color-4)","background-image":"","background-repeat":"repeat","background-position":"center center","background-size":"auto","background-attachment":"scroll","background-type":"","background-media":"","overlay-type":"","overlay-color":"","overlay-opacity":"","overlay-gradient":""},"tablet":{"background-color":"","background-image":"","background-repeat":"repeat","background-position":"center center","background-size":"auto","background-attachment":"scroll","background-type":"","background-media":"","overlay-type":"","overlay-color":"","overlay-opacity":"","overlay-gradient":""},"mobile":{"background-color":"","background-image":"","background-repeat":"repeat","background-position":"center center","background-size":"auto","background-attachment":"scroll","background-type":"","background-media":"","overlay-type":"","overlay-color":"","overlay-opacity":"","overlay-gradient":""}},"ast-content-background-meta":{"desktop":{"background-color":"var(--ast-global-color-5)","background-image":"","background-repeat":"repeat","background-position":"center center","background-size":"auto","background-attachment":"scroll","background-type":"","background-media":"","overlay-type":"","overlay-color":"","overlay-opacity":"","overlay-gradient":""},"tablet":{"background-color":"var(--ast-global-color-5)","background-image":"","background-repeat":"repeat","background-position":"center center","background-size":"auto","background-attachment":"scroll","background-type":"","background-media":"","overlay-type":"","overlay-color":"","overlay-opacity":"","overlay-gradient":""},"mobile":{"background-color":"var(--ast-global-color-5)","background-image":"","background-repeat":"repeat","background-position":"center center","background-size":"auto","background-attachment":"scroll","background-type":"","background-media":"","overlay-type":"","overlay-color":"","overlay-opacity":"","overlay-gradient":""}},"footnotes":""},"class_list":["post-788","page","type-page","status-publish","hentry"],"post_mailing_queue_ids":[],"_links":{"self":[{"href":"https:\/\/agora.xtec.cat\/iesaltbergueda\/wp-json\/wp\/v2\/pages\/788","targetHints":{"allow":["GET"]}}],"collection":[{"href":"https:\/\/agora.xtec.cat\/iesaltbergueda\/wp-json\/wp\/v2\/pages"}],"about":[{"href":"https:\/\/agora.xtec.cat\/iesaltbergueda\/wp-json\/wp\/v2\/types\/page"}],"author":[{"embeddable":true,"href":"https:\/\/agora.xtec.cat\/iesaltbergueda\/wp-json\/wp\/v2\/users\/1"}],"replies":[{"embeddable":true,"href":"https:\/\/agora.xtec.cat\/iesaltbergueda\/wp-json\/wp\/v2\/comments?post=788"}],"version-history":[{"count":6,"href":"https:\/\/agora.xtec.cat\/iesaltbergueda\/wp-json\/wp\/v2\/pages\/788\/revisions"}],"predecessor-version":[{"id":8781,"href":"https:\/\/agora.xtec.cat\/iesaltbergueda\/wp-json\/wp\/v2\/pages\/788\/revisions\/8781"}],"up":[{"embeddable":true,"href":"https:\/\/agora.xtec.cat\/iesaltbergueda\/wp-json\/wp\/v2\/pages\/81"}],"wp:attachment":[{"href":"https:\/\/agora.xtec.cat\/iesaltbergueda\/wp-json\/wp\/v2\/media?parent=788"}],"curies":[{"name":"wp","href":"https:\/\/api.w.org\/{rel}","templated":true}]}}