{"id":775,"date":"2018-01-11T10:44:08","date_gmt":"2018-01-11T09:44:08","guid":{"rendered":"http:\/\/agora.xtec.cat\/iesaltbergueda\/?page_id=775"},"modified":"2026-04-15T13:01:38","modified_gmt":"2026-04-15T11:01:38","slug":"eso","status":"publish","type":"page","link":"https:\/\/agora.xtec.cat\/iesaltbergueda\/secretaria\/eso\/","title":{"rendered":"Preinscripci\u00f3 i matr\u00edcula ESO"},"content":{"rendered":"<h4><a href=\"https:\/\/agora.xtec.cat\/iesaltbergueda\/wp-content\/uploads\/usu1645\/2026\/03\/Preinscripcio_baners_Web_educacio__Preinscripcio_web_educacio_1900x372_3imatges.jpg\"><img loading=\"lazy\" decoding=\"async\" class=\"aligncenter size-full wp-image-8657\" src=\"https:\/\/agora.xtec.cat\/iesaltbergueda\/wp-content\/uploads\/usu1645\/2026\/03\/Preinscripcio_baners_Web_educacio__Preinscripcio_web_educacio_1900x372_3imatges.jpg\" alt=\"\" width=\"1900\" height=\"372\" srcset=\"https:\/\/agora.xtec.cat\/iesaltbergueda\/wp-content\/uploads\/usu1645\/2026\/03\/Preinscripcio_baners_Web_educacio__Preinscripcio_web_educacio_1900x372_3imatges.jpg 1900w, https:\/\/agora.xtec.cat\/iesaltbergueda\/wp-content\/uploads\/usu1645\/2026\/03\/Preinscripcio_baners_Web_educacio__Preinscripcio_web_educacio_1900x372_3imatges-300x59.jpg 300w, https:\/\/agora.xtec.cat\/iesaltbergueda\/wp-content\/uploads\/usu1645\/2026\/03\/Preinscripcio_baners_Web_educacio__Preinscripcio_web_educacio_1900x372_3imatges-1024x200.jpg 1024w, https:\/\/agora.xtec.cat\/iesaltbergueda\/wp-content\/uploads\/usu1645\/2026\/03\/Preinscripcio_baners_Web_educacio__Preinscripcio_web_educacio_1900x372_3imatges-768x150.jpg 768w, https:\/\/agora.xtec.cat\/iesaltbergueda\/wp-content\/uploads\/usu1645\/2026\/03\/Preinscripcio_baners_Web_educacio__Preinscripcio_web_educacio_1900x372_3imatges-1536x301.jpg 1536w\" sizes=\"auto, (max-width: 1900px) 100vw, 1900px\" \/><\/a><\/h4>\n<h4><span style=\"font-weight: 400;\">\u203c\ufe0f<\/span><span style=\"background-color: #33cccc;\">Jornada de portes obertes<\/span><\/h4>\n<p style=\"padding-left: 40px;\">Dimecres 4 de mar\u00e7 de 2026 a les 18 hores<\/p>\n<h4><span style=\"background-color: #ccffcc;\"><span style=\"font-weight: 400;\">\ud83d\uddd3\ufe0f<\/span>Calendari de preinscripci\u00f3 i matr\u00edcula<\/span><\/h4>\n<p style=\"padding-left: 40px;\"><strong>Preinscripci\u00f3 ESO<\/strong> del 6 al 18 de mar\u00e7 de 2026<\/p>\n<p style=\"padding-left: 40px;\"><strong>Matr\u00edcula ESO<\/strong> del 22 de juny al 30 de juny de 2026<\/p>\n<h4><span style=\"background-color: #ffcc99;\"><span style=\"font-weight: 400;\">\ud83d\uddd3\ufe0f<\/span>Dates a tenir en compte per a la preinscripci\u00f3<\/span><\/h4>\n<ul style=\"list-style-type: square;\">\n<li><span style=\"font-weight: 400;\">\ud83d\udd0d<\/span>3 de mar\u00e7 de 2026: <a href=\"https:\/\/agora.xtec.cat\/iesaltbergueda\/wp-content\/uploads\/usu1645\/2026\/03\/INFORME_OFERTA_OME_INFORME_OFERTA.pdf\">oferta inicial de places escolars<\/a><\/li>\n<li><span style=\"font-weight: 400;\">\ud83d\udcbb <\/span>Del 6 al 18 de mar\u00e7 de 2026 (a partir de les 9 hores): presentaci\u00f3 de sol\u00b7licituds<\/li>\n<li><span style=\"font-weight: 400;\">\ud83d\udcc3 <\/span>Fins al 19 de mar\u00e7 de 2026: presentaci\u00f3 de documentaci\u00f3<\/li>\n<li><span style=\"font-weight: 400;\">\u2705<\/span>15 d&#8217;abril de 2026: <a href=\"https:\/\/agora.xtec.cat\/iesaltbergueda\/wp-content\/uploads\/usu1645\/2026\/04\/INFORME_BAREM_PROVISIONAL_BAREM-8-2.pdf\">llista de sol\u00b7licituds amb puntuaci\u00f3 provisional<\/a><\/li>\n<li><span style=\"font-weight: 400;\">\u270f\ufe0f<\/span>Del 15 al 20 d&#8217;abril de 2026: presentaci\u00f3 de reclamacions<\/li>\n<li><span style=\"font-weight: 400;\">\u2705<\/span>23 d&#8217;abril de 2026: llista de sol\u00b7licituds amb la puntuaci\u00f3 un cop resoltes les reclamacions<\/li>\n<li><span style=\"font-weight: 400;\">\ud83d\udd14<\/span>28 d&#8217;abril de 2026 a les 11 hores: sorteig per resoldre les sol\u00b7licituds de preinscripci\u00f3 empatades en punts<\/li>\n<li><span style=\"font-weight: 400;\">\u2705<\/span>29 d&#8217;abril de 2026: llista ordenada<\/li>\n<li><span style=\"font-weight: 400;\">\ud83d\udce2<\/span>De l&#8217;1 al 3 de juny de 2026: ampliaci\u00f3 de peticions de preinscripci\u00f3 per a alumnes sense pla\u00e7a assignada a cap centre<\/li>\n<li><span style=\"font-weight: 400;\">\u25b6\ufe0f<\/span>10 de juny de 2026: oferta final de places escolars<\/li>\n<li><span style=\"font-weight: 400;\">\u2705<\/span>10 de juny de 2026: llista d&#8217;alumnes admesos i llista d&#8217;espera<\/li>\n<\/ul>\n<table style=\"border-collapse: collapse; width: 100%;\">\n<tbody>\n<tr>\n<td style=\"width: 22.8745%;\"><a href=\"https:\/\/agora.xtec.cat\/iesaltbergueda\/wp-content\/uploads\/usu1645\/2025\/03\/2.jpg\"><img loading=\"lazy\" decoding=\"async\" class=\"aligncenter wp-image-7846\" src=\"https:\/\/agora.xtec.cat\/iesaltbergueda\/wp-content\/uploads\/usu1645\/2025\/03\/2-300x300.jpg\" alt=\"\" width=\"71\" height=\"71\" srcset=\"https:\/\/agora.xtec.cat\/iesaltbergueda\/wp-content\/uploads\/usu1645\/2025\/03\/2-300x300.jpg 300w, https:\/\/agora.xtec.cat\/iesaltbergueda\/wp-content\/uploads\/usu1645\/2025\/03\/2-150x150.jpg 150w, https:\/\/agora.xtec.cat\/iesaltbergueda\/wp-content\/uploads\/usu1645\/2025\/03\/2.jpg 500w\" sizes=\"auto, (max-width: 71px) 100vw, 71px\" \/><\/a><\/td>\n<td style=\"width: 77.1255%;\">\n<h3><a href=\"https:\/\/preinscripcio.gencat.cat\/ca\/estudis\/eso\/inici\/\"><span style=\"color: #008080;\">M\u00e9s informaci\u00f3 sobre la preinscripci\u00f3 2026\/27 a l&#8217;ESO <\/span><\/a><\/h3>\n<h3><a href=\"https:\/\/preinscripcio.gencat.cat\/ca\/estudis\/eso\/inici\/\"><span style=\"color: #008080;\">(web Generalitat)<\/span><\/a><\/h3>\n<\/td>\n<\/tr>\n<\/tbody>\n<\/table>\n<h3>Documentaci\u00f3 preinscripci\u00f3<\/h3>\n<ul>\n<li style=\"list-style-type: none;\">\n<ul style=\"list-style-type: circle;\">\n<li><a id=\"yui_3_17_2_1_1511872455053_436\" href=\"http:\/\/ensenyament.gencat.cat\/ca\/serveis-tramits\/proves\/proves-acces\/espec-esportius\/\"> <\/a>Sol\u00b7licitud preinscripci\u00f3 curs<\/li>\n<li><strong>Fotoc\u00f2pia del DNI de la persona sol\u00b7licitant<\/strong> (pare, mare o tutor\/a o guardador\/a de fet) o de la targeta de resid\u00e8ncia on consta el NIE si es tracta de persones estrangeres.<\/li>\n<li><strong>Fotoc\u00f2pia del DNI de l\u2019alumne o alumna<\/strong> en cas que sigui major de 14 anys o tingui DNI tot i \u00e9sser menor de 14 anys.<\/li>\n<li><strong>Fotoc\u00f2pia del llibre de fam\u00edlia o altres documents relatius a la filiaci\u00f3<\/strong>. Si l&#8217;alumne\/a est\u00e0 en situaci\u00f3 d&#8217;acolliment, la resoluci\u00f3 d&#8217;acolliment del Departament de Benestar Social i Fam\u00edlia.<\/li>\n<\/ul>\n<\/li>\n<\/ul>\n<h2><span style=\"color: #008080;\"><span style=\"font-weight: 400;\">\ud83c\udfc5M<\/span>atr\u00edcula (del 22 al 30 de juny de 2026)<\/span><\/h2>\n<table style=\"border-collapse: collapse; width: 100%;\">\n<tbody>\n<tr style=\"border-color: #ffffff; background-color: #d7fcf1;\">\n<td style=\"width: 100%;\">El dia de la matr\u00edcula cal que porteu:<\/p>\n<ul>\n<li><strong>DNI\/NIE\/PASSAPORT alumne\/a<\/strong><\/li>\n<li><strong>Fotoc\u00f2pia de la TSI<\/strong> (targeta sanit\u00e0ria individual) del nen o nena. Si no se&#8217;n disposa el Departament d&#8217;Ensenyament consultar\u00e0 el codi CIP de la targeta sanit\u00e0ria individual al CatSalut.<\/li>\n<li>DNI\/NIE\/PASSAPORT Mare\/pare\/tutor o tutora de l&#8217;alumne\/a<\/li>\n<li><strong>Llibre de fam\u00edlia<\/strong><\/li>\n<li><strong>Fotoc\u00f2pia carnet vacunes<\/strong><\/li>\n<li><strong>2 fotografies de carnet<\/strong><\/li>\n<\/ul>\n<\/td>\n<\/tr>\n<tr style=\"border-color: #ffffff; background-color: #d7fcf1;\">\n<td style=\"width: 100%;\">Per a qualsevol dubte:<a href=\"https:\/\/agora.xtec.cat\/iesaltbergueda\/wp-content\/uploads\/usu1645\/2025\/03\/1.jpg\"><img loading=\"lazy\" decoding=\"async\" class=\"wp-image-7847 alignleft\" src=\"https:\/\/agora.xtec.cat\/iesaltbergueda\/wp-content\/uploads\/usu1645\/2025\/03\/1-300x300.jpg\" alt=\"\" width=\"63\" height=\"63\" srcset=\"https:\/\/agora.xtec.cat\/iesaltbergueda\/wp-content\/uploads\/usu1645\/2025\/03\/1-300x300.jpg 300w, https:\/\/agora.xtec.cat\/iesaltbergueda\/wp-content\/uploads\/usu1645\/2025\/03\/1-150x150.jpg 150w, https:\/\/agora.xtec.cat\/iesaltbergueda\/wp-content\/uploads\/usu1645\/2025\/03\/1.jpg 500w\" sizes=\"auto, (max-width: 63px) 100vw, 63px\" \/><\/a><\/p>\n<h3><\/h3>\n<p>93 824 41 36<\/p>\n<p>Envia un correu a: <a href=\"mailto:secretaria@insaltbergueda.cat\">secretaria@insaltbergueda.cat<\/a> <a href=\"https:\/\/agora.xtec.cat\/iesaltbergueda\/wp-content\/uploads\/usu1645\/2025\/03\/Diseno-sin-titulo-4.jpg\"><img loading=\"lazy\" decoding=\"async\" class=\"wp-image-7848 alignleft\" src=\"https:\/\/agora.xtec.cat\/iesaltbergueda\/wp-content\/uploads\/usu1645\/2025\/03\/Diseno-sin-titulo-4-300x300.jpg\" alt=\"\" width=\"69\" height=\"69\" srcset=\"https:\/\/agora.xtec.cat\/iesaltbergueda\/wp-content\/uploads\/usu1645\/2025\/03\/Diseno-sin-titulo-4-300x300.jpg 300w, https:\/\/agora.xtec.cat\/iesaltbergueda\/wp-content\/uploads\/usu1645\/2025\/03\/Diseno-sin-titulo-4-150x150.jpg 150w, https:\/\/agora.xtec.cat\/iesaltbergueda\/wp-content\/uploads\/usu1645\/2025\/03\/Diseno-sin-titulo-4.jpg 500w\" sizes=\"auto, (max-width: 69px) 100vw, 69px\" \/><\/a><\/td>\n<\/tr>\n<\/tbody>\n<\/table>\n<div id=\"yui_3_17_2_1_1523358555100_263\"><\/div>\n<div id=\"yui_3_17_2_1_1523358555100_270\"><\/div>\n","protected":false},"excerpt":{"rendered":"<p>\u203c\ufe0fJornada de portes obertes Dimecres 4 de mar\u00e7 de 2026 a les 18 hores \ud83d\uddd3\ufe0fCalendari de preinscripci\u00f3 i matr\u00edcula Preinscripci\u00f3 ESO del 6 al 18 de mar\u00e7 de 2026 Matr\u00edcula ESO del 22 de juny al 30 de juny de 2026 \ud83d\uddd3\ufe0fDates a tenir en compte per a la preinscripci\u00f3 \ud83d\udd0d3 de mar\u00e7 de 2026: [&hellip;]<\/p>\n","protected":false},"author":1,"featured_media":0,"parent":81,"menu_order":4,"comment_status":"closed","ping_status":"closed","template":"","meta":{"_bbp_topic_count":0,"_bbp_reply_count":0,"_bbp_total_topic_count":0,"_bbp_total_reply_count":0,"_bbp_voice_count":0,"_bbp_anonymous_reply_count":0,"_bbp_topic_count_hidden":0,"_bbp_reply_count_hidden":0,"_bbp_forum_subforum_count":0,"site-sidebar-layout":"default","site-content-layout":"","ast-site-content-layout":"default","site-content-style":"default","site-sidebar-style":"default","ast-global-header-display":"","ast-banner-title-visibility":"","ast-main-header-display":"","ast-hfb-above-header-display":"","ast-hfb-below-header-display":"","ast-hfb-mobile-header-display":"","site-post-title":"","ast-breadcrumbs-content":"","ast-featured-img":"","footer-sml-layout":"","theme-transparent-header-meta":"","adv-header-id-meta":"","stick-header-meta":"","header-above-stick-meta":"","header-main-stick-meta":"","header-below-stick-meta":"","astra-migrate-meta-layouts":"set","ast-page-background-enabled":"default","ast-page-background-meta":{"desktop":{"background-color":"var(--ast-global-color-4)","background-image":"","background-repeat":"repeat","background-position":"center center","background-size":"auto","background-attachment":"scroll","background-type":"","background-media":"","overlay-type":"","overlay-color":"","overlay-opacity":"","overlay-gradient":""},"tablet":{"background-color":"","background-image":"","background-repeat":"repeat","background-position":"center center","background-size":"auto","background-attachment":"scroll","background-type":"","background-media":"","overlay-type":"","overlay-color":"","overlay-opacity":"","overlay-gradient":""},"mobile":{"background-color":"","background-image":"","background-repeat":"repeat","background-position":"center center","background-size":"auto","background-attachment":"scroll","background-type":"","background-media":"","overlay-type":"","overlay-color":"","overlay-opacity":"","overlay-gradient":""}},"ast-content-background-meta":{"desktop":{"background-color":"var(--ast-global-color-5)","background-image":"","background-repeat":"repeat","background-position":"center center","background-size":"auto","background-attachment":"scroll","background-type":"","background-media":"","overlay-type":"","overlay-color":"","overlay-opacity":"","overlay-gradient":""},"tablet":{"background-color":"var(--ast-global-color-5)","background-image":"","background-repeat":"repeat","background-position":"center center","background-size":"auto","background-attachment":"scroll","background-type":"","background-media":"","overlay-type":"","overlay-color":"","overlay-opacity":"","overlay-gradient":""},"mobile":{"background-color":"var(--ast-global-color-5)","background-image":"","background-repeat":"repeat","background-position":"center center","background-size":"auto","background-attachment":"scroll","background-type":"","background-media":"","overlay-type":"","overlay-color":"","overlay-opacity":"","overlay-gradient":""}},"footnotes":""},"class_list":["post-775","page","type-page","status-publish","hentry"],"post_mailing_queue_ids":[],"_links":{"self":[{"href":"https:\/\/agora.xtec.cat\/iesaltbergueda\/wp-json\/wp\/v2\/pages\/775","targetHints":{"allow":["GET"]}}],"collection":[{"href":"https:\/\/agora.xtec.cat\/iesaltbergueda\/wp-json\/wp\/v2\/pages"}],"about":[{"href":"https:\/\/agora.xtec.cat\/iesaltbergueda\/wp-json\/wp\/v2\/types\/page"}],"author":[{"embeddable":true,"href":"https:\/\/agora.xtec.cat\/iesaltbergueda\/wp-json\/wp\/v2\/users\/1"}],"replies":[{"embeddable":true,"href":"https:\/\/agora.xtec.cat\/iesaltbergueda\/wp-json\/wp\/v2\/comments?post=775"}],"version-history":[{"count":6,"href":"https:\/\/agora.xtec.cat\/iesaltbergueda\/wp-json\/wp\/v2\/pages\/775\/revisions"}],"predecessor-version":[{"id":8802,"href":"https:\/\/agora.xtec.cat\/iesaltbergueda\/wp-json\/wp\/v2\/pages\/775\/revisions\/8802"}],"up":[{"embeddable":true,"href":"https:\/\/agora.xtec.cat\/iesaltbergueda\/wp-json\/wp\/v2\/pages\/81"}],"wp:attachment":[{"href":"https:\/\/agora.xtec.cat\/iesaltbergueda\/wp-json\/wp\/v2\/media?parent=775"}],"curies":[{"name":"wp","href":"https:\/\/api.w.org\/{rel}","templated":true}]}}