{"id":7298,"date":"2024-09-12T06:51:49","date_gmt":"2024-09-12T04:51:49","guid":{"rendered":"https:\/\/agora.xtec.cat\/iesaltbergueda\/?page_id=7298"},"modified":"2025-09-17T17:04:47","modified_gmt":"2025-09-17T15:04:47","slug":"erasmus","status":"publish","type":"page","link":"https:\/\/agora.xtec.cat\/iesaltbergueda\/projectes\/erasmus\/","title":{"rendered":"Erasmus +"},"content":{"rendered":"<p dir=\"ltr\">El curs 2023-2024 vam aconseguir una acreditaci\u00f3 Erasmus+ pel nostre centre. Qu\u00e8 \u00e9s aix\u00f2? Aquesta acreditaci\u00f3 implica que rebrem una subvenci\u00f3 que ens permetr\u00e0 realitzar projectes col\u00b7laboratius amb altres centres Europeus. L\u2019objectiu principal \u00e9s que tota la comunitat educativa (alumnat, fam\u00edlies, professorat, centre, pobles i entorn) s\u2019aprofitin d\u2019aquests intercanvis, directe i indirectament. Aquesta acreditaci\u00f3 comen\u00e7a al setembre de 2024 i acabar\u00e0 el desembre 2027.<\/p>\n<p dir=\"ltr\">Durant el <strong>curs 2024-2025<\/strong> es van programar i portar a terme les seg\u00fcents accions amb alumnat de 3r d&#8217;ESO amb el centre Hermann-Runge-Gesamtschule de Moers, Alemanya, i el centre Fritsphilips d\u2019Eindhoven, Holanda:<\/p>\n<p dir=\"ltr\">1) Trobada d\u2019alumnat a Eindhoven<br \/>\n2) Trobada d\u2019alumnat a Bag\u00e0<br \/>\n3) Jobshadowing de dos professors a Moers<br \/>\n4) Jobshadowing de dos professors a Bag\u00e0<br \/>\n5) Acolliment de dues alumnes de Moers durant\u00a015 dies<\/p>\n<p>Al llarg del <strong>curs 2025-26<\/strong> tenim previst portar a terme un intercanvi amb alumnat de 3r d&#8217;ESO amb el centre Friskolen Ubby, de Dinamarca, i amb alumnat de franc\u00e8s de 1r de Batxillerat amb el centre Acad\u00e9mie Nancy-Metz, de Fran\u00e7a. Aquestes s\u00f3n les accions programades:<\/p>\n<p>1) Trobada d&#8217;alumnes a Bag\u00e0<br \/>\n2) Trobada d&#8217;alumnes a Ubby<br \/>\n3) Estada d&#8217;alumnes a Bag\u00e0<br \/>\n4) Estada d&#8217;alumnes a Nancy<br \/>\n5) Jobshadowing de professorat a Nancy<\/p>\n<p dir=\"ltr\"><a href=\"https:\/\/agora.xtec.cat\/iesaltbergueda\/wp-content\/uploads\/usu1645\/2025\/09\/Criteris-de-seleccio-i-normes.pdf\">Criteris de selecci\u00f3 i normes<\/a><\/p>\n<p dir=\"ltr\"><a href=\"https:\/\/sites.google.com\/insaltbergueda.cat\/erasmus-baga\/p%C3%A0gina-principal\">Enlla\u00e7 a la web Erasmus del centre<\/a><\/p>\n<p dir=\"ltr\"><a href=\"https:\/\/sites.google.com\/insaltbergueda.cat\/erasmus-baga\/p%C3%A0gina-principal\"><img loading=\"lazy\" decoding=\"async\" class=\"aligncenter wp-image-7998\" src=\"https:\/\/agora.xtec.cat\/iesaltbergueda\/wp-content\/uploads\/usu1645\/2025\/05\/web-300x170.jpg\" alt=\"\" width=\"367\" height=\"208\" srcset=\"https:\/\/agora.xtec.cat\/iesaltbergueda\/wp-content\/uploads\/usu1645\/2025\/05\/web-300x170.jpg 300w, https:\/\/agora.xtec.cat\/iesaltbergueda\/wp-content\/uploads\/usu1645\/2025\/05\/web-1024x579.jpg 1024w, https:\/\/agora.xtec.cat\/iesaltbergueda\/wp-content\/uploads\/usu1645\/2025\/05\/web-768x434.jpg 768w, https:\/\/agora.xtec.cat\/iesaltbergueda\/wp-content\/uploads\/usu1645\/2025\/05\/web.jpg 1331w\" sizes=\"auto, (max-width: 367px) 100vw, 367px\" \/><\/a><\/p>\n","protected":false},"excerpt":{"rendered":"<p>El curs 2023-2024 vam aconseguir una acreditaci\u00f3 Erasmus+ pel nostre centre. Qu\u00e8 \u00e9s aix\u00f2? Aquesta acreditaci\u00f3 implica que rebrem una subvenci\u00f3 que ens permetr\u00e0 realitzar projectes col\u00b7laboratius amb altres centres Europeus. L\u2019objectiu principal \u00e9s que tota la comunitat educativa (alumnat, fam\u00edlies, professorat, centre, pobles i entorn) s\u2019aprofitin d\u2019aquests intercanvis, directe i indirectament. Aquesta acreditaci\u00f3 comen\u00e7a [&hellip;]<\/p>\n","protected":false},"author":1,"featured_media":0,"parent":2305,"menu_order":1,"comment_status":"closed","ping_status":"closed","template":"","meta":{"_bbp_topic_count":0,"_bbp_reply_count":0,"_bbp_total_topic_count":0,"_bbp_total_reply_count":0,"_bbp_voice_count":0,"_bbp_anonymous_reply_count":0,"_bbp_topic_count_hidden":0,"_bbp_reply_count_hidden":0,"_bbp_forum_subforum_count":0,"site-sidebar-layout":"default","site-content-layout":"","ast-site-content-layout":"","site-content-style":"default","site-sidebar-style":"default","ast-global-header-display":"","ast-banner-title-visibility":"","ast-main-header-display":"","ast-hfb-above-header-display":"","ast-hfb-below-header-display":"","ast-hfb-mobile-header-display":"","site-post-title":"","ast-breadcrumbs-content":"","ast-featured-img":"","footer-sml-layout":"","theme-transparent-header-meta":"","adv-header-id-meta":"","stick-header-meta":"","header-above-stick-meta":"","header-main-stick-meta":"","header-below-stick-meta":"","astra-migrate-meta-layouts":"default","ast-page-background-enabled":"default","ast-page-background-meta":{"desktop":{"background-color":"var(--ast-global-color-4)","background-image":"","background-repeat":"repeat","background-position":"center center","background-size":"auto","background-attachment":"scroll","background-type":"","background-media":"","overlay-type":"","overlay-color":"","overlay-opacity":"","overlay-gradient":""},"tablet":{"background-color":"","background-image":"","background-repeat":"repeat","background-position":"center center","background-size":"auto","background-attachment":"scroll","background-type":"","background-media":"","overlay-type":"","overlay-color":"","overlay-opacity":"","overlay-gradient":""},"mobile":{"background-color":"","background-image":"","background-repeat":"repeat","background-position":"center center","background-size":"auto","background-attachment":"scroll","background-type":"","background-media":"","overlay-type":"","overlay-color":"","overlay-opacity":"","overlay-gradient":""}},"ast-content-background-meta":{"desktop":{"background-color":"var(--ast-global-color-5)","background-image":"","background-repeat":"repeat","background-position":"center center","background-size":"auto","background-attachment":"scroll","background-type":"","background-media":"","overlay-type":"","overlay-color":"","overlay-opacity":"","overlay-gradient":""},"tablet":{"background-color":"var(--ast-global-color-5)","background-image":"","background-repeat":"repeat","background-position":"center center","background-size":"auto","background-attachment":"scroll","background-type":"","background-media":"","overlay-type":"","overlay-color":"","overlay-opacity":"","overlay-gradient":""},"mobile":{"background-color":"var(--ast-global-color-5)","background-image":"","background-repeat":"repeat","background-position":"center center","background-size":"auto","background-attachment":"scroll","background-type":"","background-media":"","overlay-type":"","overlay-color":"","overlay-opacity":"","overlay-gradient":""}},"footnotes":""},"class_list":["post-7298","page","type-page","status-publish","hentry"],"post_mailing_queue_ids":[],"_links":{"self":[{"href":"https:\/\/agora.xtec.cat\/iesaltbergueda\/wp-json\/wp\/v2\/pages\/7298","targetHints":{"allow":["GET"]}}],"collection":[{"href":"https:\/\/agora.xtec.cat\/iesaltbergueda\/wp-json\/wp\/v2\/pages"}],"about":[{"href":"https:\/\/agora.xtec.cat\/iesaltbergueda\/wp-json\/wp\/v2\/types\/page"}],"author":[{"embeddable":true,"href":"https:\/\/agora.xtec.cat\/iesaltbergueda\/wp-json\/wp\/v2\/users\/1"}],"replies":[{"embeddable":true,"href":"https:\/\/agora.xtec.cat\/iesaltbergueda\/wp-json\/wp\/v2\/comments?post=7298"}],"version-history":[{"count":6,"href":"https:\/\/agora.xtec.cat\/iesaltbergueda\/wp-json\/wp\/v2\/pages\/7298\/revisions"}],"predecessor-version":[{"id":8248,"href":"https:\/\/agora.xtec.cat\/iesaltbergueda\/wp-json\/wp\/v2\/pages\/7298\/revisions\/8248"}],"up":[{"embeddable":true,"href":"https:\/\/agora.xtec.cat\/iesaltbergueda\/wp-json\/wp\/v2\/pages\/2305"}],"wp:attachment":[{"href":"https:\/\/agora.xtec.cat\/iesaltbergueda\/wp-json\/wp\/v2\/media?parent=7298"}],"curies":[{"name":"wp","href":"https:\/\/api.w.org\/{rel}","templated":true}]}}