{"id":6111,"date":"2023-04-12T18:12:52","date_gmt":"2023-04-12T16:12:52","guid":{"rendered":"https:\/\/agora.xtec.cat\/iesaltbergueda\/?page_id=6111"},"modified":"2023-04-12T18:23:58","modified_gmt":"2023-04-12T16:23:58","slug":"afabaga","status":"publish","type":"page","link":"https:\/\/agora.xtec.cat\/iesaltbergueda\/afabaga\/","title":{"rendered":"AFA"},"content":{"rendered":"<table style=\"border-collapse: collapse; width: 100%;\">\n<tbody>\n<tr>\n<td style=\"width: 100%; background-color: #c5e889;\">\n<h3 style=\"text-align: center;\"><strong><a href=\"http:\/\/ampaiesaltbergueda.blogspot.com\/\">ENLLA\u00c7 WEB AFA<\/a><\/strong><\/h3>\n<\/td>\n<\/tr>\n<tr>\n<td style=\"width: 100%;\"><\/td>\n<\/tr>\n<tr>\n<td style=\"width: 100%; background-color: #c5e889;\">\n<h3 style=\"text-align: center;\"><a href=\"https:\/\/xtec.gencat.cat\/ca\/centres\/projeducatiu\/pla-escoles-lliures-de-violencies\/usav-usapps\/\">USAV &#8211; Unitat de Suport a l\u2019Alumnat en situaci\u00f3 de Viol\u00e8ncia<\/a><\/h3>\n<p style=\"text-align: center;\">tel: 93 551 69 68<\/p>\n<p style=\"text-align: center;\">Qualsevol fam\u00edlia preocupada per algun tema de conviv\u00e8ncia, pot fer servir aquesta unitat.<\/p>\n<\/td>\n<\/tr>\n<\/tbody>\n<\/table>\n<p>Email:\u00a0<a href=\"mailto:afa@insaltbergueda.cat\">afa@insaltbergueda.cat<\/a><\/p>\n","protected":false},"excerpt":{"rendered":"<p>ENLLA\u00c7 WEB AFA USAV &#8211; Unitat de Suport a l\u2019Alumnat en situaci\u00f3 de Viol\u00e8ncia tel: 93 551 69 68 Qualsevol fam\u00edlia preocupada per algun tema de conviv\u00e8ncia, pot fer servir aquesta unitat. Email:\u00a0afa@insaltbergueda.cat<\/p>\n","protected":false},"author":1,"featured_media":0,"parent":0,"menu_order":0,"comment_status":"closed","ping_status":"closed","template":"","meta":{"_bbp_topic_count":0,"_bbp_reply_count":0,"_bbp_total_topic_count":0,"_bbp_total_reply_count":0,"_bbp_voice_count":0,"_bbp_anonymous_reply_count":0,"_bbp_topic_count_hidden":0,"_bbp_reply_count_hidden":0,"_bbp_forum_subforum_count":0,"site-sidebar-layout":"default","site-content-layout":"","ast-site-content-layout":"","site-content-style":"default","site-sidebar-style":"default","ast-global-header-display":"","ast-banner-title-visibility":"","ast-main-header-display":"","ast-hfb-above-header-display":"","ast-hfb-below-header-display":"","ast-hfb-mobile-header-display":"","site-post-title":"","ast-breadcrumbs-content":"","ast-featured-img":"","footer-sml-layout":"","theme-transparent-header-meta":"","adv-header-id-meta":"","stick-header-meta":"","header-above-stick-meta":"","header-main-stick-meta":"","header-below-stick-meta":"","astra-migrate-meta-layouts":"default","ast-page-background-enabled":"default","ast-page-background-meta":{"desktop":{"background-color":"var(--ast-global-color-4)","background-image":"","background-repeat":"repeat","background-position":"center center","background-size":"auto","background-attachment":"scroll","background-type":"","background-media":"","overlay-type":"","overlay-color":"","overlay-opacity":"","overlay-gradient":""},"tablet":{"background-color":"","background-image":"","background-repeat":"repeat","background-position":"center center","background-size":"auto","background-attachment":"scroll","background-type":"","background-media":"","overlay-type":"","overlay-color":"","overlay-opacity":"","overlay-gradient":""},"mobile":{"background-color":"","background-image":"","background-repeat":"repeat","background-position":"center center","background-size":"auto","background-attachment":"scroll","background-type":"","background-media":"","overlay-type":"","overlay-color":"","overlay-opacity":"","overlay-gradient":""}},"ast-content-background-meta":{"desktop":{"background-color":"var(--ast-global-color-5)","background-image":"","background-repeat":"repeat","background-position":"center center","background-size":"auto","background-attachment":"scroll","background-type":"","background-media":"","overlay-type":"","overlay-color":"","overlay-opacity":"","overlay-gradient":""},"tablet":{"background-color":"var(--ast-global-color-5)","background-image":"","background-repeat":"repeat","background-position":"center center","background-size":"auto","background-attachment":"scroll","background-type":"","background-media":"","overlay-type":"","overlay-color":"","overlay-opacity":"","overlay-gradient":""},"mobile":{"background-color":"var(--ast-global-color-5)","background-image":"","background-repeat":"repeat","background-position":"center center","background-size":"auto","background-attachment":"scroll","background-type":"","background-media":"","overlay-type":"","overlay-color":"","overlay-opacity":"","overlay-gradient":""}},"footnotes":""},"class_list":["post-6111","page","type-page","status-publish","hentry"],"post_mailing_queue_ids":[],"_links":{"self":[{"href":"https:\/\/agora.xtec.cat\/iesaltbergueda\/wp-json\/wp\/v2\/pages\/6111","targetHints":{"allow":["GET"]}}],"collection":[{"href":"https:\/\/agora.xtec.cat\/iesaltbergueda\/wp-json\/wp\/v2\/pages"}],"about":[{"href":"https:\/\/agora.xtec.cat\/iesaltbergueda\/wp-json\/wp\/v2\/types\/page"}],"author":[{"embeddable":true,"href":"https:\/\/agora.xtec.cat\/iesaltbergueda\/wp-json\/wp\/v2\/users\/1"}],"replies":[{"embeddable":true,"href":"https:\/\/agora.xtec.cat\/iesaltbergueda\/wp-json\/wp\/v2\/comments?post=6111"}],"version-history":[{"count":3,"href":"https:\/\/agora.xtec.cat\/iesaltbergueda\/wp-json\/wp\/v2\/pages\/6111\/revisions"}],"predecessor-version":[{"id":6117,"href":"https:\/\/agora.xtec.cat\/iesaltbergueda\/wp-json\/wp\/v2\/pages\/6111\/revisions\/6117"}],"wp:attachment":[{"href":"https:\/\/agora.xtec.cat\/iesaltbergueda\/wp-json\/wp\/v2\/media?parent=6111"}],"curies":[{"name":"wp","href":"https:\/\/api.w.org\/{rel}","templated":true}]}}