{"id":46,"date":"2014-09-17T16:53:45","date_gmt":"2014-09-17T16:53:45","guid":{"rendered":"http:\/\/agora.xtec.cat\/iesaltbergueda\/?page_id=46"},"modified":"2025-09-17T17:16:44","modified_gmt":"2025-09-17T15:16:44","slug":"organigrama","status":"publish","type":"page","link":"https:\/\/agora.xtec.cat\/iesaltbergueda\/linstitut\/organigrama\/","title":{"rendered":"Organigrama"},"content":{"rendered":"<p><strong>DIRECTORA: Gemma Montany\u00e0 Ganyarul<\/strong><\/p>\n<p><strong>CAP D&#8217;ESTUDIS: Benjam\u00ed Herrera Segurado\u00a0<\/strong><\/p>\n<p><strong>SECRET\u00c0RIA: Ester Guerrero Mart\u00ednez<\/strong><\/p>\n<p><strong>COORDINADORA PEDAG\u00d2GICA: L\u00edcia Palou Cots<\/strong><\/p>\n<p>&nbsp;<\/p>\n<p>COORDINADORA 1r ESO: Gl\u00f2ria Aymerich<\/p>\n<p>COORDINADOR 2n ESO: M.Eugenia Penella<\/p>\n<p>COORDINADORA 3r ESO: Ester Cucurull<\/p>\n<p>COORDINADORA 4t ESO: Mireia Mas<\/p>\n<p>COORDINADOR BATXILLERAT: Pere Pajerols<\/p>\n<p>COORDINADORA CFGM: Eva Santacreu Jubany<\/p>\n<p>COORDINADOR CFGS: Andreu Ferrer Gendrau<\/p>\n<p>&nbsp;<\/p>\n<p>CAP DE DEPARTAMENT LLENG\u00dcES: Pere Pajerosl<\/p>\n<p>CAP DE DEPARTAMENT MATEM\u00c0TIQUES: Ferran Vilalta Costa<\/p>\n<p>CAP DE DEPARTAMENT CI\u00c8NCIES: Antoni Riba Garriga<\/p>\n<p>CAP DE DEPARTAMENT TECNOLOGIA: Jaume Betbes\u00e9 Belles<\/p>\n<p>CAP DE DEPARTAMENT HUMANITATS: Jaume Serra Crous<\/p>\n<p>CAP DE DEPARTAMENT LLENG\u00dcES ESTRANGERES: Gillian Connor<\/p>\n<p>CAP DEL DEPARTAMENT D&#8217;EXPRESSI\u00d3: S\u00f2nia Mart\u00ednez Nyssen<\/p>\n<p>CAP DE SEMINARI D&#8217;EXPRESSI\u00d3: Edurne Pita<\/p>\n<p>&nbsp;<\/p>\n<p>COORDINADORS INFORM\u00c0TICS: M\u00aa Eugenia Penella L\u00f3pez i Jaume Betbes\u00e9 Belles<\/p>\n<p>COORDINADOR RISCOS LABORALS: Josep Maci\u00e0 Roset<\/p>\n<p>COORDINADOR SERVEI COMUNITARI: Joan Terr\u00e9 Boliart<\/p>\n<p>COORDINADORA LIC: Ester Cucurull Corominas<\/p>\n<p>COORDINADORA D&#8217;ACTIVITATS: Meritxell Serrano<\/p>\n<p>COORDINADORA ERASMUS +: Montse Tom\u00e0s<\/p>\n<p>COORDINADOR COCOBE: Guillem Guirado<\/p>\n<p>&nbsp;<\/p>\n<p><strong>TUTORS 1r ESO: Gl\u00f2ria Aymerich Boixader<\/strong><\/p>\n<p><strong>TUTORS 2n ESO: M.Eugenia Penella\/Geno Sampr\u00f3n<\/strong><\/p>\n<p><strong>TUTORS 3r ESO: Arcadi Bassegoda\/Ester Cucurull<\/strong><\/p>\n<p><strong>TUTORS 4t ESO: Mireia Mas\/Montse Tom\u00e0s Riu<\/strong><\/p>\n<p><strong>TUTORS BAT: Jaume Serra\/ Pere Pajerols<\/strong><\/p>\n<p><strong>TUTORS CF: S\u00f2nia Martinez \/ Sergi Royo\/ Montse Casals \/\u00a0 Meritxell Serrano<\/strong><\/p>\n<p>&nbsp;<\/p>\n<p>&nbsp;<\/p>\n<p>&nbsp;<\/p>\n","protected":false},"excerpt":{"rendered":"<p>DIRECTORA: Gemma Montany\u00e0 Ganyarul CAP D&#8217;ESTUDIS: Benjam\u00ed Herrera Segurado\u00a0 SECRET\u00c0RIA: Ester Guerrero Mart\u00ednez COORDINADORA PEDAG\u00d2GICA: L\u00edcia Palou Cots &nbsp; COORDINADORA 1r ESO: Gl\u00f2ria Aymerich COORDINADOR 2n ESO: M.Eugenia Penella COORDINADORA 3r ESO: Ester Cucurull COORDINADORA 4t ESO: Mireia Mas COORDINADOR BATXILLERAT: Pere Pajerols COORDINADORA CFGM: Eva Santacreu Jubany COORDINADOR CFGS: Andreu Ferrer Gendrau &nbsp; CAP [&hellip;]<\/p>\n","protected":false},"author":1,"featured_media":0,"parent":19,"menu_order":5,"comment_status":"closed","ping_status":"closed","template":"page-templates\/side-menu.php","meta":{"_bbp_topic_count":0,"_bbp_reply_count":0,"_bbp_total_topic_count":0,"_bbp_total_reply_count":0,"_bbp_voice_count":0,"_bbp_anonymous_reply_count":0,"_bbp_topic_count_hidden":0,"_bbp_reply_count_hidden":0,"_bbp_forum_subforum_count":0,"site-sidebar-layout":"default","site-content-layout":"","ast-site-content-layout":"","site-content-style":"default","site-sidebar-style":"default","ast-global-header-display":"","ast-banner-title-visibility":"","ast-main-header-display":"","ast-hfb-above-header-display":"","ast-hfb-below-header-display":"","ast-hfb-mobile-header-display":"","site-post-title":"","ast-breadcrumbs-content":"","ast-featured-img":"","footer-sml-layout":"","theme-transparent-header-meta":"","adv-header-id-meta":"","stick-header-meta":"","header-above-stick-meta":"","header-main-stick-meta":"","header-below-stick-meta":"","astra-migrate-meta-layouts":"default","ast-page-background-enabled":"default","ast-page-background-meta":{"desktop":{"background-color":"var(--ast-global-color-4)","background-image":"","background-repeat":"repeat","background-position":"center center","background-size":"auto","background-attachment":"scroll","background-type":"","background-media":"","overlay-type":"","overlay-color":"","overlay-opacity":"","overlay-gradient":""},"tablet":{"background-color":"","background-image":"","background-repeat":"repeat","background-position":"center center","background-size":"auto","background-attachment":"scroll","background-type":"","background-media":"","overlay-type":"","overlay-color":"","overlay-opacity":"","overlay-gradient":""},"mobile":{"background-color":"","background-image":"","background-repeat":"repeat","background-position":"center center","background-size":"auto","background-attachment":"scroll","background-type":"","background-media":"","overlay-type":"","overlay-color":"","overlay-opacity":"","overlay-gradient":""}},"ast-content-background-meta":{"desktop":{"background-color":"var(--ast-global-color-5)","background-image":"","background-repeat":"repeat","background-position":"center center","background-size":"auto","background-attachment":"scroll","background-type":"","background-media":"","overlay-type":"","overlay-color":"","overlay-opacity":"","overlay-gradient":""},"tablet":{"background-color":"var(--ast-global-color-5)","background-image":"","background-repeat":"repeat","background-position":"center center","background-size":"auto","background-attachment":"scroll","background-type":"","background-media":"","overlay-type":"","overlay-color":"","overlay-opacity":"","overlay-gradient":""},"mobile":{"background-color":"var(--ast-global-color-5)","background-image":"","background-repeat":"repeat","background-position":"center center","background-size":"auto","background-attachment":"scroll","background-type":"","background-media":"","overlay-type":"","overlay-color":"","overlay-opacity":"","overlay-gradient":""}},"footnotes":""},"class_list":["post-46","page","type-page","status-publish","hentry"],"post_mailing_queue_ids":[],"_links":{"self":[{"href":"https:\/\/agora.xtec.cat\/iesaltbergueda\/wp-json\/wp\/v2\/pages\/46","targetHints":{"allow":["GET"]}}],"collection":[{"href":"https:\/\/agora.xtec.cat\/iesaltbergueda\/wp-json\/wp\/v2\/pages"}],"about":[{"href":"https:\/\/agora.xtec.cat\/iesaltbergueda\/wp-json\/wp\/v2\/types\/page"}],"author":[{"embeddable":true,"href":"https:\/\/agora.xtec.cat\/iesaltbergueda\/wp-json\/wp\/v2\/users\/1"}],"replies":[{"embeddable":true,"href":"https:\/\/agora.xtec.cat\/iesaltbergueda\/wp-json\/wp\/v2\/comments?post=46"}],"version-history":[{"count":6,"href":"https:\/\/agora.xtec.cat\/iesaltbergueda\/wp-json\/wp\/v2\/pages\/46\/revisions"}],"predecessor-version":[{"id":8249,"href":"https:\/\/agora.xtec.cat\/iesaltbergueda\/wp-json\/wp\/v2\/pages\/46\/revisions\/8249"}],"up":[{"embeddable":true,"href":"https:\/\/agora.xtec.cat\/iesaltbergueda\/wp-json\/wp\/v2\/pages\/19"}],"wp:attachment":[{"href":"https:\/\/agora.xtec.cat\/iesaltbergueda\/wp-json\/wp\/v2\/media?parent=46"}],"curies":[{"name":"wp","href":"https:\/\/api.w.org\/{rel}","templated":true}]}}