{"id":4548,"date":"2021-10-19T13:42:49","date_gmt":"2021-10-19T11:42:49","guid":{"rendered":"https:\/\/agora.xtec.cat\/iesaltbergueda\/?page_id=4548"},"modified":"2026-03-02T08:56:29","modified_gmt":"2026-03-02T07:56:29","slug":"convalidacions-formacio-professional","status":"publish","type":"page","link":"https:\/\/agora.xtec.cat\/iesaltbergueda\/secretaria\/convalidacions-i-exempcions\/convalidacions-formacio-professional\/","title":{"rendered":"Convalidacions Formaci\u00f3 Professional"},"content":{"rendered":"<div class=\"tm-article-content uk-margin-top-remove\">\n<div class=\"tm-article\">\n<p style=\"text-align: justify;\">S\u2019ent\u00e9n per convalidaci\u00f3 donar valor acad\u00e8mic als estudis oficials cursats pr\u00e8viament, certificats per l\u2019entitat competent.<\/p>\n<\/div>\n<p style=\"text-align: justify;\">Els processos de convalidacions es classifiquen\u00a0segons qui ha de resoldre:<\/p>\n<ul style=\"text-align: justify;\">\n<li><strong>Convalidacions que aplica el<\/strong><strong> centre educatiu<\/strong> directament: s\u00f3n les que estan establertes en els decrets dels curr\u00edculums i normativa de convalidacions.<\/li>\n<li><strong>Convalidacions<\/strong> <strong>singulars<\/strong>: s\u00f3n totes les que no pugui resoldre el centre i que\u00a0cal trametre a la Direcci\u00f3 General de Formaci\u00f3 Professional\u200b (\u200bDGFP).<\/li>\n<\/ul>\n<p style=\"text-align: justify;\">Cal tenir en compte que segons la normativa actual, el Reial decret 1085\/2020, de 9 de desembre, pel qual s&#8217;estableixen convalidacions de m\u00f2duls professionals dels t\u00edtols de formaci\u00f3 professional del sistema educatiu espanyol, els <strong>m\u00f2duls professionals que hagin estat pr\u00e8viament convalidats,<\/strong> reconeguts o superats per compensaci\u00f3, <strong>n<\/strong><strong>o podran ser aportats per sol\u00b7licitar la convalidaci\u00f3<\/strong> d&#8217;altres m\u00f2duls professionals.\u200b<\/p>\n<p><span style=\"color: #008000;\"><strong>ALTRES ASPECTES A TENIR EN COMPTE:<\/strong><\/span><\/p>\n<ul>\n<li>\n<p style=\"text-align: justify;\">Els m\u00f2duls professionals i les mat\u00e8ries d&#8217;estudis universitaris oficials <strong>que hagin estat pr\u00e8viament convalidats<\/strong>, reconeguts\u00a0o superats per compensaci\u00f3, <strong>no podran ser aportats per sol\u00b7licitar la convalidaci\u00f3 d&#8217;altres m\u00f2duls professionals<\/strong>.<\/p>\n<\/li>\n<li>\n<p style=\"text-align: justify;\">El m\u00f2dul professional de\u00a0<strong>Projecte<\/strong>, en t\u00edtols de grau superior, <strong>no \u00e9s objecte de convalidaci\u00f3.<\/strong><\/p>\n<\/li>\n<li style=\"text-align: justify;\">Els m\u00f2duls professionals d&#8217;<strong>Itinerari personal per a l&#8217;ocupabilitat I i II<\/strong>, inclosos en els reials decrets que regulen els t\u00edtols de formaci\u00f3 professional LOE, es convalidaran amb independ\u00e8ncia del cicle formatiu de grau mitj\u00e0 o superior a qu\u00e8 pertanyen.<\/li>\n<li style=\"text-align: justify;\">El <strong>certificat de qualificacions <\/strong>que aporti l&#8217;alumnat per acreditar els seus estudis\u00a0ha de ser un certificat de qualificacions oficial expedit i signat pel centre educatiu on s&#8217;han cursat. Tingueu en compte que\u00a0els butlletins de notes o informes d&#8217;avaluaci\u00f3 no s\u00f3n v\u00e0lids.<\/li>\n<li>\n<p style=\"text-align: justify;\">Les <strong>convalidacions entre estudis universitaris i de formaci\u00f3 professional <\/strong>es podran sol\u00b7licitar quan aquests \u00faltims pertanyin a l&#8217;espai eur\u200bopeu\u00a0de l&#8217;educaci\u00f3 superior. A m\u00e9s, el nombre de m\u00f2duls professionals dels cicles de grau superior convalidats no podr\u00e0 superar el 60% de la totalitat de cr\u00e8dits ECTS que estableix el Reial decret pel qual s&#8217;estableix el t\u00edtol de t\u00e8cnic o t\u00e8cnica superior i es fixen els aspectes b\u00e0sics del curr\u00edculum, sempre que s&#8217;aportin ensenyaments universitaris que estiguin relacionats amb el camp de coneixement i hi hagi similitud entre les compet\u00e8ncies, coneixements i resultats d&#8217;aprenentatge.<\/p>\n<\/li>\n<li>\n<h3><span style=\"color: #000000;\"><strong>PROC\u00c9S COMPLECI\u00d3 ESTUDIS DE PLANS QUE S&#8217;EXTINGEIXEN:\u00a0 <a style=\"color: #000000;\" href=\"https:\/\/agora.xtec.cat\/iesaltbergueda\/cafemn\/complecio-destudis\/\">CFGM<\/a> &#8211; <a style=\"color: #000000;\" href=\"https:\/\/agora.xtec.cat\/iesaltbergueda\/cfgs\/complecio-destudis\/\">CFGS<\/a><\/strong><\/span><\/h3>\n<\/li>\n<\/ul>\n<\/div>\n","protected":false},"excerpt":{"rendered":"<p>S\u2019ent\u00e9n per convalidaci\u00f3 donar valor acad\u00e8mic als estudis oficials cursats pr\u00e8viament, certificats per l\u2019entitat competent. Els processos de convalidacions es classifiquen\u00a0segons qui ha de resoldre: Convalidacions que aplica el centre educatiu directament: s\u00f3n les que estan establertes en els decrets dels curr\u00edculums i normativa de convalidacions. Convalidacions singulars: s\u00f3n totes les que no pugui resoldre [&hellip;]<\/p>\n","protected":false},"author":1,"featured_media":0,"parent":3532,"menu_order":0,"comment_status":"closed","ping_status":"closed","template":"","meta":{"_bbp_topic_count":0,"_bbp_reply_count":0,"_bbp_total_topic_count":0,"_bbp_total_reply_count":0,"_bbp_voice_count":0,"_bbp_anonymous_reply_count":0,"_bbp_topic_count_hidden":0,"_bbp_reply_count_hidden":0,"_bbp_forum_subforum_count":0,"site-sidebar-layout":"default","site-content-layout":"","ast-site-content-layout":"default","site-content-style":"default","site-sidebar-style":"default","ast-global-header-display":"","ast-banner-title-visibility":"","ast-main-header-display":"","ast-hfb-above-header-display":"","ast-hfb-below-header-display":"","ast-hfb-mobile-header-display":"","site-post-title":"","ast-breadcrumbs-content":"","ast-featured-img":"","footer-sml-layout":"","theme-transparent-header-meta":"","adv-header-id-meta":"","stick-header-meta":"","header-above-stick-meta":"","header-main-stick-meta":"","header-below-stick-meta":"","astra-migrate-meta-layouts":"set","ast-page-background-enabled":"default","ast-page-background-meta":{"desktop":{"background-color":"var(--ast-global-color-4)","background-image":"","background-repeat":"repeat","background-position":"center center","background-size":"auto","background-attachment":"scroll","background-type":"","background-media":"","overlay-type":"","overlay-color":"","overlay-opacity":"","overlay-gradient":""},"tablet":{"background-color":"","background-image":"","background-repeat":"repeat","background-position":"center center","background-size":"auto","background-attachment":"scroll","background-type":"","background-media":"","overlay-type":"","overlay-color":"","overlay-opacity":"","overlay-gradient":""},"mobile":{"background-color":"","background-image":"","background-repeat":"repeat","background-position":"center center","background-size":"auto","background-attachment":"scroll","background-type":"","background-media":"","overlay-type":"","overlay-color":"","overlay-opacity":"","overlay-gradient":""}},"ast-content-background-meta":{"desktop":{"background-color":"var(--ast-global-color-5)","background-image":"","background-repeat":"repeat","background-position":"center center","background-size":"auto","background-attachment":"scroll","background-type":"","background-media":"","overlay-type":"","overlay-color":"","overlay-opacity":"","overlay-gradient":""},"tablet":{"background-color":"var(--ast-global-color-5)","background-image":"","background-repeat":"repeat","background-position":"center center","background-size":"auto","background-attachment":"scroll","background-type":"","background-media":"","overlay-type":"","overlay-color":"","overlay-opacity":"","overlay-gradient":""},"mobile":{"background-color":"var(--ast-global-color-5)","background-image":"","background-repeat":"repeat","background-position":"center center","background-size":"auto","background-attachment":"scroll","background-type":"","background-media":"","overlay-type":"","overlay-color":"","overlay-opacity":"","overlay-gradient":""}},"footnotes":""},"class_list":["post-4548","page","type-page","status-publish","hentry"],"post_mailing_queue_ids":[],"_links":{"self":[{"href":"https:\/\/agora.xtec.cat\/iesaltbergueda\/wp-json\/wp\/v2\/pages\/4548","targetHints":{"allow":["GET"]}}],"collection":[{"href":"https:\/\/agora.xtec.cat\/iesaltbergueda\/wp-json\/wp\/v2\/pages"}],"about":[{"href":"https:\/\/agora.xtec.cat\/iesaltbergueda\/wp-json\/wp\/v2\/types\/page"}],"author":[{"embeddable":true,"href":"https:\/\/agora.xtec.cat\/iesaltbergueda\/wp-json\/wp\/v2\/users\/1"}],"replies":[{"embeddable":true,"href":"https:\/\/agora.xtec.cat\/iesaltbergueda\/wp-json\/wp\/v2\/comments?post=4548"}],"version-history":[{"count":5,"href":"https:\/\/agora.xtec.cat\/iesaltbergueda\/wp-json\/wp\/v2\/pages\/4548\/revisions"}],"predecessor-version":[{"id":8651,"href":"https:\/\/agora.xtec.cat\/iesaltbergueda\/wp-json\/wp\/v2\/pages\/4548\/revisions\/8651"}],"up":[{"embeddable":true,"href":"https:\/\/agora.xtec.cat\/iesaltbergueda\/wp-json\/wp\/v2\/pages\/3532"}],"wp:attachment":[{"href":"https:\/\/agora.xtec.cat\/iesaltbergueda\/wp-json\/wp\/v2\/media?parent=4548"}],"curies":[{"name":"wp","href":"https:\/\/api.w.org\/{rel}","templated":true}]}}