{"id":3534,"date":"2020-10-15T12:01:11","date_gmt":"2020-10-15T10:01:11","guid":{"rendered":"http:\/\/agora.xtec.cat\/iesaltbergueda\/?page_id=3534"},"modified":"2025-09-24T06:15:00","modified_gmt":"2025-09-24T04:15:00","slug":"eso-2","status":"publish","type":"page","link":"https:\/\/agora.xtec.cat\/iesaltbergueda\/secretaria\/eso-2\/","title":{"rendered":"Convalidacions ESO"},"content":{"rendered":"<p>&nbsp;<\/p>\n<table style=\"width: 97.5083%; border-collapse: collapse; border-style: solid; border-color: #080707; background-color: #fcfcfc;\">\n<tbody>\n<tr style=\"border-color: #0d0909;\">\n<td style=\"width: 20.474%; background-color: #faf7a7; border-color: #0d0c0c;\">\n<h6>Simultane\u00eftat d&#8217;estudis d&#8217;ESO amb estudis de m\u00fasica<\/h6>\n<\/td>\n<td style=\"width: 224.529%; border-color: #000000; background-color: #fafafa;\">L&#8217;alumnat que cursa l&#8217;ESO i, simult\u00e0niament, estudis de m\u00fasica en conservatoris, centres professionals o escoles de m\u00fasica autoritzades, poden sol\u00b7licitar la convalidaci\u00f3 o el reconeixement de mat\u00e8ries d&#8217;ESO.<\/p>\n<p>En cas que l&#8217;alumne o alumna abandoni els estudis de m\u00fasica que permeten la convalidaci\u00f3 o el reconeixement, la mat\u00e8ria o mat\u00e8ries constaran com a no superades en l&#8217;avaluaci\u00f3 final.<\/p>\n<p>La sol\u00b7licitud del reconeixement es podr\u00e0 fer durant els dos primers mesos de curs.<\/p>\n<ul style=\"list-style-type: square;\">\n<li><strong>Alumnes d&#8217;ESO que cursen estudis de m\u00fasica en un conservatori o en un centre professional:<\/strong> poden convalidar M\u00fasica (mat\u00e8ria comuna de 1r a 3r), les mat\u00e8ries optatives de 1r a 3r (2 hores setmanals per curs), una mat\u00e8ria optativa de 4t (fins a un m\u00e0xim de 4 hores setmanals. Cal presentar el models <a href=\"https:\/\/agora.xtec.cat\/iesaltbergueda\/wp-content\/uploads\/usu1645\/2025\/09\/EMU1.pdf\">EMU1<\/a> i <a href=\"https:\/\/agora.xtec.cat\/iesaltbergueda\/wp-content\/uploads\/usu1645\/2025\/09\/CMU1.pdf\">CMU1<\/a>.<\/li>\n<li><strong>Alumnes d&#8217;ESO que cursen estudis de m\u00fasica en una escola autoritzada:\u00a0<\/strong>\n<ul style=\"list-style-type: square;\">\n<li>Si cursen entre 3 i 4 hores setmanals: poden convalidar les mat\u00e8ries optatives de 1r a 3r (2 hores setmanals), una mat\u00e8ria optativa de 4t (fins a un m\u00e0xim de 2 hores setmanals). Cal presentar els models <a href=\"https:\/\/agora.xtec.cat\/iesaltbergueda\/wp-content\/uploads\/usu1645\/2025\/09\/EMU1.pdf\">EMU1<\/a> i <a href=\"https:\/\/agora.xtec.cat\/iesaltbergueda\/wp-content\/uploads\/usu1645\/2025\/09\/CMU2.pdf\">CMU2<\/a>.<\/li>\n<li>Si cursen m\u00e9s de 4 hores setmanals: poden convalidar M\u00fasica (mat\u00e8ria comuna de 1r<br \/>\na 3r), les mat\u00e8ries optatives de 1r a 3r (2 hores setmanals), una mat\u00e8ria optativa de 4t (fins a un m\u00e0xim de 4 hores<br \/>\nsetmanals. Cal presentar els models <a href=\"https:\/\/agora.xtec.cat\/iesaltbergueda\/wp-content\/uploads\/usu1645\/2025\/09\/EMU1.pdf\">EMU1<\/a> i <a href=\"https:\/\/agora.xtec.cat\/iesaltbergueda\/wp-content\/uploads\/usu1645\/2025\/09\/CMU2.pdf\">CMU2<\/a>.<\/li>\n<\/ul>\n<\/li>\n<\/ul>\n<\/td>\n<\/tr>\n<tr>\n<td style=\"width: 20.474%; background-color: #e4b6f0; border-color: #0d0c0c;\">\n<h6>Simultane\u00eftat d&#8217;estudis d&#8217;ESO amb estudis de dansa<\/h6>\n<\/td>\n<td style=\"width: 224.529%; border-color: #000000; background-color: #fafafa;\">L&#8217;alumnat que cursa l&#8217;ESO i, simult\u00e0niament, estudis de dansa en conservatoris, centres professionals o escoles de dansa autoritzades, pot sol\u00b7licitar la convalidaci\u00f3 o el reconeixement de mat\u00e8ries d&#8217;ESO.<\/p>\n<p>En cas que l&#8217;alumne o alumna abandoni els estudis de dansa que permeten la convalidaci\u00f3 o el reconeixement, la mat\u00e8ria o mat\u00e8ries constaran com a no superades en l&#8217;avaluaci\u00f3 final.<\/p>\n<p>La sol\u00b7licitud del reconeixement es podr\u00e0 fer durant els dos primers mesos de curs.<\/p>\n<ul style=\"list-style-type: square;\">\n<li><strong>Alumnes d&#8217;ESO que cursen estudis de dansa en un conservatori o en un<\/strong><br \/>\n<strong>centre professional:<\/strong> Es poden convalidar les mat\u00e8ries d&#8217; Educaci\u00f3 F\u00edsica, M\u00fasica (mat\u00e8ria comuna de 1r a 3r), les mat\u00e8ries optatives de 1r a 3r (2 hores setmanals per curs), una mat\u00e8ria optativa de 4t (4 hores setmanals). Cal presentar els models <a href=\"https:\/\/agora.xtec.cat\/iesaltbergueda\/wp-content\/uploads\/usu1645\/2025\/09\/EDA1.pdf\">EDA1<\/a> i <a href=\"https:\/\/agora.xtec.cat\/iesaltbergueda\/wp-content\/uploads\/usu1645\/2025\/09\/CDA1.pdf\">CDA1<\/a>.<\/li>\n<li>Alumnes d&#8217;ESO que cursen estudis de dansa en una escola autoritzada:\n<ul style=\"list-style-type: square;\">\n<li>Si es cursen entre 5 i 7 hores setmanals: es pot recon\u00e8ixer la mat\u00e8ria d&#8217;educaci\u00f3 f\u00edsica. Cal presentar els models <a href=\"https:\/\/agora.xtec.cat\/iesaltbergueda\/wp-content\/uploads\/usu1645\/2025\/09\/EDA1.pdf\">EDA1<\/a> i <a href=\"https:\/\/agora.xtec.cat\/iesaltbergueda\/wp-content\/uploads\/usu1645\/2025\/09\/CDA2.pdf\">CDA2<\/a>.<\/li>\n<li>Si es cursen m\u00e9s de 7 hores setmanals: es poden recon\u00e8ixer les mat\u00e8ries d&#8217; Educaci\u00f3 F\u00edsica, les mat\u00e8ries optatives de 1r a 3r (2 hores setmanals per<br \/>\ncurs), una mat\u00e8ria optativa de 4t (4 hores setmanals). Cal presentar els models <a href=\"https:\/\/agora.xtec.cat\/iesaltbergueda\/wp-content\/uploads\/usu1645\/2025\/09\/EDA1.pdf\">EDA1<\/a>1 i <a href=\"https:\/\/agora.xtec.cat\/iesaltbergueda\/wp-content\/uploads\/usu1645\/2025\/09\/CDA2.pdf\">CDA2<\/a>.<\/li>\n<\/ul>\n<\/li>\n<\/ul>\n<\/td>\n<\/tr>\n<tr>\n<td style=\"width: 20.474%; background-color: #a4dbed; border-color: #0d0c0c;\">\n<h6>Simultane\u00eftat d&#8217;estudis d&#8217;ESO amb dedicaci\u00f3 intensiva a l&#8217;esport<\/h6>\n<\/td>\n<td style=\"width: 224.529%; border-color: #000000; background-color: #fafafa;\">Els i les alumnes amb dedicaci\u00f3 significativa a l&#8217;esport, avalada pel Consell Catal\u00e0 de l&#8217;Esport i matriculats en centres que no pertanyen als centres educatius d&#8217;especial atenci\u00f3 a la pr\u00e0ctica esportiva, poden sol\u00b7licitar al director o directora del centre educatiu, durant el primer trimestre del curs, que se&#8217;ls apliqui un pla de suport individualitzat (PI) que inclogui el reconeixement de la mat\u00e8ria d&#8217;Educaci\u00f3 F\u00edsica, de dues franges\u00a0de les mat\u00e8ries optatives\u00a0de primer (6 hores) i de la franja de mat\u00e8ries optatives \u200bde segon (4 hores) de batxillerat. En aquest PI, cal adjuntar-hi la documentaci\u00f3 seg\u00fcent:<\/p>\n<ul>\n<li><a title=\"Descarregueu el document\" href=\"https:\/\/documents.espai.educacio.gencat.cat\/FormularisModels\/CentresGestioAcademica\/A1500.pdf\">Sol\u00b7licitud<\/a>\u00a0signada per l&#8217;alumne o alumna, o pel pare, la mare o el tutor o tutora legal de l&#8217;alumne si \u00e9s menor d&#8217;edat.<\/li>\n<li>Certificat del\u00a0<a href=\"http:\/\/sac.gencat.cat\/sacgencat\/AppJava\/organisme_fitxa.jsp?codi=2570\">Consell Catal\u00e0 de l&#8217;Esport<\/a>. Els alumnes han d&#8217;obtenir aquest certificat quan figurin en el programa de tecnificaci\u00f3 (ARC) de la federaci\u00f3 catalana corresponent.<\/li>\n<\/ul>\n<\/td>\n<\/tr>\n<\/tbody>\n<\/table>\n","protected":false},"excerpt":{"rendered":"<p>&nbsp; Simultane\u00eftat d&#8217;estudis d&#8217;ESO amb estudis de m\u00fasica L&#8217;alumnat que cursa l&#8217;ESO i, simult\u00e0niament, estudis de m\u00fasica en conservatoris, centres professionals o escoles de m\u00fasica autoritzades, poden sol\u00b7licitar la convalidaci\u00f3 o el reconeixement de mat\u00e8ries d&#8217;ESO. En cas que l&#8217;alumne o alumna abandoni els estudis de m\u00fasica que permeten la convalidaci\u00f3 o el reconeixement, la [&hellip;]<\/p>\n","protected":false},"author":1,"featured_media":0,"parent":81,"menu_order":1,"comment_status":"closed","ping_status":"closed","template":"page-templates\/side-menu.php","meta":{"_bbp_topic_count":0,"_bbp_reply_count":0,"_bbp_total_topic_count":0,"_bbp_total_reply_count":0,"_bbp_voice_count":0,"_bbp_anonymous_reply_count":0,"_bbp_topic_count_hidden":0,"_bbp_reply_count_hidden":0,"_bbp_forum_subforum_count":0,"site-sidebar-layout":"default","site-content-layout":"","ast-site-content-layout":"","site-content-style":"default","site-sidebar-style":"default","ast-global-header-display":"","ast-banner-title-visibility":"","ast-main-header-display":"","ast-hfb-above-header-display":"","ast-hfb-below-header-display":"","ast-hfb-mobile-header-display":"","site-post-title":"","ast-breadcrumbs-content":"","ast-featured-img":"","footer-sml-layout":"","theme-transparent-header-meta":"","adv-header-id-meta":"","stick-header-meta":"","header-above-stick-meta":"","header-main-stick-meta":"","header-below-stick-meta":"","astra-migrate-meta-layouts":"default","ast-page-background-enabled":"default","ast-page-background-meta":{"desktop":{"background-color":"var(--ast-global-color-4)","background-image":"","background-repeat":"repeat","background-position":"center center","background-size":"auto","background-attachment":"scroll","background-type":"","background-media":"","overlay-type":"","overlay-color":"","overlay-opacity":"","overlay-gradient":""},"tablet":{"background-color":"","background-image":"","background-repeat":"repeat","background-position":"center center","background-size":"auto","background-attachment":"scroll","background-type":"","background-media":"","overlay-type":"","overlay-color":"","overlay-opacity":"","overlay-gradient":""},"mobile":{"background-color":"","background-image":"","background-repeat":"repeat","background-position":"center center","background-size":"auto","background-attachment":"scroll","background-type":"","background-media":"","overlay-type":"","overlay-color":"","overlay-opacity":"","overlay-gradient":""}},"ast-content-background-meta":{"desktop":{"background-color":"var(--ast-global-color-5)","background-image":"","background-repeat":"repeat","background-position":"center center","background-size":"auto","background-attachment":"scroll","background-type":"","background-media":"","overlay-type":"","overlay-color":"","overlay-opacity":"","overlay-gradient":""},"tablet":{"background-color":"var(--ast-global-color-5)","background-image":"","background-repeat":"repeat","background-position":"center center","background-size":"auto","background-attachment":"scroll","background-type":"","background-media":"","overlay-type":"","overlay-color":"","overlay-opacity":"","overlay-gradient":""},"mobile":{"background-color":"var(--ast-global-color-5)","background-image":"","background-repeat":"repeat","background-position":"center center","background-size":"auto","background-attachment":"scroll","background-type":"","background-media":"","overlay-type":"","overlay-color":"","overlay-opacity":"","overlay-gradient":""}},"footnotes":""},"class_list":["post-3534","page","type-page","status-publish","hentry"],"post_mailing_queue_ids":[],"_links":{"self":[{"href":"https:\/\/agora.xtec.cat\/iesaltbergueda\/wp-json\/wp\/v2\/pages\/3534","targetHints":{"allow":["GET"]}}],"collection":[{"href":"https:\/\/agora.xtec.cat\/iesaltbergueda\/wp-json\/wp\/v2\/pages"}],"about":[{"href":"https:\/\/agora.xtec.cat\/iesaltbergueda\/wp-json\/wp\/v2\/types\/page"}],"author":[{"embeddable":true,"href":"https:\/\/agora.xtec.cat\/iesaltbergueda\/wp-json\/wp\/v2\/users\/1"}],"replies":[{"embeddable":true,"href":"https:\/\/agora.xtec.cat\/iesaltbergueda\/wp-json\/wp\/v2\/comments?post=3534"}],"version-history":[{"count":6,"href":"https:\/\/agora.xtec.cat\/iesaltbergueda\/wp-json\/wp\/v2\/pages\/3534\/revisions"}],"predecessor-version":[{"id":7363,"href":"https:\/\/agora.xtec.cat\/iesaltbergueda\/wp-json\/wp\/v2\/pages\/3534\/revisions\/7363"}],"up":[{"embeddable":true,"href":"https:\/\/agora.xtec.cat\/iesaltbergueda\/wp-json\/wp\/v2\/pages\/81"}],"wp:attachment":[{"href":"https:\/\/agora.xtec.cat\/iesaltbergueda\/wp-json\/wp\/v2\/media?parent=3534"}],"curies":[{"name":"wp","href":"https:\/\/api.w.org\/{rel}","templated":true}]}}