{"id":2997,"date":"2020-05-14T10:30:17","date_gmt":"2020-05-14T08:30:17","guid":{"rendered":"http:\/\/agora.xtec.cat\/iesaltbergueda\/?page_id=2997"},"modified":"2021-02-24T18:01:11","modified_gmt":"2021-02-24T17:01:11","slug":"video-promocional-eso","status":"publish","type":"page","link":"https:\/\/agora.xtec.cat\/iesaltbergueda\/eso\/video-promocional-eso\/","title":{"rendered":"V\u00eddeo promocional ESO"},"content":{"rendered":"<p>2021: V\u00eddeo de l&#8217;interior del centre: <a href=\"https:\/\/drive.google.com\/file\/d\/1XRLkTL5NtvhzXO1AQi5vUh7DNY6JFfNo\/view?usp=sharing\">V\u00cd<\/a><a href=\"https:\/\/drive.google.com\/file\/d\/1XRLkTL5NtvhzXO1AQi5vUh7DNY6JFfNo\/view?usp=sharing\">DEO<\/a><\/p>\n<p>2020: V\u00eddeo trucada en mig del confinament per la COVID-19 on els alumnes expliquen l&#8217;institut al nou alumnat: <a href=\"https:\/\/drive.google.com\/file\/d\/1JfBCWipsyIIMRW6jXcsng0TS44M228qM\/view\">V\u00cdDEO<\/a><\/p>\n<p>2017: V\u00eddeo promocional:\u00a0 <a href=\"https:\/\/drive.google.com\/file\/d\/1ba1qQEjLk3CRYlL86r5r0aHp5r3RJUWi\/view\">V\u00cdDEO<\/a><\/p>\n<p>2015: Lip dub Institut L&#8217;Alt Bergued\u00e0:\u00a0 <a href=\"https:\/\/youtu.be\/3ISwb7KZseg\">LIPDUP<\/a><\/p>\n","protected":false},"excerpt":{"rendered":"<p>2021: V\u00eddeo de l&#8217;interior del centre: V\u00cdDEO 2020: V\u00eddeo trucada en mig del confinament per la COVID-19 on els alumnes expliquen l&#8217;institut al nou alumnat: V\u00cdDEO 2017: V\u00eddeo promocional:\u00a0 V\u00cdDEO 2015: Lip dub Institut L&#8217;Alt Bergued\u00e0:\u00a0 LIPDUP<\/p>\n","protected":false},"author":1,"featured_media":0,"parent":1645,"menu_order":8,"comment_status":"closed","ping_status":"closed","template":"page-templates\/side-menu.php","meta":{"_bbp_topic_count":0,"_bbp_reply_count":0,"_bbp_total_topic_count":0,"_bbp_total_reply_count":0,"_bbp_voice_count":0,"_bbp_anonymous_reply_count":0,"_bbp_topic_count_hidden":0,"_bbp_reply_count_hidden":0,"_bbp_forum_subforum_count":0,"site-sidebar-layout":"default","site-content-layout":"","ast-site-content-layout":"","site-content-style":"default","site-sidebar-style":"default","ast-global-header-display":"","ast-banner-title-visibility":"","ast-main-header-display":"","ast-hfb-above-header-display":"","ast-hfb-below-header-display":"","ast-hfb-mobile-header-display":"","site-post-title":"","ast-breadcrumbs-content":"","ast-featured-img":"","footer-sml-layout":"","theme-transparent-header-meta":"","adv-header-id-meta":"","stick-header-meta":"","header-above-stick-meta":"","header-main-stick-meta":"","header-below-stick-meta":"","astra-migrate-meta-layouts":"default","ast-page-background-enabled":"default","ast-page-background-meta":{"desktop":{"background-color":"var(--ast-global-color-4)","background-image":"","background-repeat":"repeat","background-position":"center center","background-size":"auto","background-attachment":"scroll","background-type":"","background-media":"","overlay-type":"","overlay-color":"","overlay-opacity":"","overlay-gradient":""},"tablet":{"background-color":"","background-image":"","background-repeat":"repeat","background-position":"center center","background-size":"auto","background-attachment":"scroll","background-type":"","background-media":"","overlay-type":"","overlay-color":"","overlay-opacity":"","overlay-gradient":""},"mobile":{"background-color":"","background-image":"","background-repeat":"repeat","background-position":"center center","background-size":"auto","background-attachment":"scroll","background-type":"","background-media":"","overlay-type":"","overlay-color":"","overlay-opacity":"","overlay-gradient":""}},"ast-content-background-meta":{"desktop":{"background-color":"var(--ast-global-color-5)","background-image":"","background-repeat":"repeat","background-position":"center center","background-size":"auto","background-attachment":"scroll","background-type":"","background-media":"","overlay-type":"","overlay-color":"","overlay-opacity":"","overlay-gradient":""},"tablet":{"background-color":"var(--ast-global-color-5)","background-image":"","background-repeat":"repeat","background-position":"center center","background-size":"auto","background-attachment":"scroll","background-type":"","background-media":"","overlay-type":"","overlay-color":"","overlay-opacity":"","overlay-gradient":""},"mobile":{"background-color":"var(--ast-global-color-5)","background-image":"","background-repeat":"repeat","background-position":"center center","background-size":"auto","background-attachment":"scroll","background-type":"","background-media":"","overlay-type":"","overlay-color":"","overlay-opacity":"","overlay-gradient":""}},"footnotes":""},"class_list":["post-2997","page","type-page","status-publish","hentry"],"post_mailing_queue_ids":[],"_links":{"self":[{"href":"https:\/\/agora.xtec.cat\/iesaltbergueda\/wp-json\/wp\/v2\/pages\/2997","targetHints":{"allow":["GET"]}}],"collection":[{"href":"https:\/\/agora.xtec.cat\/iesaltbergueda\/wp-json\/wp\/v2\/pages"}],"about":[{"href":"https:\/\/agora.xtec.cat\/iesaltbergueda\/wp-json\/wp\/v2\/types\/page"}],"author":[{"embeddable":true,"href":"https:\/\/agora.xtec.cat\/iesaltbergueda\/wp-json\/wp\/v2\/users\/1"}],"replies":[{"embeddable":true,"href":"https:\/\/agora.xtec.cat\/iesaltbergueda\/wp-json\/wp\/v2\/comments?post=2997"}],"version-history":[{"count":3,"href":"https:\/\/agora.xtec.cat\/iesaltbergueda\/wp-json\/wp\/v2\/pages\/2997\/revisions"}],"predecessor-version":[{"id":3872,"href":"https:\/\/agora.xtec.cat\/iesaltbergueda\/wp-json\/wp\/v2\/pages\/2997\/revisions\/3872"}],"up":[{"embeddable":true,"href":"https:\/\/agora.xtec.cat\/iesaltbergueda\/wp-json\/wp\/v2\/pages\/1645"}],"wp:attachment":[{"href":"https:\/\/agora.xtec.cat\/iesaltbergueda\/wp-json\/wp\/v2\/media?parent=2997"}],"curies":[{"name":"wp","href":"https:\/\/api.w.org\/{rel}","templated":true}]}}