{"id":2947,"date":"2020-05-12T15:58:59","date_gmt":"2020-05-12T13:58:59","guid":{"rendered":"http:\/\/agora.xtec.cat\/iesaltbergueda\/?page_id=2947"},"modified":"2025-05-19T09:36:39","modified_gmt":"2025-05-19T07:36:39","slug":"video-promocional-eas","status":"publish","type":"page","link":"https:\/\/agora.xtec.cat\/iesaltbergueda\/cfgs\/video-promocional-eas\/","title":{"rendered":"V\u00eddeo promocional EAS"},"content":{"rendered":"<p>2025: <a href=\"https:\/\/www.youtube.com\/watch?v=9b24gXtWwq0\">V\u00eddeo promocional llarg EAS<\/a><\/p>\n<p><a href=\"https:\/\/www.youtube.com\/watch?v=ukTXaCVrBAY\">V\u00eddeo promocional curt 2025<\/a><\/p>\n<p>2021: V\u00eddeo de l\u2019interior del centre:\u00a0<a href=\"https:\/\/drive.google.com\/file\/d\/1XRLkTL5NtvhzXO1AQi5vUh7DNY6JFfNo\/view?usp=sharing\">V\u00cd<\/a><a href=\"https:\/\/drive.google.com\/file\/d\/1XRLkTL5NtvhzXO1AQi5vUh7DNY6JFfNo\/view?usp=sharing\">DEO<\/a><\/p>\n<p>2020: <a href=\"https:\/\/drive.google.com\/file\/d\/1dfxmAMW9ud-4D70BJfPEWyON0tuk0snr\/view\">V\u00eddeo promocional CFGS &#8211; EAS a l&#8217;institut L&#8217;Alt Begued\u00e0\u00a0<\/a><\/p>\n","protected":false},"excerpt":{"rendered":"<p>2025: V\u00eddeo promocional llarg EAS V\u00eddeo promocional curt 2025 2021: V\u00eddeo de l\u2019interior del centre:\u00a0V\u00cdDEO 2020: V\u00eddeo promocional CFGS &#8211; EAS a l&#8217;institut L&#8217;Alt Begued\u00e0\u00a0<\/p>\n","protected":false},"author":1,"featured_media":0,"parent":1598,"menu_order":7,"comment_status":"closed","ping_status":"closed","template":"page-templates\/side-menu.php","meta":{"_bbp_topic_count":0,"_bbp_reply_count":0,"_bbp_total_topic_count":0,"_bbp_total_reply_count":0,"_bbp_voice_count":0,"_bbp_anonymous_reply_count":0,"_bbp_topic_count_hidden":0,"_bbp_reply_count_hidden":0,"_bbp_forum_subforum_count":0,"site-sidebar-layout":"default","site-content-layout":"","ast-site-content-layout":"","site-content-style":"default","site-sidebar-style":"default","ast-global-header-display":"","ast-banner-title-visibility":"","ast-main-header-display":"","ast-hfb-above-header-display":"","ast-hfb-below-header-display":"","ast-hfb-mobile-header-display":"","site-post-title":"","ast-breadcrumbs-content":"","ast-featured-img":"","footer-sml-layout":"","theme-transparent-header-meta":"","adv-header-id-meta":"","stick-header-meta":"","header-above-stick-meta":"","header-main-stick-meta":"","header-below-stick-meta":"","astra-migrate-meta-layouts":"default","ast-page-background-enabled":"default","ast-page-background-meta":{"desktop":{"background-color":"var(--ast-global-color-4)","background-image":"","background-repeat":"repeat","background-position":"center center","background-size":"auto","background-attachment":"scroll","background-type":"","background-media":"","overlay-type":"","overlay-color":"","overlay-opacity":"","overlay-gradient":""},"tablet":{"background-color":"","background-image":"","background-repeat":"repeat","background-position":"center center","background-size":"auto","background-attachment":"scroll","background-type":"","background-media":"","overlay-type":"","overlay-color":"","overlay-opacity":"","overlay-gradient":""},"mobile":{"background-color":"","background-image":"","background-repeat":"repeat","background-position":"center center","background-size":"auto","background-attachment":"scroll","background-type":"","background-media":"","overlay-type":"","overlay-color":"","overlay-opacity":"","overlay-gradient":""}},"ast-content-background-meta":{"desktop":{"background-color":"var(--ast-global-color-5)","background-image":"","background-repeat":"repeat","background-position":"center center","background-size":"auto","background-attachment":"scroll","background-type":"","background-media":"","overlay-type":"","overlay-color":"","overlay-opacity":"","overlay-gradient":""},"tablet":{"background-color":"var(--ast-global-color-5)","background-image":"","background-repeat":"repeat","background-position":"center center","background-size":"auto","background-attachment":"scroll","background-type":"","background-media":"","overlay-type":"","overlay-color":"","overlay-opacity":"","overlay-gradient":""},"mobile":{"background-color":"var(--ast-global-color-5)","background-image":"","background-repeat":"repeat","background-position":"center center","background-size":"auto","background-attachment":"scroll","background-type":"","background-media":"","overlay-type":"","overlay-color":"","overlay-opacity":"","overlay-gradient":""}},"footnotes":""},"class_list":["post-2947","page","type-page","status-publish","hentry"],"post_mailing_queue_ids":[],"_links":{"self":[{"href":"https:\/\/agora.xtec.cat\/iesaltbergueda\/wp-json\/wp\/v2\/pages\/2947","targetHints":{"allow":["GET"]}}],"collection":[{"href":"https:\/\/agora.xtec.cat\/iesaltbergueda\/wp-json\/wp\/v2\/pages"}],"about":[{"href":"https:\/\/agora.xtec.cat\/iesaltbergueda\/wp-json\/wp\/v2\/types\/page"}],"author":[{"embeddable":true,"href":"https:\/\/agora.xtec.cat\/iesaltbergueda\/wp-json\/wp\/v2\/users\/1"}],"replies":[{"embeddable":true,"href":"https:\/\/agora.xtec.cat\/iesaltbergueda\/wp-json\/wp\/v2\/comments?post=2947"}],"version-history":[{"count":6,"href":"https:\/\/agora.xtec.cat\/iesaltbergueda\/wp-json\/wp\/v2\/pages\/2947\/revisions"}],"predecessor-version":[{"id":8037,"href":"https:\/\/agora.xtec.cat\/iesaltbergueda\/wp-json\/wp\/v2\/pages\/2947\/revisions\/8037"}],"up":[{"embeddable":true,"href":"https:\/\/agora.xtec.cat\/iesaltbergueda\/wp-json\/wp\/v2\/pages\/1598"}],"wp:attachment":[{"href":"https:\/\/agora.xtec.cat\/iesaltbergueda\/wp-json\/wp\/v2\/media?parent=2947"}],"curies":[{"name":"wp","href":"https:\/\/api.w.org\/{rel}","templated":true}]}}