{"id":27,"date":"2014-09-17T16:24:03","date_gmt":"2014-09-17T16:24:03","guid":{"rendered":"http:\/\/agora.xtec.cat\/iesaltbergueda\/?page_id=27"},"modified":"2023-01-25T14:06:35","modified_gmt":"2023-01-25T13:06:35","slug":"historia","status":"publish","type":"page","link":"https:\/\/agora.xtec.cat\/iesaltbergueda\/linstitut\/historia\/","title":{"rendered":"Presentaci\u00f3"},"content":{"rendered":"<p>L\u2019Institut L\u2019Alt Bergued\u00e0 es troba situat a Bag\u00e0, al nord de la comarca del Bergued\u00e0, en un context de muntanya que engloba les escoles de la ZER Alt Bergued\u00e0 dels pobles de G\u00f3sol, Vallcebre i Sant Juli\u00e0 de Cerdanyola, i les escoles de Guardiola, La Pobla de Lillet i Bag\u00e0. Totes s\u00f3n escoles petites i la majoria estan for\u00e7a allunyades de Bag\u00e0. Actualment el centre tamb\u00e9 acull alumnes provinents de la Cerdanya, dels pobles d\u2019Alp, Ur\u00fas, Prats i Sansor, Bellver i Puigcerd\u00e0<\/p>\n<p>L\u2019Institut L\u2019Alt Bergued\u00e0 t\u00e9 gaireb\u00e9 25 anys de vida, es va inaugurar l\u2019any 1995 al moment de la implantaci\u00f3 de la LOGSE. T\u00e9 una mitjana de 330 alumnes repartits entre dues l\u00ednies d\u2019ESO, una de Batxillerat, una de CFGM de guia en el medi natural i de temps de lleure i una de CFGS d&#8217;ensenyament i animaci\u00f3 socioesportiva. Actualment l\u2019equip educatiu del centre est\u00e0 format per 42 professors, 1 auxiliar administrativa i 2 conserges.<\/p>\n<p>L\u2019Institut ha participat en dos Plans estrat\u00e8gics, PAC 2005\/2010 i PAC 2010\/2014, en un projecte Com\u00e8nius de professorat, un projecte Com\u00e8nius multilateral i en tres projectes Com\u00e8nius de mobilitat individual. Se li va realitzar una AGD l\u2019any 2005\/2006.<\/p>\n","protected":false},"excerpt":{"rendered":"<p>L\u2019Institut L\u2019Alt Bergued\u00e0 es troba situat a Bag\u00e0, al nord de la comarca del Bergued\u00e0, en un context de muntanya que engloba les escoles de la ZER Alt Bergued\u00e0 dels pobles de G\u00f3sol, Vallcebre i Sant Juli\u00e0 de Cerdanyola, i les escoles de Guardiola, La Pobla de Lillet i Bag\u00e0. Totes s\u00f3n escoles petites i [&hellip;]<\/p>\n","protected":false},"author":1,"featured_media":0,"parent":19,"menu_order":2,"comment_status":"closed","ping_status":"closed","template":"page-templates\/side-menu.php","meta":{"_bbp_topic_count":0,"_bbp_reply_count":0,"_bbp_total_topic_count":0,"_bbp_total_reply_count":0,"_bbp_voice_count":0,"_bbp_anonymous_reply_count":0,"_bbp_topic_count_hidden":0,"_bbp_reply_count_hidden":0,"_bbp_forum_subforum_count":0,"site-sidebar-layout":"default","site-content-layout":"","ast-site-content-layout":"","site-content-style":"default","site-sidebar-style":"default","ast-global-header-display":"","ast-banner-title-visibility":"","ast-main-header-display":"","ast-hfb-above-header-display":"","ast-hfb-below-header-display":"","ast-hfb-mobile-header-display":"","site-post-title":"","ast-breadcrumbs-content":"","ast-featured-img":"","footer-sml-layout":"","theme-transparent-header-meta":"","adv-header-id-meta":"","stick-header-meta":"","header-above-stick-meta":"","header-main-stick-meta":"","header-below-stick-meta":"","astra-migrate-meta-layouts":"default","ast-page-background-enabled":"default","ast-page-background-meta":{"desktop":{"background-color":"var(--ast-global-color-4)","background-image":"","background-repeat":"repeat","background-position":"center center","background-size":"auto","background-attachment":"scroll","background-type":"","background-media":"","overlay-type":"","overlay-color":"","overlay-opacity":"","overlay-gradient":""},"tablet":{"background-color":"","background-image":"","background-repeat":"repeat","background-position":"center center","background-size":"auto","background-attachment":"scroll","background-type":"","background-media":"","overlay-type":"","overlay-color":"","overlay-opacity":"","overlay-gradient":""},"mobile":{"background-color":"","background-image":"","background-repeat":"repeat","background-position":"center center","background-size":"auto","background-attachment":"scroll","background-type":"","background-media":"","overlay-type":"","overlay-color":"","overlay-opacity":"","overlay-gradient":""}},"ast-content-background-meta":{"desktop":{"background-color":"var(--ast-global-color-5)","background-image":"","background-repeat":"repeat","background-position":"center center","background-size":"auto","background-attachment":"scroll","background-type":"","background-media":"","overlay-type":"","overlay-color":"","overlay-opacity":"","overlay-gradient":""},"tablet":{"background-color":"var(--ast-global-color-5)","background-image":"","background-repeat":"repeat","background-position":"center center","background-size":"auto","background-attachment":"scroll","background-type":"","background-media":"","overlay-type":"","overlay-color":"","overlay-opacity":"","overlay-gradient":""},"mobile":{"background-color":"var(--ast-global-color-5)","background-image":"","background-repeat":"repeat","background-position":"center center","background-size":"auto","background-attachment":"scroll","background-type":"","background-media":"","overlay-type":"","overlay-color":"","overlay-opacity":"","overlay-gradient":""}},"footnotes":""},"class_list":["post-27","page","type-page","status-publish","hentry"],"post_mailing_queue_ids":[],"_links":{"self":[{"href":"https:\/\/agora.xtec.cat\/iesaltbergueda\/wp-json\/wp\/v2\/pages\/27","targetHints":{"allow":["GET"]}}],"collection":[{"href":"https:\/\/agora.xtec.cat\/iesaltbergueda\/wp-json\/wp\/v2\/pages"}],"about":[{"href":"https:\/\/agora.xtec.cat\/iesaltbergueda\/wp-json\/wp\/v2\/types\/page"}],"author":[{"embeddable":true,"href":"https:\/\/agora.xtec.cat\/iesaltbergueda\/wp-json\/wp\/v2\/users\/1"}],"replies":[{"embeddable":true,"href":"https:\/\/agora.xtec.cat\/iesaltbergueda\/wp-json\/wp\/v2\/comments?post=27"}],"version-history":[{"count":4,"href":"https:\/\/agora.xtec.cat\/iesaltbergueda\/wp-json\/wp\/v2\/pages\/27\/revisions"}],"predecessor-version":[{"id":5877,"href":"https:\/\/agora.xtec.cat\/iesaltbergueda\/wp-json\/wp\/v2\/pages\/27\/revisions\/5877"}],"up":[{"embeddable":true,"href":"https:\/\/agora.xtec.cat\/iesaltbergueda\/wp-json\/wp\/v2\/pages\/19"}],"wp:attachment":[{"href":"https:\/\/agora.xtec.cat\/iesaltbergueda\/wp-json\/wp\/v2\/media?parent=27"}],"curies":[{"name":"wp","href":"https:\/\/api.w.org\/{rel}","templated":true}]}}