{"id":2666,"date":"2020-04-24T17:38:26","date_gmt":"2020-04-24T15:38:26","guid":{"rendered":"http:\/\/agora.xtec.cat\/iesaltbergueda\/?page_id=2666"},"modified":"2023-02-22T16:00:42","modified_gmt":"2023-02-22T15:00:42","slug":"portes-obertes-eas","status":"publish","type":"page","link":"https:\/\/agora.xtec.cat\/iesaltbergueda\/jornades-portes-obertes\/portes-obertes-eas\/","title":{"rendered":"Portes obertes CFGS- EAS"},"content":{"rendered":"<p>&nbsp;<\/p>\n<table style=\"width: 739px; height: 560px;\">\n<tbody>\n<tr style=\"height: 139px;\">\n<td style=\"height: 139px; width: 136px; text-align: center;\"><a href=\"https:\/\/drive.google.com\/file\/d\/1ba1qQEjLk3CRYlL86r5r0aHp5r3RJUWi\/view?usp=sharing\"><img loading=\"lazy\" decoding=\"async\" class=\"wp-image-2679 alignleft\" src=\"https:\/\/agora.xtec.cat\/iesaltbergueda\/wp-content\/uploads\/usu1645\/2020\/04\/c\u00e0mera.jpg\" alt=\"\" width=\"111\" height=\"108\" srcset=\"https:\/\/agora.xtec.cat\/iesaltbergueda\/wp-content\/uploads\/usu1645\/2020\/04\/c\u00e0mera.jpg 652w, https:\/\/agora.xtec.cat\/iesaltbergueda\/wp-content\/uploads\/usu1645\/2020\/04\/c\u00e0mera-300x292.jpg 300w\" sizes=\"auto, (max-width: 111px) 100vw, 111px\" \/><\/a><\/td>\n<td style=\"height: 139px; width: 192px; text-align: center;\">\n<p style=\"text-align: left;\"><a href=\"https:\/\/drive.google.com\/file\/d\/1XRLkTL5NtvhzXO1AQi5vUh7DNY6JFfNo\/view?usp=sharing\">Visita virtual al centre<\/a><\/p>\n<p style=\"text-align: left;\"><a href=\"https:\/\/drive.google.com\/file\/d\/1dfxmAMW9ud-4D70BJfPEWyON0tuk0snr\/view\">V\u00eddeo promocional del cicle<\/a><\/p>\n<\/td>\n<td style=\"width: 402.4px; height: 560px;\" rowspan=\"4\">&nbsp;<\/p>\n<h2 style=\"text-align: center;\"><strong>Dimecres 24 de maig <\/strong><\/h2>\n<h2 style=\"text-align: center;\"><strong>a les 19h<\/strong><\/h2>\n<p><a href=\"https:\/\/agora.xtec.cat\/iesaltbergueda\/wp-content\/uploads\/usu1645\/2020\/04\/molina1-COLLAGE.jpg\"><img loading=\"lazy\" decoding=\"async\" class=\"alignnone size-full wp-image-2779\" src=\"https:\/\/agora.xtec.cat\/iesaltbergueda\/wp-content\/uploads\/usu1645\/2020\/04\/molina1-COLLAGE.jpg\" alt=\"\" width=\"2046\" height=\"2046\" srcset=\"https:\/\/agora.xtec.cat\/iesaltbergueda\/wp-content\/uploads\/usu1645\/2020\/04\/molina1-COLLAGE.jpg 2046w, https:\/\/agora.xtec.cat\/iesaltbergueda\/wp-content\/uploads\/usu1645\/2020\/04\/molina1-COLLAGE-150x150.jpg 150w, https:\/\/agora.xtec.cat\/iesaltbergueda\/wp-content\/uploads\/usu1645\/2020\/04\/molina1-COLLAGE-300x300.jpg 300w, https:\/\/agora.xtec.cat\/iesaltbergueda\/wp-content\/uploads\/usu1645\/2020\/04\/molina1-COLLAGE-768x768.jpg 768w, https:\/\/agora.xtec.cat\/iesaltbergueda\/wp-content\/uploads\/usu1645\/2020\/04\/molina1-COLLAGE-1024x1024.jpg 1024w\" sizes=\"auto, (max-width: 2046px) 100vw, 2046px\" \/><\/a><\/td>\n<\/tr>\n<tr style=\"height: 31px;\">\n<td style=\"height: 10px; width: 136px; text-align: center;\"><img loading=\"lazy\" decoding=\"async\" class=\"wp-image-2688 alignleft\" src=\"https:\/\/agora.xtec.cat\/iesaltbergueda\/wp-content\/uploads\/usu1645\/2020\/04\/info_web.jpg\" alt=\"\" width=\"108\" height=\"107\" \/><\/td>\n<td style=\"height: 10px; width: 192px; text-align: left;\">Informaci\u00f3 general<\/td>\n<\/tr>\n<tr style=\"height: 31px;\">\n<td style=\"height: 31px; width: 136px; text-align: center;\"><img loading=\"lazy\" decoding=\"async\" class=\"wp-image-2690 alignleft\" style=\"background-color: #ffffff;\" src=\"https:\/\/agora.xtec.cat\/iesaltbergueda\/wp-content\/uploads\/usu1645\/2020\/04\/web_info.jpg\" alt=\"\" width=\"119\" height=\"111\" \/><\/td>\n<td style=\"height: 31px; width: 192px; text-align: left;\"><a href=\"https:\/\/agora.xtec.cat\/iesaltbergueda\/secretaria\/cfgs-tseas\/\">Preinscripci\u00f3 EAS<\/a><\/td>\n<\/tr>\n<tr style=\"height: 139px;\">\n<td style=\"width: 136px; text-align: center; height: 139px;\"><a href=\"https:\/\/preinscripcio.gencat.cat\/ca\/estudis\/fp-grau-superior\/inici\/\"><img loading=\"lazy\" decoding=\"async\" class=\"alignnone size-full wp-image-3863\" src=\"https:\/\/agora.xtec.cat\/iesaltbergueda\/wp-content\/uploads\/usu1645\/2021\/02\/gencat.jpg\" alt=\"\" width=\"141\" height=\"85\" \/><\/a><\/td>\n<td style=\"width: 192px; text-align: left; height: 139px;\"><a href=\"https:\/\/preinscripcio.gencat.cat\/ca\/estudis\/fp-grau-superior\/inici\/\">Web informativa preinscripci\u00f3 departament d&#8217;educaci\u00f3<\/a><\/td>\n<\/tr>\n<\/tbody>\n<\/table>\n<p><span style=\"font-family: inherit; font-size: 1em;\">\u00a0 \u00a0\u00a0<\/span><\/p>\n<p><span style=\"font-family: inherit; font-size: 1em;\">\u00a0<\/span><\/p>\n","protected":false},"excerpt":{"rendered":"<p>&nbsp; Visita virtual al centre V\u00eddeo promocional del cicle &nbsp; Dimecres 24 de maig a les 19h Informaci\u00f3 general Preinscripci\u00f3 EAS Web informativa preinscripci\u00f3 departament d&#8217;educaci\u00f3 \u00a0 \u00a0\u00a0 \u00a0<\/p>\n","protected":false},"author":1,"featured_media":0,"parent":2648,"menu_order":0,"comment_status":"closed","ping_status":"closed","template":"page-templates\/side-menu.php","meta":{"_bbp_topic_count":0,"_bbp_reply_count":0,"_bbp_total_topic_count":0,"_bbp_total_reply_count":0,"_bbp_voice_count":0,"_bbp_anonymous_reply_count":0,"_bbp_topic_count_hidden":0,"_bbp_reply_count_hidden":0,"_bbp_forum_subforum_count":0,"site-sidebar-layout":"default","site-content-layout":"","ast-site-content-layout":"","site-content-style":"default","site-sidebar-style":"default","ast-global-header-display":"","ast-banner-title-visibility":"","ast-main-header-display":"","ast-hfb-above-header-display":"","ast-hfb-below-header-display":"","ast-hfb-mobile-header-display":"","site-post-title":"","ast-breadcrumbs-content":"","ast-featured-img":"","footer-sml-layout":"","theme-transparent-header-meta":"","adv-header-id-meta":"","stick-header-meta":"","header-above-stick-meta":"","header-main-stick-meta":"","header-below-stick-meta":"","astra-migrate-meta-layouts":"default","ast-page-background-enabled":"default","ast-page-background-meta":{"desktop":{"background-color":"var(--ast-global-color-4)","background-image":"","background-repeat":"repeat","background-position":"center center","background-size":"auto","background-attachment":"scroll","background-type":"","background-media":"","overlay-type":"","overlay-color":"","overlay-opacity":"","overlay-gradient":""},"tablet":{"background-color":"","background-image":"","background-repeat":"repeat","background-position":"center center","background-size":"auto","background-attachment":"scroll","background-type":"","background-media":"","overlay-type":"","overlay-color":"","overlay-opacity":"","overlay-gradient":""},"mobile":{"background-color":"","background-image":"","background-repeat":"repeat","background-position":"center center","background-size":"auto","background-attachment":"scroll","background-type":"","background-media":"","overlay-type":"","overlay-color":"","overlay-opacity":"","overlay-gradient":""}},"ast-content-background-meta":{"desktop":{"background-color":"var(--ast-global-color-5)","background-image":"","background-repeat":"repeat","background-position":"center center","background-size":"auto","background-attachment":"scroll","background-type":"","background-media":"","overlay-type":"","overlay-color":"","overlay-opacity":"","overlay-gradient":""},"tablet":{"background-color":"var(--ast-global-color-5)","background-image":"","background-repeat":"repeat","background-position":"center center","background-size":"auto","background-attachment":"scroll","background-type":"","background-media":"","overlay-type":"","overlay-color":"","overlay-opacity":"","overlay-gradient":""},"mobile":{"background-color":"var(--ast-global-color-5)","background-image":"","background-repeat":"repeat","background-position":"center center","background-size":"auto","background-attachment":"scroll","background-type":"","background-media":"","overlay-type":"","overlay-color":"","overlay-opacity":"","overlay-gradient":""}},"footnotes":""},"class_list":["post-2666","page","type-page","status-publish","hentry"],"post_mailing_queue_ids":[],"_links":{"self":[{"href":"https:\/\/agora.xtec.cat\/iesaltbergueda\/wp-json\/wp\/v2\/pages\/2666","targetHints":{"allow":["GET"]}}],"collection":[{"href":"https:\/\/agora.xtec.cat\/iesaltbergueda\/wp-json\/wp\/v2\/pages"}],"about":[{"href":"https:\/\/agora.xtec.cat\/iesaltbergueda\/wp-json\/wp\/v2\/types\/page"}],"author":[{"embeddable":true,"href":"https:\/\/agora.xtec.cat\/iesaltbergueda\/wp-json\/wp\/v2\/users\/1"}],"replies":[{"embeddable":true,"href":"https:\/\/agora.xtec.cat\/iesaltbergueda\/wp-json\/wp\/v2\/comments?post=2666"}],"version-history":[{"count":3,"href":"https:\/\/agora.xtec.cat\/iesaltbergueda\/wp-json\/wp\/v2\/pages\/2666\/revisions"}],"predecessor-version":[{"id":5979,"href":"https:\/\/agora.xtec.cat\/iesaltbergueda\/wp-json\/wp\/v2\/pages\/2666\/revisions\/5979"}],"up":[{"embeddable":true,"href":"https:\/\/agora.xtec.cat\/iesaltbergueda\/wp-json\/wp\/v2\/pages\/2648"}],"wp:attachment":[{"href":"https:\/\/agora.xtec.cat\/iesaltbergueda\/wp-json\/wp\/v2\/media?parent=2666"}],"curies":[{"name":"wp","href":"https:\/\/api.w.org\/{rel}","templated":true}]}}