{"id":2664,"date":"2020-04-24T17:38:04","date_gmt":"2020-04-24T15:38:04","guid":{"rendered":"http:\/\/agora.xtec.cat\/iesaltbergueda\/?page_id=2664"},"modified":"2023-04-12T11:03:32","modified_gmt":"2023-04-12T09:03:32","slug":"portes-obertes-cafemn","status":"publish","type":"page","link":"https:\/\/agora.xtec.cat\/iesaltbergueda\/jornades-portes-obertes\/portes-obertes-cafemn\/","title":{"rendered":"Portes obertes CFGM &#8211; GUIAMN"},"content":{"rendered":"<p>&nbsp;<\/p>\n<table style=\"width: 739px; height: 560px;\">\n<tbody>\n<tr style=\"height: 139px;\">\n<td style=\"height: 139px; width: 135px; text-align: center;\"><a href=\"https:\/\/drive.google.com\/file\/d\/1ba1qQEjLk3CRYlL86r5r0aHp5r3RJUWi\/view?usp=sharing\"><img loading=\"lazy\" decoding=\"async\" class=\"wp-image-2679 alignleft\" src=\"https:\/\/agora.xtec.cat\/iesaltbergueda\/wp-content\/uploads\/usu1645\/2020\/04\/c\u00e0mera.jpg\" alt=\"\" width=\"111\" height=\"108\" srcset=\"https:\/\/agora.xtec.cat\/iesaltbergueda\/wp-content\/uploads\/usu1645\/2020\/04\/c\u00e0mera.jpg 652w, https:\/\/agora.xtec.cat\/iesaltbergueda\/wp-content\/uploads\/usu1645\/2020\/04\/c\u00e0mera-300x292.jpg 300w\" sizes=\"auto, (max-width: 111px) 100vw, 111px\" \/><\/a><\/td>\n<td style=\"height: 139px; width: 193px; text-align: center;\">\n<p style=\"text-align: left;\"><a href=\"https:\/\/drive.google.com\/file\/d\/1XRLkTL5NtvhzXO1AQi5vUh7DNY6JFfNo\/view?usp=sharing\">Visita virtual al centre<\/a><\/p>\n<p style=\"text-align: left;\"><a href=\"https:\/\/drive.google.com\/file\/d\/1b3TSLNFADpMYidSsrcjmT2feciR-f2uV\/view\">V\u00eddeo promocional\u00a0<\/a><\/p>\n<p style=\"text-align: left;\"><a href=\"https:\/\/drive.google.com\/file\/d\/161oC4ECYpfTiCIpgjF0i4WfPFOmsBZL-\/view\">V\u00eddeo de fotos del cicle<\/a><\/p>\n<\/td>\n<td style=\"width: 401px; height: 560px;\" rowspan=\"4\">\n<h2 style=\"text-align: center;\"><strong>Dimecres 12 d\u2019abril <\/strong><\/h2>\n<h2 style=\"text-align: center;\"><strong>a les 19h<br \/>\n<\/strong><\/h2>\n<p><a href=\"https:\/\/agora.xtec.cat\/iesaltbergueda\/wp-content\/uploads\/usu1645\/2020\/04\/IMG_20190930_101301-3-COLLAGE.jpg\"><img loading=\"lazy\" decoding=\"async\" class=\"wp-image-2763 alignnone\" src=\"https:\/\/agora.xtec.cat\/iesaltbergueda\/wp-content\/uploads\/usu1645\/2020\/04\/IMG_20190930_101301-3-COLLAGE.jpg\" alt=\"\" width=\"383\" height=\"383\" srcset=\"https:\/\/agora.xtec.cat\/iesaltbergueda\/wp-content\/uploads\/usu1645\/2020\/04\/IMG_20190930_101301-3-COLLAGE.jpg 530w, https:\/\/agora.xtec.cat\/iesaltbergueda\/wp-content\/uploads\/usu1645\/2020\/04\/IMG_20190930_101301-3-COLLAGE-150x150.jpg 150w, https:\/\/agora.xtec.cat\/iesaltbergueda\/wp-content\/uploads\/usu1645\/2020\/04\/IMG_20190930_101301-3-COLLAGE-300x300.jpg 300w\" sizes=\"auto, (max-width: 383px) 100vw, 383px\" \/><\/a><\/td>\n<\/tr>\n<tr style=\"height: 31px;\">\n<td style=\"height: 10px; width: 135px; text-align: center;\"><img loading=\"lazy\" decoding=\"async\" class=\"wp-image-2688 alignleft\" src=\"https:\/\/agora.xtec.cat\/iesaltbergueda\/wp-content\/uploads\/usu1645\/2020\/04\/info_web.jpg\" alt=\"\" width=\"108\" height=\"107\" \/><\/td>\n<td style=\"height: 10px; width: 193px; text-align: left;\"><a href=\"https:\/\/drive.google.com\/file\/d\/1K_dHH3c67Ke4KraTwBd-tFuv4hSP8RI6\/view?usp=share_link\">Informaci\u00f3 general<\/a><\/td>\n<\/tr>\n<tr style=\"height: 31px;\">\n<td style=\"height: 31px; width: 135px; text-align: center;\"><img loading=\"lazy\" decoding=\"async\" class=\"wp-image-2690 alignleft\" style=\"background-color: #ffffff;\" src=\"https:\/\/agora.xtec.cat\/iesaltbergueda\/wp-content\/uploads\/usu1645\/2020\/04\/web_info.jpg\" alt=\"\" width=\"119\" height=\"111\" \/><\/td>\n<td style=\"height: 31px; width: 193px; text-align: left;\"><a href=\"https:\/\/agora.xtec.cat\/iesaltbergueda\/secretaria\/cfgm\/\">Preinscripci\u00f3 GUIA<\/a><\/td>\n<\/tr>\n<tr style=\"height: 139px;\">\n<td style=\"width: 135px; text-align: center; height: 139px;\"><a href=\"https:\/\/preinscripcio.gencat.cat\/ca\/estudis\/fp-grau-mitja\/inici\/\"><img loading=\"lazy\" decoding=\"async\" class=\"alignnone size-full wp-image-3863\" src=\"https:\/\/agora.xtec.cat\/iesaltbergueda\/wp-content\/uploads\/usu1645\/2021\/02\/gencat.jpg\" alt=\"\" width=\"141\" height=\"85\" \/><\/a><\/td>\n<td style=\"width: 193px; text-align: left; height: 139px;\"><a href=\"https:\/\/preinscripcio.gencat.cat\/ca\/estudis\/fp-grau-mitja\/inici\/\">Web informativa preinscripci\u00f3 departament d&#8217;educaci\u00f3<\/a><\/td>\n<\/tr>\n<\/tbody>\n<\/table>\n<p>&nbsp;<\/p>\n","protected":false},"excerpt":{"rendered":"<p>&nbsp; Visita virtual al centre V\u00eddeo promocional\u00a0 V\u00eddeo de fotos del cicle Dimecres 12 d\u2019abril a les 19h Informaci\u00f3 general Preinscripci\u00f3 GUIA Web informativa preinscripci\u00f3 departament d&#8217;educaci\u00f3 &nbsp;<\/p>\n","protected":false},"author":1,"featured_media":0,"parent":2648,"menu_order":0,"comment_status":"closed","ping_status":"closed","template":"page-templates\/side-menu.php","meta":{"_bbp_topic_count":0,"_bbp_reply_count":0,"_bbp_total_topic_count":0,"_bbp_total_reply_count":0,"_bbp_voice_count":0,"_bbp_anonymous_reply_count":0,"_bbp_topic_count_hidden":0,"_bbp_reply_count_hidden":0,"_bbp_forum_subforum_count":0,"site-sidebar-layout":"default","site-content-layout":"","ast-site-content-layout":"","site-content-style":"default","site-sidebar-style":"default","ast-global-header-display":"","ast-banner-title-visibility":"","ast-main-header-display":"","ast-hfb-above-header-display":"","ast-hfb-below-header-display":"","ast-hfb-mobile-header-display":"","site-post-title":"","ast-breadcrumbs-content":"","ast-featured-img":"","footer-sml-layout":"","theme-transparent-header-meta":"","adv-header-id-meta":"","stick-header-meta":"","header-above-stick-meta":"","header-main-stick-meta":"","header-below-stick-meta":"","astra-migrate-meta-layouts":"default","ast-page-background-enabled":"default","ast-page-background-meta":{"desktop":{"background-color":"var(--ast-global-color-4)","background-image":"","background-repeat":"repeat","background-position":"center center","background-size":"auto","background-attachment":"scroll","background-type":"","background-media":"","overlay-type":"","overlay-color":"","overlay-opacity":"","overlay-gradient":""},"tablet":{"background-color":"","background-image":"","background-repeat":"repeat","background-position":"center center","background-size":"auto","background-attachment":"scroll","background-type":"","background-media":"","overlay-type":"","overlay-color":"","overlay-opacity":"","overlay-gradient":""},"mobile":{"background-color":"","background-image":"","background-repeat":"repeat","background-position":"center center","background-size":"auto","background-attachment":"scroll","background-type":"","background-media":"","overlay-type":"","overlay-color":"","overlay-opacity":"","overlay-gradient":""}},"ast-content-background-meta":{"desktop":{"background-color":"var(--ast-global-color-5)","background-image":"","background-repeat":"repeat","background-position":"center center","background-size":"auto","background-attachment":"scroll","background-type":"","background-media":"","overlay-type":"","overlay-color":"","overlay-opacity":"","overlay-gradient":""},"tablet":{"background-color":"var(--ast-global-color-5)","background-image":"","background-repeat":"repeat","background-position":"center center","background-size":"auto","background-attachment":"scroll","background-type":"","background-media":"","overlay-type":"","overlay-color":"","overlay-opacity":"","overlay-gradient":""},"mobile":{"background-color":"var(--ast-global-color-5)","background-image":"","background-repeat":"repeat","background-position":"center center","background-size":"auto","background-attachment":"scroll","background-type":"","background-media":"","overlay-type":"","overlay-color":"","overlay-opacity":"","overlay-gradient":""}},"footnotes":""},"class_list":["post-2664","page","type-page","status-publish","hentry"],"post_mailing_queue_ids":[],"_links":{"self":[{"href":"https:\/\/agora.xtec.cat\/iesaltbergueda\/wp-json\/wp\/v2\/pages\/2664","targetHints":{"allow":["GET"]}}],"collection":[{"href":"https:\/\/agora.xtec.cat\/iesaltbergueda\/wp-json\/wp\/v2\/pages"}],"about":[{"href":"https:\/\/agora.xtec.cat\/iesaltbergueda\/wp-json\/wp\/v2\/types\/page"}],"author":[{"embeddable":true,"href":"https:\/\/agora.xtec.cat\/iesaltbergueda\/wp-json\/wp\/v2\/users\/1"}],"replies":[{"embeddable":true,"href":"https:\/\/agora.xtec.cat\/iesaltbergueda\/wp-json\/wp\/v2\/comments?post=2664"}],"version-history":[{"count":3,"href":"https:\/\/agora.xtec.cat\/iesaltbergueda\/wp-json\/wp\/v2\/pages\/2664\/revisions"}],"predecessor-version":[{"id":6104,"href":"https:\/\/agora.xtec.cat\/iesaltbergueda\/wp-json\/wp\/v2\/pages\/2664\/revisions\/6104"}],"up":[{"embeddable":true,"href":"https:\/\/agora.xtec.cat\/iesaltbergueda\/wp-json\/wp\/v2\/pages\/2648"}],"wp:attachment":[{"href":"https:\/\/agora.xtec.cat\/iesaltbergueda\/wp-json\/wp\/v2\/media?parent=2664"}],"curies":[{"name":"wp","href":"https:\/\/api.w.org\/{rel}","templated":true}]}}