{"id":2659,"date":"2020-04-24T17:36:14","date_gmt":"2020-04-24T15:36:14","guid":{"rendered":"http:\/\/agora.xtec.cat\/iesaltbergueda\/?page_id=2659"},"modified":"2023-02-22T15:57:13","modified_gmt":"2023-02-22T14:57:13","slug":"portes-obertes_eso","status":"publish","type":"page","link":"https:\/\/agora.xtec.cat\/iesaltbergueda\/jornades-portes-obertes\/portes-obertes_eso\/","title":{"rendered":"Portes obertes ESO"},"content":{"rendered":"<p>&nbsp;<\/p>\n<table style=\"width: 54.4133%; height: 560px;\">\n<tbody>\n<tr style=\"height: 139px;\">\n<td style=\"height: 139px; width: 136px; text-align: center;\"><a href=\"https:\/\/drive.google.com\/file\/d\/1ba1qQEjLk3CRYlL86r5r0aHp5r3RJUWi\/view?usp=sharing\"><img loading=\"lazy\" decoding=\"async\" class=\"wp-image-2679 alignleft\" src=\"https:\/\/agora.xtec.cat\/iesaltbergueda\/wp-content\/uploads\/usu1645\/2020\/04\/c\u00e0mera.jpg\" alt=\"\" width=\"111\" height=\"108\" srcset=\"https:\/\/agora.xtec.cat\/iesaltbergueda\/wp-content\/uploads\/usu1645\/2020\/04\/c\u00e0mera.jpg 652w, https:\/\/agora.xtec.cat\/iesaltbergueda\/wp-content\/uploads\/usu1645\/2020\/04\/c\u00e0mera-300x292.jpg 300w\" sizes=\"auto, (max-width: 111px) 100vw, 111px\" \/><\/a><\/td>\n<td style=\"height: 139px; width: 192px; text-align: center;\">\n<p style=\"text-align: left;\"><a href=\"https:\/\/drive.google.com\/file\/d\/1XRLkTL5NtvhzXO1AQi5vUh7DNY6JFfNo\/view?usp=sharing\">Visita virtual al centre<\/a><\/p>\n<p style=\"text-align: left;\"><a href=\"https:\/\/drive.google.com\/file\/d\/1ba1qQEjLk3CRYlL86r5r0aHp5r3RJUWi\/view\">V\u00eddeo promocional del centre<\/a><\/p>\n<p style=\"text-align: left;\"><a href=\"https:\/\/drive.google.com\/file\/d\/1JfBCWipsyIIMRW6jXcsng0TS44M228qM\/view\">V\u00eddeo realitzat pels alumnes durant el confinament<\/a><\/p>\n<p style=\"text-align: left;\"><a href=\"https:\/\/youtu.be\/3ISwb7KZseg\">Lipdub institut L&#8217;Alt Bergued\u00e0<\/a><\/p>\n<\/td>\n<td style=\"width: 401px; height: 560px;\" rowspan=\"4\">\n<h2 style=\"text-align: center;\"><strong>Dimecres 8 de mar\u00e7 <\/strong><\/h2>\n<h2 style=\"text-align: center;\"><strong>a les 18h<\/strong><\/h2>\n<p><a href=\"https:\/\/agora.xtec.cat\/iesaltbergueda\/wp-content\/uploads\/usu1645\/2020\/04\/IMG_1905-COLLAGE-1.jpg\"><img loading=\"lazy\" decoding=\"async\" class=\"alignnone size-full wp-image-2772\" src=\"https:\/\/agora.xtec.cat\/iesaltbergueda\/wp-content\/uploads\/usu1645\/2020\/04\/IMG_1905-COLLAGE-1.jpg\" alt=\"\" width=\"762\" height=\"762\" srcset=\"https:\/\/agora.xtec.cat\/iesaltbergueda\/wp-content\/uploads\/usu1645\/2020\/04\/IMG_1905-COLLAGE-1.jpg 762w, https:\/\/agora.xtec.cat\/iesaltbergueda\/wp-content\/uploads\/usu1645\/2020\/04\/IMG_1905-COLLAGE-1-150x150.jpg 150w, https:\/\/agora.xtec.cat\/iesaltbergueda\/wp-content\/uploads\/usu1645\/2020\/04\/IMG_1905-COLLAGE-1-300x300.jpg 300w\" sizes=\"auto, (max-width: 762px) 100vw, 762px\" \/><\/a><\/td>\n<\/tr>\n<tr style=\"height: 31px;\">\n<td style=\"height: 10px; width: 136px; text-align: center;\"><a href=\"https:\/\/agora.xtec.cat\/iesaltbergueda\/wp-content\/uploads\/usu1645\/2021\/02\/C\u00f2pia-de-Dossier-portes-obertes-ESO-mar\u00e7-21-online.pdf\"><img loading=\"lazy\" decoding=\"async\" class=\"wp-image-2688 alignleft\" src=\"https:\/\/agora.xtec.cat\/iesaltbergueda\/wp-content\/uploads\/usu1645\/2020\/04\/info_web.jpg\" alt=\"\" width=\"108\" height=\"107\" \/><\/a><\/td>\n<td style=\"height: 10px; width: 192px; text-align: left;\">Dossier informatiu<\/td>\n<\/tr>\n<tr style=\"height: 31px;\">\n<td style=\"height: 31px; width: 136px; text-align: center;\"><img loading=\"lazy\" decoding=\"async\" class=\"wp-image-2690 alignleft\" style=\"background-color: #ffffff;\" src=\"https:\/\/agora.xtec.cat\/iesaltbergueda\/wp-content\/uploads\/usu1645\/2020\/04\/web_info.jpg\" alt=\"\" width=\"119\" height=\"111\" \/><\/td>\n<td style=\"height: 31px; width: 192px; text-align: left;\"><a href=\"https:\/\/agora.xtec.cat\/iesaltbergueda\/secretaria\/eso\/\">Preinscripci\u00f3 ESO<\/a><\/td>\n<\/tr>\n<tr style=\"height: 139px;\">\n<td style=\"width: 136px; text-align: center; height: 139px;\"><a href=\"https:\/\/preinscripcio.gencat.cat\/ca\/estudis\/eso\/inici\/\"><img loading=\"lazy\" decoding=\"async\" class=\"alignnone size-full wp-image-3863\" src=\"https:\/\/agora.xtec.cat\/iesaltbergueda\/wp-content\/uploads\/usu1645\/2021\/02\/gencat.jpg\" alt=\"\" width=\"141\" height=\"85\" \/><\/a><\/td>\n<td style=\"width: 192px; text-align: left; height: 139px;\"><a href=\"https:\/\/preinscripcio.gencat.cat\/ca\/estudis\/eso\/inici\/\">Web informativa preinscripci\u00f3 departament d&#8217;educaci\u00f3<\/a><\/td>\n<\/tr>\n<\/tbody>\n<\/table>\n<p style=\"text-align: justify;\">\n","protected":false},"excerpt":{"rendered":"<p>&nbsp; Visita virtual al centre V\u00eddeo promocional del centre V\u00eddeo realitzat pels alumnes durant el confinament Lipdub institut L&#8217;Alt Bergued\u00e0 Dimecres 8 de mar\u00e7 a les 18h Dossier informatiu Preinscripci\u00f3 ESO Web informativa preinscripci\u00f3 departament d&#8217;educaci\u00f3<\/p>\n","protected":false},"author":1,"featured_media":0,"parent":2648,"menu_order":0,"comment_status":"closed","ping_status":"closed","template":"page-templates\/side-menu.php","meta":{"_bbp_topic_count":0,"_bbp_reply_count":0,"_bbp_total_topic_count":0,"_bbp_total_reply_count":0,"_bbp_voice_count":0,"_bbp_anonymous_reply_count":0,"_bbp_topic_count_hidden":0,"_bbp_reply_count_hidden":0,"_bbp_forum_subforum_count":0,"site-sidebar-layout":"default","site-content-layout":"","ast-site-content-layout":"","site-content-style":"default","site-sidebar-style":"default","ast-global-header-display":"","ast-banner-title-visibility":"","ast-main-header-display":"","ast-hfb-above-header-display":"","ast-hfb-below-header-display":"","ast-hfb-mobile-header-display":"","site-post-title":"","ast-breadcrumbs-content":"","ast-featured-img":"","footer-sml-layout":"","theme-transparent-header-meta":"","adv-header-id-meta":"","stick-header-meta":"","header-above-stick-meta":"","header-main-stick-meta":"","header-below-stick-meta":"","astra-migrate-meta-layouts":"default","ast-page-background-enabled":"default","ast-page-background-meta":{"desktop":{"background-color":"var(--ast-global-color-4)","background-image":"","background-repeat":"repeat","background-position":"center center","background-size":"auto","background-attachment":"scroll","background-type":"","background-media":"","overlay-type":"","overlay-color":"","overlay-opacity":"","overlay-gradient":""},"tablet":{"background-color":"","background-image":"","background-repeat":"repeat","background-position":"center center","background-size":"auto","background-attachment":"scroll","background-type":"","background-media":"","overlay-type":"","overlay-color":"","overlay-opacity":"","overlay-gradient":""},"mobile":{"background-color":"","background-image":"","background-repeat":"repeat","background-position":"center center","background-size":"auto","background-attachment":"scroll","background-type":"","background-media":"","overlay-type":"","overlay-color":"","overlay-opacity":"","overlay-gradient":""}},"ast-content-background-meta":{"desktop":{"background-color":"var(--ast-global-color-5)","background-image":"","background-repeat":"repeat","background-position":"center center","background-size":"auto","background-attachment":"scroll","background-type":"","background-media":"","overlay-type":"","overlay-color":"","overlay-opacity":"","overlay-gradient":""},"tablet":{"background-color":"var(--ast-global-color-5)","background-image":"","background-repeat":"repeat","background-position":"center center","background-size":"auto","background-attachment":"scroll","background-type":"","background-media":"","overlay-type":"","overlay-color":"","overlay-opacity":"","overlay-gradient":""},"mobile":{"background-color":"var(--ast-global-color-5)","background-image":"","background-repeat":"repeat","background-position":"center center","background-size":"auto","background-attachment":"scroll","background-type":"","background-media":"","overlay-type":"","overlay-color":"","overlay-opacity":"","overlay-gradient":""}},"footnotes":""},"class_list":["post-2659","page","type-page","status-publish","hentry"],"post_mailing_queue_ids":[],"_links":{"self":[{"href":"https:\/\/agora.xtec.cat\/iesaltbergueda\/wp-json\/wp\/v2\/pages\/2659","targetHints":{"allow":["GET"]}}],"collection":[{"href":"https:\/\/agora.xtec.cat\/iesaltbergueda\/wp-json\/wp\/v2\/pages"}],"about":[{"href":"https:\/\/agora.xtec.cat\/iesaltbergueda\/wp-json\/wp\/v2\/types\/page"}],"author":[{"embeddable":true,"href":"https:\/\/agora.xtec.cat\/iesaltbergueda\/wp-json\/wp\/v2\/users\/1"}],"replies":[{"embeddable":true,"href":"https:\/\/agora.xtec.cat\/iesaltbergueda\/wp-json\/wp\/v2\/comments?post=2659"}],"version-history":[{"count":3,"href":"https:\/\/agora.xtec.cat\/iesaltbergueda\/wp-json\/wp\/v2\/pages\/2659\/revisions"}],"predecessor-version":[{"id":5975,"href":"https:\/\/agora.xtec.cat\/iesaltbergueda\/wp-json\/wp\/v2\/pages\/2659\/revisions\/5975"}],"up":[{"embeddable":true,"href":"https:\/\/agora.xtec.cat\/iesaltbergueda\/wp-json\/wp\/v2\/pages\/2648"}],"wp:attachment":[{"href":"https:\/\/agora.xtec.cat\/iesaltbergueda\/wp-json\/wp\/v2\/media?parent=2659"}],"curies":[{"name":"wp","href":"https:\/\/api.w.org\/{rel}","templated":true}]}}