{"id":2648,"date":"2020-04-24T11:47:43","date_gmt":"2020-04-24T09:47:43","guid":{"rendered":"http:\/\/agora.xtec.cat\/iesaltbergueda\/?page_id=2648"},"modified":"2023-02-22T16:02:18","modified_gmt":"2023-02-22T15:02:18","slug":"jornades-portes-obertes","status":"publish","type":"page","link":"https:\/\/agora.xtec.cat\/iesaltbergueda\/jornades-portes-obertes\/","title":{"rendered":"PORTES OBERTES"},"content":{"rendered":"<p>Cada any el centre organitza una s\u00e8rie de jornades de portes ofertes adre\u00e7ades a les fam\u00edlies i als alumnes que estiguin interessats en matricular-se al nostre institut.<\/p>\n<p>Aquestes jornades es dediquen a atendre per separat cadascun dels nivells educatius: ESO, Batxillerat, Cicles formatius de Grau mitj\u00e0 i Cicles formatius de Grau superior. El contingut de les sessions, gen\u00e8ricament, tracta temes tant administratius (proc\u00e9s i calendari de preinscripci\u00f3 i de matr\u00edcula) com d\u2019organitzaci\u00f3 general del centre i de l\u2019etapa educativa o la fam\u00edlia professional en q\u00fcesti\u00f3.<\/p>\n<p>Tamb\u00e9 es realitzar\u00e0 una visita guiada per al centre.<\/p>\n<p>La data de celebraci\u00f3 de les portes obertes ser\u00e0:<\/p>\n<ul>\n<li><strong>ESO: dimecres 8 de mar\u00e7 a les 18h<\/strong><\/li>\n<li><strong>Batxillerat: dimecres 12 d\u2019abril a les 18h<\/strong><\/li>\n<li><strong>CFGM: dimecres 12 d\u2019abril a les 19h<\/strong><\/li>\n<li><strong>CFGS: dimecres 24 de maig a les 19h<\/strong><\/li>\n<\/ul>\n<table>\n<tbody>\n<tr>\n<td style=\"background-color: #77d629; text-align: center;\">\n<h1><a href=\"https:\/\/agora.xtec.cat\/iesaltbergueda\/jornades-virtuals-de-portes-obertes\/portes-obertes_eso\/\"><strong>ESO<\/strong><\/a><\/h1>\n<p><strong>Educaci\u00f3 secund\u00e0ria obligat\u00f2ria<\/strong><\/td>\n<td style=\"text-align: center;\"><\/td>\n<td style=\"background-color: #77d629; text-align: center;\">\n<h1><a href=\"https:\/\/agora.xtec.cat\/iesaltbergueda\/jornades-virtuals-de-portes-obertes\/portes-obertes-batxillerat\/\"><strong>BAT<\/strong><\/a><\/h1>\n<p><strong>Batxillerat<\/strong><\/td>\n<\/tr>\n<tr>\n<td style=\"text-align: center;\"><\/td>\n<td style=\"text-align: center;\"><\/td>\n<td style=\"text-align: center;\"><\/td>\n<\/tr>\n<tr>\n<td style=\"background-color: #77d629; text-align: center;\">\n<h1><a href=\"https:\/\/agora.xtec.cat\/iesaltbergueda\/jornades-virtuals-de-portes-obertes\/portes-obertes-cafemn\/\"><strong>CFGM GUIAMN<\/strong><\/a><\/h1>\n<p><strong>Guia en el medi natural i de temps de lleure<\/strong><\/td>\n<td style=\"text-align: center;\"><\/td>\n<td style=\"background-color: #77d629; text-align: center;\">\n<h1><a href=\"https:\/\/agora.xtec.cat\/iesaltbergueda\/jornades-virtuals-de-portes-obertes\/portes-obertes-eas\/\"><strong>CFGS EAS<\/strong><\/a><\/h1>\n<p><strong>Ensenyament i Animaci\u00f3 socioesportiva<\/strong><\/td>\n<\/tr>\n<\/tbody>\n<\/table>\n<p>&nbsp;<\/p>\n","protected":false},"excerpt":{"rendered":"<p>Cada any el centre organitza una s\u00e8rie de jornades de portes ofertes adre\u00e7ades a les fam\u00edlies i als alumnes que estiguin interessats en matricular-se al nostre institut. Aquestes jornades es dediquen a atendre per separat cadascun dels nivells educatius: ESO, Batxillerat, Cicles formatius de Grau mitj\u00e0 i Cicles formatius de Grau superior. El contingut de [&hellip;]<\/p>\n","protected":false},"author":1,"featured_media":0,"parent":0,"menu_order":0,"comment_status":"closed","ping_status":"closed","template":"page-templates\/side-menu.php","meta":{"_bbp_topic_count":0,"_bbp_reply_count":0,"_bbp_total_topic_count":0,"_bbp_total_reply_count":0,"_bbp_voice_count":0,"_bbp_anonymous_reply_count":0,"_bbp_topic_count_hidden":0,"_bbp_reply_count_hidden":0,"_bbp_forum_subforum_count":0,"site-sidebar-layout":"default","site-content-layout":"","ast-site-content-layout":"","site-content-style":"default","site-sidebar-style":"default","ast-global-header-display":"","ast-banner-title-visibility":"","ast-main-header-display":"","ast-hfb-above-header-display":"","ast-hfb-below-header-display":"","ast-hfb-mobile-header-display":"","site-post-title":"","ast-breadcrumbs-content":"","ast-featured-img":"","footer-sml-layout":"","theme-transparent-header-meta":"","adv-header-id-meta":"","stick-header-meta":"","header-above-stick-meta":"","header-main-stick-meta":"","header-below-stick-meta":"","astra-migrate-meta-layouts":"default","ast-page-background-enabled":"default","ast-page-background-meta":{"desktop":{"background-color":"var(--ast-global-color-4)","background-image":"","background-repeat":"repeat","background-position":"center center","background-size":"auto","background-attachment":"scroll","background-type":"","background-media":"","overlay-type":"","overlay-color":"","overlay-opacity":"","overlay-gradient":""},"tablet":{"background-color":"","background-image":"","background-repeat":"repeat","background-position":"center center","background-size":"auto","background-attachment":"scroll","background-type":"","background-media":"","overlay-type":"","overlay-color":"","overlay-opacity":"","overlay-gradient":""},"mobile":{"background-color":"","background-image":"","background-repeat":"repeat","background-position":"center center","background-size":"auto","background-attachment":"scroll","background-type":"","background-media":"","overlay-type":"","overlay-color":"","overlay-opacity":"","overlay-gradient":""}},"ast-content-background-meta":{"desktop":{"background-color":"var(--ast-global-color-5)","background-image":"","background-repeat":"repeat","background-position":"center center","background-size":"auto","background-attachment":"scroll","background-type":"","background-media":"","overlay-type":"","overlay-color":"","overlay-opacity":"","overlay-gradient":""},"tablet":{"background-color":"var(--ast-global-color-5)","background-image":"","background-repeat":"repeat","background-position":"center center","background-size":"auto","background-attachment":"scroll","background-type":"","background-media":"","overlay-type":"","overlay-color":"","overlay-opacity":"","overlay-gradient":""},"mobile":{"background-color":"var(--ast-global-color-5)","background-image":"","background-repeat":"repeat","background-position":"center center","background-size":"auto","background-attachment":"scroll","background-type":"","background-media":"","overlay-type":"","overlay-color":"","overlay-opacity":"","overlay-gradient":""}},"footnotes":""},"class_list":["post-2648","page","type-page","status-publish","hentry"],"post_mailing_queue_ids":[],"_links":{"self":[{"href":"https:\/\/agora.xtec.cat\/iesaltbergueda\/wp-json\/wp\/v2\/pages\/2648","targetHints":{"allow":["GET"]}}],"collection":[{"href":"https:\/\/agora.xtec.cat\/iesaltbergueda\/wp-json\/wp\/v2\/pages"}],"about":[{"href":"https:\/\/agora.xtec.cat\/iesaltbergueda\/wp-json\/wp\/v2\/types\/page"}],"author":[{"embeddable":true,"href":"https:\/\/agora.xtec.cat\/iesaltbergueda\/wp-json\/wp\/v2\/users\/1"}],"replies":[{"embeddable":true,"href":"https:\/\/agora.xtec.cat\/iesaltbergueda\/wp-json\/wp\/v2\/comments?post=2648"}],"version-history":[{"count":3,"href":"https:\/\/agora.xtec.cat\/iesaltbergueda\/wp-json\/wp\/v2\/pages\/2648\/revisions"}],"predecessor-version":[{"id":5980,"href":"https:\/\/agora.xtec.cat\/iesaltbergueda\/wp-json\/wp\/v2\/pages\/2648\/revisions\/5980"}],"wp:attachment":[{"href":"https:\/\/agora.xtec.cat\/iesaltbergueda\/wp-json\/wp\/v2\/media?parent=2648"}],"curies":[{"name":"wp","href":"https:\/\/api.w.org\/{rel}","templated":true}]}}