{"id":2305,"date":"2020-02-14T18:13:21","date_gmt":"2020-02-14T17:13:21","guid":{"rendered":"http:\/\/agora.xtec.cat\/iesaltbergueda\/?page_id=2305"},"modified":"2026-02-18T12:37:57","modified_gmt":"2026-02-18T11:37:57","slug":"projectes","status":"publish","type":"page","link":"https:\/\/agora.xtec.cat\/iesaltbergueda\/projectes\/","title":{"rendered":"Projectes"},"content":{"rendered":"<ul>\n<li><strong>Pla lector<\/strong>\n<ul>\n<li>8:55 a 9:25 de dilluns a divendres<\/li>\n<li>Lectura lliure<\/li>\n<li>Foment del saber llegir, llegir per aprendre i gust per llegir<\/li>\n<\/ul>\n<\/li>\n<li><strong>Foment de les lleng\u00fces estrangeres <\/strong>\n<ul>\n<li>Estades dels alumnes de 3r a Anglaterra o Irlanda<\/li>\n<li>Franc\u00e8s com a segona llengua estrangera a 2n, 3r i 4t d&#8217;ESO<\/li>\n<li>Sortida d&#8217;alumnes de franc\u00e8s a la Catalunya Nord<\/li>\n<\/ul>\n<\/li>\n<li><strong>Coneguem l\u2019entorn<\/strong>\n<ul>\n<li style=\"font-weight: 400;\"><span style=\"font-weight: 400;\">1r ESO: Visita al Museu Mol\u00ed Paperer de Capellades i a l&#8217;abric Roman\u00ed<\/span><\/li>\n<li style=\"font-weight: 400;\"><span style=\"font-weight: 400;\">2n ESO: Visita Museu Episcopal de Vic. Activitat Abat Oliba-campanar<\/span><\/li>\n<li style=\"font-weight: 400;\"><span style=\"font-weight: 400;\">3r ESO: Visita a la presa de la Baells &#8211; Mines de Cercs<\/span><\/li>\n<li style=\"font-weight: 400;\"><span style=\"font-weight: 400;\">4r ESO: Visita al Museu Asland<\/span><\/li>\n<\/ul>\n<\/li>\n<li><strong>Escola sostenible<\/strong>\n<ul>\n<li>Accions relacionades amb les bones pr\u00e0ctiques ambientals (reduir consum de paper, reduir consum de rotuladors, reduir consum energ\u00e8tic, reciclatge de materials, recollida selectiva, campanya Clean up Europe&#8230;)<\/li>\n<\/ul>\n<\/li>\n<li><b>Projecte internivells esportiu<\/b><b><\/b>\n<ul>\n<li>Projecte Esquiada: CFGM &#8211; Tots els alumnes (voluntari)<\/li>\n<li>Projecte Festibike CFGM &#8211; 2n ESO<\/li>\n<li>Projecte de Rebost CFGM &#8211; 3r ESO<\/li>\n<li>Projecte d\u2019escalada CFGM &#8211; 4t ESO &#8211; Prim\u00e0ria<\/li>\n<\/ul>\n<\/li>\n<li><strong>Projectes de rob\u00f2tica a 4t d&#8217;ESO<\/strong><\/li>\n<li><strong>Projecte +Mates<\/strong>\n<ul>\n<li>Confer\u00e8ncies i tallers<\/li>\n<li>Concursos matem\u00e0tics: fotografia matem\u00e0tica, proves cangur, copa cangur,&#8230;<\/li>\n<li>Jocs matem\u00e0tics: Escape Rooms l&#8217;Alt Bergued\u00e0, gimcana a Bag\u00e0 i\/o estacions<\/li>\n<li>Exposicions i sortides per fomentar l&#8217;inquietud per les matem\u00e0tiques<\/li>\n<\/ul>\n<\/li>\n<li><strong>Educaci\u00f3 financera (EFEC)<\/strong>\n<ul>\n<li>Tallers d&#8217;educaci\u00f3 financera b\u00e0sica als alumnes de 4t d&#8217;ESO<\/li>\n<\/ul>\n<\/li>\n<li><strong>Projecte UP BERGUED\u00c0 a 3r d&#8217;ESO<\/strong>\n<ul>\n<li>Aprenentatge basat en reptes alineats amb els ODS (Objectius de Desenvolupament Sostenible) i l&#8217;Agenda Europea 2030<\/li>\n<li>Creaci\u00f3 d&#8217;una start-up per donar soluci\u00f3 al repte com a empresa<\/li>\n<\/ul>\n<\/li>\n<li><strong>Servei comunitari<\/strong>\n<ul>\n<li>Parc Natural del Cad\u00ed-Moixer\u00f3<\/li>\n<li>Ag\u00e8ncia del Desenvolupament del Bergued\u00e0 (Xarxa de Camins Hist\u00f2rics)<\/li>\n<li>Resid\u00e8ncies Gent Gran de l\u2019Alt Bergued\u00e0 i Cerdanya<\/li>\n<li>Escoles de l\u2019Alt Bergued\u00e0 i Cerdanya<\/li>\n<\/ul>\n<\/li>\n<li><strong>Projecte Diguem no a la viol\u00e8ncia de g\u00e8nere<\/strong><\/li>\n<li><strong>Programa salut escola<\/strong>\n<ul>\n<li>Consulta Oberta on un professional d\u2019infermeria\u00a0 es despla\u00e7at peri\u00f2dicament al centre docent<\/li>\n<li>Xerrades de prevenci\u00f3<\/li>\n<\/ul>\n<\/li>\n<li><strong>Optatives d\u2019\u00e0mbit (1r i 2n d\u2019ESO)<\/strong><\/li>\n<li><strong>Projecte interdisciplinar STEAM (Science, Technology, Engineering, Arts and Maths) <\/strong>Des de diverses vessants i cursos, es treballar\u00e0 la rob\u00f2tica per mesurar la qualitat de l&#8217;aire a les aules i d&#8217;altres par\u00e0metres ambientals, per tal d&#8217;analitzar els resultats i prendre mesures.<\/li>\n<li><strong>Projectes a l&#8217;ESO.<\/strong> El curs 2023-24 vam iniciar una franja de projectes diversos de dues hores amb l&#8217;alumnat d&#8217;ESO.<\/li>\n<li><strong>Activitats complement\u00e0ries<\/strong>\n<ul>\n<li>Col\u00f2nies a 1r i 2n d&#8217;ESO<\/li>\n<li>Castanyada<\/li>\n<li>Jornada de la ci\u00e8ncia<\/li>\n<li>Jornada Mediambiental<\/li>\n<li>Jornada per la igualtat<\/li>\n<li>Instival<\/li>\n<li>Carnestoltes<\/li>\n<li>Sant Jordi<\/li>\n<li>Acte de graduaci\u00f3<\/li>\n<li>Viatge fi de curs a 4t d&#8217;ESO<\/li>\n<\/ul>\n<\/li>\n<li><strong>Escola de pares i mares<\/strong>\n<ul>\n<li>Xerrades al llarg del curs<\/li>\n<\/ul>\n<\/li>\n<\/ul>\n","protected":false},"excerpt":{"rendered":"<p>Pla lector 8:55 a 9:25 de dilluns a divendres Lectura lliure Foment del saber llegir, llegir per aprendre i gust per llegir Foment de les lleng\u00fces estrangeres Estades dels alumnes de 3r a Anglaterra o Irlanda Franc\u00e8s com a segona llengua estrangera a 2n, 3r i 4t d&#8217;ESO Sortida d&#8217;alumnes de franc\u00e8s a la Catalunya [&hellip;]<\/p>\n","protected":false},"author":1,"featured_media":0,"parent":0,"menu_order":0,"comment_status":"closed","ping_status":"closed","template":"","meta":{"_bbp_topic_count":0,"_bbp_reply_count":0,"_bbp_total_topic_count":0,"_bbp_total_reply_count":0,"_bbp_voice_count":0,"_bbp_anonymous_reply_count":0,"_bbp_topic_count_hidden":0,"_bbp_reply_count_hidden":0,"_bbp_forum_subforum_count":0,"site-sidebar-layout":"default","site-content-layout":"","ast-site-content-layout":"","site-content-style":"default","site-sidebar-style":"default","ast-global-header-display":"","ast-banner-title-visibility":"","ast-main-header-display":"","ast-hfb-above-header-display":"","ast-hfb-below-header-display":"","ast-hfb-mobile-header-display":"","site-post-title":"","ast-breadcrumbs-content":"","ast-featured-img":"","footer-sml-layout":"","theme-transparent-header-meta":"","adv-header-id-meta":"","stick-header-meta":"","header-above-stick-meta":"","header-main-stick-meta":"","header-below-stick-meta":"","astra-migrate-meta-layouts":"default","ast-page-background-enabled":"default","ast-page-background-meta":{"desktop":{"background-color":"var(--ast-global-color-4)","background-image":"","background-repeat":"repeat","background-position":"center center","background-size":"auto","background-attachment":"scroll","background-type":"","background-media":"","overlay-type":"","overlay-color":"","overlay-opacity":"","overlay-gradient":""},"tablet":{"background-color":"","background-image":"","background-repeat":"repeat","background-position":"center center","background-size":"auto","background-attachment":"scroll","background-type":"","background-media":"","overlay-type":"","overlay-color":"","overlay-opacity":"","overlay-gradient":""},"mobile":{"background-color":"","background-image":"","background-repeat":"repeat","background-position":"center center","background-size":"auto","background-attachment":"scroll","background-type":"","background-media":"","overlay-type":"","overlay-color":"","overlay-opacity":"","overlay-gradient":""}},"ast-content-background-meta":{"desktop":{"background-color":"var(--ast-global-color-5)","background-image":"","background-repeat":"repeat","background-position":"center center","background-size":"auto","background-attachment":"scroll","background-type":"","background-media":"","overlay-type":"","overlay-color":"","overlay-opacity":"","overlay-gradient":""},"tablet":{"background-color":"var(--ast-global-color-5)","background-image":"","background-repeat":"repeat","background-position":"center center","background-size":"auto","background-attachment":"scroll","background-type":"","background-media":"","overlay-type":"","overlay-color":"","overlay-opacity":"","overlay-gradient":""},"mobile":{"background-color":"var(--ast-global-color-5)","background-image":"","background-repeat":"repeat","background-position":"center center","background-size":"auto","background-attachment":"scroll","background-type":"","background-media":"","overlay-type":"","overlay-color":"","overlay-opacity":"","overlay-gradient":""}},"footnotes":""},"class_list":["post-2305","page","type-page","status-publish","hentry"],"post_mailing_queue_ids":[],"_links":{"self":[{"href":"https:\/\/agora.xtec.cat\/iesaltbergueda\/wp-json\/wp\/v2\/pages\/2305","targetHints":{"allow":["GET"]}}],"collection":[{"href":"https:\/\/agora.xtec.cat\/iesaltbergueda\/wp-json\/wp\/v2\/pages"}],"about":[{"href":"https:\/\/agora.xtec.cat\/iesaltbergueda\/wp-json\/wp\/v2\/types\/page"}],"author":[{"embeddable":true,"href":"https:\/\/agora.xtec.cat\/iesaltbergueda\/wp-json\/wp\/v2\/users\/1"}],"replies":[{"embeddable":true,"href":"https:\/\/agora.xtec.cat\/iesaltbergueda\/wp-json\/wp\/v2\/comments?post=2305"}],"version-history":[{"count":6,"href":"https:\/\/agora.xtec.cat\/iesaltbergueda\/wp-json\/wp\/v2\/pages\/2305\/revisions"}],"predecessor-version":[{"id":8545,"href":"https:\/\/agora.xtec.cat\/iesaltbergueda\/wp-json\/wp\/v2\/pages\/2305\/revisions\/8545"}],"wp:attachment":[{"href":"https:\/\/agora.xtec.cat\/iesaltbergueda\/wp-json\/wp\/v2\/media?parent=2305"}],"curies":[{"name":"wp","href":"https:\/\/api.w.org\/{rel}","templated":true}]}}