{"id":1663,"date":"2019-03-25T19:17:21","date_gmt":"2019-03-25T18:17:21","guid":{"rendered":"http:\/\/agora.xtec.cat\/iesaltbergueda\/?page_id=1663"},"modified":"2020-02-14T18:17:12","modified_gmt":"2020-02-14T17:17:12","slug":"informacio-general","status":"publish","type":"page","link":"https:\/\/agora.xtec.cat\/iesaltbergueda\/batxillerat\/informacio-general\/","title":{"rendered":"Informaci\u00f3 general"},"content":{"rendered":"<p>El\u00a0<strong>batxillerat<\/strong>\u00a0\u00e9s l&#8217;etapa que es cursa normalment entre els 16 i els 18 anys, tot i que \u00e9s oberta a persones de qualsevol edat, ja sigui de forma presencial o a dist\u00e0ncia. \u00c9s un cicle format per dos cursos de trenta hores lectives setmanals.<\/p>\n<p>El batxillerat prepara els alumnes per a la seva incorporaci\u00f3 a estudis posteriors, tant professionals com universitaris, i per a l&#8217;acc\u00e9s al m\u00f3n laboral.<\/p>\n<p>Es pot escollir entre tres modalitats de batxillerat:\u00a0<strong>arts<\/strong>,\u00a0<strong>ci\u00e8ncies i tecnologia<\/strong>, i\u00a0<strong>humanitats i ci\u00e8ncies socials<\/strong>.<\/p>\n<p>El curr\u00edculum de batxillerat consta d&#8217;una part comuna (les mat\u00e8ries comunes) i una part diversificada (la mat\u00e8ria comuna d&#8217;opci\u00f3, les mat\u00e8ries de modalitat, les mat\u00e8ries espec\u00edfiques i el treball de recerca). A m\u00e9s, els alumnes tenen assignada una hora setmanal de tutoria.<\/p>\n<p>En cada curs, de les trenta hores lectives setmanals, catorze es dediquen a les mat\u00e8ries comunes i la tutoria, i les setze restants, a la part diversificada.<\/p>\n<p>&nbsp;<\/p>\n<p>La modalitat d&#8217;humanitats i ci\u00e8ncies socials s&#8217;adre\u00e7a a alumnes amb inquietuds relacionades amb els estudis ling\u00fc\u00edstics i literaris, la filosofia, les manifestacions culturals, les ci\u00e8ncies socials, jur\u00eddiques, pol\u00edtiques i econ\u00f2miques, la gesti\u00f3 i administraci\u00f3 p\u00fablica, la comunicaci\u00f3, les relacions p\u00fabliques, la publicitat, el turisme i altres serveis d&#8217;oci.<\/p>\n<p>La modalitat de ci\u00e8ncies i tecnologia s&#8217;adre\u00e7a a alumnes interessats per les ci\u00e8ncies experimentals, les matem\u00e0tiques, els estudis relacionats amb continguts cientificosanitaris i el m\u00f3n dels processos tecnol\u00f2gics i dels materials, instruments, aparells i m\u00e0quines que s&#8217;utilitzen en la producci\u00f3 de b\u00e9ns i serveis.<\/p>\n","protected":false},"excerpt":{"rendered":"<p>El\u00a0batxillerat\u00a0\u00e9s l&#8217;etapa que es cursa normalment entre els 16 i els 18 anys, tot i que \u00e9s oberta a persones de qualsevol edat, ja sigui de forma presencial o a dist\u00e0ncia. \u00c9s un cicle format per dos cursos de trenta hores lectives setmanals. El batxillerat prepara els alumnes per a la seva incorporaci\u00f3 a estudis [&hellip;]<\/p>\n","protected":false},"author":1,"featured_media":0,"parent":1660,"menu_order":0,"comment_status":"closed","ping_status":"closed","template":"page-templates\/side-menu.php","meta":{"_bbp_topic_count":0,"_bbp_reply_count":0,"_bbp_total_topic_count":0,"_bbp_total_reply_count":0,"_bbp_voice_count":0,"_bbp_anonymous_reply_count":0,"_bbp_topic_count_hidden":0,"_bbp_reply_count_hidden":0,"_bbp_forum_subforum_count":0,"site-sidebar-layout":"default","site-content-layout":"","ast-site-content-layout":"","site-content-style":"default","site-sidebar-style":"default","ast-global-header-display":"","ast-banner-title-visibility":"","ast-main-header-display":"","ast-hfb-above-header-display":"","ast-hfb-below-header-display":"","ast-hfb-mobile-header-display":"","site-post-title":"","ast-breadcrumbs-content":"","ast-featured-img":"","footer-sml-layout":"","theme-transparent-header-meta":"","adv-header-id-meta":"","stick-header-meta":"","header-above-stick-meta":"","header-main-stick-meta":"","header-below-stick-meta":"","astra-migrate-meta-layouts":"default","ast-page-background-enabled":"default","ast-page-background-meta":{"desktop":{"background-color":"var(--ast-global-color-4)","background-image":"","background-repeat":"repeat","background-position":"center center","background-size":"auto","background-attachment":"scroll","background-type":"","background-media":"","overlay-type":"","overlay-color":"","overlay-opacity":"","overlay-gradient":""},"tablet":{"background-color":"","background-image":"","background-repeat":"repeat","background-position":"center center","background-size":"auto","background-attachment":"scroll","background-type":"","background-media":"","overlay-type":"","overlay-color":"","overlay-opacity":"","overlay-gradient":""},"mobile":{"background-color":"","background-image":"","background-repeat":"repeat","background-position":"center center","background-size":"auto","background-attachment":"scroll","background-type":"","background-media":"","overlay-type":"","overlay-color":"","overlay-opacity":"","overlay-gradient":""}},"ast-content-background-meta":{"desktop":{"background-color":"var(--ast-global-color-5)","background-image":"","background-repeat":"repeat","background-position":"center center","background-size":"auto","background-attachment":"scroll","background-type":"","background-media":"","overlay-type":"","overlay-color":"","overlay-opacity":"","overlay-gradient":""},"tablet":{"background-color":"var(--ast-global-color-5)","background-image":"","background-repeat":"repeat","background-position":"center center","background-size":"auto","background-attachment":"scroll","background-type":"","background-media":"","overlay-type":"","overlay-color":"","overlay-opacity":"","overlay-gradient":""},"mobile":{"background-color":"var(--ast-global-color-5)","background-image":"","background-repeat":"repeat","background-position":"center center","background-size":"auto","background-attachment":"scroll","background-type":"","background-media":"","overlay-type":"","overlay-color":"","overlay-opacity":"","overlay-gradient":""}},"footnotes":""},"class_list":["post-1663","page","type-page","status-publish","hentry"],"post_mailing_queue_ids":[],"_links":{"self":[{"href":"https:\/\/agora.xtec.cat\/iesaltbergueda\/wp-json\/wp\/v2\/pages\/1663","targetHints":{"allow":["GET"]}}],"collection":[{"href":"https:\/\/agora.xtec.cat\/iesaltbergueda\/wp-json\/wp\/v2\/pages"}],"about":[{"href":"https:\/\/agora.xtec.cat\/iesaltbergueda\/wp-json\/wp\/v2\/types\/page"}],"author":[{"embeddable":true,"href":"https:\/\/agora.xtec.cat\/iesaltbergueda\/wp-json\/wp\/v2\/users\/1"}],"replies":[{"embeddable":true,"href":"https:\/\/agora.xtec.cat\/iesaltbergueda\/wp-json\/wp\/v2\/comments?post=1663"}],"version-history":[{"count":2,"href":"https:\/\/agora.xtec.cat\/iesaltbergueda\/wp-json\/wp\/v2\/pages\/1663\/revisions"}],"predecessor-version":[{"id":1679,"href":"https:\/\/agora.xtec.cat\/iesaltbergueda\/wp-json\/wp\/v2\/pages\/1663\/revisions\/1679"}],"up":[{"embeddable":true,"href":"https:\/\/agora.xtec.cat\/iesaltbergueda\/wp-json\/wp\/v2\/pages\/1660"}],"wp:attachment":[{"href":"https:\/\/agora.xtec.cat\/iesaltbergueda\/wp-json\/wp\/v2\/media?parent=1663"}],"curies":[{"name":"wp","href":"https:\/\/api.w.org\/{rel}","templated":true}]}}