{"id":1660,"date":"2019-03-25T19:15:26","date_gmt":"2019-03-25T18:15:26","guid":{"rendered":"http:\/\/agora.xtec.cat\/iesaltbergueda\/?page_id=1660"},"modified":"2025-09-17T10:43:09","modified_gmt":"2025-09-17T08:43:09","slug":"batxillerat","status":"publish","type":"page","link":"https:\/\/agora.xtec.cat\/iesaltbergueda\/batxillerat\/","title":{"rendered":"Batxillerat"},"content":{"rendered":"<p style=\"text-align: justify;\">El batxillerat forma part de l\u2019educaci\u00f3 secund\u00e0ria postobligat\u00f2ria i es distribueix en dos cursos acad\u00e8mics. Es desenvolupa en diverses modalitats, s\u2019organitza de manera flexible i, si cal, en vies diferents dins de cada modalitat, de manera que pot oferir una preparaci\u00f3 especialitzada als alumnes d\u2019acord amb les seves perspectives i interessos de formaci\u00f3.<\/p>\n<p>&nbsp;<\/p>\n<h4 class=\"widget-title\">Horaris:<\/h4>\n<table style=\"border-collapse: collapse; width: 45.1777%; height: 91px;\">\n<tbody>\n<tr style=\"height: 59px;\">\n<td style=\"width: 11.7235%; height: 91px;\" rowspan=\"2\"><a href=\"https:\/\/agora.xtec.cat\/iesaltbergueda\/wp-content\/uploads\/usu1645\/2025\/03\/Diseno-sin-titulo-5.jpg\"><img loading=\"lazy\" decoding=\"async\" class=\"aligncenter wp-image-7852\" src=\"https:\/\/agora.xtec.cat\/iesaltbergueda\/wp-content\/uploads\/usu1645\/2025\/03\/Diseno-sin-titulo-5-300x300.jpg\" alt=\"\" width=\"75\" height=\"75\" srcset=\"https:\/\/agora.xtec.cat\/iesaltbergueda\/wp-content\/uploads\/usu1645\/2025\/03\/Diseno-sin-titulo-5-300x300.jpg 300w, https:\/\/agora.xtec.cat\/iesaltbergueda\/wp-content\/uploads\/usu1645\/2025\/03\/Diseno-sin-titulo-5-150x150.jpg 150w, https:\/\/agora.xtec.cat\/iesaltbergueda\/wp-content\/uploads\/usu1645\/2025\/03\/Diseno-sin-titulo-5.jpg 500w\" sizes=\"auto, (max-width: 75px) 100vw, 75px\" \/><\/a><\/td>\n<td style=\"width: 17.0896%; text-align: center; height: 59px;\">\n<h4>1r BAT<\/h4>\n<\/td>\n<td style=\"width: 16.3645%; text-align: center; height: 59px;\">\n<h4>2n BAT<\/h4>\n<\/td>\n<\/tr>\n<tr style=\"height: 32px;\">\n<td style=\"width: 17.0896%; text-align: center; height: 32px;\"><a href=\"https:\/\/agora.xtec.cat\/iesaltbergueda\/wp-content\/uploads\/usu1645\/2025\/09\/Horaris-curs-25-26-1bat.pdf\">Curs 2025\/26<\/a><\/td>\n<td style=\"width: 16.3645%; text-align: center; height: 32px;\"><a href=\"https:\/\/agora.xtec.cat\/iesaltbergueda\/wp-content\/uploads\/usu1645\/2025\/09\/Horaris-curs-25-26-2bat.pdf\">Curs 2025\/26<\/a><\/td>\n<\/tr>\n<\/tbody>\n<\/table>\n<h4 class=\"widget-title\">Blog de l&#8217;etapa:<\/h4>\n<p><a href=\"https:\/\/agora.xtec.cat\/iesaltbergueda\/categoria\/batxillerat\/\"><img loading=\"lazy\" decoding=\"async\" class=\"alignnone size-full wp-image-2459\" src=\"https:\/\/agora.xtec.cat\/iesaltbergueda\/wp-content\/uploads\/usu1645\/2020\/02\/BAT.jpg\" alt=\"\" width=\"160\" height=\"58\" \/><\/a><\/p>\n","protected":false},"excerpt":{"rendered":"<p>El batxillerat forma part de l\u2019educaci\u00f3 secund\u00e0ria postobligat\u00f2ria i es distribueix en dos cursos acad\u00e8mics. Es desenvolupa en diverses modalitats, s\u2019organitza de manera flexible i, si cal, en vies diferents dins de cada modalitat, de manera que pot oferir una preparaci\u00f3 especialitzada als alumnes d\u2019acord amb les seves perspectives i interessos de formaci\u00f3. &nbsp; Horaris: [&hellip;]<\/p>\n","protected":false},"author":1,"featured_media":0,"parent":0,"menu_order":0,"comment_status":"closed","ping_status":"closed","template":"page-templates\/side-menu.php","meta":{"_bbp_topic_count":0,"_bbp_reply_count":0,"_bbp_total_topic_count":0,"_bbp_total_reply_count":0,"_bbp_voice_count":0,"_bbp_anonymous_reply_count":0,"_bbp_topic_count_hidden":0,"_bbp_reply_count_hidden":0,"_bbp_forum_subforum_count":0,"site-sidebar-layout":"default","site-content-layout":"","ast-site-content-layout":"","site-content-style":"default","site-sidebar-style":"default","ast-global-header-display":"","ast-banner-title-visibility":"","ast-main-header-display":"","ast-hfb-above-header-display":"","ast-hfb-below-header-display":"","ast-hfb-mobile-header-display":"","site-post-title":"","ast-breadcrumbs-content":"","ast-featured-img":"","footer-sml-layout":"","theme-transparent-header-meta":"","adv-header-id-meta":"","stick-header-meta":"","header-above-stick-meta":"","header-main-stick-meta":"","header-below-stick-meta":"","astra-migrate-meta-layouts":"default","ast-page-background-enabled":"default","ast-page-background-meta":{"desktop":{"background-color":"var(--ast-global-color-4)","background-image":"","background-repeat":"repeat","background-position":"center center","background-size":"auto","background-attachment":"scroll","background-type":"","background-media":"","overlay-type":"","overlay-color":"","overlay-opacity":"","overlay-gradient":""},"tablet":{"background-color":"","background-image":"","background-repeat":"repeat","background-position":"center center","background-size":"auto","background-attachment":"scroll","background-type":"","background-media":"","overlay-type":"","overlay-color":"","overlay-opacity":"","overlay-gradient":""},"mobile":{"background-color":"","background-image":"","background-repeat":"repeat","background-position":"center center","background-size":"auto","background-attachment":"scroll","background-type":"","background-media":"","overlay-type":"","overlay-color":"","overlay-opacity":"","overlay-gradient":""}},"ast-content-background-meta":{"desktop":{"background-color":"var(--ast-global-color-5)","background-image":"","background-repeat":"repeat","background-position":"center center","background-size":"auto","background-attachment":"scroll","background-type":"","background-media":"","overlay-type":"","overlay-color":"","overlay-opacity":"","overlay-gradient":""},"tablet":{"background-color":"var(--ast-global-color-5)","background-image":"","background-repeat":"repeat","background-position":"center center","background-size":"auto","background-attachment":"scroll","background-type":"","background-media":"","overlay-type":"","overlay-color":"","overlay-opacity":"","overlay-gradient":""},"mobile":{"background-color":"var(--ast-global-color-5)","background-image":"","background-repeat":"repeat","background-position":"center center","background-size":"auto","background-attachment":"scroll","background-type":"","background-media":"","overlay-type":"","overlay-color":"","overlay-opacity":"","overlay-gradient":""}},"footnotes":""},"class_list":["post-1660","page","type-page","status-publish","hentry"],"post_mailing_queue_ids":[],"_links":{"self":[{"href":"https:\/\/agora.xtec.cat\/iesaltbergueda\/wp-json\/wp\/v2\/pages\/1660","targetHints":{"allow":["GET"]}}],"collection":[{"href":"https:\/\/agora.xtec.cat\/iesaltbergueda\/wp-json\/wp\/v2\/pages"}],"about":[{"href":"https:\/\/agora.xtec.cat\/iesaltbergueda\/wp-json\/wp\/v2\/types\/page"}],"author":[{"embeddable":true,"href":"https:\/\/agora.xtec.cat\/iesaltbergueda\/wp-json\/wp\/v2\/users\/1"}],"replies":[{"embeddable":true,"href":"https:\/\/agora.xtec.cat\/iesaltbergueda\/wp-json\/wp\/v2\/comments?post=1660"}],"version-history":[{"count":6,"href":"https:\/\/agora.xtec.cat\/iesaltbergueda\/wp-json\/wp\/v2\/pages\/1660\/revisions"}],"predecessor-version":[{"id":8246,"href":"https:\/\/agora.xtec.cat\/iesaltbergueda\/wp-json\/wp\/v2\/pages\/1660\/revisions\/8246"}],"wp:attachment":[{"href":"https:\/\/agora.xtec.cat\/iesaltbergueda\/wp-json\/wp\/v2\/media?parent=1660"}],"curies":[{"name":"wp","href":"https:\/\/api.w.org\/{rel}","templated":true}]}}