{"id":1645,"date":"2019-03-25T19:04:11","date_gmt":"2019-03-25T18:04:11","guid":{"rendered":"http:\/\/agora.xtec.cat\/iesaltbergueda\/?page_id=1645"},"modified":"2023-07-20T00:05:20","modified_gmt":"2023-07-19T22:05:20","slug":"eso","status":"publish","type":"page","link":"https:\/\/agora.xtec.cat\/iesaltbergueda\/eso\/","title":{"rendered":"ESO"},"content":{"rendered":"<ul class=\"CEDU_nostyle\">\n<li><strong> Ensenyament:<\/strong>\u00a0Educaci\u00f3 secund\u00e0ria obligat\u00f2ria (12-16 anys)<\/li>\n<li><strong>Titulaci\u00f3:<\/strong>\u00a0Graduat\/ada en ESO<\/li>\n<li><strong>Sistema:<\/strong> LOMLOE<\/li>\n<\/ul>\n<p>&nbsp;<\/p>\n<h4 class=\"widget-title\">Blogs dels cursos:<\/h4>\n<p><a href=\"https:\/\/agora.xtec.cat\/iesaltbergueda\/categoria\/eso\/eso-1\/\"><img loading=\"lazy\" decoding=\"async\" class=\"alignnone size-full wp-image-2468\" src=\"https:\/\/agora.xtec.cat\/iesaltbergueda\/wp-content\/uploads\/usu1645\/2020\/02\/etiq1.jpg\" alt=\"\" width=\"120\" height=\"60\" \/><\/a> <a href=\"https:\/\/agora.xtec.cat\/iesaltbergueda\/categoria\/eso\/eso-2\/\"><img loading=\"lazy\" decoding=\"async\" class=\"alignnone size-full wp-image-2469\" src=\"https:\/\/agora.xtec.cat\/iesaltbergueda\/wp-content\/uploads\/usu1645\/2020\/02\/etiq2.jpg\" alt=\"\" width=\"119\" height=\"60\" \/><\/a> <a href=\"https:\/\/agora.xtec.cat\/iesaltbergueda\/categoria\/eso\/eso-3\/\"><img loading=\"lazy\" decoding=\"async\" class=\"alignnone size-full wp-image-2470\" src=\"https:\/\/agora.xtec.cat\/iesaltbergueda\/wp-content\/uploads\/usu1645\/2020\/02\/etiq3.jpg\" alt=\"\" width=\"121\" height=\"58\" \/><\/a> <a href=\"https:\/\/agora.xtec.cat\/iesaltbergueda\/categoria\/eso\/eso-4\/\"><img loading=\"lazy\" decoding=\"async\" class=\"alignnone size-full wp-image-2471\" src=\"https:\/\/agora.xtec.cat\/iesaltbergueda\/wp-content\/uploads\/usu1645\/2020\/02\/etiq4.jpg\" alt=\"\" width=\"119\" height=\"58\" \/><\/a><\/p>\n","protected":false},"excerpt":{"rendered":"<p>Ensenyament:\u00a0Educaci\u00f3 secund\u00e0ria obligat\u00f2ria (12-16 anys) Titulaci\u00f3:\u00a0Graduat\/ada en ESO Sistema: LOMLOE &nbsp; Blogs dels cursos:<\/p>\n","protected":false},"author":1,"featured_media":0,"parent":0,"menu_order":0,"comment_status":"closed","ping_status":"closed","template":"page-templates\/side-menu.php","meta":{"_bbp_topic_count":0,"_bbp_reply_count":0,"_bbp_total_topic_count":0,"_bbp_total_reply_count":0,"_bbp_voice_count":0,"_bbp_anonymous_reply_count":0,"_bbp_topic_count_hidden":0,"_bbp_reply_count_hidden":0,"_bbp_forum_subforum_count":0,"site-sidebar-layout":"default","site-content-layout":"","ast-site-content-layout":"","site-content-style":"default","site-sidebar-style":"default","ast-global-header-display":"","ast-banner-title-visibility":"","ast-main-header-display":"","ast-hfb-above-header-display":"","ast-hfb-below-header-display":"","ast-hfb-mobile-header-display":"","site-post-title":"","ast-breadcrumbs-content":"","ast-featured-img":"","footer-sml-layout":"","theme-transparent-header-meta":"","adv-header-id-meta":"","stick-header-meta":"","header-above-stick-meta":"","header-main-stick-meta":"","header-below-stick-meta":"","astra-migrate-meta-layouts":"default","ast-page-background-enabled":"default","ast-page-background-meta":{"desktop":{"background-color":"var(--ast-global-color-4)","background-image":"","background-repeat":"repeat","background-position":"center center","background-size":"auto","background-attachment":"scroll","background-type":"","background-media":"","overlay-type":"","overlay-color":"","overlay-opacity":"","overlay-gradient":""},"tablet":{"background-color":"","background-image":"","background-repeat":"repeat","background-position":"center center","background-size":"auto","background-attachment":"scroll","background-type":"","background-media":"","overlay-type":"","overlay-color":"","overlay-opacity":"","overlay-gradient":""},"mobile":{"background-color":"","background-image":"","background-repeat":"repeat","background-position":"center center","background-size":"auto","background-attachment":"scroll","background-type":"","background-media":"","overlay-type":"","overlay-color":"","overlay-opacity":"","overlay-gradient":""}},"ast-content-background-meta":{"desktop":{"background-color":"var(--ast-global-color-5)","background-image":"","background-repeat":"repeat","background-position":"center center","background-size":"auto","background-attachment":"scroll","background-type":"","background-media":"","overlay-type":"","overlay-color":"","overlay-opacity":"","overlay-gradient":""},"tablet":{"background-color":"var(--ast-global-color-5)","background-image":"","background-repeat":"repeat","background-position":"center center","background-size":"auto","background-attachment":"scroll","background-type":"","background-media":"","overlay-type":"","overlay-color":"","overlay-opacity":"","overlay-gradient":""},"mobile":{"background-color":"var(--ast-global-color-5)","background-image":"","background-repeat":"repeat","background-position":"center center","background-size":"auto","background-attachment":"scroll","background-type":"","background-media":"","overlay-type":"","overlay-color":"","overlay-opacity":"","overlay-gradient":""}},"footnotes":""},"class_list":["post-1645","page","type-page","status-publish","hentry"],"post_mailing_queue_ids":[],"_links":{"self":[{"href":"https:\/\/agora.xtec.cat\/iesaltbergueda\/wp-json\/wp\/v2\/pages\/1645","targetHints":{"allow":["GET"]}}],"collection":[{"href":"https:\/\/agora.xtec.cat\/iesaltbergueda\/wp-json\/wp\/v2\/pages"}],"about":[{"href":"https:\/\/agora.xtec.cat\/iesaltbergueda\/wp-json\/wp\/v2\/types\/page"}],"author":[{"embeddable":true,"href":"https:\/\/agora.xtec.cat\/iesaltbergueda\/wp-json\/wp\/v2\/users\/1"}],"replies":[{"embeddable":true,"href":"https:\/\/agora.xtec.cat\/iesaltbergueda\/wp-json\/wp\/v2\/comments?post=1645"}],"version-history":[{"count":3,"href":"https:\/\/agora.xtec.cat\/iesaltbergueda\/wp-json\/wp\/v2\/pages\/1645\/revisions"}],"predecessor-version":[{"id":6428,"href":"https:\/\/agora.xtec.cat\/iesaltbergueda\/wp-json\/wp\/v2\/pages\/1645\/revisions\/6428"}],"wp:attachment":[{"href":"https:\/\/agora.xtec.cat\/iesaltbergueda\/wp-json\/wp\/v2\/media?parent=1645"}],"curies":[{"name":"wp","href":"https:\/\/api.w.org\/{rel}","templated":true}]}}