{"id":1615,"date":"2019-03-25T13:01:24","date_gmt":"2019-03-25T12:01:24","guid":{"rendered":"http:\/\/agora.xtec.cat\/iesaltbergueda\/?page_id=1615"},"modified":"2024-09-22T18:52:20","modified_gmt":"2024-09-22T16:52:20","slug":"sortides-academiques-i-professionals","status":"publish","type":"page","link":"https:\/\/agora.xtec.cat\/iesaltbergueda\/cfgs\/sortides-academiques-i-professionals\/","title":{"rendered":"Sortides acad\u00e8miques i professionals"},"content":{"rendered":"<div class=\"CS_fFons_DestaquemB CS_fFons_DestaquemB2\">\n<div id=\"div_05\" class=\"CS_paddingTop10 nomargeleft display\">\n<div class=\"FW_bColCos dotted\">\n<h3>Sortides acad\u00e8miques<\/h3>\n<p>Les persones que superen un cicle formatiu de <strong>grau superior<\/strong> obtenen el t\u00edtol de t\u00e8cnic superior, que els permet accedir:<\/p>\n<ul>\n<li>a qualsevol estudi universitari oficial de grau o<\/li>\n<li>al m\u00f3n laboral.<\/li>\n<\/ul>\n<p>Amb aquests estudis s&#8217;obt\u00e9 el t\u00edtol de t\u00e8cnic superior o t\u00e8cnica superior, que permet accedir a qualsevol estudi universitari oficial de grau. Les persones que s&#8217;han graduat en un cicle formatiu de grau superior poden obtenir la convalidaci\u00f3 de cr\u00e8dits universitaris ECTS.<\/p>\n<p>Per a m\u00e9s informaci\u00f3, consulteu el\u00a0<a href=\"https:\/\/universitats.gencat.cat\/ca\/inici\" target=\"_blank\" rel=\"noopener\">Canal Universitats<\/a><\/p>\n<h3>Sortides professionals<\/h3>\n<p>La superaci\u00f3 d&#8217;aquest cicle formatiu permet accedir al\u00a0<strong>m\u00f3n laboral<\/strong>\u00a0com a:<\/p>\n<ul>\n<li style=\"list-style-type: none;\">\n<ul>\n<li style=\"list-style-type: none;\">\n<ul>\n<li>professor o professora d&#8217;activitats fisicoesportives (nataci\u00f3, atletisme, b\u00e0squet, voleibol, tennis i p\u00e0del, entre d\u2019altres),<\/li>\n<li>animador o animadora fisicoesportiu i recreatiu,<\/li>\n<li>animador o animadora d&#8217;activitats d&#8217;inclusi\u00f3 socioesportiva,<\/li>\n<li>animador o animadora de vetllades i espectacles en instal\u2022lacions tur\u00edstiques,<\/li>\n<li>animador o animadora d&#8217;activitats recreatives a l&#8217;aire lliure en instal\u2022lacions tur\u00edstiques,<\/li>\n<li>coordinador o coordinadora d&#8217;activitats d&#8217;animaci\u00f3 esportiva,<\/li>\n<li>coordinador o coordinadora d&#8217;activitats fisicoesportives en instal\u2022lacions esportives d\u2019empreses tur\u00edstiques o entitats p\u00fabliques i privades,<\/li>\n<li>coordinador o coordinadora de temps lliure educatiu infantil i juvenil,<\/li>\n<li>coordinador o coordinadora de campaments, albergs de joventut, cases de col\u00f2nies, granges escola, aules de cases de joventut i escoles de natura,<\/li>\n<li>coordinador o coordinadora d&#8217;activitats paracurriculars en el marc escolar,<\/li>\n<li>cap de projectes de lleure educatiu infantil i juvenil,<\/li>\n<li>director o directora de temps lliure educatiu infantil i juvenil,<\/li>\n<li>director o directora de campaments, albergs de joventut, cases de col\u00f2nies, granges escola, aules de cases de joventut i escoles de natura,<\/li>\n<li>director o directora d&#8217;activitats paracurriculars en el marc escolar,<\/li>\n<li>cap de departament d&#8217;animaci\u00f3 tur\u00edstica,<\/li>\n<li>cronometrador o cronometradora, jutge o jutgessa i \u00e0rbitre de competicions esportives no oficials,<\/li>\n<li>promotor o promotora esportiu i de competicions de nivell elemental o social i d&#8217;esdeveniments esportius de nivell b\u00e0sic,<\/li>\n<li>monitor o monitora d&#8217;activitats fisicoesportives i recreatives en campaments,<\/li>\n<li>monitor o monitora de temps lliure.<\/li>\n<\/ul>\n<\/li>\n<\/ul>\n<\/li>\n<\/ul>\n<\/div>\n<\/div>\n<\/div>\n<div class=\"CS_fFons_DestaquemPeu CS_fFons_DestaquemPeu2\"><\/div>\n","protected":false},"excerpt":{"rendered":"<p>Sortides acad\u00e8miques Les persones que superen un cicle formatiu de grau superior obtenen el t\u00edtol de t\u00e8cnic superior, que els permet accedir: a qualsevol estudi universitari oficial de grau o al m\u00f3n laboral. Amb aquests estudis s&#8217;obt\u00e9 el t\u00edtol de t\u00e8cnic superior o t\u00e8cnica superior, que permet accedir a qualsevol estudi universitari oficial de grau. [&hellip;]<\/p>\n","protected":false},"author":1,"featured_media":0,"parent":1598,"menu_order":3,"comment_status":"closed","ping_status":"closed","template":"page-templates\/side-menu.php","meta":{"_bbp_topic_count":0,"_bbp_reply_count":0,"_bbp_total_topic_count":0,"_bbp_total_reply_count":0,"_bbp_voice_count":0,"_bbp_anonymous_reply_count":0,"_bbp_topic_count_hidden":0,"_bbp_reply_count_hidden":0,"_bbp_forum_subforum_count":0,"site-sidebar-layout":"default","site-content-layout":"","ast-site-content-layout":"","site-content-style":"default","site-sidebar-style":"default","ast-global-header-display":"","ast-banner-title-visibility":"","ast-main-header-display":"","ast-hfb-above-header-display":"","ast-hfb-below-header-display":"","ast-hfb-mobile-header-display":"","site-post-title":"","ast-breadcrumbs-content":"","ast-featured-img":"","footer-sml-layout":"","theme-transparent-header-meta":"","adv-header-id-meta":"","stick-header-meta":"","header-above-stick-meta":"","header-main-stick-meta":"","header-below-stick-meta":"","astra-migrate-meta-layouts":"default","ast-page-background-enabled":"default","ast-page-background-meta":{"desktop":{"background-color":"var(--ast-global-color-4)","background-image":"","background-repeat":"repeat","background-position":"center center","background-size":"auto","background-attachment":"scroll","background-type":"","background-media":"","overlay-type":"","overlay-color":"","overlay-opacity":"","overlay-gradient":""},"tablet":{"background-color":"","background-image":"","background-repeat":"repeat","background-position":"center center","background-size":"auto","background-attachment":"scroll","background-type":"","background-media":"","overlay-type":"","overlay-color":"","overlay-opacity":"","overlay-gradient":""},"mobile":{"background-color":"","background-image":"","background-repeat":"repeat","background-position":"center center","background-size":"auto","background-attachment":"scroll","background-type":"","background-media":"","overlay-type":"","overlay-color":"","overlay-opacity":"","overlay-gradient":""}},"ast-content-background-meta":{"desktop":{"background-color":"var(--ast-global-color-5)","background-image":"","background-repeat":"repeat","background-position":"center center","background-size":"auto","background-attachment":"scroll","background-type":"","background-media":"","overlay-type":"","overlay-color":"","overlay-opacity":"","overlay-gradient":""},"tablet":{"background-color":"var(--ast-global-color-5)","background-image":"","background-repeat":"repeat","background-position":"center center","background-size":"auto","background-attachment":"scroll","background-type":"","background-media":"","overlay-type":"","overlay-color":"","overlay-opacity":"","overlay-gradient":""},"mobile":{"background-color":"var(--ast-global-color-5)","background-image":"","background-repeat":"repeat","background-position":"center center","background-size":"auto","background-attachment":"scroll","background-type":"","background-media":"","overlay-type":"","overlay-color":"","overlay-opacity":"","overlay-gradient":""}},"footnotes":""},"class_list":["post-1615","page","type-page","status-publish","hentry"],"post_mailing_queue_ids":[],"_links":{"self":[{"href":"https:\/\/agora.xtec.cat\/iesaltbergueda\/wp-json\/wp\/v2\/pages\/1615","targetHints":{"allow":["GET"]}}],"collection":[{"href":"https:\/\/agora.xtec.cat\/iesaltbergueda\/wp-json\/wp\/v2\/pages"}],"about":[{"href":"https:\/\/agora.xtec.cat\/iesaltbergueda\/wp-json\/wp\/v2\/types\/page"}],"author":[{"embeddable":true,"href":"https:\/\/agora.xtec.cat\/iesaltbergueda\/wp-json\/wp\/v2\/users\/1"}],"replies":[{"embeddable":true,"href":"https:\/\/agora.xtec.cat\/iesaltbergueda\/wp-json\/wp\/v2\/comments?post=1615"}],"version-history":[{"count":3,"href":"https:\/\/agora.xtec.cat\/iesaltbergueda\/wp-json\/wp\/v2\/pages\/1615\/revisions"}],"predecessor-version":[{"id":7360,"href":"https:\/\/agora.xtec.cat\/iesaltbergueda\/wp-json\/wp\/v2\/pages\/1615\/revisions\/7360"}],"up":[{"embeddable":true,"href":"https:\/\/agora.xtec.cat\/iesaltbergueda\/wp-json\/wp\/v2\/pages\/1598"}],"wp:attachment":[{"href":"https:\/\/agora.xtec.cat\/iesaltbergueda\/wp-json\/wp\/v2\/media?parent=1615"}],"curies":[{"name":"wp","href":"https:\/\/api.w.org\/{rel}","templated":true}]}}