{"id":1608,"date":"2019-03-25T11:01:27","date_gmt":"2019-03-25T10:01:27","guid":{"rendered":"http:\/\/agora.xtec.cat\/iesaltbergueda\/?page_id=1608"},"modified":"2024-09-22T18:43:47","modified_gmt":"2024-09-22T16:43:47","slug":"informacio-general","status":"publish","type":"page","link":"https:\/\/agora.xtec.cat\/iesaltbergueda\/cfgs\/informacio-general\/","title":{"rendered":"Informaci\u00f3 general"},"content":{"rendered":"<p>En el curs 2024-2025 s\u2019inicia el desplegament dels curri\u0301culums de formacio\u0301 professional en aplicacio\u0301 de la Llei orga\u0300nica 3\/2022, de 31 de marc\u0327, d\u2019ordenacio\u0301 i integracio\u0301 de la formacio\u0301 professional, i del Reial decret 659\/2023 que desenvolupa la Llei orga\u0300nica esmentada. Aixo\u0300 implica que a partir d\u2019aquest moment coexistiran els nous curri\u0301culums amb els curri\u0301culums en extincio\u0301.<\/p>\n<p><strong>T\u00e8cnic o t\u00e8cnica superior en Ensenyament i Animaci\u00f3 Socioesportiva<\/strong><br \/>\n<strong>Codi:<\/strong>\u00a0CFPS AEA0<\/p>\n<p>Aquests estudis capaciten per elaborar, gestionar i avaluar projectes d&#8217;animaci\u00f3 fisicoesportius i recreatius per a tot tipus d&#8217;usuaris, programant i dirigint les activitats d&#8217;ensenyament, d&#8217;inclusi\u00f3 socioesportiva i de temps lliure, coordinant les actuacions dels professionals implicats, garantint-ne la seguretat, respectant el medi ambient i aconseguint la satisfacci\u00f3 dels usuaris, en els l\u00edmits previstos de cost.<\/p>\n<p>La durada \u00e9s de 2.000 hores, distribu\u00efdes en <strong>dos cursos<\/strong>\u00a0acad\u00e8mics.<\/p>\n<p>Aquest estudi\u00a0<strong>substitueix<\/strong>\u00a0el cicle Animaci\u00f3 d&#8217;Activitats F\u00edsiques i Esportives (LOGSE).<\/p>\n","protected":false},"excerpt":{"rendered":"<p>En el curs 2024-2025 s\u2019inicia el desplegament dels curri\u0301culums de formacio\u0301 professional en aplicacio\u0301 de la Llei orga\u0300nica 3\/2022, de 31 de marc\u0327, d\u2019ordenacio\u0301 i integracio\u0301 de la formacio\u0301 professional, i del Reial decret 659\/2023 que desenvolupa la Llei orga\u0300nica esmentada. Aixo\u0300 implica que a partir d\u2019aquest moment coexistiran els nous curri\u0301culums amb els curri\u0301culums [&hellip;]<\/p>\n","protected":false},"author":1,"featured_media":0,"parent":1598,"menu_order":0,"comment_status":"closed","ping_status":"closed","template":"page-templates\/side-menu.php","meta":{"_bbp_topic_count":0,"_bbp_reply_count":0,"_bbp_total_topic_count":0,"_bbp_total_reply_count":0,"_bbp_voice_count":0,"_bbp_anonymous_reply_count":0,"_bbp_topic_count_hidden":0,"_bbp_reply_count_hidden":0,"_bbp_forum_subforum_count":0,"site-sidebar-layout":"default","site-content-layout":"","ast-site-content-layout":"","site-content-style":"default","site-sidebar-style":"default","ast-global-header-display":"","ast-banner-title-visibility":"","ast-main-header-display":"","ast-hfb-above-header-display":"","ast-hfb-below-header-display":"","ast-hfb-mobile-header-display":"","site-post-title":"","ast-breadcrumbs-content":"","ast-featured-img":"","footer-sml-layout":"","theme-transparent-header-meta":"","adv-header-id-meta":"","stick-header-meta":"","header-above-stick-meta":"","header-main-stick-meta":"","header-below-stick-meta":"","astra-migrate-meta-layouts":"default","ast-page-background-enabled":"default","ast-page-background-meta":{"desktop":{"background-color":"var(--ast-global-color-4)","background-image":"","background-repeat":"repeat","background-position":"center center","background-size":"auto","background-attachment":"scroll","background-type":"","background-media":"","overlay-type":"","overlay-color":"","overlay-opacity":"","overlay-gradient":""},"tablet":{"background-color":"","background-image":"","background-repeat":"repeat","background-position":"center center","background-size":"auto","background-attachment":"scroll","background-type":"","background-media":"","overlay-type":"","overlay-color":"","overlay-opacity":"","overlay-gradient":""},"mobile":{"background-color":"","background-image":"","background-repeat":"repeat","background-position":"center center","background-size":"auto","background-attachment":"scroll","background-type":"","background-media":"","overlay-type":"","overlay-color":"","overlay-opacity":"","overlay-gradient":""}},"ast-content-background-meta":{"desktop":{"background-color":"var(--ast-global-color-5)","background-image":"","background-repeat":"repeat","background-position":"center center","background-size":"auto","background-attachment":"scroll","background-type":"","background-media":"","overlay-type":"","overlay-color":"","overlay-opacity":"","overlay-gradient":""},"tablet":{"background-color":"var(--ast-global-color-5)","background-image":"","background-repeat":"repeat","background-position":"center center","background-size":"auto","background-attachment":"scroll","background-type":"","background-media":"","overlay-type":"","overlay-color":"","overlay-opacity":"","overlay-gradient":""},"mobile":{"background-color":"var(--ast-global-color-5)","background-image":"","background-repeat":"repeat","background-position":"center center","background-size":"auto","background-attachment":"scroll","background-type":"","background-media":"","overlay-type":"","overlay-color":"","overlay-opacity":"","overlay-gradient":""}},"footnotes":""},"class_list":["post-1608","page","type-page","status-publish","hentry"],"post_mailing_queue_ids":[],"_links":{"self":[{"href":"https:\/\/agora.xtec.cat\/iesaltbergueda\/wp-json\/wp\/v2\/pages\/1608","targetHints":{"allow":["GET"]}}],"collection":[{"href":"https:\/\/agora.xtec.cat\/iesaltbergueda\/wp-json\/wp\/v2\/pages"}],"about":[{"href":"https:\/\/agora.xtec.cat\/iesaltbergueda\/wp-json\/wp\/v2\/types\/page"}],"author":[{"embeddable":true,"href":"https:\/\/agora.xtec.cat\/iesaltbergueda\/wp-json\/wp\/v2\/users\/1"}],"replies":[{"embeddable":true,"href":"https:\/\/agora.xtec.cat\/iesaltbergueda\/wp-json\/wp\/v2\/comments?post=1608"}],"version-history":[{"count":3,"href":"https:\/\/agora.xtec.cat\/iesaltbergueda\/wp-json\/wp\/v2\/pages\/1608\/revisions"}],"predecessor-version":[{"id":7351,"href":"https:\/\/agora.xtec.cat\/iesaltbergueda\/wp-json\/wp\/v2\/pages\/1608\/revisions\/7351"}],"up":[{"embeddable":true,"href":"https:\/\/agora.xtec.cat\/iesaltbergueda\/wp-json\/wp\/v2\/pages\/1598"}],"wp:attachment":[{"href":"https:\/\/agora.xtec.cat\/iesaltbergueda\/wp-json\/wp\/v2\/media?parent=1608"}],"curies":[{"name":"wp","href":"https:\/\/api.w.org\/{rel}","templated":true}]}}