{"id":4150,"date":"2022-02-28T07:24:06","date_gmt":"2022-02-28T07:24:06","guid":{"rendered":"https:\/\/insalmenar.cat\/?page_id=1235"},"modified":"2025-06-26T23:03:43","modified_gmt":"2025-06-26T21:03:43","slug":"llibres-de-text","status":"publish","type":"page","link":"https:\/\/agora.xtec.cat\/iesalmenar\/llibres-de-text\/","title":{"rendered":"Llibres de text"},"content":{"rendered":"\r\n<h2><a href=\"https:\/\/drive.google.com\/file\/d\/1jKDB6jgT50IcACSpGlmXcXiLYDPR_6fk\/view?usp=sharing\" target=\"_blank\" rel=\"noopener\">Llistat de llibres 2025-26<\/a><\/h2>\r\n<h1>\u00a0<\/h1>\r\n<h1>Com comprar ecoBOOKS?<\/h1>\r\n\r\n\r\n\r\n<p>En el seg\u00fcent document PDF es mostra tota la informaci\u00f3 de com funciona el Projecte de Reutilitzaci\u00f3 de llibres de text:<\/p>\r\n\r\n\r\n\r\n<figure class=\"wp-block-table\"><\/figure>\r\n\r\n\r\n<div><a href=\"https:\/\/drive.google.com\/file\/d\/1c9TnF_3Sold8X58H1nLWgnqgyn2jiyK2\/view?usp=sharing\" target=\"_blank\" rel=\"noopener\">Com comprar Ecobooks<\/a><\/div>\r\n<div>\u00a0<\/div>\r\n<div>\u00a0<\/div>\r\n<div>\u00a0<\/div>\r\n<div>\u00a0<\/div>\r\n<p><!--more--><\/p>\r\n<h1>Tota la informaci\u00f3 sobre Iddink<\/h1>\r\n<p>Aquest curs continuem oferint el Projecte de Reutilitzaci\u00f3 de llibres amb\u00a0IDDINK\u00a0i el seu sistema d&#8217;ecoBooks. Els avantatges d&#8217;aquest sistema s\u00f3n:<\/p>\r\n<p>\r\n<\/p>\r\n<ul class=\"wp-block-list\">\r\n\t<li>Estalvi del\u00a0<strong>60%<\/strong>\u00a0respecte al PVP en l&#8217;adquisici\u00f3 dels llibres reutilitzables (ecoBooks).<\/li>\r\n\r\n\r\n\t<li>Comanda unificada amb sistema flexible: es pot triar qu\u00e8 comprar: llibres nous, reutilitzables, de lectura, quotes, dossiers, material de papereria, etc.<\/li>\r\n\r\n\r\n\t<li>Les comandes es lliuraran a domicili a partir de la tercera setmana de juliol.<\/li>\r\n<\/ul>\r\n<p>\r\n<\/p>\r\n<p>Contacte amb\u00a0IDDINK:<\/p>\r\n<p>\r\n<\/p>\r\n<ul class=\"wp-block-list\">\r\n\t<li><em>p\u00e0gina web:\u00a0<a href=\"https:\/\/eur03.safelinks.protection.outlook.com\/?url=http%3A%2F%2Fwww.iddink.cat%2F&amp;data=05%7C01%7Craquel.fernandez%40iddinkgroup.es%7Cd6ea83a6eabb46bcf74808db60ff6743%7C4d5a48993bae4dc59ea0ba540b354430%7C0%7C0%7C638210422294431040%7CUnknown%7CTWFpbGZsb3d8eyJWIjoiMC4wLjAwMDAiLCJQIjoiV2luMzIiLCJBTiI6Ik1haWwiLCJXVCI6Mn0%3D%7C3000%7C%7C%7C&amp;sdata=dG%2F4D1bMO2hIdetkUg9F4hQmd6ZUmdzLAnrJypgDUNg%3D&amp;reserved=0\" target=\"_blank\" rel=\"noreferrer noopener\">www.iddink.cat<\/a><\/em><\/li>\r\n\r\n\r\n\t<li><em>tel. 93 238 88 33<\/em><\/li>\r\n\r\n\r\n\t<li><em>e-mail:\u00a0<\/em><em><a href=\"mailto:info@iddink.cat\" target=\"_blank\" rel=\"noreferrer noopener\">info@iddink.cat<\/a><\/em><\/li>\r\n<\/ul>\r\n<p>\r\n<\/p>\r\n<p>Tingueu en compte que les\u00a0comandes\u00a0abans del 21 de juliol s&#8217;estalviaran\u00a03\u202f\u20ac de despeses de gesti\u00f3.<br \/>\r\n\u00a0Un any m\u00e9s us animem a utilitzar aquest sistema que redueix els costos mediambientals i aconsegueix un gran estalvi econ\u00f2mic.<\/p>\r\n<p>\r\n<\/p>\r\n<p>Voleu saber-ne m\u00e9s?<\/p>\r\n<p>\r\n<\/p>\r\n<p><em><a href=\"http:\/\/microsites.iddink.es\/366_institut_dalmenar\" target=\"_blank\" rel=\"noreferrer noopener\"><strong>http:\/\/microsites.iddink.es\/366_institut_dalmenar<\/strong><\/a><\/em><\/p>\r\n<p>A continuaci\u00f3, es mostren unes p\u00edndoles informatives en forma de v\u00eddeos sobre el projecte de reutilitzaci\u00f3 i qu\u00e8 s\u00f3n els ecoBooks:<\/p>\r\n<p>\r\n<\/p>\r\n<figure class=\"wp-block-table\">\r\n<table style=\"width: 58.732%;\">\r\n<tbody>\r\n<tr>\r\n<td style=\"width: 45.7364%;\">Presentaci\u00f3 curta<\/td>\r\n<td style=\"width: 66.1499%;\"><a href=\"https:\/\/vimeo.com\/418474967\" target=\"_blank\" rel=\"noreferrer noopener\">https:\/\/vimeo.com\/418474967<\/a><\/td>\r\n<\/tr>\r\n<tr>\r\n<td style=\"width: 45.7364%;\">Com fer una comanda<\/td>\r\n<td style=\"width: 66.1499%;\"><a href=\"https:\/\/vimeo.com\/427671538\" target=\"_blank\" rel=\"noreferrer noopener\">https:\/\/vimeo.com\/427671538<\/a><\/td>\r\n<\/tr>\r\n<tr>\r\n<td style=\"width: 45.7364%;\">Com tractar els ecoBooks<\/td>\r\n<td style=\"width: 66.1499%;\"><a href=\"https:\/\/vimeo.com\/45076699\" target=\"_blank\" rel=\"noreferrer noopener\">https:\/\/vimeo.com\/45076699<\/a><\/td>\r\n<\/tr>\r\n<tr>\r\n<td style=\"width: 45.7364%;\">Com retornar ecoBooks<\/td>\r\n<td style=\"width: 66.1499%;\"><a href=\"https:\/\/vimeo.com\/437081582\" target=\"_blank\" rel=\"noreferrer noopener\">https:\/\/vimeo.com\/437081582<\/a><\/td>\r\n<\/tr>\r\n<tr>\r\n<td style=\"width: 45.7364%;\">M\u00e9s informaci\u00f3<\/td>\r\n<td style=\"width: 66.1499%;\"><a href=\"https:\/\/www.youtube.com\/@Iddinkspain\" target=\"_blank\" rel=\"noopener\">https:\/\/www.youtube.com\/@Iddinkspain<\/a><\/td>\r\n<\/tr>\r\n<\/tbody>\r\n<\/table>\r\n<\/figure>\r\n","protected":false},"excerpt":{"rendered":"<p><a href=\"https:\/\/drive.google.com\/file\/d\/1jKDB6jgT50IcACSpGlmXcXiLYDPR_6fk\/view?usp=sharing\" target=\"_blank\" rel=\"noopener\">Llistat de llibres 2025-26<\/a><br \/>\n\u00a0<br \/>\nCom comprar ecoBOOKS?<\/p>\n<p>En el seg\u00fcent document PDF es mostra tota la informaci\u00f3 de com funciona el Projecte de Reutilitzaci\u00f3 de llibres de text:<\/p>\n<p><a href=\"https:\/\/drive.google.com\/file\/d\/1c9TnF_3Sold8X58H1nLWgnqgyn2jiyK2\/view?usp=sharing\" target=\"_blank\" rel=\"noopener\">Com comprar Ecobooks<\/a><br \/>\n\u00a0<br \/>\n\u00a0<br \/>\n\u00a0<br \/>\n\u00a0<\/p>\n","protected":false},"author":25,"featured_media":0,"parent":0,"menu_order":0,"comment_status":"closed","ping_status":"closed","template":"","meta":{"_bbp_topic_count":0,"_bbp_reply_count":0,"_bbp_total_topic_count":0,"_bbp_total_reply_count":0,"_bbp_voice_count":0,"_bbp_anonymous_reply_count":0,"_bbp_topic_count_hidden":0,"_bbp_reply_count_hidden":0,"_bbp_forum_subforum_count":0,"footnotes":""},"class_list":["post-4150","page","type-page","status-publish","hentry"],"post_mailing_queue_ids":[],"_links":{"self":[{"href":"https:\/\/agora.xtec.cat\/iesalmenar\/wp-json\/wp\/v2\/pages\/4150","targetHints":{"allow":["GET"]}}],"collection":[{"href":"https:\/\/agora.xtec.cat\/iesalmenar\/wp-json\/wp\/v2\/pages"}],"about":[{"href":"https:\/\/agora.xtec.cat\/iesalmenar\/wp-json\/wp\/v2\/types\/page"}],"author":[{"embeddable":true,"href":"https:\/\/agora.xtec.cat\/iesalmenar\/wp-json\/wp\/v2\/users\/25"}],"replies":[{"embeddable":true,"href":"https:\/\/agora.xtec.cat\/iesalmenar\/wp-json\/wp\/v2\/comments?post=4150"}],"version-history":[{"count":6,"href":"https:\/\/agora.xtec.cat\/iesalmenar\/wp-json\/wp\/v2\/pages\/4150\/revisions"}],"predecessor-version":[{"id":5628,"href":"https:\/\/agora.xtec.cat\/iesalmenar\/wp-json\/wp\/v2\/pages\/4150\/revisions\/5628"}],"wp:attachment":[{"href":"https:\/\/agora.xtec.cat\/iesalmenar\/wp-json\/wp\/v2\/media?parent=4150"}],"curies":[{"name":"wp","href":"https:\/\/api.w.org\/{rel}","templated":true}]}}