{"id":7559,"date":"2026-02-23T12:50:28","date_gmt":"2026-02-23T11:50:28","guid":{"rendered":"https:\/\/agora.xtec.cat\/iesalmata\/?page_id=7559"},"modified":"2026-03-20T11:36:37","modified_gmt":"2026-03-20T10:36:37","slug":"projectes-de-centre","status":"publish","type":"page","link":"https:\/\/agora.xtec.cat\/iesalmata\/projectes\/projectes-de-centre\/","title":{"rendered":"Projectes de centre"},"content":{"rendered":"\n<p>Al nostre centre impulsem <strong>projectes de centre<\/strong> que donen coher\u00e8ncia i identitat al nostre projecte educatiu, amb una mirada global, innovadora i compromesa amb la realitat actual.<\/p>\n\n\n\n<p>A trav\u00e9s d\u2019iniciatives com ERASMUS+, fomentem l\u2019obertura internacional, l\u2019intercanvi d\u2019experi\u00e8ncies i el creixement personal i cultural de l\u2019alumnat. Els projectes STEAM promouen el pensament cient\u00edfic i tecnol\u00f2gic, la creativitat i la resoluci\u00f3 de problemes reals des d\u2019una perspectiva interdisciplin\u00e0ria.<\/p>\n\n\n\n<p>El Projecte de Benestar se centra en el desenvolupament personal i emocional de l\u2019alumnat, promovent h\u00e0bits saludables, l\u2019acompanyament i la conviv\u00e8ncia positiva. D\u2019altra banda, el Projecte d\u2019Educaci\u00f3 per a la Sostenibilitat fomenta la consci\u00e8ncia ambiental i el comprom\u00eds amb el medi, tot treballant per formar una ciutadania responsable i implicada en la construcci\u00f3 d\u2019un futur m\u00e9s sostenible.<\/p>\n\n\n\n<p>Aquests projectes contribueixen a formar persones cr\u00edtiques, responsables i preparades per afrontar els reptes del present i del futur.<\/p>\n","protected":false},"excerpt":{"rendered":"<p>Al nostre centre impulsem projectes de centre que donen coher\u00e8ncia i identitat al nostre projecte educatiu, amb una mirada global, [&hellip;]<\/p>\n","protected":false},"author":8,"featured_media":0,"parent":692,"menu_order":1,"comment_status":"closed","ping_status":"closed","template":"","meta":{"_bbp_topic_count":0,"_bbp_reply_count":0,"_bbp_total_topic_count":0,"_bbp_total_reply_count":0,"_bbp_voice_count":0,"_bbp_anonymous_reply_count":0,"_bbp_topic_count_hidden":0,"_bbp_reply_count_hidden":0,"_bbp_forum_subforum_count":0,"site-sidebar-layout":"default","site-content-layout":"","ast-site-content-layout":"default","site-content-style":"default","site-sidebar-style":"default","ast-global-header-display":"","ast-banner-title-visibility":"","ast-main-header-display":"","ast-hfb-above-header-display":"","ast-hfb-below-header-display":"","ast-hfb-mobile-header-display":"","site-post-title":"","ast-breadcrumbs-content":"","ast-featured-img":"","footer-sml-layout":"","theme-transparent-header-meta":"","adv-header-id-meta":"","stick-header-meta":"","header-above-stick-meta":"","header-main-stick-meta":"","header-below-stick-meta":"","astra-migrate-meta-layouts":"set","ast-page-background-enabled":"default","ast-page-background-meta":{"desktop":{"background-color":"var(--ast-global-color-4)","background-image":"","background-repeat":"repeat","background-position":"center center","background-size":"auto","background-attachment":"scroll","background-type":"","background-media":"","overlay-type":"","overlay-color":"","overlay-opacity":"","overlay-gradient":""},"tablet":{"background-color":"","background-image":"","background-repeat":"repeat","background-position":"center center","background-size":"auto","background-attachment":"scroll","background-type":"","background-media":"","overlay-type":"","overlay-color":"","overlay-opacity":"","overlay-gradient":""},"mobile":{"background-color":"","background-image":"","background-repeat":"repeat","background-position":"center center","background-size":"auto","background-attachment":"scroll","background-type":"","background-media":"","overlay-type":"","overlay-color":"","overlay-opacity":"","overlay-gradient":""}},"ast-content-background-meta":{"desktop":{"background-color":"var(--ast-global-color-5)","background-image":"","background-repeat":"repeat","background-position":"center center","background-size":"auto","background-attachment":"scroll","background-type":"","background-media":"","overlay-type":"","overlay-color":"","overlay-opacity":"","overlay-gradient":""},"tablet":{"background-color":"var(--ast-global-color-5)","background-image":"","background-repeat":"repeat","background-position":"center center","background-size":"auto","background-attachment":"scroll","background-type":"","background-media":"","overlay-type":"","overlay-color":"","overlay-opacity":"","overlay-gradient":""},"mobile":{"background-color":"var(--ast-global-color-5)","background-image":"","background-repeat":"repeat","background-position":"center center","background-size":"auto","background-attachment":"scroll","background-type":"","background-media":"","overlay-type":"","overlay-color":"","overlay-opacity":"","overlay-gradient":""}},"footnotes":""},"class_list":["post-7559","page","type-page","status-publish","hentry"],"post_mailing_queue_ids":[],"_links":{"self":[{"href":"https:\/\/agora.xtec.cat\/iesalmata\/wp-json\/wp\/v2\/pages\/7559","targetHints":{"allow":["GET"]}}],"collection":[{"href":"https:\/\/agora.xtec.cat\/iesalmata\/wp-json\/wp\/v2\/pages"}],"about":[{"href":"https:\/\/agora.xtec.cat\/iesalmata\/wp-json\/wp\/v2\/types\/page"}],"author":[{"embeddable":true,"href":"https:\/\/agora.xtec.cat\/iesalmata\/wp-json\/wp\/v2\/users\/8"}],"replies":[{"embeddable":true,"href":"https:\/\/agora.xtec.cat\/iesalmata\/wp-json\/wp\/v2\/comments?post=7559"}],"version-history":[{"count":3,"href":"https:\/\/agora.xtec.cat\/iesalmata\/wp-json\/wp\/v2\/pages\/7559\/revisions"}],"predecessor-version":[{"id":7707,"href":"https:\/\/agora.xtec.cat\/iesalmata\/wp-json\/wp\/v2\/pages\/7559\/revisions\/7707"}],"up":[{"embeddable":true,"href":"https:\/\/agora.xtec.cat\/iesalmata\/wp-json\/wp\/v2\/pages\/692"}],"wp:attachment":[{"href":"https:\/\/agora.xtec.cat\/iesalmata\/wp-json\/wp\/v2\/media?parent=7559"}],"curies":[{"name":"wp","href":"https:\/\/api.w.org\/{rel}","templated":true}]}}