{"id":7387,"date":"2026-01-26T18:17:41","date_gmt":"2026-01-26T17:17:41","guid":{"rendered":"https:\/\/agora.xtec.cat\/iesalmata\/?page_id=7387"},"modified":"2026-03-03T11:07:03","modified_gmt":"2026-03-03T10:07:03","slug":"ieduca","status":"publish","type":"page","link":"https:\/\/agora.xtec.cat\/iesalmata\/secretaria\/ieduca\/","title":{"rendered":"iEduca"},"content":{"rendered":"\n<figure class=\"wp-block-image aligncenter size-full is-resized\"><a href=\"https:\/\/institutalmata.ieduca.com\/\"><img loading=\"lazy\" decoding=\"async\" width=\"345\" height=\"300\" src=\"https:\/\/agora.xtec.cat\/iesalmata\/wp-content\/uploads\/usu2959\/2026\/01\/LOGO-IEDUCA.jpg\" alt=\"\" class=\"wp-image-7394\" style=\"width:174px;height:auto\" srcset=\"https:\/\/agora.xtec.cat\/iesalmata\/wp-content\/uploads\/usu2959\/2026\/01\/LOGO-IEDUCA.jpg 345w, https:\/\/agora.xtec.cat\/iesalmata\/wp-content\/uploads\/usu2959\/2026\/01\/LOGO-IEDUCA-300x261.jpg 300w\" sizes=\"auto, (max-width: 345px) 100vw, 345px\" \/><\/a><\/figure>\n\n\n\n<p>L\u2019Institut utilitza la plataforma iEduca com a programari de gesti\u00f3 acad\u00e8mica de l&#8217;alumnat. Permet passar llista, incloure els horaris de grup, posar incid\u00e8ncies i marcar esdeveniments al calendari, entre d\u2019altres.<\/p>\n\n\n\n<h5 class=\"wp-block-heading has-text-color has-link-color wp-elements-42d483b9da3abaa4fe031462741417dc\" style=\"color:#239b9b\">iEduca-Fam\u00edlies<\/h5>\n\n\n\n<p>Les fam\u00edlies tamb\u00e9 disposeu d\u2019un compte d\u2019usuari associat al vostre\/a fill\/a on podeu fer-ne un seguiment. Podeu accedir a iEduca mitjan\u00e7ant l\u2019APP \u00ab<strong>iEduca TokApp<\/strong>\u00bb que us podeu descarregar en les store d\u2019Apple o Google.<\/p>\n\n\n\n<figure class=\"wp-block-image size-full is-resized\"><a href=\"https:\/\/agora.xtec.cat\/iesalmata\/wp-content\/uploads\/usu2959\/2026\/01\/iEduca-ToApp.png\"><img loading=\"lazy\" decoding=\"async\" width=\"262\" height=\"256\" src=\"https:\/\/agora.xtec.cat\/iesalmata\/wp-content\/uploads\/usu2959\/2026\/01\/iEduca-ToApp.png\" alt=\"\" class=\"wp-image-7413\" style=\"width:60px;height:auto\"\/><\/a><\/figure>\n\n\n\n<p>El seg\u00fcent v\u00eddeo mostra pas a pas com fer la desc\u00e0rrega:<\/p>\n\n\n\n<figure class=\"wp-block-embed is-type-video is-provider-youtube wp-block-embed-youtube wp-embed-aspect-16-9 wp-has-aspect-ratio\"><div class=\"wp-block-embed__wrapper\">\n<div class=\"ast-oembed-container \" style=\"height: 100%;\"><iframe loading=\"lazy\" title=\"FAM - Com instal\u00b7lar Tokapp.\" width=\"500\" height=\"281\" src=\"https:\/\/www.youtube.com\/embed\/rnFTwePxLpc?start=209&#038;feature=oembed\" frameborder=\"0\" allow=\"accelerometer; autoplay; clipboard-write; encrypted-media; gyroscope; picture-in-picture; web-share\" referrerpolicy=\"strict-origin-when-cross-origin\" allowfullscreen><\/iframe><\/div>\n<\/div><\/figure>\n\n\n\n<p>Un cop instal\u00b7lada, per accedir-hi cal introduir l\u2019usuari i la contrasenya que us hem proporcionat. <\/p>\n\n\n\n<p><\/p>\n","protected":false},"excerpt":{"rendered":"<p>L\u2019Institut utilitza la plataforma iEduca com a programari de gesti\u00f3 acad\u00e8mica de l&#8217;alumnat. Permet passar llista, incloure els horaris de [&hellip;]<\/p>\n","protected":false},"author":8,"featured_media":0,"parent":81,"menu_order":0,"comment_status":"closed","ping_status":"close","template":"","meta":{"_bbp_topic_count":0,"_bbp_reply_count":0,"_bbp_total_topic_count":0,"_bbp_total_reply_count":0,"_bbp_voice_count":0,"_bbp_anonymous_reply_count":0,"_bbp_topic_count_hidden":0,"_bbp_reply_count_hidden":0,"_bbp_forum_subforum_count":0,"site-sidebar-layout":"left-sidebar","site-content-layout":"","ast-site-content-layout":"default","site-content-style":"default","site-sidebar-style":"default","ast-global-header-display":"","ast-banner-title-visibility":"","ast-main-header-display":"","ast-hfb-above-header-display":"","ast-hfb-below-header-display":"","ast-hfb-mobile-header-display":"","site-post-title":"","ast-breadcrumbs-content":"","ast-featured-img":"","footer-sml-layout":"","theme-transparent-header-meta":"","adv-header-id-meta":"","stick-header-meta":"","header-above-stick-meta":"","header-main-stick-meta":"","header-below-stick-meta":"","astra-migrate-meta-layouts":"set","ast-page-background-enabled":"default","ast-page-background-meta":{"desktop":{"background-color":"var(--ast-global-color-4)","background-image":"","background-repeat":"repeat","background-position":"center center","background-size":"auto","background-attachment":"scroll","background-type":"","background-media":"","overlay-type":"","overlay-color":"","overlay-opacity":"","overlay-gradient":""},"tablet":{"background-color":"","background-image":"","background-repeat":"repeat","background-position":"center center","background-size":"auto","background-attachment":"scroll","background-type":"","background-media":"","overlay-type":"","overlay-color":"","overlay-opacity":"","overlay-gradient":""},"mobile":{"background-color":"","background-image":"","background-repeat":"repeat","background-position":"center center","background-size":"auto","background-attachment":"scroll","background-type":"","background-media":"","overlay-type":"","overlay-color":"","overlay-opacity":"","overlay-gradient":""}},"ast-content-background-meta":{"desktop":{"background-color":"var(--ast-global-color-5)","background-image":"","background-repeat":"repeat","background-position":"center center","background-size":"auto","background-attachment":"scroll","background-type":"","background-media":"","overlay-type":"","overlay-color":"","overlay-opacity":"","overlay-gradient":""},"tablet":{"background-color":"var(--ast-global-color-5)","background-image":"","background-repeat":"repeat","background-position":"center center","background-size":"auto","background-attachment":"scroll","background-type":"","background-media":"","overlay-type":"","overlay-color":"","overlay-opacity":"","overlay-gradient":""},"mobile":{"background-color":"var(--ast-global-color-5)","background-image":"","background-repeat":"repeat","background-position":"center center","background-size":"auto","background-attachment":"scroll","background-type":"","background-media":"","overlay-type":"","overlay-color":"","overlay-opacity":"","overlay-gradient":""}},"footnotes":""},"class_list":["post-7387","page","type-page","status-publish","hentry"],"post_mailing_queue_ids":[],"_links":{"self":[{"href":"https:\/\/agora.xtec.cat\/iesalmata\/wp-json\/wp\/v2\/pages\/7387","targetHints":{"allow":["GET"]}}],"collection":[{"href":"https:\/\/agora.xtec.cat\/iesalmata\/wp-json\/wp\/v2\/pages"}],"about":[{"href":"https:\/\/agora.xtec.cat\/iesalmata\/wp-json\/wp\/v2\/types\/page"}],"author":[{"embeddable":true,"href":"https:\/\/agora.xtec.cat\/iesalmata\/wp-json\/wp\/v2\/users\/8"}],"replies":[{"embeddable":true,"href":"https:\/\/agora.xtec.cat\/iesalmata\/wp-json\/wp\/v2\/comments?post=7387"}],"version-history":[{"count":5,"href":"https:\/\/agora.xtec.cat\/iesalmata\/wp-json\/wp\/v2\/pages\/7387\/revisions"}],"predecessor-version":[{"id":7418,"href":"https:\/\/agora.xtec.cat\/iesalmata\/wp-json\/wp\/v2\/pages\/7387\/revisions\/7418"}],"up":[{"embeddable":true,"href":"https:\/\/agora.xtec.cat\/iesalmata\/wp-json\/wp\/v2\/pages\/81"}],"wp:attachment":[{"href":"https:\/\/agora.xtec.cat\/iesalmata\/wp-json\/wp\/v2\/media?parent=7387"}],"curies":[{"name":"wp","href":"https:\/\/api.w.org\/{rel}","templated":true}]}}