{"id":7046,"date":"2025-10-20T18:16:38","date_gmt":"2025-10-20T16:16:38","guid":{"rendered":"https:\/\/agora.xtec.cat\/iesalmata\/?page_id=7046"},"modified":"2026-02-20T11:26:30","modified_gmt":"2026-02-20T10:26:30","slug":"consulta-oberta-3","status":"publish","type":"page","link":"https:\/\/agora.xtec.cat\/iesalmata\/consulta-oberta-3\/","title":{"rendered":"Consulta Oberta"},"content":{"rendered":"\n<p>L\u2019alumnat pot sol\u00b7licitar consulta amb la infermera per parlar sobre temes relacionats amb la salut, sexualitat, sentiments i emocions, alimentaci\u00f3, drogues i addiccions, prevenci\u00f3 de malalties, assetjaments i viol\u00e8ncies, h\u00e0bits saludables, dubtes. \u00c9s totalment confidencial. Amb el codi QR s\u2019accedeix a l\u2019aplicatiu que permet fer la demanda.&nbsp;<\/p>\n\n\n\n<p><strong>Horari:<\/strong> Dilluns de 9:45h a 13:00h, a l\u2019aula M05<\/p>\n\n\n\n<figure class=\"wp-block-image size-full is-resized\"><a href=\"https:\/\/agora.xtec.cat\/iesalmata\/wp-content\/uploads\/usu2959\/2025\/10\/Consulta_oberta_25-26.png\"><img loading=\"lazy\" decoding=\"async\" width=\"957\" height=\"604\" src=\"https:\/\/agora.xtec.cat\/iesalmata\/wp-content\/uploads\/usu2959\/2025\/10\/Consulta_oberta_25-26.png\" alt=\"\" class=\"wp-image-7048\" style=\"width:429px;height:auto\" srcset=\"https:\/\/agora.xtec.cat\/iesalmata\/wp-content\/uploads\/usu2959\/2025\/10\/Consulta_oberta_25-26.png 957w, https:\/\/agora.xtec.cat\/iesalmata\/wp-content\/uploads\/usu2959\/2025\/10\/Consulta_oberta_25-26-300x189.png 300w, https:\/\/agora.xtec.cat\/iesalmata\/wp-content\/uploads\/usu2959\/2025\/10\/Consulta_oberta_25-26-768x485.png 768w\" sizes=\"auto, (max-width: 957px) 100vw, 957px\" \/><\/a><\/figure>\n\n\n\n<figure class=\"wp-block-image size-large\"><a href=\"https:\/\/agora.xtec.cat\/iesalmata\/wp-content\/uploads\/usu2959\/2026\/02\/salut-i-escola.jpg\"><img loading=\"lazy\" decoding=\"async\" width=\"721\" height=\"1024\" src=\"https:\/\/agora.xtec.cat\/iesalmata\/wp-content\/uploads\/usu2959\/2026\/02\/salut-i-escola-721x1024.jpg\" alt=\"\" class=\"wp-image-7543\" srcset=\"https:\/\/agora.xtec.cat\/iesalmata\/wp-content\/uploads\/usu2959\/2026\/02\/salut-i-escola-721x1024.jpg 721w, https:\/\/agora.xtec.cat\/iesalmata\/wp-content\/uploads\/usu2959\/2026\/02\/salut-i-escola-211x300.jpg 211w, https:\/\/agora.xtec.cat\/iesalmata\/wp-content\/uploads\/usu2959\/2026\/02\/salut-i-escola-768x1091.jpg 768w, https:\/\/agora.xtec.cat\/iesalmata\/wp-content\/uploads\/usu2959\/2026\/02\/salut-i-escola.jpg 1081w\" sizes=\"auto, (max-width: 721px) 100vw, 721px\" \/><\/a><\/figure>\n","protected":false},"excerpt":{"rendered":"<p>L\u2019alumnat pot sol\u00b7licitar consulta amb la infermera per parlar sobre temes relacionats amb la salut, sexualitat, sentiments i emocions, alimentaci\u00f3, [&hellip;]<\/p>\n","protected":false},"author":8,"featured_media":0,"parent":0,"menu_order":0,"comment_status":"closed","ping_status":"close","template":"","meta":{"_bbp_topic_count":0,"_bbp_reply_count":0,"_bbp_total_topic_count":0,"_bbp_total_reply_count":0,"_bbp_voice_count":0,"_bbp_anonymous_reply_count":0,"_bbp_topic_count_hidden":0,"_bbp_reply_count_hidden":0,"_bbp_forum_subforum_count":0,"site-sidebar-layout":"default","site-content-layout":"","ast-site-content-layout":"default","site-content-style":"default","site-sidebar-style":"default","ast-global-header-display":"","ast-banner-title-visibility":"","ast-main-header-display":"","ast-hfb-above-header-display":"","ast-hfb-below-header-display":"","ast-hfb-mobile-header-display":"","site-post-title":"","ast-breadcrumbs-content":"","ast-featured-img":"","footer-sml-layout":"","theme-transparent-header-meta":"","adv-header-id-meta":"","stick-header-meta":"","header-above-stick-meta":"","header-main-stick-meta":"","header-below-stick-meta":"","astra-migrate-meta-layouts":"set","ast-page-background-enabled":"default","ast-page-background-meta":{"desktop":{"background-color":"var(--ast-global-color-4)","background-image":"","background-repeat":"repeat","background-position":"center center","background-size":"auto","background-attachment":"scroll","background-type":"","background-media":"","overlay-type":"","overlay-color":"","overlay-opacity":"","overlay-gradient":""},"tablet":{"background-color":"","background-image":"","background-repeat":"repeat","background-position":"center center","background-size":"auto","background-attachment":"scroll","background-type":"","background-media":"","overlay-type":"","overlay-color":"","overlay-opacity":"","overlay-gradient":""},"mobile":{"background-color":"","background-image":"","background-repeat":"repeat","background-position":"center center","background-size":"auto","background-attachment":"scroll","background-type":"","background-media":"","overlay-type":"","overlay-color":"","overlay-opacity":"","overlay-gradient":""}},"ast-content-background-meta":{"desktop":{"background-color":"var(--ast-global-color-5)","background-image":"","background-repeat":"repeat","background-position":"center center","background-size":"auto","background-attachment":"scroll","background-type":"","background-media":"","overlay-type":"","overlay-color":"","overlay-opacity":"","overlay-gradient":""},"tablet":{"background-color":"var(--ast-global-color-5)","background-image":"","background-repeat":"repeat","background-position":"center center","background-size":"auto","background-attachment":"scroll","background-type":"","background-media":"","overlay-type":"","overlay-color":"","overlay-opacity":"","overlay-gradient":""},"mobile":{"background-color":"var(--ast-global-color-5)","background-image":"","background-repeat":"repeat","background-position":"center center","background-size":"auto","background-attachment":"scroll","background-type":"","background-media":"","overlay-type":"","overlay-color":"","overlay-opacity":"","overlay-gradient":""}},"footnotes":""},"class_list":["post-7046","page","type-page","status-publish","hentry"],"post_mailing_queue_ids":[],"_links":{"self":[{"href":"https:\/\/agora.xtec.cat\/iesalmata\/wp-json\/wp\/v2\/pages\/7046","targetHints":{"allow":["GET"]}}],"collection":[{"href":"https:\/\/agora.xtec.cat\/iesalmata\/wp-json\/wp\/v2\/pages"}],"about":[{"href":"https:\/\/agora.xtec.cat\/iesalmata\/wp-json\/wp\/v2\/types\/page"}],"author":[{"embeddable":true,"href":"https:\/\/agora.xtec.cat\/iesalmata\/wp-json\/wp\/v2\/users\/8"}],"replies":[{"embeddable":true,"href":"https:\/\/agora.xtec.cat\/iesalmata\/wp-json\/wp\/v2\/comments?post=7046"}],"version-history":[{"count":5,"href":"https:\/\/agora.xtec.cat\/iesalmata\/wp-json\/wp\/v2\/pages\/7046\/revisions"}],"predecessor-version":[{"id":7548,"href":"https:\/\/agora.xtec.cat\/iesalmata\/wp-json\/wp\/v2\/pages\/7046\/revisions\/7548"}],"wp:attachment":[{"href":"https:\/\/agora.xtec.cat\/iesalmata\/wp-json\/wp\/v2\/media?parent=7046"}],"curies":[{"name":"wp","href":"https:\/\/api.w.org\/{rel}","templated":true}]}}