{"id":6972,"date":"2025-09-22T11:15:41","date_gmt":"2025-09-22T09:15:41","guid":{"rendered":"https:\/\/agora.xtec.cat\/iesalmata\/?page_id=6972"},"modified":"2026-03-03T11:06:42","modified_gmt":"2026-03-03T10:06:42","slug":"llibres-de-text","status":"publish","type":"page","link":"https:\/\/agora.xtec.cat\/iesalmata\/secretaria\/llibres-de-text\/","title":{"rendered":"Llibres de text"},"content":{"rendered":"\n<h3 class=\"wp-block-heading has-text-color has-link-color wp-elements-3f691e2258b0ab7b003f11b25e0cec1a\" style=\"color:#239b9b\">ESO<\/h3>\n\n\n\n<h6 class=\"wp-block-heading has-black-color has-text-color has-link-color wp-elements-310c65e14af5f1b8d82a806d24106b41\" style=\"padding-right:var(--wp--preset--spacing--20);padding-left:var(--wp--preset--spacing--20);font-style:normal;font-weight:300\"><a href=\"https:\/\/agora.xtec.cat\/iesalmata\/wp-content\/uploads\/usu2959\/2025\/09\/1r-ESO.pdf\">1r ESO<\/a><\/h6>\n\n\n\n<h6 class=\"wp-block-heading has-black-color has-text-color has-link-color wp-elements-cf2a2485e412095c08012f6ebf4774bf\" style=\"padding-right:var(--wp--preset--spacing--20);padding-left:var(--wp--preset--spacing--20);font-style:normal;font-weight:300\"><a href=\"https:\/\/agora.xtec.cat\/iesalmata\/wp-content\/uploads\/usu2959\/2025\/09\/2n-ESO.pdf\">2n ESO<\/a><\/h6>\n\n\n\n<h6 class=\"wp-block-heading has-black-color has-text-color has-link-color wp-elements-bebda2218cedd15ca4763742d50c1cea\" style=\"padding-right:var(--wp--preset--spacing--20);padding-left:var(--wp--preset--spacing--20);font-style:normal;font-weight:300\"><a href=\"https:\/\/agora.xtec.cat\/iesalmata\/wp-content\/uploads\/usu2959\/2025\/09\/3r-ESO.pdf\">3r ESO<\/a><\/h6>\n\n\n\n<h6 class=\"wp-block-heading has-black-color has-text-color has-link-color wp-elements-75995abeabb01846d7abb6f6222f9a84\" style=\"padding-right:var(--wp--preset--spacing--20);padding-left:var(--wp--preset--spacing--20);font-style:normal;font-weight:300\"><a href=\"https:\/\/agora.xtec.cat\/iesalmata\/wp-content\/uploads\/usu2959\/2025\/09\/4t-ESO.pdf\">4t ESO<\/a><\/h6>\n\n\n\n<p><\/p>\n\n\n\n<p style=\"padding-top:var(--wp--preset--spacing--30);padding-bottom:var(--wp--preset--spacing--30)\"><\/p>\n\n\n\n<h3 class=\"wp-block-heading has-text-color has-link-color wp-elements-dacfdc9c351303687c5f026cbb42ad71\" style=\"color:#239b9b\">Batxillerat<\/h3>\n\n\n\n<h5 class=\"wp-block-heading has-text-color has-link-color wp-elements-cc12051af295d9f20a02b98be58a0078\" style=\"color:#239b9b\">Ci\u00e8ncies i Tecnologia<\/h5>\n\n\n\n<h6 class=\"wp-block-heading has-black-color has-text-color has-link-color wp-elements-2a0b36ac246216154faa0e38a5356886\"><a href=\"https:\/\/agora.xtec.cat\/iesalmata\/wp-content\/uploads\/usu2959\/2025\/09\/BATX-1r-Cientific-Tecnologic.pdf\">Primer<\/a><\/h6>\n\n\n\n<h6 class=\"wp-block-heading has-black-color has-text-color has-link-color wp-elements-4de33526dc2eead87babcc18cc9f9f2c\"><a href=\"https:\/\/agora.xtec.cat\/iesalmata\/wp-content\/uploads\/usu2959\/2025\/09\/BATX-2n-Cientific-Tecnologic.pdf\">Segon<\/a><\/h6>\n\n\n\n<p><\/p>\n\n\n\n<h5 class=\"wp-block-heading has-text-color has-link-color wp-elements-9c0666c86a67447d7256eeb32a39af33\" style=\"color:#239b9b\">Humanitats i Ci\u00e8ncies Socials<\/h5>\n\n\n\n<h6 class=\"wp-block-heading has-black-color has-text-color has-link-color wp-elements-58fa135f8aef521e7649813e6d789b55\"><a href=\"https:\/\/agora.xtec.cat\/iesalmata\/wp-content\/uploads\/usu2959\/2025\/09\/BATX-1r-Humanitats-CienciesSocials.pdf\">Primer<\/a><\/h6>\n\n\n\n<h6 class=\"wp-block-heading has-black-color has-text-color has-link-color wp-elements-cfa5c9e0aca2ecb571ded543239f7945\"><a href=\"https:\/\/agora.xtec.cat\/iesalmata\/wp-content\/uploads\/usu2959\/2025\/09\/BATX-2n-Humanitats-CienciesSocials.pdf\">Segon<\/a><\/h6>\n\n\n\n<p><\/p>\n\n\n\n<p style=\"padding-top:var(--wp--preset--spacing--30);padding-bottom:var(--wp--preset--spacing--30)\"><\/p>\n\n\n\n<h3 class=\"wp-block-heading has-text-color has-link-color wp-elements-eac7d71fe912c6032b6490f5462c2314\" style=\"color:#239b9b\">Cicles formatius de Grau Mitj\u00e0<\/h3>\n\n\n\n<h5 class=\"wp-block-heading has-text-color has-link-color wp-elements-2a43b7e65b35973a549ec083c4d1331f\" style=\"color:#239b9b\">Atenci\u00f3 a persones en situaci\u00f3 de depend\u00e8ncia<\/h5>\n\n\n\n<h6 class=\"wp-block-heading has-black-color has-text-color has-link-color wp-elements-ec4e6434ef2dc9241de5ff88e25d2e1e\"><a href=\"https:\/\/agora.xtec.cat\/iesalmata\/wp-content\/uploads\/usu2959\/2025\/09\/CFGM-Atencio-a-persones.pdf\">Primer<\/a><\/h6>\n\n\n\n<h6 class=\"wp-block-heading has-black-color has-text-color has-link-color wp-elements-1aa606fbc4332b29abaaefaf3a15a73f\"><a href=\"https:\/\/agora.xtec.cat\/iesalmata\/wp-content\/uploads\/usu2959\/2025\/09\/CFGM-Atencio-a-persones.pdf\">Segon<\/a><\/h6>\n\n\n\n<p><\/p>\n\n\n\n<h5 class=\"wp-block-heading has-text-color has-link-color wp-elements-85e2e907c63f219720867f0254c93890\" style=\"color:#239b9b\">Cures auxiliars d&#8217;infermeria<\/h5>\n\n\n\n<h6 class=\"wp-block-heading has-black-color has-text-color has-link-color wp-elements-c91a04bfc0fc357b63acf78bb73cb865\"><a href=\"https:\/\/agora.xtec.cat\/iesalmata\/wp-content\/uploads\/usu2959\/2025\/09\/CFGM-Cures-auxiliars-infermeria-1.pdf\">Primer<\/a><\/h6>\n\n\n\n<p><\/p>\n\n\n\n<h5 class=\"wp-block-heading has-text-color has-link-color wp-elements-e957af957c33d2cf07c5f518c9a40413\" style=\"color:#239b9b\">Gesti\u00f3 administrativa<\/h5>\n\n\n\n<h6 class=\"wp-block-heading has-black-color has-text-color has-link-color wp-elements-95c838199b573b37e018b6166d8bb851\"><a href=\"https:\/\/agora.xtec.cat\/iesalmata\/wp-content\/uploads\/usu2959\/2025\/09\/CFGM-Gestio-administrativa.pdf\">Primer<\/a><\/h6>\n\n\n\n<h6 class=\"wp-block-heading has-black-color has-text-color has-link-color wp-elements-b06ba6102675e05212a6b86a85be0bc9\"><a href=\"https:\/\/agora.xtec.cat\/iesalmata\/wp-content\/uploads\/usu2959\/2025\/09\/CFGM-Gestio-administrativa.pdf\">Segon<\/a><\/h6>\n\n\n\n<p><\/p>\n\n\n\n<h5 class=\"wp-block-heading has-text-color has-link-color wp-elements-054bfb1095dec07561bee1409f579d6d\" style=\"color:#239b9b\">Guia medi natural i de temps de lleure<\/h5>\n\n\n\n<h6 class=\"wp-block-heading has-black-color has-text-color has-link-color wp-elements-8243680283eca3ce56f97e3e4b899f21\"><a href=\"https:\/\/agora.xtec.cat\/iesalmata\/wp-content\/uploads\/usu2959\/2025\/09\/CFGM-Guia-medi-natural.pdf\">Primer<\/a><\/h6>\n\n\n\n<h6 class=\"wp-block-heading has-black-color has-text-color has-link-color wp-elements-6d589d0147b991286a343ab4fbb4774d\"><a href=\"https:\/\/agora.xtec.cat\/iesalmata\/wp-content\/uploads\/usu2959\/2025\/09\/CFGM-Guia-medi-natural.pdf\">Segon<\/a><\/h6>\n\n\n\n<p><\/p>\n\n\n\n<h5 class=\"wp-block-heading has-text-color has-link-color wp-elements-8f31b3fe8a9902342fc6b29ad79456c1\" style=\"color:#239b9b\">Sistemes microinform\u00e0tics i xarxes<\/h5>\n\n\n\n<h6 class=\"wp-block-heading has-black-color has-text-color has-link-color wp-elements-67fed7dd24ff17d51f860672d305e0c5\"><a href=\"https:\/\/agora.xtec.cat\/iesalmata\/wp-content\/uploads\/usu2959\/2025\/09\/CFGM-Informatica.pdf\">Primer<\/a><\/h6>\n\n\n\n<h6 class=\"wp-block-heading has-black-color has-text-color has-link-color wp-elements-f8c846785da88c490a28bed89bf3a272\"><a href=\"https:\/\/agora.xtec.cat\/iesalmata\/wp-content\/uploads\/usu2959\/2025\/09\/CFGM-Informatica.pdf\">Segon<\/a><\/h6>\n\n\n\n<p><\/p>\n\n\n\n<p style=\"padding-top:var(--wp--preset--spacing--30);padding-bottom:var(--wp--preset--spacing--30)\"><\/p>\n\n\n\n<h3 class=\"wp-block-heading has-text-color has-link-color wp-elements-31f6ffd99931e58e3bf3399781bf674c\" style=\"color:#239b9b\">Cicles formatius de Grau Superior<\/h3>\n\n\n\n<h5 class=\"wp-block-heading has-text-color has-link-color wp-elements-d55dbed3dad7ad38daafc4be4f5b600a\" style=\"color:#239b9b\">Administraci\u00f3 i finances<\/h5>\n\n\n\n<h6 class=\"wp-block-heading has-black-color has-text-color has-link-color wp-elements-ddfb2caef50da5ab2feb80263e45fb5f\"><a href=\"https:\/\/agora.xtec.cat\/iesalmata\/wp-content\/uploads\/usu2959\/2025\/09\/CFGS-Administracio-i-finances-1.pdf\">Primer<\/a><\/h6>\n\n\n\n<h6 class=\"wp-block-heading has-black-color has-text-color has-link-color wp-elements-0b1360e1a537abc6c10f89cb8ba84381\"><a href=\"https:\/\/agora.xtec.cat\/iesalmata\/wp-content\/uploads\/usu2959\/2025\/09\/CFGS-Administracio-i-finances-1.pdf\">Segon<\/a><\/h6>\n\n\n\n<p><\/p>\n\n\n\n<h5 class=\"wp-block-heading has-text-color has-link-color wp-elements-8a9994bc4100d23a9b487ba2deb2cb66\" style=\"color:#239b9b\">Desenvolupament d&#8217;aplicacions web<\/h5>\n\n\n\n<h6 class=\"wp-block-heading has-black-color has-text-color has-link-color wp-elements-712167b5abee6f5da678573eb9c96983\"><a href=\"https:\/\/agora.xtec.cat\/iesalmata\/wp-content\/uploads\/usu2959\/2025\/09\/CFGS-Informatica.pdf\">Primer<\/a><\/h6>\n\n\n\n<p><\/p>\n\n\n\n<h5 class=\"wp-block-heading has-text-color has-link-color wp-elements-aa22376130b4dfdd4922b666561cd031\" style=\"color:#239b9b\">Integraci\u00f3 Social<\/h5>\n\n\n\n<h6 class=\"wp-block-heading has-black-color has-text-color has-link-color wp-elements-e48c2c9e9f98abfd74bc44ba491b9abd\"><a href=\"https:\/\/agora.xtec.cat\/iesalmata\/wp-content\/uploads\/usu2959\/2025\/09\/CFGS-Integracio-social-1.pdf\">Primer<\/a><\/h6>\n\n\n\n<h6 class=\"wp-block-heading has-black-color has-text-color has-link-color wp-elements-b45d7d653fe2033df044d1ae34ef5b41\"><a href=\"https:\/\/agora.xtec.cat\/iesalmata\/wp-content\/uploads\/usu2959\/2025\/09\/CFGS-Integracio-social-1.pdf\">Segon<\/a><\/h6>\n\n\n\n<p><\/p>\n","protected":false},"excerpt":{"rendered":"<p>ESO 1r ESO 2n ESO 3r ESO 4t ESO Batxillerat Ci\u00e8ncies i Tecnologia Primer Segon Humanitats i Ci\u00e8ncies Socials Primer [&hellip;]<\/p>\n","protected":false},"author":8,"featured_media":0,"parent":81,"menu_order":0,"comment_status":"closed","ping_status":"closed","template":"","meta":{"_bbp_topic_count":0,"_bbp_reply_count":0,"_bbp_total_topic_count":0,"_bbp_total_reply_count":0,"_bbp_voice_count":0,"_bbp_anonymous_reply_count":0,"_bbp_topic_count_hidden":0,"_bbp_reply_count_hidden":0,"_bbp_forum_subforum_count":0,"site-sidebar-layout":"default","site-content-layout":"","ast-site-content-layout":"default","site-content-style":"default","site-sidebar-style":"default","ast-global-header-display":"","ast-banner-title-visibility":"","ast-main-header-display":"","ast-hfb-above-header-display":"","ast-hfb-below-header-display":"","ast-hfb-mobile-header-display":"","site-post-title":"","ast-breadcrumbs-content":"","ast-featured-img":"","footer-sml-layout":"","theme-transparent-header-meta":"","adv-header-id-meta":"","stick-header-meta":"","header-above-stick-meta":"","header-main-stick-meta":"","header-below-stick-meta":"","astra-migrate-meta-layouts":"set","ast-page-background-enabled":"default","ast-page-background-meta":{"desktop":{"background-color":"var(--ast-global-color-4)","background-image":"","background-repeat":"repeat","background-position":"center center","background-size":"auto","background-attachment":"scroll","background-type":"","background-media":"","overlay-type":"","overlay-color":"","overlay-opacity":"","overlay-gradient":""},"tablet":{"background-color":"","background-image":"","background-repeat":"repeat","background-position":"center center","background-size":"auto","background-attachment":"scroll","background-type":"","background-media":"","overlay-type":"","overlay-color":"","overlay-opacity":"","overlay-gradient":""},"mobile":{"background-color":"","background-image":"","background-repeat":"repeat","background-position":"center center","background-size":"auto","background-attachment":"scroll","background-type":"","background-media":"","overlay-type":"","overlay-color":"","overlay-opacity":"","overlay-gradient":""}},"ast-content-background-meta":{"desktop":{"background-color":"var(--ast-global-color-5)","background-image":"","background-repeat":"repeat","background-position":"center center","background-size":"auto","background-attachment":"scroll","background-type":"","background-media":"","overlay-type":"","overlay-color":"","overlay-opacity":"","overlay-gradient":""},"tablet":{"background-color":"var(--ast-global-color-5)","background-image":"","background-repeat":"repeat","background-position":"center center","background-size":"auto","background-attachment":"scroll","background-type":"","background-media":"","overlay-type":"","overlay-color":"","overlay-opacity":"","overlay-gradient":""},"mobile":{"background-color":"var(--ast-global-color-5)","background-image":"","background-repeat":"repeat","background-position":"center center","background-size":"auto","background-attachment":"scroll","background-type":"","background-media":"","overlay-type":"","overlay-color":"","overlay-opacity":"","overlay-gradient":""}},"footnotes":""},"class_list":["post-6972","page","type-page","status-publish","hentry"],"post_mailing_queue_ids":[],"_links":{"self":[{"href":"https:\/\/agora.xtec.cat\/iesalmata\/wp-json\/wp\/v2\/pages\/6972","targetHints":{"allow":["GET"]}}],"collection":[{"href":"https:\/\/agora.xtec.cat\/iesalmata\/wp-json\/wp\/v2\/pages"}],"about":[{"href":"https:\/\/agora.xtec.cat\/iesalmata\/wp-json\/wp\/v2\/types\/page"}],"author":[{"embeddable":true,"href":"https:\/\/agora.xtec.cat\/iesalmata\/wp-json\/wp\/v2\/users\/8"}],"replies":[{"embeddable":true,"href":"https:\/\/agora.xtec.cat\/iesalmata\/wp-json\/wp\/v2\/comments?post=6972"}],"version-history":[{"count":6,"href":"https:\/\/agora.xtec.cat\/iesalmata\/wp-json\/wp\/v2\/pages\/6972\/revisions"}],"predecessor-version":[{"id":7043,"href":"https:\/\/agora.xtec.cat\/iesalmata\/wp-json\/wp\/v2\/pages\/6972\/revisions\/7043"}],"up":[{"embeddable":true,"href":"https:\/\/agora.xtec.cat\/iesalmata\/wp-json\/wp\/v2\/pages\/81"}],"wp:attachment":[{"href":"https:\/\/agora.xtec.cat\/iesalmata\/wp-json\/wp\/v2\/media?parent=6972"}],"curies":[{"name":"wp","href":"https:\/\/api.w.org\/{rel}","templated":true}]}}