{"id":692,"date":"2024-04-26T10:45:00","date_gmt":"2024-04-26T08:45:00","guid":{"rendered":"https:\/\/agora.xtec.cat\/iesalmata\/?page_id=692"},"modified":"2026-03-20T11:34:30","modified_gmt":"2026-03-20T10:34:30","slug":"projectes","status":"publish","type":"page","link":"https:\/\/agora.xtec.cat\/iesalmata\/projectes\/","title":{"rendered":"Projectes"},"content":{"rendered":"\n<p>Al nostre centre entenem l\u2019aprenentatge com un proc\u00e9s actiu, significatiu i connectat amb el m\u00f3n real. Per aix\u00f2 treballem a trav\u00e9s de projectes que situen l\u2019alumnat al centre, potenciant la seva autonomia, la creativitat i el pensament cr\u00edtic.<\/p>\n\n\n\n<p>D\u2019una banda, desenvolupem <strong>projectes d\u2019aula<\/strong>, integrats en el dia a dia, que permeten treballar els continguts de manera competencial i interdisciplin\u00e0ria. A trav\u00e9s d\u2019iniciatives com #PlayLikeAGirl!, Valors i Esport, Quin \u00e9s el teu truc? o la Revista Digital, l\u2019alumnat investiga, crea i col\u00b7labora, tot donant resposta a reptes reals i propers.<\/p>\n\n\n\n<p>D\u2019altra banda, impulsem <strong>projectes de centre<\/strong> amb una mirada m\u00e9s global i transformadora. Propostes com ERASMUS+, STEAM, el Projecte de Benestar i Educaci\u00f3 per a la Sostenibilitat afavoreixen la innovaci\u00f3 educativa, l\u2019obertura a l\u2019entorn i el desenvolupament d\u2019una ciutadania cr\u00edtica, responsable i compromesa amb el futur.<\/p>\n","protected":false},"excerpt":{"rendered":"<p>Al nostre centre entenem l\u2019aprenentatge com un proc\u00e9s actiu, significatiu i connectat amb el m\u00f3n real. Per aix\u00f2 treballem a [&hellip;]<\/p>\n","protected":false},"author":3,"featured_media":0,"parent":0,"menu_order":0,"comment_status":"closed","ping_status":"closed","template":"","meta":{"_bbp_topic_count":0,"_bbp_reply_count":0,"_bbp_total_topic_count":0,"_bbp_total_reply_count":0,"_bbp_voice_count":0,"_bbp_anonymous_reply_count":0,"_bbp_topic_count_hidden":0,"_bbp_reply_count_hidden":0,"_bbp_forum_subforum_count":0,"site-sidebar-layout":"left-sidebar","site-content-layout":"","ast-site-content-layout":"default","site-content-style":"default","site-sidebar-style":"default","ast-global-header-display":"","ast-banner-title-visibility":"","ast-main-header-display":"","ast-hfb-above-header-display":"","ast-hfb-below-header-display":"","ast-hfb-mobile-header-display":"","site-post-title":"","ast-breadcrumbs-content":"","ast-featured-img":"","footer-sml-layout":"","theme-transparent-header-meta":"","adv-header-id-meta":"","stick-header-meta":"","header-above-stick-meta":"","header-main-stick-meta":"","header-below-stick-meta":"","astra-migrate-meta-layouts":"set","ast-page-background-enabled":"default","ast-page-background-meta":{"desktop":{"background-color":"var(--ast-global-color-4)","background-image":"","background-repeat":"repeat","background-position":"center center","background-size":"auto","background-attachment":"scroll","background-type":"","background-media":"","overlay-type":"","overlay-color":"","overlay-opacity":"","overlay-gradient":""},"tablet":{"background-color":"","background-image":"","background-repeat":"repeat","background-position":"center center","background-size":"auto","background-attachment":"scroll","background-type":"","background-media":"","overlay-type":"","overlay-color":"","overlay-opacity":"","overlay-gradient":""},"mobile":{"background-color":"","background-image":"","background-repeat":"repeat","background-position":"center center","background-size":"auto","background-attachment":"scroll","background-type":"","background-media":"","overlay-type":"","overlay-color":"","overlay-opacity":"","overlay-gradient":""}},"ast-content-background-meta":{"desktop":{"background-color":"var(--ast-global-color-5)","background-image":"","background-repeat":"repeat","background-position":"center center","background-size":"auto","background-attachment":"scroll","background-type":"","background-media":"","overlay-type":"","overlay-color":"","overlay-opacity":"","overlay-gradient":""},"tablet":{"background-color":"var(--ast-global-color-5)","background-image":"","background-repeat":"repeat","background-position":"center center","background-size":"auto","background-attachment":"scroll","background-type":"","background-media":"","overlay-type":"","overlay-color":"","overlay-opacity":"","overlay-gradient":""},"mobile":{"background-color":"var(--ast-global-color-5)","background-image":"","background-repeat":"repeat","background-position":"center center","background-size":"auto","background-attachment":"scroll","background-type":"","background-media":"","overlay-type":"","overlay-color":"","overlay-opacity":"","overlay-gradient":""}},"footnotes":""},"class_list":["post-692","page","type-page","status-publish","hentry"],"post_mailing_queue_ids":[],"_links":{"self":[{"href":"https:\/\/agora.xtec.cat\/iesalmata\/wp-json\/wp\/v2\/pages\/692","targetHints":{"allow":["GET"]}}],"collection":[{"href":"https:\/\/agora.xtec.cat\/iesalmata\/wp-json\/wp\/v2\/pages"}],"about":[{"href":"https:\/\/agora.xtec.cat\/iesalmata\/wp-json\/wp\/v2\/types\/page"}],"author":[{"embeddable":true,"href":"https:\/\/agora.xtec.cat\/iesalmata\/wp-json\/wp\/v2\/users\/3"}],"replies":[{"embeddable":true,"href":"https:\/\/agora.xtec.cat\/iesalmata\/wp-json\/wp\/v2\/comments?post=692"}],"version-history":[{"count":6,"href":"https:\/\/agora.xtec.cat\/iesalmata\/wp-json\/wp\/v2\/pages\/692\/revisions"}],"predecessor-version":[{"id":7706,"href":"https:\/\/agora.xtec.cat\/iesalmata\/wp-json\/wp\/v2\/pages\/692\/revisions\/7706"}],"wp:attachment":[{"href":"https:\/\/agora.xtec.cat\/iesalmata\/wp-json\/wp\/v2\/media?parent=692"}],"curies":[{"name":"wp","href":"https:\/\/api.w.org\/{rel}","templated":true}]}}