{"id":19,"date":"2014-09-17T14:56:56","date_gmt":"2014-09-17T12:56:56","guid":{"rendered":"http:\/\/agora.xtec.cat\/iesalmata\/?page_id=19"},"modified":"2026-03-02T11:07:53","modified_gmt":"2026-03-02T10:07:53","slug":"institut","status":"publish","type":"page","link":"https:\/\/agora.xtec.cat\/iesalmata\/institut\/","title":{"rendered":"Centre"},"content":{"rendered":"\n<p>Des dels seus inicis, l\u2019Almat\u00e0 ha estat un centre de refer\u00e8ncia per als alumnes de Balaguer i comarca, primer com a Institut de Formaci\u00f3 Professional i actualment com a Institut d\u2019Educaci\u00f3 Secund\u00e0ria. A m\u00e9s d\u2019ESO s\u2019hi poden cursar estudis de Batxillerat (de Ci\u00e8ncies i Tecnologia i d\u2019Humanitats i Ci\u00e8ncies Socials), Programes de Formaci\u00f3 i Inserci\u00f3 (PFI) i&nbsp; Cicles formatius de Grau Mitj\u00e0 i de Grau Superior.<\/p>\n\n\n\n<figure class=\"wp-block-gallery has-nested-images columns-default is-cropped wp-block-gallery-1 is-layout-flex wp-block-gallery-is-layout-flex\">\n<figure class=\"wp-block-image size-large\"><a href=\"https:\/\/agora.xtec.cat\/iesalmata\/wp-content\/uploads\/usu2959\/2026\/02\/centre1.jpg\"><img loading=\"lazy\" decoding=\"async\" width=\"1024\" height=\"443\" data-id=\"7527\" src=\"https:\/\/agora.xtec.cat\/iesalmata\/wp-content\/uploads\/usu2959\/2026\/02\/centre1-1024x443.jpg\" alt=\"\" class=\"wp-image-7527\" srcset=\"https:\/\/agora.xtec.cat\/iesalmata\/wp-content\/uploads\/usu2959\/2026\/02\/centre1-1024x443.jpg 1024w, https:\/\/agora.xtec.cat\/iesalmata\/wp-content\/uploads\/usu2959\/2026\/02\/centre1-300x130.jpg 300w, https:\/\/agora.xtec.cat\/iesalmata\/wp-content\/uploads\/usu2959\/2026\/02\/centre1-768x332.jpg 768w, https:\/\/agora.xtec.cat\/iesalmata\/wp-content\/uploads\/usu2959\/2026\/02\/centre1-1536x664.jpg 1536w, https:\/\/agora.xtec.cat\/iesalmata\/wp-content\/uploads\/usu2959\/2026\/02\/centre1-2048x886.jpg 2048w\" sizes=\"auto, (max-width: 1024px) 100vw, 1024px\" \/><\/a><\/figure>\n\n\n\n<figure class=\"wp-block-image size-large\"><a href=\"https:\/\/agora.xtec.cat\/iesalmata\/wp-content\/uploads\/usu2959\/2026\/02\/centre2.jpg\"><img loading=\"lazy\" decoding=\"async\" width=\"1024\" height=\"446\" data-id=\"7534\" src=\"https:\/\/agora.xtec.cat\/iesalmata\/wp-content\/uploads\/usu2959\/2026\/02\/centre2-1024x446.jpg\" alt=\"\" class=\"wp-image-7534\" srcset=\"https:\/\/agora.xtec.cat\/iesalmata\/wp-content\/uploads\/usu2959\/2026\/02\/centre2-1024x446.jpg 1024w, https:\/\/agora.xtec.cat\/iesalmata\/wp-content\/uploads\/usu2959\/2026\/02\/centre2-300x131.jpg 300w, https:\/\/agora.xtec.cat\/iesalmata\/wp-content\/uploads\/usu2959\/2026\/02\/centre2-768x335.jpg 768w, https:\/\/agora.xtec.cat\/iesalmata\/wp-content\/uploads\/usu2959\/2026\/02\/centre2-1536x669.jpg 1536w, https:\/\/agora.xtec.cat\/iesalmata\/wp-content\/uploads\/usu2959\/2026\/02\/centre2-2048x892.jpg 2048w\" sizes=\"auto, (max-width: 1024px) 100vw, 1024px\" \/><\/a><\/figure>\n\n\n\n<figure class=\"wp-block-image size-large\"><a href=\"https:\/\/agora.xtec.cat\/iesalmata\/wp-content\/uploads\/usu2959\/2026\/02\/centre3.jpg\"><img loading=\"lazy\" decoding=\"async\" width=\"1024\" height=\"416\" data-id=\"7529\" src=\"https:\/\/agora.xtec.cat\/iesalmata\/wp-content\/uploads\/usu2959\/2026\/02\/centre3-1024x416.jpg\" alt=\"\" class=\"wp-image-7529\" srcset=\"https:\/\/agora.xtec.cat\/iesalmata\/wp-content\/uploads\/usu2959\/2026\/02\/centre3-1024x416.jpg 1024w, https:\/\/agora.xtec.cat\/iesalmata\/wp-content\/uploads\/usu2959\/2026\/02\/centre3-300x122.jpg 300w, https:\/\/agora.xtec.cat\/iesalmata\/wp-content\/uploads\/usu2959\/2026\/02\/centre3-768x312.jpg 768w, https:\/\/agora.xtec.cat\/iesalmata\/wp-content\/uploads\/usu2959\/2026\/02\/centre3-1536x625.jpg 1536w, https:\/\/agora.xtec.cat\/iesalmata\/wp-content\/uploads\/usu2959\/2026\/02\/centre3-2048x833.jpg 2048w\" sizes=\"auto, (max-width: 1024px) 100vw, 1024px\" \/><\/a><\/figure>\n\n\n\n<figure class=\"wp-block-image size-large\"><a href=\"https:\/\/agora.xtec.cat\/iesalmata\/wp-content\/uploads\/usu2959\/2026\/02\/centre4.jpg\"><img loading=\"lazy\" decoding=\"async\" width=\"1024\" height=\"212\" data-id=\"7535\" src=\"https:\/\/agora.xtec.cat\/iesalmata\/wp-content\/uploads\/usu2959\/2026\/02\/centre4-1024x212.jpg\" alt=\"\" class=\"wp-image-7535\" srcset=\"https:\/\/agora.xtec.cat\/iesalmata\/wp-content\/uploads\/usu2959\/2026\/02\/centre4-1024x212.jpg 1024w, https:\/\/agora.xtec.cat\/iesalmata\/wp-content\/uploads\/usu2959\/2026\/02\/centre4-300x62.jpg 300w, https:\/\/agora.xtec.cat\/iesalmata\/wp-content\/uploads\/usu2959\/2026\/02\/centre4-768x159.jpg 768w, https:\/\/agora.xtec.cat\/iesalmata\/wp-content\/uploads\/usu2959\/2026\/02\/centre4-1536x319.jpg 1536w, https:\/\/agora.xtec.cat\/iesalmata\/wp-content\/uploads\/usu2959\/2026\/02\/centre4-2048x425.jpg 2048w\" sizes=\"auto, (max-width: 1024px) 100vw, 1024px\" \/><\/a><\/figure>\n\n\n\n<figure class=\"wp-block-image size-large\"><a href=\"https:\/\/agora.xtec.cat\/iesalmata\/wp-content\/uploads\/usu2959\/2026\/02\/centre5.jpg\"><img loading=\"lazy\" decoding=\"async\" width=\"1024\" height=\"682\" data-id=\"7528\" src=\"https:\/\/agora.xtec.cat\/iesalmata\/wp-content\/uploads\/usu2959\/2026\/02\/centre5-1024x682.jpg\" alt=\"\" class=\"wp-image-7528\" srcset=\"https:\/\/agora.xtec.cat\/iesalmata\/wp-content\/uploads\/usu2959\/2026\/02\/centre5-1024x682.jpg 1024w, https:\/\/agora.xtec.cat\/iesalmata\/wp-content\/uploads\/usu2959\/2026\/02\/centre5-300x200.jpg 300w, https:\/\/agora.xtec.cat\/iesalmata\/wp-content\/uploads\/usu2959\/2026\/02\/centre5-768x512.jpg 768w, https:\/\/agora.xtec.cat\/iesalmata\/wp-content\/uploads\/usu2959\/2026\/02\/centre5-1536x1024.jpg 1536w, https:\/\/agora.xtec.cat\/iesalmata\/wp-content\/uploads\/usu2959\/2026\/02\/centre5-2048x1365.jpg 2048w\" sizes=\"auto, (max-width: 1024px) 100vw, 1024px\" \/><\/a><\/figure>\n\n\n\n<figure class=\"wp-block-image size-large\"><a href=\"https:\/\/agora.xtec.cat\/iesalmata\/wp-content\/uploads\/usu2959\/2026\/02\/centre6.jpg\"><img loading=\"lazy\" decoding=\"async\" width=\"1024\" height=\"682\" data-id=\"7532\" src=\"https:\/\/agora.xtec.cat\/iesalmata\/wp-content\/uploads\/usu2959\/2026\/02\/centre6-1024x682.jpg\" alt=\"\" class=\"wp-image-7532\" srcset=\"https:\/\/agora.xtec.cat\/iesalmata\/wp-content\/uploads\/usu2959\/2026\/02\/centre6-1024x682.jpg 1024w, https:\/\/agora.xtec.cat\/iesalmata\/wp-content\/uploads\/usu2959\/2026\/02\/centre6-300x200.jpg 300w, https:\/\/agora.xtec.cat\/iesalmata\/wp-content\/uploads\/usu2959\/2026\/02\/centre6-768x512.jpg 768w, https:\/\/agora.xtec.cat\/iesalmata\/wp-content\/uploads\/usu2959\/2026\/02\/centre6-1536x1024.jpg 1536w, https:\/\/agora.xtec.cat\/iesalmata\/wp-content\/uploads\/usu2959\/2026\/02\/centre6-2048x1365.jpg 2048w\" sizes=\"auto, (max-width: 1024px) 100vw, 1024px\" \/><\/a><\/figure>\n\n\n\n<figure class=\"wp-block-image size-large\"><a href=\"https:\/\/agora.xtec.cat\/iesalmata\/wp-content\/uploads\/usu2959\/2026\/02\/centre7.jpg\"><img loading=\"lazy\" decoding=\"async\" width=\"1024\" height=\"448\" data-id=\"7531\" src=\"https:\/\/agora.xtec.cat\/iesalmata\/wp-content\/uploads\/usu2959\/2026\/02\/centre7-1024x448.jpg\" alt=\"\" class=\"wp-image-7531\" srcset=\"https:\/\/agora.xtec.cat\/iesalmata\/wp-content\/uploads\/usu2959\/2026\/02\/centre7-1024x448.jpg 1024w, https:\/\/agora.xtec.cat\/iesalmata\/wp-content\/uploads\/usu2959\/2026\/02\/centre7-300x131.jpg 300w, https:\/\/agora.xtec.cat\/iesalmata\/wp-content\/uploads\/usu2959\/2026\/02\/centre7-768x336.jpg 768w, https:\/\/agora.xtec.cat\/iesalmata\/wp-content\/uploads\/usu2959\/2026\/02\/centre7-1536x672.jpg 1536w, https:\/\/agora.xtec.cat\/iesalmata\/wp-content\/uploads\/usu2959\/2026\/02\/centre7-2048x896.jpg 2048w\" sizes=\"auto, (max-width: 1024px) 100vw, 1024px\" \/><\/a><\/figure>\n\n\n\n<figure class=\"wp-block-image size-large\"><a href=\"https:\/\/agora.xtec.cat\/iesalmata\/wp-content\/uploads\/usu2959\/2026\/02\/centre8.jpg\"><img loading=\"lazy\" decoding=\"async\" width=\"1024\" height=\"492\" data-id=\"7533\" src=\"https:\/\/agora.xtec.cat\/iesalmata\/wp-content\/uploads\/usu2959\/2026\/02\/centre8-1024x492.jpg\" alt=\"\" class=\"wp-image-7533\" srcset=\"https:\/\/agora.xtec.cat\/iesalmata\/wp-content\/uploads\/usu2959\/2026\/02\/centre8-1024x492.jpg 1024w, https:\/\/agora.xtec.cat\/iesalmata\/wp-content\/uploads\/usu2959\/2026\/02\/centre8-300x144.jpg 300w, https:\/\/agora.xtec.cat\/iesalmata\/wp-content\/uploads\/usu2959\/2026\/02\/centre8-768x369.jpg 768w, https:\/\/agora.xtec.cat\/iesalmata\/wp-content\/uploads\/usu2959\/2026\/02\/centre8-1536x737.jpg 1536w, https:\/\/agora.xtec.cat\/iesalmata\/wp-content\/uploads\/usu2959\/2026\/02\/centre8-2048x983.jpg 2048w\" sizes=\"auto, (max-width: 1024px) 100vw, 1024px\" \/><\/a><\/figure>\n\n\n\n<figure class=\"wp-block-image size-large\"><a href=\"https:\/\/agora.xtec.cat\/iesalmata\/wp-content\/uploads\/usu2959\/2026\/02\/centre9.jpg\"><img loading=\"lazy\" decoding=\"async\" width=\"940\" height=\"198\" data-id=\"7530\" src=\"https:\/\/agora.xtec.cat\/iesalmata\/wp-content\/uploads\/usu2959\/2026\/02\/centre9.jpg\" alt=\"\" class=\"wp-image-7530\" srcset=\"https:\/\/agora.xtec.cat\/iesalmata\/wp-content\/uploads\/usu2959\/2026\/02\/centre9.jpg 940w, https:\/\/agora.xtec.cat\/iesalmata\/wp-content\/uploads\/usu2959\/2026\/02\/centre9-300x63.jpg 300w, https:\/\/agora.xtec.cat\/iesalmata\/wp-content\/uploads\/usu2959\/2026\/02\/centre9-768x162.jpg 768w\" sizes=\"auto, (max-width: 940px) 100vw, 940px\" \/><\/a><\/figure>\n<\/figure>\n\n\n\n<p><\/p>\n","protected":false},"excerpt":{"rendered":"<p>Des dels seus inicis, l\u2019Almat\u00e0 ha estat un centre de refer\u00e8ncia per als alumnes de Balaguer i comarca, primer com [&hellip;]<\/p>\n","protected":false},"author":1,"featured_media":0,"parent":0,"menu_order":0,"comment_status":"closed","ping_status":"closed","template":"","meta":{"_bbp_topic_count":0,"_bbp_reply_count":0,"_bbp_total_topic_count":0,"_bbp_total_reply_count":0,"_bbp_voice_count":0,"_bbp_anonymous_reply_count":0,"_bbp_topic_count_hidden":0,"_bbp_reply_count_hidden":0,"_bbp_forum_subforum_count":0,"site-sidebar-layout":"left-sidebar","site-content-layout":"","ast-site-content-layout":"full-width-container","site-content-style":"default","site-sidebar-style":"default","ast-global-header-display":"","ast-banner-title-visibility":"","ast-main-header-display":"","ast-hfb-above-header-display":"","ast-hfb-below-header-display":"","ast-hfb-mobile-header-display":"","site-post-title":"","ast-breadcrumbs-content":"","ast-featured-img":"","footer-sml-layout":"","theme-transparent-header-meta":"","adv-header-id-meta":"","stick-header-meta":"","header-above-stick-meta":"","header-main-stick-meta":"","header-below-stick-meta":"","astra-migrate-meta-layouts":"set","ast-page-background-enabled":"default","ast-page-background-meta":{"desktop":{"background-color":"var(--ast-global-color-4)","background-image":"","background-repeat":"repeat","background-position":"center center","background-size":"auto","background-attachment":"scroll","background-type":"","background-media":"","overlay-type":"","overlay-color":"","overlay-opacity":"","overlay-gradient":""},"tablet":{"background-color":"","background-image":"","background-repeat":"repeat","background-position":"center center","background-size":"auto","background-attachment":"scroll","background-type":"","background-media":"","overlay-type":"","overlay-color":"","overlay-opacity":"","overlay-gradient":""},"mobile":{"background-color":"","background-image":"","background-repeat":"repeat","background-position":"center center","background-size":"auto","background-attachment":"scroll","background-type":"","background-media":"","overlay-type":"","overlay-color":"","overlay-opacity":"","overlay-gradient":""}},"ast-content-background-meta":{"desktop":{"background-color":"var(--ast-global-color-5)","background-image":"","background-repeat":"repeat","background-position":"center center","background-size":"auto","background-attachment":"scroll","background-type":"","background-media":"","overlay-type":"","overlay-color":"","overlay-opacity":"","overlay-gradient":""},"tablet":{"background-color":"var(--ast-global-color-5)","background-image":"","background-repeat":"repeat","background-position":"center center","background-size":"auto","background-attachment":"scroll","background-type":"","background-media":"","overlay-type":"","overlay-color":"","overlay-opacity":"","overlay-gradient":""},"mobile":{"background-color":"var(--ast-global-color-5)","background-image":"","background-repeat":"repeat","background-position":"center center","background-size":"auto","background-attachment":"scroll","background-type":"","background-media":"","overlay-type":"","overlay-color":"","overlay-opacity":"","overlay-gradient":""}},"footnotes":""},"class_list":["post-19","page","type-page","status-publish","hentry"],"post_mailing_queue_ids":[],"_links":{"self":[{"href":"https:\/\/agora.xtec.cat\/iesalmata\/wp-json\/wp\/v2\/pages\/19","targetHints":{"allow":["GET"]}}],"collection":[{"href":"https:\/\/agora.xtec.cat\/iesalmata\/wp-json\/wp\/v2\/pages"}],"about":[{"href":"https:\/\/agora.xtec.cat\/iesalmata\/wp-json\/wp\/v2\/types\/page"}],"author":[{"embeddable":true,"href":"https:\/\/agora.xtec.cat\/iesalmata\/wp-json\/wp\/v2\/users\/1"}],"replies":[{"embeddable":true,"href":"https:\/\/agora.xtec.cat\/iesalmata\/wp-json\/wp\/v2\/comments?post=19"}],"version-history":[{"count":6,"href":"https:\/\/agora.xtec.cat\/iesalmata\/wp-json\/wp\/v2\/pages\/19\/revisions"}],"predecessor-version":[{"id":7586,"href":"https:\/\/agora.xtec.cat\/iesalmata\/wp-json\/wp\/v2\/pages\/19\/revisions\/7586"}],"wp:attachment":[{"href":"https:\/\/agora.xtec.cat\/iesalmata\/wp-json\/wp\/v2\/media?parent=19"}],"curies":[{"name":"wp","href":"https:\/\/api.w.org\/{rel}","templated":true}]}}