{"id":411,"date":"2016-11-11T20:02:45","date_gmt":"2016-11-11T19:02:45","guid":{"rendered":"http:\/\/agora.xtec.cat\/iesalfacs\/?page_id=411"},"modified":"2021-03-13T19:05:07","modified_gmt":"2021-03-13T18:05:07","slug":"biblioteca","status":"publish","type":"page","link":"https:\/\/agora.xtec.cat\/iesalfacs\/biblioteca\/","title":{"rendered":"BIBLIOTECA"},"content":{"rendered":"<p><a href=\"https:\/\/agora.xtec.cat\/iesalfacs\/wp-content\/uploads\/usu209\/2021\/03\/IMG_20210309_115025-1-5.jpg\"><img loading=\"lazy\" decoding=\"async\" class=\"alignleft size-medium wp-image-4355\" src=\"https:\/\/agora.xtec.cat\/iesalfacs\/wp-content\/uploads\/usu209\/2021\/03\/IMG_20210309_115025-1-5-225x300.jpg\" alt=\"\" width=\"225\" height=\"300\" srcset=\"https:\/\/agora.xtec.cat\/iesalfacs\/wp-content\/uploads\/usu209\/2021\/03\/IMG_20210309_115025-1-5-225x300.jpg 225w, https:\/\/agora.xtec.cat\/iesalfacs\/wp-content\/uploads\/usu209\/2021\/03\/IMG_20210309_115025-1-5-768x1024.jpg 768w, https:\/\/agora.xtec.cat\/iesalfacs\/wp-content\/uploads\/usu209\/2021\/03\/IMG_20210309_115025-1-5.jpg 1920w\" sizes=\"auto, (max-width: 225px) 100vw, 225px\" \/><\/a><\/p>\n<p>BIBLIOTECA INSTITUT ELS ALFACS<\/p>\n<p>CURS 2020-2021<\/p>\n<p>A causa de la pand\u00e8mia que estem vivint, aquest curs la biblioteca del nostre institut romandr\u00e0 tancada com a aula d&#8217;estudi a les hores del pati. Podeu fer pr\u00e9stec de llibres dimarts i dimecres al primer pati.<\/p>\n<p>S\u00ed que mantindrem el concurs de microrelats i il\u00b7lustracions de terror. Les diferents exposicions, el concurs de lectura en veu alta.<\/p>\n<p>Tamb\u00e9 us animo a que feu recomacions de llibres. Podeu consultar <a href=\"https:\/\/sites.google.com\/d\/1-dCsA98a1ldH3oPJTj5CxjgUpzOx9meQ\/p\/1tFkFzj1kG-29jENf-p3CxE3jhP_0PgqD\/edit\">aqu\u00ed<\/a> el rac\u00f3 de les recomanacions.<\/p>\n","protected":false},"excerpt":{"rendered":"<p>BIBLIOTECA INSTITUT ELS ALFACS CURS 2020-2021 A causa de la pand\u00e8mia que estem vivint, aquest curs la biblioteca del nostre institut romandr\u00e0 tancada com a aula d&#8217;estudi a les hores del pati. Podeu fer pr\u00e9stec de llibres dimarts i dimecres al primer pati. S\u00ed que mantindrem el concurs de microrelats i il\u00b7lustracions de terror. Les [&hellip;]<\/p>\n","protected":false},"author":1,"featured_media":0,"parent":0,"menu_order":0,"comment_status":"closed","ping_status":"closed","template":"page-templates\/side-menu.php","meta":{"_bbp_topic_count":0,"_bbp_reply_count":0,"_bbp_total_topic_count":0,"_bbp_total_reply_count":0,"_bbp_voice_count":0,"_bbp_anonymous_reply_count":0,"_bbp_topic_count_hidden":0,"_bbp_reply_count_hidden":0,"_bbp_forum_subforum_count":0,"site-sidebar-layout":"default","site-content-layout":"","ast-site-content-layout":"","site-content-style":"default","site-sidebar-style":"default","ast-global-header-display":"","ast-banner-title-visibility":"","ast-main-header-display":"","ast-hfb-above-header-display":"","ast-hfb-below-header-display":"","ast-hfb-mobile-header-display":"","site-post-title":"","ast-breadcrumbs-content":"","ast-featured-img":"","footer-sml-layout":"","theme-transparent-header-meta":"","adv-header-id-meta":"","stick-header-meta":"","header-above-stick-meta":"","header-main-stick-meta":"","header-below-stick-meta":"","astra-migrate-meta-layouts":"default","ast-page-background-enabled":"default","ast-page-background-meta":{"desktop":{"background-color":"var(--ast-global-color-4)","background-image":"","background-repeat":"repeat","background-position":"center center","background-size":"auto","background-attachment":"scroll","background-type":"","background-media":"","overlay-type":"","overlay-color":"","overlay-opacity":"","overlay-gradient":""},"tablet":{"background-color":"","background-image":"","background-repeat":"repeat","background-position":"center center","background-size":"auto","background-attachment":"scroll","background-type":"","background-media":"","overlay-type":"","overlay-color":"","overlay-opacity":"","overlay-gradient":""},"mobile":{"background-color":"","background-image":"","background-repeat":"repeat","background-position":"center center","background-size":"auto","background-attachment":"scroll","background-type":"","background-media":"","overlay-type":"","overlay-color":"","overlay-opacity":"","overlay-gradient":""}},"ast-content-background-meta":{"desktop":{"background-color":"var(--ast-global-color-5)","background-image":"","background-repeat":"repeat","background-position":"center center","background-size":"auto","background-attachment":"scroll","background-type":"","background-media":"","overlay-type":"","overlay-color":"","overlay-opacity":"","overlay-gradient":""},"tablet":{"background-color":"var(--ast-global-color-5)","background-image":"","background-repeat":"repeat","background-position":"center center","background-size":"auto","background-attachment":"scroll","background-type":"","background-media":"","overlay-type":"","overlay-color":"","overlay-opacity":"","overlay-gradient":""},"mobile":{"background-color":"var(--ast-global-color-5)","background-image":"","background-repeat":"repeat","background-position":"center center","background-size":"auto","background-attachment":"scroll","background-type":"","background-media":"","overlay-type":"","overlay-color":"","overlay-opacity":"","overlay-gradient":""}},"footnotes":""},"class_list":["post-411","page","type-page","status-publish","hentry"],"post_mailing_queue_ids":[],"_links":{"self":[{"href":"https:\/\/agora.xtec.cat\/iesalfacs\/wp-json\/wp\/v2\/pages\/411","targetHints":{"allow":["GET"]}}],"collection":[{"href":"https:\/\/agora.xtec.cat\/iesalfacs\/wp-json\/wp\/v2\/pages"}],"about":[{"href":"https:\/\/agora.xtec.cat\/iesalfacs\/wp-json\/wp\/v2\/types\/page"}],"author":[{"embeddable":true,"href":"https:\/\/agora.xtec.cat\/iesalfacs\/wp-json\/wp\/v2\/users\/1"}],"replies":[{"embeddable":true,"href":"https:\/\/agora.xtec.cat\/iesalfacs\/wp-json\/wp\/v2\/comments?post=411"}],"version-history":[{"count":3,"href":"https:\/\/agora.xtec.cat\/iesalfacs\/wp-json\/wp\/v2\/pages\/411\/revisions"}],"predecessor-version":[{"id":4357,"href":"https:\/\/agora.xtec.cat\/iesalfacs\/wp-json\/wp\/v2\/pages\/411\/revisions\/4357"}],"wp:attachment":[{"href":"https:\/\/agora.xtec.cat\/iesalfacs\/wp-json\/wp\/v2\/media?parent=411"}],"curies":[{"name":"wp","href":"https:\/\/api.w.org\/{rel}","templated":true}]}}