{"id":3734,"date":"2020-05-26T12:57:35","date_gmt":"2020-05-26T10:57:35","guid":{"rendered":"https:\/\/agora.xtec.cat\/iesalfacs\/?page_id=3734"},"modified":"2020-08-04T18:52:14","modified_gmt":"2020-08-04T16:52:14","slug":"secretaria-2","status":"publish","type":"page","link":"https:\/\/agora.xtec.cat\/iesalfacs\/secretaria-2\/","title":{"rendered":"SECRETARIA"},"content":{"rendered":"<p><a href=\"https:\/\/agora.xtec.cat\/iesalfacs\/wp-content\/uploads\/usu209\/2020\/05\/Captura-de-Pantalla-2020-05-13-a-les-9.54.12.png\"><img loading=\"lazy\" decoding=\"async\" class=\"alignnone wp-image-3699\" src=\"https:\/\/agora.xtec.cat\/iesalfacs\/wp-content\/uploads\/usu209\/2020\/05\/Captura-de-Pantalla-2020-05-13-a-les-9.54.12.png\" alt=\"\" width=\"265\" height=\"262\" srcset=\"https:\/\/agora.xtec.cat\/iesalfacs\/wp-content\/uploads\/usu209\/2020\/05\/Captura-de-Pantalla-2020-05-13-a-les-9.54.12.png 345w, https:\/\/agora.xtec.cat\/iesalfacs\/wp-content\/uploads\/usu209\/2020\/05\/Captura-de-Pantalla-2020-05-13-a-les-9.54.12-300x297.png 300w\" sizes=\"auto, (max-width: 265px) 100vw, 265px\" \/><\/a><\/p>\n<h3><span style=\"color: #800080;\"><span style=\"color: #0000ff;\"><a href=\"https:\/\/drive.google.com\/file\/d\/1qcNRn836lzPsxv6TwlJT-6Igaxmyk2vM\/view?usp=sharing\" target=\"_blank\" rel=\"noopener noreferrer\">ALUMNES ASSIGNATS ESO<\/a>\u00a0<\/span><\/span><\/h3>\n<h3><a href=\"https:\/\/drive.google.com\/file\/d\/1OyvW40Z0fr0axYuaY-1CUL1JoWXuzYTX\/view?usp=sharing\" target=\"_blank\" rel=\"noopener noreferrer\"><span style=\"color: #0000ff;\">ALUMNES ASSIGNATS BATXILLERAT<\/span><\/a><\/h3>\n<h3><span style=\"color: #0000ff;\"><strong>PFI<\/strong><\/span><\/h3>\n<ol>\n<li>\n<h4><a href=\"https:\/\/drive.google.com\/file\/d\/1y7lJ8Lt0vno2UpwVrOqLVqEOuNasltLE\/view?usp=sharing\" target=\"_blank\" rel=\"noopener noreferrer\">Oferta definitiva<\/a><\/h4>\n<\/li>\n<li>\n<h4><a href=\"https:\/\/drive.google.com\/file\/d\/12c2Hk0NR78YzTruv0K3Lv82yDYP46Et6\/view?usp=sharing\" target=\"_blank\" rel=\"noopener noreferrer\">Alumnes preinscrits<\/a><\/h4>\n<\/li>\n<li>\n<h4><a href=\"https:\/\/drive.google.com\/file\/d\/1X2aLUD40Pz5q3c3nuWfI4aOFnDegVPma\/view?usp=sharing\" target=\"_blank\" rel=\"noopener noreferrer\">Admesos<\/a><\/h4>\n<\/li>\n<\/ol>\n<h3><a href=\"https:\/\/drive.google.com\/file\/d\/1jNXrJ-2Q0L0bPcmNgRZP9kHoH48cebON\/view?usp=sharing\" target=\"_blank\" rel=\"noopener noreferrer\"><span style=\"color: #0000ff;\"><strong>ALUMNES ASSIGNATS CICLES FORMATIUS GRAU MITJ\u00c0<\/strong><\/span><\/a><\/h3>\n<hr \/>\n<h4><strong>PER\u00cdODE DE MATRICULACI\u00d3<br \/>\n<\/strong><\/h4>\n<p><span style=\"font-family: inherit; font-size: 1em;\">Si l&#8217;alumne ha obtingut pla\u00e7a al nostre institut, no \u00e9s necessari aportar cap altra documentaci\u00f3 a la presentada durant el per\u00edode de preinscripci\u00f3. No cal vindre a matricular-se. El centre el matricular\u00e0 autom\u00e0ticament. Es deixar\u00e0 pel setembre la signatura de les diferents autoritzacions de l&#8217;alumnat, ja s&#8217;informar\u00e0 del procediment a seguir.\u00a0<\/span><\/p>\n<p>Els alumnes que aquest curs ja eren del centre i l&#8217;alumnat del centre que cursar\u00e0 batxillerat, davant la limitaci\u00f3 d&#8217;acc\u00e9s de persones als centres educatius, fa necessari que l&#8217;<strong>actualitzaci\u00f3 de dades i confirmaci\u00f3 de pla\u00e7a<\/strong> es faci de manera <strong>no presencial<\/strong>. L&#8217;institut obtindr\u00e0 pels mitjans telem\u00e0tics que t\u00e9 a la seva disposici\u00f3 la confirmaci\u00f3 de pla\u00e7a per al curs 2020-2021. El centre optar\u00e0 d\u2019ofici la matr\u00edcula de continu\u00eftat al centre. Es deixar\u00e0 pel setembre l\u2019actualitzaci\u00f3 de les dades i autoritzacions de l&#8217;alumnat, ja s&#8217;informar\u00e0 del procediment a seguir.<\/p>\n<p>L&#8217;alumnat del centre d&#8217;ESO i BAT autom\u00e0ticament est\u00e0 matriculat i en aquest moment no es necessari fer cap tr\u00e0mit. Si algun alumne no continuar\u00e0 el curs 2020-21 al centre, s&#8217;ha d&#8217;adre\u00e7ar a la secretaria de l&#8217;institut per notificar i donar de baixa.<\/p>\n<p><span style=\"font-family: inherit; font-size: 1em;\">Les dates oficials per l&#8217;alumnat nou fer la matr\u00edcula s\u00f3n:<\/span><\/p>\n<p><del><span style=\"font-family: inherit; font-size: 1em;\">Nou alumnat d&#8217;<strong>ESO<\/strong> del <strong>13 al 17 de juliol.<\/strong><\/span><\/del><\/p>\n<p><span style=\"font-family: inherit; font-size: 1em;\">Alumnat nou de <strong>batxillerat<\/strong> <del>del <strong>8 al 14 de juliol<\/strong> <\/del>\u2013els pendents de l&#8217;avaluaci\u00f3 de setembre, del <strong>7 al 10 de setembre<\/strong>-.\u00a0 <\/span><\/p>\n<p><span style=\"font-family: inherit; font-size: 1em;\">Alumnat de <strong>cicles<\/strong> de grau mitj\u00e0 i grau superior d\u2019FP de l\u2019<strong>1 i al 7 de setembre<\/strong>.<\/span><\/p>\n<p>Alumnat del <span style=\"font-family: inherit; font-size: 1em;\"><strong>PFI<\/strong> de l&#8217;<strong>1 al 10 de setembre.<\/strong><\/span><\/p>\n<h4><strong>INFORMACI\u00d3 IMPORTANT DEL CENTRE<\/strong><\/h4>\n<ul style=\"list-style-type: disc;\">\n<li>Projecte Educatiu de centre.\u00a0<a href=\"https:\/\/drive.google.com\/file\/d\/1dBml6I1fc0f2PUrYGjLQV7Nk_lVsRwV5\/view?usp=sharing\">(PEC)<\/a><\/li>\n<li>Oferta d&#8217;ensenyaments gratu\u00efts i l&#8217;oferta de grups i de llocs escolars <a href=\"http:\/\/mapaescolar.gencat.cat\/\">vacants<\/a> en cadascun d&#8217;aquests ensenyaments:<\/li>\n<li><i><span lang=\"CA\">Centres adscrits a l&#8217;institut els Alfacs: Escola Carles III i Escola Horta Vella<\/span><\/i><\/li>\n<li>Carta de comprom\u00eds educatiu (<a href=\"https:\/\/drive.google.com\/file\/d\/1ZtP-DGNXOYFDcK0kzjG7nBrbI6LwBxXU\/view?usp=sharing\">aqu\u00ed<\/a>).<\/li>\n<\/ul>\n","protected":false},"excerpt":{"rendered":"<p>ALUMNES ASSIGNATS ESO\u00a0 ALUMNES ASSIGNATS BATXILLERAT PFI Oferta definitiva Alumnes preinscrits Admesos ALUMNES ASSIGNATS CICLES FORMATIUS GRAU MITJ\u00c0 PER\u00cdODE DE MATRICULACI\u00d3 Si l&#8217;alumne ha obtingut pla\u00e7a al nostre institut, no \u00e9s necessari aportar cap altra documentaci\u00f3 a la presentada durant el per\u00edode de preinscripci\u00f3. No cal vindre a matricular-se. El centre el matricular\u00e0 autom\u00e0ticament. Es [&hellip;]<\/p>\n","protected":false},"author":112,"featured_media":0,"parent":0,"menu_order":0,"comment_status":"closed","ping_status":"closed","template":"","meta":{"_bbp_topic_count":0,"_bbp_reply_count":0,"_bbp_total_topic_count":0,"_bbp_total_reply_count":0,"_bbp_voice_count":0,"_bbp_anonymous_reply_count":0,"_bbp_topic_count_hidden":0,"_bbp_reply_count_hidden":0,"_bbp_forum_subforum_count":0,"site-sidebar-layout":"default","site-content-layout":"","ast-site-content-layout":"","site-content-style":"default","site-sidebar-style":"default","ast-global-header-display":"","ast-banner-title-visibility":"","ast-main-header-display":"","ast-hfb-above-header-display":"","ast-hfb-below-header-display":"","ast-hfb-mobile-header-display":"","site-post-title":"","ast-breadcrumbs-content":"","ast-featured-img":"","footer-sml-layout":"","theme-transparent-header-meta":"","adv-header-id-meta":"","stick-header-meta":"","header-above-stick-meta":"","header-main-stick-meta":"","header-below-stick-meta":"","astra-migrate-meta-layouts":"default","ast-page-background-enabled":"default","ast-page-background-meta":{"desktop":{"background-color":"var(--ast-global-color-4)","background-image":"","background-repeat":"repeat","background-position":"center center","background-size":"auto","background-attachment":"scroll","background-type":"","background-media":"","overlay-type":"","overlay-color":"","overlay-opacity":"","overlay-gradient":""},"tablet":{"background-color":"","background-image":"","background-repeat":"repeat","background-position":"center center","background-size":"auto","background-attachment":"scroll","background-type":"","background-media":"","overlay-type":"","overlay-color":"","overlay-opacity":"","overlay-gradient":""},"mobile":{"background-color":"","background-image":"","background-repeat":"repeat","background-position":"center center","background-size":"auto","background-attachment":"scroll","background-type":"","background-media":"","overlay-type":"","overlay-color":"","overlay-opacity":"","overlay-gradient":""}},"ast-content-background-meta":{"desktop":{"background-color":"var(--ast-global-color-5)","background-image":"","background-repeat":"repeat","background-position":"center center","background-size":"auto","background-attachment":"scroll","background-type":"","background-media":"","overlay-type":"","overlay-color":"","overlay-opacity":"","overlay-gradient":""},"tablet":{"background-color":"var(--ast-global-color-5)","background-image":"","background-repeat":"repeat","background-position":"center center","background-size":"auto","background-attachment":"scroll","background-type":"","background-media":"","overlay-type":"","overlay-color":"","overlay-opacity":"","overlay-gradient":""},"mobile":{"background-color":"var(--ast-global-color-5)","background-image":"","background-repeat":"repeat","background-position":"center center","background-size":"auto","background-attachment":"scroll","background-type":"","background-media":"","overlay-type":"","overlay-color":"","overlay-opacity":"","overlay-gradient":""}},"footnotes":""},"class_list":["post-3734","page","type-page","status-publish","hentry"],"post_mailing_queue_ids":[],"_links":{"self":[{"href":"https:\/\/agora.xtec.cat\/iesalfacs\/wp-json\/wp\/v2\/pages\/3734","targetHints":{"allow":["GET"]}}],"collection":[{"href":"https:\/\/agora.xtec.cat\/iesalfacs\/wp-json\/wp\/v2\/pages"}],"about":[{"href":"https:\/\/agora.xtec.cat\/iesalfacs\/wp-json\/wp\/v2\/types\/page"}],"author":[{"embeddable":true,"href":"https:\/\/agora.xtec.cat\/iesalfacs\/wp-json\/wp\/v2\/users\/112"}],"replies":[{"embeddable":true,"href":"https:\/\/agora.xtec.cat\/iesalfacs\/wp-json\/wp\/v2\/comments?post=3734"}],"version-history":[{"count":4,"href":"https:\/\/agora.xtec.cat\/iesalfacs\/wp-json\/wp\/v2\/pages\/3734\/revisions"}],"predecessor-version":[{"id":3887,"href":"https:\/\/agora.xtec.cat\/iesalfacs\/wp-json\/wp\/v2\/pages\/3734\/revisions\/3887"}],"wp:attachment":[{"href":"https:\/\/agora.xtec.cat\/iesalfacs\/wp-json\/wp\/v2\/media?parent=3734"}],"curies":[{"name":"wp","href":"https:\/\/api.w.org\/{rel}","templated":true}]}}