{"id":9343,"date":"2026-03-20T11:50:33","date_gmt":"2026-03-20T10:50:33","guid":{"rendered":"https:\/\/agora.xtec.cat\/iesalella\/?page_id=9343"},"modified":"2026-05-04T12:12:48","modified_gmt":"2026-05-04T10:12:48","slug":"preinscripcio-programes-de-formacio-i-insercio-pfi-2026-2027","status":"publish","type":"page","link":"https:\/\/agora.xtec.cat\/iesalella\/preinscripcio-programes-de-formacio-i-insercio-pfi-2026-2027\/","title":{"rendered":"Preinscripci\u00f3 Programes de formaci\u00f3 i inserci\u00f3 (PFI). 2026-2027"},"content":{"rendered":"<p><img loading=\"lazy\" decoding=\"async\" class=\"size-medium wp-image-9306 alignnone\" src=\"https:\/\/agora.xtec.cat\/iesalella\/wp-content\/uploads\/usu119\/2026\/02\/imatge-impacte-300x59.jpg\" alt=\"\" width=\"300\" height=\"59\" srcset=\"https:\/\/agora.xtec.cat\/iesalella\/wp-content\/uploads\/usu119\/2026\/02\/imatge-impacte-300x59.jpg 300w, https:\/\/agora.xtec.cat\/iesalella\/wp-content\/uploads\/usu119\/2026\/02\/imatge-impacte-1024x200.jpg 1024w, https:\/\/agora.xtec.cat\/iesalella\/wp-content\/uploads\/usu119\/2026\/02\/imatge-impacte-768x150.jpg 768w, https:\/\/agora.xtec.cat\/iesalella\/wp-content\/uploads\/usu119\/2026\/02\/imatge-impacte-1536x301.jpg 1536w, https:\/\/agora.xtec.cat\/iesalella\/wp-content\/uploads\/usu119\/2026\/02\/imatge-impacte.jpg 1900w\" sizes=\"auto, (max-width: 300px) 100vw, 300px\" \/><img loading=\"lazy\" decoding=\"async\" class=\"size-medium wp-image-9306 alignnone\" src=\"https:\/\/agora.xtec.cat\/iesalella\/wp-content\/uploads\/usu119\/2026\/02\/imatge-impacte-300x59.jpg\" alt=\"\" width=\"300\" height=\"59\" srcset=\"https:\/\/agora.xtec.cat\/iesalella\/wp-content\/uploads\/usu119\/2026\/02\/imatge-impacte-300x59.jpg 300w, https:\/\/agora.xtec.cat\/iesalella\/wp-content\/uploads\/usu119\/2026\/02\/imatge-impacte-1024x200.jpg 1024w, https:\/\/agora.xtec.cat\/iesalella\/wp-content\/uploads\/usu119\/2026\/02\/imatge-impacte-768x150.jpg 768w, https:\/\/agora.xtec.cat\/iesalella\/wp-content\/uploads\/usu119\/2026\/02\/imatge-impacte-1536x301.jpg 1536w, https:\/\/agora.xtec.cat\/iesalella\/wp-content\/uploads\/usu119\/2026\/02\/imatge-impacte.jpg 1900w\" sizes=\"auto, (max-width: 300px) 100vw, 300px\" \/><img loading=\"lazy\" decoding=\"async\" class=\"size-medium wp-image-9306 alignnone\" src=\"https:\/\/agora.xtec.cat\/iesalella\/wp-content\/uploads\/usu119\/2026\/02\/imatge-impacte-300x59.jpg\" alt=\"\" width=\"300\" height=\"59\" srcset=\"https:\/\/agora.xtec.cat\/iesalella\/wp-content\/uploads\/usu119\/2026\/02\/imatge-impacte-300x59.jpg 300w, https:\/\/agora.xtec.cat\/iesalella\/wp-content\/uploads\/usu119\/2026\/02\/imatge-impacte-1024x200.jpg 1024w, https:\/\/agora.xtec.cat\/iesalella\/wp-content\/uploads\/usu119\/2026\/02\/imatge-impacte-768x150.jpg 768w, https:\/\/agora.xtec.cat\/iesalella\/wp-content\/uploads\/usu119\/2026\/02\/imatge-impacte-1536x301.jpg 1536w, https:\/\/agora.xtec.cat\/iesalella\/wp-content\/uploads\/usu119\/2026\/02\/imatge-impacte.jpg 1900w\" sizes=\"auto, (max-width: 300px) 100vw, 300px\" \/><\/p>\n<p>Calendari:<\/p>\n<div class=\"col content-col\">\n<ul>\n<li><strong>30 d&#8217;abril de 2026: <\/strong>oferta inicial de places. Publicaci\u00f3 del nombre de places per centre i curs. <a href=\"https:\/\/agora.xtec.cat\/iesalella\/wp-content\/uploads\/usu119\/2026\/05\/INFORME_OFERTA_PFI.pdf\" target=\"_blank\" rel=\"noopener\">Enlla\u00e7<\/a><\/li>\n<li><span style=\"font-family: inherit; font-size: 1em;\"><strong>Del 4 al 13 de maig de 2026:<\/strong> presentaci\u00f3 de sol\u00b7licituds: <\/span><span style=\"font-family: inherit; font-size: 1em;\">\u00c9s molt important respectar les dates perqu\u00e8 no es poden presentar sol\u00b7licituds fora d&#8217;aquest termini.<\/span><\/li>\n<li><strong>Del 4 al 14 de maig de 2026:<\/strong> presentaci\u00f3 de documentaci\u00f3. <span style=\"font-family: inherit; font-size: 1em;\">Fins aquest dia pots presentar la documentaci\u00f3 acreditativa que no hagis pogut adjuntar durant el per\u00edode de presentaci\u00f3 de sol\u00b7licituds.<\/span><\/li>\n<li><strong>Del 4 al 26 de maig de 2026 a les 14 hores: <\/strong>entrevistes d&#8217;orientaci\u00f3 i valoraci\u00f3. <span style=\"font-family: inherit; font-size: 1em;\">Es tracta d&#8217;entrevistes d&#8217;orientaci\u00f3 i valoraci\u00f3 de l&#8217;adequaci\u00f3 del programa a la situaci\u00f3, els interessos, motivaci\u00f3 i aptituds de l&#8217;alumne\/a aix\u00ed com a la seva manca d&#8217;experi\u00e8ncia laboral. Tindran lloc segons la convocat\u00f2ria individual feta pel centre.<\/span><\/li>\n<li><strong>28 de maig de 2026: llista de sol\u00b7licituds amb la puntuaci\u00f3 provisional<\/strong>.<\/li>\n<li><strong>Del 28 de maig al 3 de juny de 2026: <\/strong>presentaci\u00f3 de reclamacions.<\/li>\n<li><strong>8 de juny de 2026: <\/strong>llista de sol\u00b7licituds amb la puntuaci\u00f3 un cop resoltes les reclamacions.<\/li>\n<li><strong>8 de juny de 2026:<\/strong> sorteig per resoldre les sol\u00b7licituds de preinscripci\u00f3 empatades en punts.<\/li>\n<li><strong>11 de juny de 2026: <\/strong>llista ordenada.<\/li>\n<li><strong>Del 25 al 29 de juny de 2026:<\/strong> ampliaci\u00f3 de peticions de preinscripci\u00f3 per a alumnes sense pla\u00e7a assignada a cap centre.<\/li>\n<li><strong>3 de juliol de 2026:<\/strong> oferta final de places.<\/li>\n<li><strong>3 de juliol de 2026:<\/strong> llista d&#8217;alumnes admesos i llista d&#8217;espera.<\/li>\n<\/ul>\n<\/div>\n<p>&nbsp;<\/p>\n","protected":false},"excerpt":{"rendered":"<p>Calendari:<\/p>\n<ul>\n<li>30 d&#8217;abril de 2026: oferta inicial de places. Publicaci\u00f3 del nombre de places per centre i curs. <a href=\"https:\/\/agora.xtec.cat\/iesalella\/wp-content\/uploads\/usu119\/2026\/05\/INFORME_OFERTA_PFI.pdf\" target=\"_blank\" rel=\"noopener\">Enlla\u00e7<\/a><\/li>\n<li>Del 4 al 13 de maig de 2026: presentaci\u00f3 de sol\u00b7licituds: \u00c9s molt important respectar les dates perqu\u00e8 no es poden presentar sol\u00b7licituds fora d&#8217;aquest&hellip;  <a href=\"https:\/\/agora.xtec.cat\/iesalella\/preinscripcio-programes-de-formacio-i-insercio-pfi-2026-2027\/\" title=\"Read Preinscripci\u00f3 Programes de formaci\u00f3 i inserci\u00f3 (PFI). 2026-2027\">Llegeix m\u00e9s\u00bb<\/a><br \/>\n","protected":false},"author":1,"featured_media":0,"parent":0,"menu_order":0,"comment_status":"closed","ping_status":"closed","template":"","meta":{"_bbp_topic_count":0,"_bbp_reply_count":0,"_bbp_total_topic_count":0,"_bbp_total_reply_count":0,"_bbp_voice_count":0,"_bbp_anonymous_reply_count":0,"_bbp_topic_count_hidden":0,"_bbp_reply_count_hidden":0,"_bbp_forum_subforum_count":0,"footnotes":""},"class_list":["post-9343","page","type-page","status-publish","hentry"],"post_mailing_queue_ids":[],"_links":{"self":[{"href":"https:\/\/agora.xtec.cat\/iesalella\/wp-json\/wp\/v2\/pages\/9343","targetHints":{"allow":["GET"]}}],"collection":[{"href":"https:\/\/agora.xtec.cat\/iesalella\/wp-json\/wp\/v2\/pages"}],"about":[{"href":"https:\/\/agora.xtec.cat\/iesalella\/wp-json\/wp\/v2\/types\/page"}],"author":[{"embeddable":true,"href":"https:\/\/agora.xtec.cat\/iesalella\/wp-json\/wp\/v2\/users\/1"}],"replies":[{"embeddable":true,"href":"https:\/\/agora.xtec.cat\/iesalella\/wp-json\/wp\/v2\/comments?post=9343"}],"version-history":[{"count":4,"href":"https:\/\/agora.xtec.cat\/iesalella\/wp-json\/wp\/v2\/pages\/9343\/revisions"}],"predecessor-version":[{"id":9374,"href":"https:\/\/agora.xtec.cat\/iesalella\/wp-json\/wp\/v2\/pages\/9343\/revisions\/9374"}],"wp:attachment":[{"href":"https:\/\/agora.xtec.cat\/iesalella\/wp-json\/wp\/v2\/media?parent=9343"}],"curies":[{"name":"wp","href":"https:\/\/api.w.org\/{rel}","templated":true}]}}