{"id":9312,"date":"2026-02-26T13:16:46","date_gmt":"2026-02-26T12:16:46","guid":{"rendered":"https:\/\/agora.xtec.cat\/iesalella\/?page_id=9312"},"modified":"2026-04-08T11:14:11","modified_gmt":"2026-04-08T09:14:11","slug":"preinscripcio-batxillerat-2026-2027","status":"publish","type":"page","link":"https:\/\/agora.xtec.cat\/iesalella\/preinscripcio-batxillerat-2026-2027\/","title":{"rendered":"Preinscripci\u00f3 Batxillerat. 2026-2027"},"content":{"rendered":"<p><img loading=\"lazy\" decoding=\"async\" class=\"size-medium wp-image-9306 alignleft\" src=\"https:\/\/agora.xtec.cat\/iesalella\/wp-content\/uploads\/usu119\/2026\/02\/imatge-impacte-300x59.jpg\" alt=\"\" width=\"300\" height=\"59\" srcset=\"https:\/\/agora.xtec.cat\/iesalella\/wp-content\/uploads\/usu119\/2026\/02\/imatge-impacte-300x59.jpg 300w, https:\/\/agora.xtec.cat\/iesalella\/wp-content\/uploads\/usu119\/2026\/02\/imatge-impacte-1024x200.jpg 1024w, https:\/\/agora.xtec.cat\/iesalella\/wp-content\/uploads\/usu119\/2026\/02\/imatge-impacte-768x150.jpg 768w, https:\/\/agora.xtec.cat\/iesalella\/wp-content\/uploads\/usu119\/2026\/02\/imatge-impacte-1536x301.jpg 1536w, https:\/\/agora.xtec.cat\/iesalella\/wp-content\/uploads\/usu119\/2026\/02\/imatge-impacte.jpg 1900w\" sizes=\"auto, (max-width: 300px) 100vw, 300px\" \/><img loading=\"lazy\" decoding=\"async\" class=\"size-medium wp-image-9306 alignleft\" src=\"https:\/\/agora.xtec.cat\/iesalella\/wp-content\/uploads\/usu119\/2026\/02\/imatge-impacte-300x59.jpg\" alt=\"\" width=\"300\" height=\"59\" srcset=\"https:\/\/agora.xtec.cat\/iesalella\/wp-content\/uploads\/usu119\/2026\/02\/imatge-impacte-300x59.jpg 300w, https:\/\/agora.xtec.cat\/iesalella\/wp-content\/uploads\/usu119\/2026\/02\/imatge-impacte-1024x200.jpg 1024w, https:\/\/agora.xtec.cat\/iesalella\/wp-content\/uploads\/usu119\/2026\/02\/imatge-impacte-768x150.jpg 768w, https:\/\/agora.xtec.cat\/iesalella\/wp-content\/uploads\/usu119\/2026\/02\/imatge-impacte-1536x301.jpg 1536w, https:\/\/agora.xtec.cat\/iesalella\/wp-content\/uploads\/usu119\/2026\/02\/imatge-impacte.jpg 1900w\" sizes=\"auto, (max-width: 300px) 100vw, 300px\" \/><img loading=\"lazy\" decoding=\"async\" class=\"size-medium wp-image-9306 alignleft\" src=\"https:\/\/agora.xtec.cat\/iesalella\/wp-content\/uploads\/usu119\/2026\/02\/imatge-impacte-300x59.jpg\" alt=\"\" width=\"300\" height=\"59\" srcset=\"https:\/\/agora.xtec.cat\/iesalella\/wp-content\/uploads\/usu119\/2026\/02\/imatge-impacte-300x59.jpg 300w, https:\/\/agora.xtec.cat\/iesalella\/wp-content\/uploads\/usu119\/2026\/02\/imatge-impacte-1024x200.jpg 1024w, https:\/\/agora.xtec.cat\/iesalella\/wp-content\/uploads\/usu119\/2026\/02\/imatge-impacte-768x150.jpg 768w, https:\/\/agora.xtec.cat\/iesalella\/wp-content\/uploads\/usu119\/2026\/02\/imatge-impacte-1536x301.jpg 1536w, https:\/\/agora.xtec.cat\/iesalella\/wp-content\/uploads\/usu119\/2026\/02\/imatge-impacte.jpg 1900w\" sizes=\"auto, (max-width: 300px) 100vw, 300px\" \/><\/p>\n<p>&nbsp;<\/p>\n<p>&nbsp;<\/p>\n<p><a href=\"https:\/\/agora.xtec.cat\/iesalella\/wp-content\/uploads\/usu119\/2026\/03\/Alella.26-27.pdf\" target=\"_blank\" rel=\"noopener\">Presentaci\u00f3 de la jornada de portes obertes INS Alella<\/a><\/p>\n<p><span class=\"TextRun SCXW7332588 BCX9\" lang=\"CA-ES\" xml:lang=\"CA-ES\" data-contrast=\"auto\"><span class=\"NormalTextRun SCXW7332588 BCX9\">El <strong>batxillerat<\/strong> prepara els i les alumnes per a la seva incorporaci\u00f3 a estudis posteriors, tant professionals com universitaris, i per a l&#8217;acc\u00e9s al m\u00f3n laboral.<\/span><\/span><\/p>\n<p><span class=\"TextRun SCXW7332588 BCX9\" lang=\"CA-ES\" xml:lang=\"CA-ES\" data-contrast=\"auto\"><span class=\"NormalTextRun SCXW7332588 BCX9\">Consulta l&#8217;apartat\u00a0<strong><a title=\"Qu\u00e8 necessito per accedir-hi\" href=\"https:\/\/triaeducativa.gencat.cat\/ca\/batxillerat\/\" target=\"_blank\" rel=\"noopener\">Qu\u00e8 necessito per accedir-hi<\/a><\/strong> per con\u00e8ixer els requisits acad\u00e8mics per cursar el batxillerat.<\/span><\/span><\/p>\n<p>Calendari:<\/p>\n<div class=\"col content-col\">\n<ul>\n<li><strong>8 d&#8217;abril de 2026:<\/strong> oferta inicial de places. Publicaci\u00f3 del nombre de places per centre i curs. <a href=\"https:\/\/agora.xtec.cat\/iesalella\/wp-content\/uploads\/usu119\/2026\/04\/INFORME_OFERTA_OME_INFORME_OFERTA.pdf\" target=\"_blank\" rel=\"noopener\">Enlla\u00e7<\/a><\/li>\n<li><strong>Del 9 al 16 d&#8217;abril de 2026<\/strong>: presentaci\u00f3 de sol\u00b7licituds.<\/li>\n<li><strong>Fins al 17 d&#8217;abril de 2026<\/strong>: presentaci\u00f3 de documentaci\u00f3.<\/li>\n<li><strong>14 de maig de 2026<\/strong>: llista de sol\u00b7licituds amb la puntuaci\u00f3 provisional.<\/li>\n<li><strong>Del 14 al 20 de maig de 2026<\/strong>: presentaci\u00f3 de reclamacions.<\/li>\n<li><strong>26 de maig de 2026<\/strong>: llista de sol\u00b7licituds amb la puntuaci\u00f3 un cop resoltes les reclamacions.<\/li>\n<li><strong>26 de maig de 2026<\/strong>: sorteig per resoldre les sol\u00b7licituds de preinscripci\u00f3 empatades en punts.<\/li>\n<li><strong>29 de maig de 2026<\/strong>: llista ordenada.<\/li>\n<li><strong>17 de juny de 2026<\/strong>: oferta final de places escolars.<\/li>\n<li><strong>17 de juny de 2026<\/strong>: llista d&#8217;alumnes admesos i llista d&#8217;espera.<\/li>\n<li><strong>Del 18 al 30 de juny de 2026<\/strong>, <strong>ambd\u00f3s inclosos: matriculaci\u00f3 dels alumnes preinscrits a batxillerat amb pla\u00e7a assignada.<\/strong><\/li>\n<\/ul>\n<\/div>\n","protected":false},"excerpt":{"rendered":"<p>&nbsp;<br \/>\n&nbsp;<br \/>\n<a href=\"https:\/\/agora.xtec.cat\/iesalella\/wp-content\/uploads\/usu119\/2026\/03\/Alella.26-27.pdf\" target=\"_blank\" rel=\"noopener\">Presentaci\u00f3 de la jornada de portes obertes INS Alella<\/a><br \/>\nEl batxillerat prepara els i les alumnes per a la seva incorporaci\u00f3 a estudis posteriors, tant professionals com universitaris, i per a l&#8217;acc\u00e9s al m\u00f3n laboral.<br \/>\nConsulta l&#8217;apartat\u00a0<a title=\"Qu\u00e8 necessito per accedir-hi\" href=\"https:\/\/triaeducativa.gencat.cat\/ca\/batxillerat\/\" target=\"_blank\" rel=\"noopener\">Qu\u00e8&hellip;  <a href=\"https:\/\/agora.xtec.cat\/iesalella\/preinscripcio-batxillerat-2026-2027\/\" title=\"Read Preinscripci\u00f3 Batxillerat. 2026-2027\">Llegeix m\u00e9s\u00bb<\/a><\/p>\n","protected":false},"author":1,"featured_media":0,"parent":0,"menu_order":0,"comment_status":"closed","ping_status":"closed","template":"","meta":{"_bbp_topic_count":0,"_bbp_reply_count":0,"_bbp_total_topic_count":0,"_bbp_total_reply_count":0,"_bbp_voice_count":0,"_bbp_anonymous_reply_count":0,"_bbp_topic_count_hidden":0,"_bbp_reply_count_hidden":0,"_bbp_forum_subforum_count":0,"footnotes":""},"class_list":["post-9312","page","type-page","status-publish","hentry"],"post_mailing_queue_ids":[],"_links":{"self":[{"href":"https:\/\/agora.xtec.cat\/iesalella\/wp-json\/wp\/v2\/pages\/9312","targetHints":{"allow":["GET"]}}],"collection":[{"href":"https:\/\/agora.xtec.cat\/iesalella\/wp-json\/wp\/v2\/pages"}],"about":[{"href":"https:\/\/agora.xtec.cat\/iesalella\/wp-json\/wp\/v2\/types\/page"}],"author":[{"embeddable":true,"href":"https:\/\/agora.xtec.cat\/iesalella\/wp-json\/wp\/v2\/users\/1"}],"replies":[{"embeddable":true,"href":"https:\/\/agora.xtec.cat\/iesalella\/wp-json\/wp\/v2\/comments?post=9312"}],"version-history":[{"count":6,"href":"https:\/\/agora.xtec.cat\/iesalella\/wp-json\/wp\/v2\/pages\/9312\/revisions"}],"predecessor-version":[{"id":9360,"href":"https:\/\/agora.xtec.cat\/iesalella\/wp-json\/wp\/v2\/pages\/9312\/revisions\/9360"}],"wp:attachment":[{"href":"https:\/\/agora.xtec.cat\/iesalella\/wp-json\/wp\/v2\/media?parent=9312"}],"curies":[{"name":"wp","href":"https:\/\/api.w.org\/{rel}","templated":true}]}}