{"id":9305,"date":"2026-02-24T16:35:26","date_gmt":"2026-02-24T15:35:26","guid":{"rendered":"https:\/\/agora.xtec.cat\/iesalella\/?page_id=9305"},"modified":"2026-04-29T12:22:42","modified_gmt":"2026-04-29T10:22:42","slug":"preinscripcio-eso-2026-2027","status":"publish","type":"page","link":"https:\/\/agora.xtec.cat\/iesalella\/pagines-dinici\/pagina-dinici-buida\/preinscripcio-2022-2023\/preinscripcio-eso-2026-2027\/","title":{"rendered":"Preinscripci\u00f3 ESO. 2026-2027"},"content":{"rendered":"<p><img loading=\"lazy\" decoding=\"async\" class=\"size-medium wp-image-9306 alignnone\" src=\"https:\/\/agora.xtec.cat\/iesalella\/wp-content\/uploads\/usu119\/2026\/02\/imatge-impacte-300x59.jpg\" alt=\"\" width=\"300\" height=\"59\" srcset=\"https:\/\/agora.xtec.cat\/iesalella\/wp-content\/uploads\/usu119\/2026\/02\/imatge-impacte-300x59.jpg 300w, https:\/\/agora.xtec.cat\/iesalella\/wp-content\/uploads\/usu119\/2026\/02\/imatge-impacte-1024x200.jpg 1024w, https:\/\/agora.xtec.cat\/iesalella\/wp-content\/uploads\/usu119\/2026\/02\/imatge-impacte-768x150.jpg 768w, https:\/\/agora.xtec.cat\/iesalella\/wp-content\/uploads\/usu119\/2026\/02\/imatge-impacte-1536x301.jpg 1536w, https:\/\/agora.xtec.cat\/iesalella\/wp-content\/uploads\/usu119\/2026\/02\/imatge-impacte.jpg 1900w\" sizes=\"auto, (max-width: 300px) 100vw, 300px\" \/><img loading=\"lazy\" decoding=\"async\" class=\"size-medium wp-image-9306 alignnone\" src=\"https:\/\/agora.xtec.cat\/iesalella\/wp-content\/uploads\/usu119\/2026\/02\/imatge-impacte-300x59.jpg\" alt=\"\" width=\"300\" height=\"59\" srcset=\"https:\/\/agora.xtec.cat\/iesalella\/wp-content\/uploads\/usu119\/2026\/02\/imatge-impacte-300x59.jpg 300w, https:\/\/agora.xtec.cat\/iesalella\/wp-content\/uploads\/usu119\/2026\/02\/imatge-impacte-1024x200.jpg 1024w, https:\/\/agora.xtec.cat\/iesalella\/wp-content\/uploads\/usu119\/2026\/02\/imatge-impacte-768x150.jpg 768w, https:\/\/agora.xtec.cat\/iesalella\/wp-content\/uploads\/usu119\/2026\/02\/imatge-impacte-1536x301.jpg 1536w, https:\/\/agora.xtec.cat\/iesalella\/wp-content\/uploads\/usu119\/2026\/02\/imatge-impacte.jpg 1900w\" sizes=\"auto, (max-width: 300px) 100vw, 300px\" \/><\/p>\n<p class=\"NG-menu__title\"><a href=\"https:\/\/preinscripcio.gencat.cat\/ca\/estudis\/eso\/ajuda\/dubtes-temes\/\" target=\"_blank\" rel=\"noopener\">Tots els dubtes per temes.\u00a0<\/a><\/p>\n<ul>\n<li><a href=\"https:\/\/preinscripcio.gencat.cat\/ca\/estudis\/eso\/preinscriute\/seguiment-sollicitud\/\" target=\"_blank\" rel=\"noopener\">FES EL SEGUIMENT DE LA TEVA SOL\u00b7LICITUD<\/a><\/li>\n<li><a href=\"https:\/\/preinscripcio.gencat.cat\/ca\/estudis\/eso\/preinscriute\/consulta\/\" target=\"_blank\" rel=\"noopener\">CONSULTA LA TEVA PLA\u00c7A<\/a><\/li>\n<\/ul>\n<p><a href=\"https:\/\/agora.xtec.cat\/iesalella\/wp-content\/uploads\/usu119\/2026\/03\/PORTES-OBERTES-ESO.pdf\" target=\"_blank\" rel=\"noopener\">PRESENTACI\u00d3 PORTES OBERTES ESO<\/a><\/p>\n<p>Calendari:<\/p>\n<div class=\"col content-col\">\n<ul>\n<li><span style=\"color: #ff0000;\">3 de mar\u00e7 de 2026: oferta inicial de places escolars. Publicaci\u00f3 del nombre de places escolars per centre i curs.<\/span>\n<ul>\n<li><span style=\"color: #ff0000;\">Llistat oferta inicial ESO. <a style=\"color: #ff0000;\" href=\"https:\/\/agora.xtec.cat\/iesalella\/wp-content\/uploads\/usu119\/2026\/03\/INFORME_OFERTA_OME_INFORME_OFERTA.pdf\">Enlla\u00e7<\/a><\/span><\/li>\n<li><span style=\"color: #ff0000;\">Mapa escolar\u00a0<a style=\"color: #ff0000;\" href=\"https:\/\/mapaescolar.gencat.cat\/\" target=\"_blank\" rel=\"noopener\">Enlla\u00e7<\/a><\/span><\/li>\n<\/ul>\n<\/li>\n<li><span style=\"color: #ff0000;\">Del 6 al 18 de mar\u00e7 de 2026 (a partir de les 9 hores): presentaci\u00f3 de sol\u00b7licituds.<strong><a style=\"color: #ff0000;\" href=\"https:\/\/tramits.gencat.cat\/ca\/tramits\/tramits-temes\/perinscripcio-obligatoris?moda=3\" target=\"_blank\" rel=\"noopener\">Enlla\u00e7<\/a><\/strong><\/span><\/li>\n<li><span style=\"color: #ff0000;\">Fins al 19 de mar\u00e7 de 2026: presentaci\u00f3 de documentaci\u00f3. Aquests dies pots presentar documentaci\u00f3 acreditativa que no hagis pogut adjuntar durant el per\u00edode de presentaci\u00f3 de sol\u00b7licituds.<\/span><\/li>\n<li><span style=\"color: #ff0000;\">Admissi\u00f3 a un centre educatiu fora del proc\u00e9s de preinscripci\u00f3.<\/span> <a href=\"https:\/\/tramits.gencat.cat\/ca\/tramits\/tramits-temes\/22801-admissio-durant-curs?category=74447ed8-a82c-11e3-a972-000c29052e2c\" target=\"_blank\" rel=\"noopener\">Enlla\u00e7.<\/a><\/li>\n<li><span style=\"color: #ff0000;\">15 d&#8217;abril de 2026: llista de sol\u00b7licituds amb puntuaci\u00f3 provisional<\/span><strong>.<\/strong> <a href=\"https:\/\/agora.xtec.cat\/iesalella\/wp-content\/uploads\/usu119\/2026\/04\/INFORME_BAREM_PROVISIONAL_ESO.pdf\" target=\"_blank\" rel=\"noopener\">Enlla\u00e7<\/a><\/li>\n<li><span style=\"color: #ff0000;\">Del 15 al 20 d&#8217;abril de 2026: presentaci\u00f3 de reclamacions.<\/span><\/li>\n<li><span style=\"color: #ff0000;\">23 d&#8217;abril de 2026: llista de sol\u00b7licituds amb la puntuaci\u00f3 un cop resoltes les reclamacions.<\/span><\/li>\n<li><span style=\"color: #ff0000;\">28 d&#8217;abril de 2026 a les 11 hores: sorteig per resoldre les sol\u00b7licituds de preinscripci\u00f3 empatades en punts<\/span>.<\/li>\n<li><strong>29 d&#8217;abril de 2026: llista ordenada.<\/strong> <a href=\"https:\/\/agora.xtec.cat\/iesalella\/wp-content\/uploads\/usu119\/2026\/04\/INFORME_BAREM_DEFINITIU_ESO.pdf\" target=\"_blank\" rel=\"noopener\">Enlla\u00e7<\/a><\/li>\n<li>De l&#8217;1 al 3 de juny de 2026: ampliaci\u00f3 de peticions de preinscripci\u00f3 per a alumnes sense pla\u00e7a assignada a cap centre.<\/li>\n<li>10 de juny de 2026: oferta final de places escolars.<\/li>\n<li><strong>10 de juny de 2026: llista d&#8217;alumnes admesos i llista d&#8217;espera.<\/strong><\/li>\n<li><strong>Del 22 al 30 de juny de 2026: matriculaci\u00f3<\/strong><\/li>\n<\/ul>\n<\/div>\n","protected":false},"excerpt":{"rendered":"<p><a href=\"https:\/\/preinscripcio.gencat.cat\/ca\/estudis\/eso\/ajuda\/dubtes-temes\/\" target=\"_blank\" rel=\"noopener\">Tots els dubtes per temes.\u00a0<\/a><\/p>\n<ul>\n<li><a href=\"https:\/\/preinscripcio.gencat.cat\/ca\/estudis\/eso\/preinscriute\/seguiment-sollicitud\/\" target=\"_blank\" rel=\"noopener\">FES EL SEGUIMENT DE LA TEVA SOL\u00b7LICITUD<\/a><\/li>\n<li><a href=\"https:\/\/preinscripcio.gencat.cat\/ca\/estudis\/eso\/preinscriute\/consulta\/\" target=\"_blank\" rel=\"noopener\">CONSULTA LA TEVA PLA\u00c7A<\/a><\/li>\n<\/ul>\n<p><a href=\"https:\/\/agora.xtec.cat\/iesalella\/wp-content\/uploads\/usu119\/2026\/03\/PORTES-OBERTES-ESO.pdf\" target=\"_blank\" rel=\"noopener\">PRESENTACI\u00d3 PORTES OBERTES ESO<\/a><br \/>\nCalendari:<\/p>\n<ul>\n<li>3 de mar\u00e7 de 2026: oferta inicial de places escolars. Publicaci\u00f3 del nombre de places escolars per&hellip;  <a href=\"https:\/\/agora.xtec.cat\/iesalella\/pagines-dinici\/pagina-dinici-buida\/preinscripcio-2022-2023\/preinscripcio-eso-2026-2027\/\" title=\"Read Preinscripci\u00f3 ESO. 2026-2027\">Llegeix m\u00e9s\u00bb<\/a><br \/>\n","protected":false},"author":1,"featured_media":0,"parent":6590,"menu_order":0,"comment_status":"closed","ping_status":"closed","template":"","meta":{"_bbp_topic_count":0,"_bbp_reply_count":0,"_bbp_total_topic_count":0,"_bbp_total_reply_count":0,"_bbp_voice_count":0,"_bbp_anonymous_reply_count":0,"_bbp_topic_count_hidden":0,"_bbp_reply_count_hidden":0,"_bbp_forum_subforum_count":0,"footnotes":""},"class_list":["post-9305","page","type-page","status-publish","hentry"],"post_mailing_queue_ids":[],"_links":{"self":[{"href":"https:\/\/agora.xtec.cat\/iesalella\/wp-json\/wp\/v2\/pages\/9305","targetHints":{"allow":["GET"]}}],"collection":[{"href":"https:\/\/agora.xtec.cat\/iesalella\/wp-json\/wp\/v2\/pages"}],"about":[{"href":"https:\/\/agora.xtec.cat\/iesalella\/wp-json\/wp\/v2\/types\/page"}],"author":[{"embeddable":true,"href":"https:\/\/agora.xtec.cat\/iesalella\/wp-json\/wp\/v2\/users\/1"}],"replies":[{"embeddable":true,"href":"https:\/\/agora.xtec.cat\/iesalella\/wp-json\/wp\/v2\/comments?post=9305"}],"version-history":[{"count":7,"href":"https:\/\/agora.xtec.cat\/iesalella\/wp-json\/wp\/v2\/pages\/9305\/revisions"}],"predecessor-version":[{"id":9370,"href":"https:\/\/agora.xtec.cat\/iesalella\/wp-json\/wp\/v2\/pages\/9305\/revisions\/9370"}],"up":[{"embeddable":true,"href":"https:\/\/agora.xtec.cat\/iesalella\/wp-json\/wp\/v2\/pages\/6590"}],"wp:attachment":[{"href":"https:\/\/agora.xtec.cat\/iesalella\/wp-json\/wp\/v2\/media?parent=9305"}],"curies":[{"name":"wp","href":"https:\/\/api.w.org\/{rel}","templated":true}]}}