{"id":9137,"date":"2025-07-02T12:04:59","date_gmt":"2025-07-02T10:04:59","guid":{"rendered":"https:\/\/agora.xtec.cat\/iesalella\/?page_id=9137"},"modified":"2025-07-10T12:22:21","modified_gmt":"2025-07-10T10:22:21","slug":"curs-2025-26","status":"publish","type":"page","link":"https:\/\/agora.xtec.cat\/iesalella\/curs-2025-26\/","title":{"rendered":"Curs 2025-26"},"content":{"rendered":"<p data-start=\"77\" data-end=\"350\"><strong><span style=\"color: #ff0000;\">Calendari del curs 2025-26.<\/span><\/strong> \ud83d\udc49 <a href=\"https:\/\/agora.xtec.cat\/iesalella\/wp-content\/uploads\/usu119\/2025\/07\/WEB-Calendari-curs-25-26.pdf\" target=\"_blank\" rel=\"noopener\">Enlla\u00e7.<\/a><\/p>\n<p data-start=\"77\" data-end=\"350\">Ja podeu consultar el llistat de llibres i materials per al curs 2025-2026:<br data-start=\"194\" data-end=\"197\" \/>\ud83d\udc49 <a class=\"\" href=\"https:\/\/agora.xtec.cat\/iesalella\/wp-content\/uploads\/usu119\/2025\/07\/Llistat-de-llibres-INS-Alella-curs-2025_2026.pdf\" target=\"_blank\" rel=\"noopener\" data-start=\"200\" data-end=\"350\">Llistat de llibres \u2013 INS Alella<\/a><\/p>\n<p data-start=\"352\" data-end=\"558\">\ud83d\udd01 <strong data-start=\"355\" data-end=\"399\">Per a les fam\u00edlies que utilitzen Iddink:<\/strong><br data-start=\"399\" data-end=\"402\" \/>La llista ja est\u00e0 disponible a la plataforma d\u2019Iddink. Podeu gestionar la comanda directament des del seu web:<br data-start=\"512\" data-end=\"515\" \/>\ud83d\udc49 <a class=\"\" href=\"https:\/\/www.iddink.cat\" target=\"_blank\" rel=\"noopener\" data-start=\"518\" data-end=\"558\">www.iddink.cat<\/a><\/p>\n<p data-start=\"560\" data-end=\"773\">\u2139\ufe0f Si necessiteu ajuda, podeu consultar aquesta infografia amb les instruccions d\u2019\u00fas:<br data-start=\"645\" data-end=\"648\" \/>\ud83d\uddbc\ufe0f <a class=\"\" href=\"https:\/\/agora.xtec.cat\/iesalella\/wp-content\/uploads\/usu119\/2025\/07\/484-Institut-dAlella-3.png\" target=\"_blank\" rel=\"noopener\" data-start=\"652\" data-end=\"773\">Infografia d\u2019\u00fas d\u2019Iddink<\/a><\/p>\n<p data-start=\"560\" data-end=\"773\"><strong><span style=\"color: #ff0000;\">ATENCI\u00d3.han d&#8217;adquirir la llic\u00e8ncia digital Science Bits.<br \/>\n1r d&#8217;ESO &#8211;&gt; Biologia<br \/>\n2n d&#8217;ESO &#8211;&gt; F\u00edsica i Qu\u00edmica<br \/>\n3r d&#8217;ESO &#8211;&gt; F\u00edsica i Qu\u00edmica<br \/>\n4t d&#8217;ESO &#8211;&gt; Optatives de F\u00edsica i Qu\u00edmica i Biologia.<\/span><\/strong><\/p>\n<p data-start=\"560\" data-end=\"773\">Com fer-ho? \ud83d\udc49 <a href=\"https:\/\/agora.xtec.cat\/iesalella\/wp-content\/uploads\/usu119\/2025\/07\/Instruccions-compra-ESO-Science-Bits-INS-Alella-1.pdf\" target=\"_blank\" rel=\"noopener\">Enlla\u00e7.<\/a><\/p>\n<p>&nbsp;<\/p>\n<p><strong>1r d&#8217;ESO. <\/strong><strong data-start=\"57\" data-end=\"130\">Proposta conjunta de deures d\u2019estiu per a l\u2019alumnat de 6\u00e8 de prim\u00e0ria<\/strong><\/p>\n<p data-start=\"132\" data-end=\"324\">Els centres p\u00fablics d\u2019Alella, El Masnou i Tei\u00e0 us presentem una proposta conjunta de deures d\u2019estiu, pensada per facilitar la continu\u00eftat dels aprenentatges en el pas de prim\u00e0ria a secund\u00e0ria.<\/p>\n<p data-start=\"326\" data-end=\"484\">Aquest dossier que us lliurem recull les activitats que el vostre fill o filla haur\u00e0 de presentar al seu tutor o tutora de 1r d\u2019ESO a l\u2019inici del curs vinent.<\/p>\n<p data-start=\"486\" data-end=\"547\">\ud83d\udcce <a class=\"\" href=\"https:\/\/agora.xtec.cat\/iesalella\/wp-content\/uploads\/usu119\/2025\/07\/Deures-destiu-de-6e-a-1r-dESO.pdf\" target=\"_blank\" rel=\"noopener\" data-start=\"489\" data-end=\"547\">Cliqueu aqu\u00ed per accedir al dossier de deures d\u2019estiu<\/a><\/p>\n<p data-start=\"486\" data-end=\"547\"><strong>1r de Batxillerat. <\/strong><\/p>\n<p>Sabers imprescindibles que es donen per assolits en finalitzar 4t d\u2019ESO. \ud83d\udc49 <a href=\"https:\/\/agora.xtec.cat\/iesalella\/wp-content\/uploads\/usu119\/2025\/07\/DOCUMENT-PREBATXILLERAT.docx.pdf\" target=\"_blank\" rel=\"noopener\">Enlla\u00e7.<\/a><\/p>\n<p data-start=\"486\" data-end=\"547\">\n","protected":false},"excerpt":{"rendered":"<p>Calendari del curs 2025-26. \ud83d\udc49 <a href=\"https:\/\/agora.xtec.cat\/iesalella\/wp-content\/uploads\/usu119\/2025\/07\/WEB-Calendari-curs-25-26.pdf\" target=\"_blank\" rel=\"noopener\">Enlla\u00e7.<\/a><br \/>\nJa podeu consultar el llistat de llibres i materials per al curs 2025-2026:\ud83d\udc49 <a class=\"\" href=\"https:\/\/agora.xtec.cat\/iesalella\/wp-content\/uploads\/usu119\/2025\/07\/Llistat-de-llibres-INS-Alella-curs-2025_2026.pdf\" target=\"_blank\" rel=\"noopener\" data-start=\"200\" data-end=\"350\">Llistat de llibres \u2013 INS Alella<\/a><br \/>\n\ud83d\udd01 Per a les fam\u00edlies que utilitzen Iddink:La llista ja est\u00e0 disponible a&hellip;  <a href=\"https:\/\/agora.xtec.cat\/iesalella\/curs-2025-26\/\" title=\"Read Curs 2025-26\">Llegeix m\u00e9s\u00bb<\/a><\/p>\n","protected":false},"author":1,"featured_media":0,"parent":0,"menu_order":0,"comment_status":"closed","ping_status":"closed","template":"","meta":{"_bbp_topic_count":0,"_bbp_reply_count":0,"_bbp_total_topic_count":0,"_bbp_total_reply_count":0,"_bbp_voice_count":0,"_bbp_anonymous_reply_count":0,"_bbp_topic_count_hidden":0,"_bbp_reply_count_hidden":0,"_bbp_forum_subforum_count":0,"footnotes":""},"class_list":["post-9137","page","type-page","status-publish","hentry"],"post_mailing_queue_ids":[],"_links":{"self":[{"href":"https:\/\/agora.xtec.cat\/iesalella\/wp-json\/wp\/v2\/pages\/9137","targetHints":{"allow":["GET"]}}],"collection":[{"href":"https:\/\/agora.xtec.cat\/iesalella\/wp-json\/wp\/v2\/pages"}],"about":[{"href":"https:\/\/agora.xtec.cat\/iesalella\/wp-json\/wp\/v2\/types\/page"}],"author":[{"embeddable":true,"href":"https:\/\/agora.xtec.cat\/iesalella\/wp-json\/wp\/v2\/users\/1"}],"replies":[{"embeddable":true,"href":"https:\/\/agora.xtec.cat\/iesalella\/wp-json\/wp\/v2\/comments?post=9137"}],"version-history":[{"count":6,"href":"https:\/\/agora.xtec.cat\/iesalella\/wp-json\/wp\/v2\/pages\/9137\/revisions"}],"predecessor-version":[{"id":9165,"href":"https:\/\/agora.xtec.cat\/iesalella\/wp-json\/wp\/v2\/pages\/9137\/revisions\/9165"}],"wp:attachment":[{"href":"https:\/\/agora.xtec.cat\/iesalella\/wp-json\/wp\/v2\/media?parent=9137"}],"curies":[{"name":"wp","href":"https:\/\/api.w.org\/{rel}","templated":true}]}}