{"id":9046,"date":"2025-03-12T13:11:08","date_gmt":"2025-03-12T12:11:08","guid":{"rendered":"https:\/\/agora.xtec.cat\/iesalella\/?page_id=9046"},"modified":"2025-04-24T15:50:18","modified_gmt":"2025-04-24T13:50:18","slug":"%f0%9f%8e%99%ef%b8%8f-podcast-del-departament-sonor-radio-ins-alella","status":"publish","type":"page","link":"https:\/\/agora.xtec.cat\/iesalella\/%f0%9f%8e%99%ef%b8%8f-podcast-del-departament-sonor-radio-ins-alella\/","title":{"rendered":"\ud83c\udf99\ufe0f P\u00f2dcast del Departament Sonor. R\u00e0dio INS Alella"},"content":{"rendered":"<p>Aquest \u00e9s el primer p\u00f2dcast creat pel grup internivell <strong data-start=\"162\" data-end=\"183\">Departament Sonor<\/strong>, una iniciativa que dona veu a l&#8217;alumnat i fomenta la creativitat i l&#8217;expressi\u00f3 oral. Cada quinze dies publicarem un nou episodi amb tem\u00e0tiques variades, continguts originals i moltes sorpreses. No us el perdeu!<\/p>\n<p><strong>P\u00f2dcast 1. El Big Bang Team.<\/strong><\/p>\n<!--[if lt IE 9]><script>document.createElement('audio');<\/script><![endif]-->\n<audio class=\"wp-audio-shortcode\" id=\"audio-9046-1\" preload=\"none\" style=\"width: 100%;\" controls=\"controls\"><source type=\"audio\/mpeg\" src=\"https:\/\/agora.xtec.cat\/iesalella\/wp-content\/uploads\/usu119\/2025\/03\/01.-Podcast-actualitat.mp3?_=1\" \/><a href=\"https:\/\/agora.xtec.cat\/iesalella\/wp-content\/uploads\/usu119\/2025\/03\/01.-Podcast-actualitat.mp3\">https:\/\/agora.xtec.cat\/iesalella\/wp-content\/uploads\/usu119\/2025\/03\/01.-Podcast-actualitat.mp3<\/a><\/audio>\n<p>&nbsp;<\/p>\n<p><strong>P\u00f2dcast 2. Especial 8M.<\/strong><\/p>\n<audio class=\"wp-audio-shortcode\" id=\"audio-9046-2\" preload=\"none\" style=\"width: 100%;\" controls=\"controls\"><source type=\"audio\/mpeg\" src=\"https:\/\/agora.xtec.cat\/iesalella\/wp-content\/uploads\/usu119\/2025\/04\/02.Especial-8M.mp3?_=2\" \/><a href=\"https:\/\/agora.xtec.cat\/iesalella\/wp-content\/uploads\/usu119\/2025\/04\/02.Especial-8M.mp3\">https:\/\/agora.xtec.cat\/iesalella\/wp-content\/uploads\/usu119\/2025\/04\/02.Especial-8M.mp3<\/a><\/audio>\n<p>&nbsp;<\/p>\n","protected":false},"excerpt":{"rendered":"<p>Aquest \u00e9s el primer p\u00f2dcast creat pel grup internivell Departament Sonor, una iniciativa que dona veu a l&#8217;alumnat i fomenta la creativitat i l&#8217;expressi\u00f3 oral. Cada quinze dies publicarem un nou episodi amb tem\u00e0tiques variades, continguts originals i moltes sorpreses. No us el perdeu!<br \/>\nP\u00f2dcast 1.&hellip;  <a href=\"https:\/\/agora.xtec.cat\/iesalella\/%f0%9f%8e%99%ef%b8%8f-podcast-del-departament-sonor-radio-ins-alella\/\" title=\"Read \ud83c\udf99\ufe0f P\u00f2dcast del Departament Sonor. R\u00e0dio INS Alella\">Llegeix m\u00e9s\u00bb<\/a><\/p>\n","protected":false},"author":1,"featured_media":0,"parent":0,"menu_order":0,"comment_status":"closed","ping_status":"closed","template":"","meta":{"_bbp_topic_count":0,"_bbp_reply_count":0,"_bbp_total_topic_count":0,"_bbp_total_reply_count":0,"_bbp_voice_count":0,"_bbp_anonymous_reply_count":0,"_bbp_topic_count_hidden":0,"_bbp_reply_count_hidden":0,"_bbp_forum_subforum_count":0,"footnotes":""},"class_list":["post-9046","page","type-page","status-publish","hentry"],"post_mailing_queue_ids":[],"_links":{"self":[{"href":"https:\/\/agora.xtec.cat\/iesalella\/wp-json\/wp\/v2\/pages\/9046","targetHints":{"allow":["GET"]}}],"collection":[{"href":"https:\/\/agora.xtec.cat\/iesalella\/wp-json\/wp\/v2\/pages"}],"about":[{"href":"https:\/\/agora.xtec.cat\/iesalella\/wp-json\/wp\/v2\/types\/page"}],"author":[{"embeddable":true,"href":"https:\/\/agora.xtec.cat\/iesalella\/wp-json\/wp\/v2\/users\/1"}],"replies":[{"embeddable":true,"href":"https:\/\/agora.xtec.cat\/iesalella\/wp-json\/wp\/v2\/comments?post=9046"}],"version-history":[{"count":2,"href":"https:\/\/agora.xtec.cat\/iesalella\/wp-json\/wp\/v2\/pages\/9046\/revisions"}],"predecessor-version":[{"id":9086,"href":"https:\/\/agora.xtec.cat\/iesalella\/wp-json\/wp\/v2\/pages\/9046\/revisions\/9086"}],"wp:attachment":[{"href":"https:\/\/agora.xtec.cat\/iesalella\/wp-json\/wp\/v2\/media?parent=9046"}],"curies":[{"name":"wp","href":"https:\/\/api.w.org\/{rel}","templated":true}]}}