{"id":69,"date":"2014-09-18T10:15:07","date_gmt":"2014-09-18T09:15:07","guid":{"rendered":"http:\/\/agora.xtec.cat\/iesalella\/?page_id=69"},"modified":"2025-06-13T11:41:12","modified_gmt":"2025-06-13T09:41:12","slug":"menjador-escolar","status":"publish","type":"page","link":"https:\/\/agora.xtec.cat\/iesalella\/serveis-2\/menjador-escolar\/","title":{"rendered":"CANTINA &#8211; MENJADOR ESCOLAR"},"content":{"rendered":"<p>L\u2019empresa Al Teu Abast gestiona el servei de cantina-menjador, amb l\u2019objectiu de proporcionar un servei integral de qualitat. Proposen\u00a0 men\u00fas i productes variats, controlant que la dieta sigui equilibrada i incloent a la carta una \u00e0mplia gamma d\u2019entrepans freds i calents, torrades, pizzes i truites variades. El nostre pa \u00e9s recent, fet al forn de la cantina, igual que tota la nostra oferta de\u00a0brioxeria i pastissos casolans.<\/p>\n<p>Ens coordinem amb l&#8217;institut quant a l\u2019adquisici\u00f3 d\u2019h\u00e0bits\u00a0alimentaris i de comportament, aix\u00ed com en el fet d\u2019incidir en el compliment de les normes i\u00a0pautes que tamb\u00e9 s\u00f3n importants en la formaci\u00f3 integral dels nostres joves.<\/p>\n<p>Per a suggeriments o dubtes, estem a disposici\u00f3 de totes aquelles fam\u00edlies que ho desitgin en els tel\u00e8fons seg\u00fcents 608794239 \/ 93 5407723.<\/p>\n<p><strong>COM SOL\u00b7LICITAR EL SERVEI?<\/strong><\/p>\n<p><strong>Les fam\u00edlies que vulgueu sol\u00b7licitar el servei de Cantina per als vostres fills i filles heu de descarregar-vos <a href=\"https:\/\/agora.xtec.cat\/iesalella\/wp-content\/uploads\/usu119\/2025\/06\/Carta-inscripcio-menjador-cantina-IES-ALELLA-curs-2025-26.pdf\">AQUESTA SOL\u00b7LICITUD<\/a>\u00a0emplenar-la amb les vostres dades, i enviar-la al correu electr\u00f2nic: alteuabast@alteuabast.es<\/strong><\/p>\n<p>&nbsp;<\/p>\n<p><a href=\"http:\/\/agora.xtec.cat\/iesalella\/wp-content\/uploads\/usu119\/2014\/09\/17-cantina.jpg\"><img loading=\"lazy\" decoding=\"async\" class=\" size-large wp-image-435 aligncenter\" src=\"http:\/\/agora.xtec.cat\/iesalella\/wp-content\/uploads\/usu119\/2014\/09\/17-cantina-1024x682.jpg\" alt=\"17 - cantina\" width=\"1024\" height=\"682\" srcset=\"https:\/\/agora.xtec.cat\/iesalella\/wp-content\/uploads\/usu119\/2014\/09\/17-cantina-1024x682.jpg 1024w, https:\/\/agora.xtec.cat\/iesalella\/wp-content\/uploads\/usu119\/2014\/09\/17-cantina-300x200.jpg 300w, https:\/\/agora.xtec.cat\/iesalella\/wp-content\/uploads\/usu119\/2014\/09\/17-cantina.jpg 1280w\" sizes=\"auto, (max-width: 1024px) 100vw, 1024px\" \/><\/a><\/p>\n","protected":false},"excerpt":{"rendered":"<p>L\u2019empresa Al Teu Abast gestiona el servei de cantina-menjador, amb l\u2019objectiu de proporcionar un servei integral de qualitat. Proposen\u00a0 men\u00fas i productes variats, controlant que la dieta sigui equilibrada i incloent a la carta una \u00e0mplia gamma d\u2019entrepans freds i calents, torrades, pizzes i truites&hellip;  <a href=\"https:\/\/agora.xtec.cat\/iesalella\/serveis-2\/menjador-escolar\/\" title=\"Read CANTINA &#8211; MENJADOR ESCOLAR\">Llegeix m\u00e9s\u00bb<\/a><\/p>\n","protected":false},"author":1,"featured_media":0,"parent":6366,"menu_order":1,"comment_status":"closed","ping_status":"closed","template":"page-templates\/side-menu.php","meta":{"_bbp_topic_count":0,"_bbp_reply_count":0,"_bbp_total_topic_count":0,"_bbp_total_reply_count":0,"_bbp_voice_count":0,"_bbp_anonymous_reply_count":0,"_bbp_topic_count_hidden":0,"_bbp_reply_count_hidden":0,"_bbp_forum_subforum_count":0,"footnotes":""},"class_list":["post-69","page","type-page","status-publish","hentry"],"post_mailing_queue_ids":[],"_links":{"self":[{"href":"https:\/\/agora.xtec.cat\/iesalella\/wp-json\/wp\/v2\/pages\/69","targetHints":{"allow":["GET"]}}],"collection":[{"href":"https:\/\/agora.xtec.cat\/iesalella\/wp-json\/wp\/v2\/pages"}],"about":[{"href":"https:\/\/agora.xtec.cat\/iesalella\/wp-json\/wp\/v2\/types\/page"}],"author":[{"embeddable":true,"href":"https:\/\/agora.xtec.cat\/iesalella\/wp-json\/wp\/v2\/users\/1"}],"replies":[{"embeddable":true,"href":"https:\/\/agora.xtec.cat\/iesalella\/wp-json\/wp\/v2\/comments?post=69"}],"version-history":[{"count":6,"href":"https:\/\/agora.xtec.cat\/iesalella\/wp-json\/wp\/v2\/pages\/69\/revisions"}],"predecessor-version":[{"id":9122,"href":"https:\/\/agora.xtec.cat\/iesalella\/wp-json\/wp\/v2\/pages\/69\/revisions\/9122"}],"up":[{"embeddable":true,"href":"https:\/\/agora.xtec.cat\/iesalella\/wp-json\/wp\/v2\/pages\/6366"}],"wp:attachment":[{"href":"https:\/\/agora.xtec.cat\/iesalella\/wp-json\/wp\/v2\/media?parent=69"}],"curies":[{"name":"wp","href":"https:\/\/api.w.org\/{rel}","templated":true}]}}