{"id":6590,"date":"2022-03-02T10:36:10","date_gmt":"2022-03-02T09:36:10","guid":{"rendered":"https:\/\/agora.xtec.cat\/iesalella\/?page_id=6590"},"modified":"2026-02-24T16:38:27","modified_gmt":"2026-02-24T15:38:27","slug":"preinscripcio-2022-2023","status":"publish","type":"page","link":"https:\/\/agora.xtec.cat\/iesalella\/pagines-dinici\/pagina-dinici-buida\/preinscripcio-2022-2023\/","title":{"rendered":"PREINSCRIPCI\u00d3 i MATR\u00cdCULA 26-27"},"content":{"rendered":"<p>Dates clau<\/p>\n<p><strong>ESO. PREINSCRIPCI\u00d3. del 6 al 18 de mar\u00e7 de 2026. <span style=\"color: #ff0000;\">Nom\u00e9s per alumnat nou al centre.<\/span><\/strong><\/p>\n<ul>\n<li style=\"list-style-type: none;\">\n<ul style=\"list-style-type: square;\">\n<li>Portes obertes: dilluns, 23 de febrer de 2026.<span class=\"inline-flex\" aria-label=\"Preinscripci\u00f3 curs 2026-2027\" data-state=\"closed\">\u200b <\/span>\u00a017.00 h.<span class=\"inline-flex\" aria-label=\"Preinscripci\u00f3 curs 2026-2027\" data-state=\"closed\">\u200b<\/span><\/li>\n<\/ul>\n<\/li>\n<\/ul>\n<p><strong>BATXILLERAT. PREINSCRIPCI\u00d3. del 9 al 16 d&#8217;abril de 2026.<span style=\"color: #ff0000;\"> Nom\u00e9s per alumnat nou al centre.<\/span><\/strong><\/p>\n<ul>\n<li style=\"list-style-type: none;\">\n<ul style=\"list-style-type: square;\">\n<li>Portes obertes: dissabte, 7 de mar\u00e7 de 2026.<span class=\"inline-flex\" aria-label=\"Preinscripci\u00f3 curs 2026-2027\" data-state=\"closed\">\u200b<\/span>\u00a010.30 h.<span class=\"inline-flex\" aria-label=\"Preinscripci\u00f3 curs 2026-2027\" data-state=\"closed\">\u200b<\/span><\/li>\n<\/ul>\n<\/li>\n<\/ul>\n<p><strong>CFGM. PREINSCRIPCI\u00d3. Encara sense data. <span style=\"color: #ff0000;\">Nom\u00e9s per alumnat nou al centre.<\/span><br \/>\n<\/strong><\/p>\n<ul>\n<li style=\"list-style-type: none;\">\n<ul style=\"list-style-type: square;\">\n<li>Portes obertes: dissabte, 11 d\u2019abril de 2026.<span class=\"inline-flex\" aria-label=\"Preinscripci\u00f3 curs 2026-2027\" data-state=\"closed\">\u200b<\/span>\u00a010.30 h.<span class=\"inline-flex\" aria-label=\"Preinscripci\u00f3 curs 2026-2027\" data-state=\"closed\">\u200b<\/span><\/li>\n<\/ul>\n<\/li>\n<\/ul>\n<p><strong>CFGS. PREINSCRIPCI\u00d3. Encara sense data . <span style=\"color: #ff0000;\">Nom\u00e9s per alumnat nou al centre.<\/span><\/strong><\/p>\n<ul>\n<li style=\"list-style-type: none;\">\n<ul style=\"list-style-type: square;\">\n<li>Portes obertes: dissabte, 11 d\u2019abril de 2026.<span class=\"inline-flex\" aria-label=\"Preinscripci\u00f3 curs 2026-2027\" data-state=\"closed\">\u200b<\/span>\u00a010.30 h.<span class=\"inline-flex\" aria-label=\"Preinscripci\u00f3 curs 2026-2027\" data-state=\"closed\">\u200b<\/span><\/li>\n<\/ul>\n<\/li>\n<\/ul>\n<p><strong>PFI. PREINSCRIPCI\u00d3. Encara sense data. <span style=\"color: #ff0000;\">Nom\u00e9s per alumnat nou al centre.<\/span><\/strong><\/p>\n<p>&nbsp;<\/p>\n<p>Web amb el <strong><span style=\"text-decoration: underline;\"><a href=\"http:\/\/mapaescolar.gencat.cat\/\" target=\"_blank\" rel=\"noopener\">mapa escolar<\/a> <\/span><\/strong>de Catalunya.<\/p>\n<p>&nbsp;<\/p>\n","protected":false},"excerpt":{"rendered":"<p>Dates clau<br \/>\nESO. PREINSCRIPCI\u00d3. del 6 al 18 de mar\u00e7 de 2026. Nom\u00e9s per alumnat nou al centre.<\/p>\n<ul>\n<li style=\"list-style-type: none;\">\n<ul style=\"list-style-type: square;\">\n<li>Portes obertes: dilluns, 23 de febrer de 2026.\u200b \u00a017.00 h.\u200b<\/li>\n<\/ul>\n<\/li>\n<\/ul>\n<p>BATXILLERAT. PREINSCRIPCI\u00d3. del 9 al 16 d&#8217;abril de 2026. Nom\u00e9s per alumnat nou al centre.<\/p>\n<ul>\n<li style=\"list-style-type:&hellip;  <a href=\"https:\/\/agora.xtec.cat\/iesalella\/pagines-dinici\/pagina-dinici-buida\/preinscripcio-2022-2023\/\" title=\"Read PREINSCRIPCI\u00d3 i MATR\u00cdCULA 26-27\">Llegeix m\u00e9s\u00bb<\/a><br \/>\n","protected":false},"author":4,"featured_media":0,"parent":9,"menu_order":0,"comment_status":"closed","ping_status":"closed","template":"","meta":{"_bbp_topic_count":0,"_bbp_reply_count":0,"_bbp_total_topic_count":0,"_bbp_total_reply_count":0,"_bbp_voice_count":0,"_bbp_anonymous_reply_count":0,"_bbp_topic_count_hidden":0,"_bbp_reply_count_hidden":0,"_bbp_forum_subforum_count":0,"footnotes":""},"class_list":["post-6590","page","type-page","status-publish","hentry"],"post_mailing_queue_ids":[],"_links":{"self":[{"href":"https:\/\/agora.xtec.cat\/iesalella\/wp-json\/wp\/v2\/pages\/6590","targetHints":{"allow":["GET"]}}],"collection":[{"href":"https:\/\/agora.xtec.cat\/iesalella\/wp-json\/wp\/v2\/pages"}],"about":[{"href":"https:\/\/agora.xtec.cat\/iesalella\/wp-json\/wp\/v2\/types\/page"}],"author":[{"embeddable":true,"href":"https:\/\/agora.xtec.cat\/iesalella\/wp-json\/wp\/v2\/users\/4"}],"replies":[{"embeddable":true,"href":"https:\/\/agora.xtec.cat\/iesalella\/wp-json\/wp\/v2\/comments?post=6590"}],"version-history":[{"count":6,"href":"https:\/\/agora.xtec.cat\/iesalella\/wp-json\/wp\/v2\/pages\/6590\/revisions"}],"predecessor-version":[{"id":9309,"href":"https:\/\/agora.xtec.cat\/iesalella\/wp-json\/wp\/v2\/pages\/6590\/revisions\/9309"}],"up":[{"embeddable":true,"href":"https:\/\/agora.xtec.cat\/iesalella\/wp-json\/wp\/v2\/pages\/9"}],"wp:attachment":[{"href":"https:\/\/agora.xtec.cat\/iesalella\/wp-json\/wp\/v2\/media?parent=6590"}],"curies":[{"name":"wp","href":"https:\/\/api.w.org\/{rel}","templated":true}]}}