{"id":6327,"date":"2021-07-06T12:51:08","date_gmt":"2021-07-06T10:51:08","guid":{"rendered":"https:\/\/agora.xtec.cat\/iesalella\/?page_id=6327"},"modified":"2023-04-14T13:45:21","modified_gmt":"2023-04-14T11:45:21","slug":"pfi","status":"publish","type":"page","link":"https:\/\/agora.xtec.cat\/iesalella\/estudis\/pfi\/","title":{"rendered":"PFI &#8211; PTT"},"content":{"rendered":"<p>Els programes de formaci\u00f3 i inserci\u00f3 (PFI) estan destinats a joves d&#8217;entre 16 i 21 anys que no han finalitzat l&#8217;ESO, i s\u00f3n el primer nivell de qualificaci\u00f3 dins dels estudis de formaci\u00f3 professional i s&#8217;adscriuen a diferents fam\u00edlies professionals.<\/p>\n<p>Aquests estudis s\u00f3n voluntaris i la seva durada \u00e9s d&#8217;un curs acad\u00e8mic (1.000 hores). Estan basats en metodologies actives i globals, i inclouen pr\u00e0ctiques en empreses de l&#8217;entorn proper, s&#8217;apr\u00e8n fent.<\/p>\n<p>Cursar un PFI permet, d&#8217;una banda, la continu\u00eftat formativa dins de la formaci\u00f3 professional i, de l&#8217;altra, l&#8217;aprenentatge de les compet\u00e8ncies transversals i professionals necess\u00e0ries per al m\u00f3n del treball.<\/p>\n<p>A l&#8217;INS ALELLA oferim els PFI &#8211; PTT del Baix Maresme que s\u00f3n els seg\u00fcents:<\/p>\n<ul>\n<li>Auxiliar d&#8217;activitats esportives (AE01)<\/li>\n<li>Auxiliar de vendes, oficina i atenci\u00f3 al p\u00fablic (CM01)<\/li>\n<\/ul>\n<p>M\u00e9s informaci\u00f3 sobre els PFI al web de la Generalitat \u21d2\u00a0 <a href=\"https:\/\/triaeducativa.gencat.cat\/ca\/fp\/pfi\/\" target=\"_blank\" rel=\"noopener noreferrer\">ENLLA\u00c7<\/a><\/p>\n","protected":false},"excerpt":{"rendered":"<p>Els programes de formaci\u00f3 i inserci\u00f3 (PFI) estan destinats a joves d&#8217;entre 16 i 21 anys que no han finalitzat l&#8217;ESO, i s\u00f3n el primer nivell de qualificaci\u00f3 dins dels estudis de formaci\u00f3 professional i s&#8217;adscriuen a diferents fam\u00edlies professionals.<br \/>\nAquests estudis s\u00f3n voluntaris i la&hellip;  <a href=\"https:\/\/agora.xtec.cat\/iesalella\/estudis\/pfi\/\" title=\"Read PFI &#8211; PTT\">Llegeix m\u00e9s\u00bb<\/a><\/p>\n","protected":false},"author":1,"featured_media":0,"parent":195,"menu_order":4,"comment_status":"closed","ping_status":"closed","template":"page-templates\/side-menu.php","meta":{"_bbp_topic_count":0,"_bbp_reply_count":0,"_bbp_total_topic_count":0,"_bbp_total_reply_count":0,"_bbp_voice_count":0,"_bbp_anonymous_reply_count":0,"_bbp_topic_count_hidden":0,"_bbp_reply_count_hidden":0,"_bbp_forum_subforum_count":0,"footnotes":""},"class_list":["post-6327","page","type-page","status-publish","hentry"],"post_mailing_queue_ids":[],"_links":{"self":[{"href":"https:\/\/agora.xtec.cat\/iesalella\/wp-json\/wp\/v2\/pages\/6327","targetHints":{"allow":["GET"]}}],"collection":[{"href":"https:\/\/agora.xtec.cat\/iesalella\/wp-json\/wp\/v2\/pages"}],"about":[{"href":"https:\/\/agora.xtec.cat\/iesalella\/wp-json\/wp\/v2\/types\/page"}],"author":[{"embeddable":true,"href":"https:\/\/agora.xtec.cat\/iesalella\/wp-json\/wp\/v2\/users\/1"}],"replies":[{"embeddable":true,"href":"https:\/\/agora.xtec.cat\/iesalella\/wp-json\/wp\/v2\/comments?post=6327"}],"version-history":[{"count":3,"href":"https:\/\/agora.xtec.cat\/iesalella\/wp-json\/wp\/v2\/pages\/6327\/revisions"}],"predecessor-version":[{"id":7993,"href":"https:\/\/agora.xtec.cat\/iesalella\/wp-json\/wp\/v2\/pages\/6327\/revisions\/7993"}],"up":[{"embeddable":true,"href":"https:\/\/agora.xtec.cat\/iesalella\/wp-json\/wp\/v2\/pages\/195"}],"wp:attachment":[{"href":"https:\/\/agora.xtec.cat\/iesalella\/wp-json\/wp\/v2\/media?parent=6327"}],"curies":[{"name":"wp","href":"https:\/\/api.w.org\/{rel}","templated":true}]}}