{"id":5742,"date":"2020-05-29T12:23:36","date_gmt":"2020-05-29T10:23:36","guid":{"rendered":"https:\/\/agora.xtec.cat\/iesalella\/?page_id=5742"},"modified":"2021-07-06T13:26:59","modified_gmt":"2021-07-06T11:26:59","slug":"pfi-ptt-baix-maresme","status":"publish","type":"page","link":"https:\/\/agora.xtec.cat\/iesalella\/preinscripcio-2020-2021\/pfi-ptt-baix-maresme\/","title":{"rendered":"PFI &#8211; PTT Baix Maresme"},"content":{"rendered":"<div dir=\"ltr\">\n<div dir=\"ltr\"><\/div>\n<\/div>\n<div dir=\"ltr\">\n<div dir=\"ltr\">\n<p>CURS 21-22: <a href=\"https:\/\/drive.google.com\/file\/d\/10pjqJHhkZVCGc5as6XUSm42oODgwIqfT\/view?usp=sharing\" target=\"_blank\" rel=\"noopener noreferrer\"><strong>LLISTAT DE L&#8217;ALUMNAT ADM\u00c8S AL PFI &#8211; PTT BAIX MARESME<\/strong><\/a><\/p>\n<p>Qualsevol informaci\u00f3 addicional que necessiteu, cal consultar-la per <span id=\"m_6636767688788003651gmail-m_5409900314351509464:1eq.13\">correu-e<\/span> al <span id=\"m_6636767688788003651gmail-m_5409900314351509464:1eq.14\">PTT<\/span>\u00a0del Baix Maresme:\u00a0\u00a0<b><u><a href=\"mailto:a8960286@xtec.cat\" target=\"_blank\" rel=\"noopener noreferrer\">a8960286@<span id=\"m_6636767688788003651gmail-m_5409900314351509464:1eq.15\">xtec<\/span>.cat<\/a><\/u>.\u00a0<\/b><\/p>\n<p>&nbsp;<\/p>\n<p>L&#8217;ENTREVISTA:<\/p>\n<p>Respecte al tema de l&#8217;entrevista, es far\u00e0 un cop finalitzat el termini de <span id=\"m_6636767688788003651gmail-m_5409900314351509464:1eq.26\">preinscripci\u00f3<\/span>,\u00a0 tamb\u00e9 per via telem\u00e0tica. I la realitzar\u00e0 la tutora del perfil triat en primera opci\u00f3.<\/p>\n<p>En el\u00a0<span id=\"m_6636767688788003651gmail-m_5409900314351509464:1eq.27\">mail<\/span>\u00a0que inclou la sol\u00b7licitud de\u00a0\u00a0<span id=\"m_6636767688788003651gmail-m_5409900314351509464:1eq.28\">preinscripci\u00f3<\/span>\u00a0els i les alumnes candidats\/es hauran de incloure la seva adre\u00e7a\u00a0<span id=\"m_6636767688788003651gmail-m_5409900314351509464:1eq.29\">mail<\/span>\u00a0i un n\u00famero de m\u00f2bil per contactar.<\/p>\n<p>Els i les joves han de tenir present que l&#8217;entrevista \u00e9s un element molt important per poder ser seleccionats per formar part del\u00a0<span id=\"m_6636767688788003651gmail-m_5409900314351509464:1eq.30\">PFI<\/span>&#8211;<span id=\"m_6636767688788003651gmail-m_5409900314351509464:1eq.31\">PTT<\/span>\u00a0i hauran de tenir una conducta i una vestimenta adequada per l&#8217;ocasi\u00f3.<\/p>\n<p>Podeu trobar m\u00e9s informaci\u00f3 sobre els estudis de PFI en aquest enlla\u00e7:\u00a0 <a href=\"http:\/\/queestudiar.gencat.cat\/ca\/preinscripcio\/estudis\/pfi\/\" target=\"_blank\" rel=\"noopener noreferrer\">http:\/\/queestudiar.gencat.cat\/ca\/preinscripcio\/estudis\/pfi\/<\/a><span id=\"m_6636767688788003651gmail-m_5409900314351509464:1eq.4\"><\/span><span id=\"m_6636767688788003651gmail-m_5409900314351509464:1eq.5\"><\/span><\/p>\n<\/div>\n<\/div>\n","protected":false},"excerpt":{"rendered":"<p>CURS 21-22: <a href=\"https:\/\/drive.google.com\/file\/d\/10pjqJHhkZVCGc5as6XUSm42oODgwIqfT\/view?usp=sharing\" target=\"_blank\" rel=\"noopener noreferrer\">LLISTAT DE L&#8217;ALUMNAT ADM\u00c8S AL PFI &#8211; PTT BAIX MARESME<\/a><br \/>\nQualsevol informaci\u00f3 addicional que necessiteu, cal consultar-la per correu-e al PTT\u00a0del Baix Maresme:\u00a0\u00a0<a href=\"mailto:a8960286@xtec.cat\" target=\"_blank\" rel=\"noopener noreferrer\">a8960286@xtec.cat<\/a>.\u00a0<br \/>\n&nbsp;<br \/>\nL&#8217;ENTREVISTA:<br \/>\nRespecte al tema de l&#8217;entrevista, es far\u00e0 un cop finalitzat el termini de preinscripci\u00f3,\u00a0&hellip;  <a href=\"https:\/\/agora.xtec.cat\/iesalella\/preinscripcio-2020-2021\/pfi-ptt-baix-maresme\/\" title=\"Read PFI &#8211; PTT Baix Maresme\">Llegeix m\u00e9s\u00bb<\/a><\/p>\n","protected":false},"author":1,"featured_media":0,"parent":5628,"menu_order":6,"comment_status":"closed","ping_status":"closed","template":"","meta":{"_bbp_topic_count":0,"_bbp_reply_count":0,"_bbp_total_topic_count":0,"_bbp_total_reply_count":0,"_bbp_voice_count":0,"_bbp_anonymous_reply_count":0,"_bbp_topic_count_hidden":0,"_bbp_reply_count_hidden":0,"_bbp_forum_subforum_count":0,"footnotes":""},"class_list":["post-5742","page","type-page","status-publish","hentry"],"post_mailing_queue_ids":[],"_links":{"self":[{"href":"https:\/\/agora.xtec.cat\/iesalella\/wp-json\/wp\/v2\/pages\/5742","targetHints":{"allow":["GET"]}}],"collection":[{"href":"https:\/\/agora.xtec.cat\/iesalella\/wp-json\/wp\/v2\/pages"}],"about":[{"href":"https:\/\/agora.xtec.cat\/iesalella\/wp-json\/wp\/v2\/types\/page"}],"author":[{"embeddable":true,"href":"https:\/\/agora.xtec.cat\/iesalella\/wp-json\/wp\/v2\/users\/1"}],"replies":[{"embeddable":true,"href":"https:\/\/agora.xtec.cat\/iesalella\/wp-json\/wp\/v2\/comments?post=5742"}],"version-history":[{"count":4,"href":"https:\/\/agora.xtec.cat\/iesalella\/wp-json\/wp\/v2\/pages\/5742\/revisions"}],"predecessor-version":[{"id":6344,"href":"https:\/\/agora.xtec.cat\/iesalella\/wp-json\/wp\/v2\/pages\/5742\/revisions\/6344"}],"up":[{"embeddable":true,"href":"https:\/\/agora.xtec.cat\/iesalella\/wp-json\/wp\/v2\/pages\/5628"}],"wp:attachment":[{"href":"https:\/\/agora.xtec.cat\/iesalella\/wp-json\/wp\/v2\/media?parent=5742"}],"curies":[{"name":"wp","href":"https:\/\/api.w.org\/{rel}","templated":true}]}}