{"id":5128,"date":"2019-02-13T12:46:49","date_gmt":"2019-02-13T11:46:49","guid":{"rendered":"http:\/\/agora.xtec.cat\/iesalella\/?page_id=5128"},"modified":"2023-04-11T13:10:08","modified_gmt":"2023-04-11T11:10:08","slug":"grau-superior","status":"publish","type":"page","link":"https:\/\/agora.xtec.cat\/iesalella\/grau-superior\/","title":{"rendered":"CICLE FORMATIU DE GRAU SUPERIOR"},"content":{"rendered":"<p><iframe loading=\"lazy\" src=\"https:\/\/docs.google.com\/presentation\/d\/e\/2PACX-1vSlLQV9s8sC6sf4faM8FQbg2_KLeSVfZJCEhM8IldBoaX7O7Dzz10sVjILvbwtEWQ\/embed?start=true&amp;loop=true&amp;delayms=5000\" width=\"960\" height=\"569\" frameborder=\"0\" allowfullscreen=\"allowfullscreen\"><\/iframe><\/p>\n<h3><\/h3>\n<blockquote>\n<h3><a href=\"https:\/\/triaeducativa.gencat.cat\/ca\/estudis?marqueting-publicitat-&amp;p_id=1730\">M\u00e9s informaci\u00f3: <strong>AQU\u00cd<\/strong><\/a><\/h3>\n<\/blockquote>\n","protected":false},"excerpt":{"rendered":"<p><a href=\"https:\/\/triaeducativa.gencat.cat\/ca\/estudis?marqueting-publicitat-&amp;p_id=1730\">M\u00e9s informaci\u00f3: AQU\u00cd<\/a><\/p>\n","protected":false},"author":1,"featured_media":0,"parent":0,"menu_order":4,"comment_status":"closed","ping_status":"closed","template":"page-templates\/side-menu.php","meta":{"_bbp_topic_count":0,"_bbp_reply_count":0,"_bbp_total_topic_count":0,"_bbp_total_reply_count":0,"_bbp_voice_count":0,"_bbp_anonymous_reply_count":0,"_bbp_topic_count_hidden":0,"_bbp_reply_count_hidden":0,"_bbp_forum_subforum_count":0,"footnotes":""},"class_list":["post-5128","page","type-page","status-publish","hentry"],"post_mailing_queue_ids":[],"_links":{"self":[{"href":"https:\/\/agora.xtec.cat\/iesalella\/wp-json\/wp\/v2\/pages\/5128","targetHints":{"allow":["GET"]}}],"collection":[{"href":"https:\/\/agora.xtec.cat\/iesalella\/wp-json\/wp\/v2\/pages"}],"about":[{"href":"https:\/\/agora.xtec.cat\/iesalella\/wp-json\/wp\/v2\/types\/page"}],"author":[{"embeddable":true,"href":"https:\/\/agora.xtec.cat\/iesalella\/wp-json\/wp\/v2\/users\/1"}],"replies":[{"embeddable":true,"href":"https:\/\/agora.xtec.cat\/iesalella\/wp-json\/wp\/v2\/comments?post=5128"}],"version-history":[{"count":4,"href":"https:\/\/agora.xtec.cat\/iesalella\/wp-json\/wp\/v2\/pages\/5128\/revisions"}],"predecessor-version":[{"id":7988,"href":"https:\/\/agora.xtec.cat\/iesalella\/wp-json\/wp\/v2\/pages\/5128\/revisions\/7988"}],"wp:attachment":[{"href":"https:\/\/agora.xtec.cat\/iesalella\/wp-json\/wp\/v2\/media?parent=5128"}],"curies":[{"name":"wp","href":"https:\/\/api.w.org\/{rel}","templated":true}]}}