{"id":5106,"date":"2019-02-05T15:13:24","date_gmt":"2019-02-05T14:13:24","guid":{"rendered":"http:\/\/agora.xtec.cat\/iesalella\/?page_id=5106"},"modified":"2019-02-05T15:13:24","modified_gmt":"2019-02-05T14:13:24","slug":"erasmus-plus","status":"publish","type":"page","link":"https:\/\/agora.xtec.cat\/iesalella\/activitats-i-projectes\/erasmus-plus\/","title":{"rendered":"Erasmus Plus"},"content":{"rendered":"<p><a href=\"https:\/\/agora.xtec.cat\/iesalella\/wp-content\/uploads\/usu119\/2019\/02\/eu_flag_co_funded_pos_rgb_right.jpg\"><img loading=\"lazy\" decoding=\"async\" class=\"alignleft size-medium wp-image-5101\" src=\"https:\/\/agora.xtec.cat\/iesalella\/wp-content\/uploads\/usu119\/2019\/02\/eu_flag_co_funded_pos_rgb_right-300x86.jpg\" alt=\"\" width=\"300\" height=\"86\" srcset=\"https:\/\/agora.xtec.cat\/iesalella\/wp-content\/uploads\/usu119\/2019\/02\/eu_flag_co_funded_pos_rgb_right-300x86.jpg 300w, https:\/\/agora.xtec.cat\/iesalella\/wp-content\/uploads\/usu119\/2019\/02\/eu_flag_co_funded_pos_rgb_right-768x219.jpg 768w, https:\/\/agora.xtec.cat\/iesalella\/wp-content\/uploads\/usu119\/2019\/02\/eu_flag_co_funded_pos_rgb_right-1024x292.jpg 1024w, https:\/\/agora.xtec.cat\/iesalella\/wp-content\/uploads\/usu119\/2019\/02\/eu_flag_co_funded_pos_rgb_right.jpg 1964w\" sizes=\"auto, (max-width: 300px) 100vw, 300px\" \/><\/a><\/p>\n<p>&nbsp;<\/p>\n<p>&nbsp;<\/p>\n<p>El programa Erasmus Plus \u00e9s un projecte finan\u00e7at per la Uni\u00f3 Europea per afavorir l&#8217;intercanvi d&#8217;alumnes entre els diversos pa\u00efsos de la UE.<\/p>\n","protected":false},"excerpt":{"rendered":"<p><a href=\"https:\/\/agora.xtec.cat\/iesalella\/wp-content\/uploads\/usu119\/2019\/02\/eu_flag_co_funded_pos_rgb_right.jpg\"><\/a><br \/>\n&nbsp;<br \/>\n&nbsp;<br \/>\nEl programa Erasmus Plus \u00e9s un projecte finan\u00e7at per la Uni\u00f3 Europea per afavorir l&#8217;intercanvi d&#8217;alumnes entre els diversos pa\u00efsos de la UE.<\/p>\n","protected":false},"author":1,"featured_media":0,"parent":5000,"menu_order":0,"comment_status":"closed","ping_status":"closed","template":"","meta":{"_bbp_topic_count":0,"_bbp_reply_count":0,"_bbp_total_topic_count":0,"_bbp_total_reply_count":0,"_bbp_voice_count":0,"_bbp_anonymous_reply_count":0,"_bbp_topic_count_hidden":0,"_bbp_reply_count_hidden":0,"_bbp_forum_subforum_count":0,"footnotes":""},"class_list":["post-5106","page","type-page","status-publish","hentry"],"post_mailing_queue_ids":[],"_links":{"self":[{"href":"https:\/\/agora.xtec.cat\/iesalella\/wp-json\/wp\/v2\/pages\/5106","targetHints":{"allow":["GET"]}}],"collection":[{"href":"https:\/\/agora.xtec.cat\/iesalella\/wp-json\/wp\/v2\/pages"}],"about":[{"href":"https:\/\/agora.xtec.cat\/iesalella\/wp-json\/wp\/v2\/types\/page"}],"author":[{"embeddable":true,"href":"https:\/\/agora.xtec.cat\/iesalella\/wp-json\/wp\/v2\/users\/1"}],"replies":[{"embeddable":true,"href":"https:\/\/agora.xtec.cat\/iesalella\/wp-json\/wp\/v2\/comments?post=5106"}],"version-history":[{"count":1,"href":"https:\/\/agora.xtec.cat\/iesalella\/wp-json\/wp\/v2\/pages\/5106\/revisions"}],"predecessor-version":[{"id":5107,"href":"https:\/\/agora.xtec.cat\/iesalella\/wp-json\/wp\/v2\/pages\/5106\/revisions\/5107"}],"up":[{"embeddable":true,"href":"https:\/\/agora.xtec.cat\/iesalella\/wp-json\/wp\/v2\/pages\/5000"}],"wp:attachment":[{"href":"https:\/\/agora.xtec.cat\/iesalella\/wp-json\/wp\/v2\/media?parent=5106"}],"curies":[{"name":"wp","href":"https:\/\/api.w.org\/{rel}","templated":true}]}}