{"id":4986,"date":"2018-11-18T23:39:43","date_gmt":"2018-11-18T22:39:43","guid":{"rendered":"http:\/\/agora.xtec.cat\/iesalella\/?page_id=4986"},"modified":"2026-03-20T11:55:37","modified_gmt":"2026-03-20T10:55:37","slug":"batxillerat-2","status":"publish","type":"page","link":"https:\/\/agora.xtec.cat\/iesalella\/batxillerat-2\/","title":{"rendered":"BATXILLERAT"},"content":{"rendered":"<h3>L&#8217;Institut d&#8217;Alella ofereix les modalitats human\u00edstica, social, tecnol\u00f2gica i cient\u00edfica.<\/h3>\n<p>&nbsp;<\/p>\n<h3>Curr\u00edculum de l&#8217;INS Alella.<\/h3>\n<p>&nbsp;<\/p>\n<h3><img loading=\"lazy\" decoding=\"async\" class=\"aligncenter size-full wp-image-9346\" src=\"https:\/\/agora.xtec.cat\/iesalella\/wp-content\/uploads\/usu119\/2026\/03\/Screenshot-2026-03-20-at-11-54-32-Oferta-batxis-Alella.pptx-Alella.26-27.pdf.png\" alt=\"\" width=\"1280\" height=\"720\" srcset=\"https:\/\/agora.xtec.cat\/iesalella\/wp-content\/uploads\/usu119\/2026\/03\/Screenshot-2026-03-20-at-11-54-32-Oferta-batxis-Alella.pptx-Alella.26-27.pdf.png 1280w, https:\/\/agora.xtec.cat\/iesalella\/wp-content\/uploads\/usu119\/2026\/03\/Screenshot-2026-03-20-at-11-54-32-Oferta-batxis-Alella.pptx-Alella.26-27.pdf-300x169.png 300w, https:\/\/agora.xtec.cat\/iesalella\/wp-content\/uploads\/usu119\/2026\/03\/Screenshot-2026-03-20-at-11-54-32-Oferta-batxis-Alella.pptx-Alella.26-27.pdf-1024x576.png 1024w, https:\/\/agora.xtec.cat\/iesalella\/wp-content\/uploads\/usu119\/2026\/03\/Screenshot-2026-03-20-at-11-54-32-Oferta-batxis-Alella.pptx-Alella.26-27.pdf-768x432.png 768w\" sizes=\"auto, (max-width: 1280px) 100vw, 1280px\" \/><\/h3>\n<h3>Cinc caracter\u00edstiques del nou batxillerat.<\/h3>\n<p>El curr\u00edculum del batxillerat promou el desplegament del projecte de vida personal, acad\u00e8mic i professional dels i de les joves procurant el seu \u00e8xit educatiu, i ha de facilitar l\u2019acc\u00e9s a processos formatius posteriors i a l\u2019aprenentatge al llarg de la vida. Dona continu\u00eftat al curr\u00edculum de l\u2019educaci\u00f3 b\u00e0sica com a instrument del sistema educatiu per assolir una societat fonamentada en una ciutadania cr\u00edtica, activa i constructiva, que doni resposta a les aspiracions personals i col\u00b7lectives en un context pluriling\u00fce i pluricultural, sostenible, digitalitzat, m\u00e9s equitatiu, m\u00e9s verd, m\u00e9s feminista i m\u00e9s democr\u00e0tic.<\/p>\n<p><a href=\"https:\/\/agora.xtec.cat\/iesalella\/wp-content\/uploads\/usu119\/2023\/02\/Caracteri\u0301stiques-batxillerat-panoramic-1024x429-1.png\"><img loading=\"lazy\" decoding=\"async\" class=\"aligncenter size-full wp-image-7630\" src=\"https:\/\/agora.xtec.cat\/iesalella\/wp-content\/uploads\/usu119\/2023\/02\/Caracteri\u0301stiques-batxillerat-panoramic-1024x429-1.png\" alt=\"\" width=\"1024\" height=\"429\" srcset=\"https:\/\/agora.xtec.cat\/iesalella\/wp-content\/uploads\/usu119\/2023\/02\/Caracteri\u0301stiques-batxillerat-panoramic-1024x429-1.png 1024w, https:\/\/agora.xtec.cat\/iesalella\/wp-content\/uploads\/usu119\/2023\/02\/Caracteri\u0301stiques-batxillerat-panoramic-1024x429-1-300x126.png 300w, https:\/\/agora.xtec.cat\/iesalella\/wp-content\/uploads\/usu119\/2023\/02\/Caracteri\u0301stiques-batxillerat-panoramic-1024x429-1-768x322.png 768w\" sizes=\"auto, (max-width: 1024px) 100vw, 1024px\" \/><\/a><\/p>\n","protected":false},"excerpt":{"rendered":"<p>L&#8217;Institut d&#8217;Alella ofereix les modalitats human\u00edstica, social, tecnol\u00f2gica i cient\u00edfica.<br \/>\n&nbsp;<br \/>\nCurr\u00edculum de l&#8217;INS Alella.<br \/>\n&nbsp;<\/p>\n<p>Cinc caracter\u00edstiques del nou batxillerat.<br \/>\nEl curr\u00edculum del batxillerat promou el desplegament del projecte de vida personal, acad\u00e8mic i professional dels i de les joves procurant el seu \u00e8xit educatiu, i ha de facilitar&hellip;  <a href=\"https:\/\/agora.xtec.cat\/iesalella\/batxillerat-2\/\" title=\"Read BATXILLERAT\">Llegeix m\u00e9s\u00bb<\/a><\/p>\n","protected":false},"author":1,"featured_media":0,"parent":0,"menu_order":2,"comment_status":"closed","ping_status":"closed","template":"page-templates\/side-menu.php","meta":{"_bbp_topic_count":0,"_bbp_reply_count":0,"_bbp_total_topic_count":0,"_bbp_total_reply_count":0,"_bbp_voice_count":0,"_bbp_anonymous_reply_count":0,"_bbp_topic_count_hidden":0,"_bbp_reply_count_hidden":0,"_bbp_forum_subforum_count":0,"footnotes":""},"class_list":["post-4986","page","type-page","status-publish","hentry"],"post_mailing_queue_ids":[],"_links":{"self":[{"href":"https:\/\/agora.xtec.cat\/iesalella\/wp-json\/wp\/v2\/pages\/4986","targetHints":{"allow":["GET"]}}],"collection":[{"href":"https:\/\/agora.xtec.cat\/iesalella\/wp-json\/wp\/v2\/pages"}],"about":[{"href":"https:\/\/agora.xtec.cat\/iesalella\/wp-json\/wp\/v2\/types\/page"}],"author":[{"embeddable":true,"href":"https:\/\/agora.xtec.cat\/iesalella\/wp-json\/wp\/v2\/users\/1"}],"replies":[{"embeddable":true,"href":"https:\/\/agora.xtec.cat\/iesalella\/wp-json\/wp\/v2\/comments?post=4986"}],"version-history":[{"count":5,"href":"https:\/\/agora.xtec.cat\/iesalella\/wp-json\/wp\/v2\/pages\/4986\/revisions"}],"predecessor-version":[{"id":9347,"href":"https:\/\/agora.xtec.cat\/iesalella\/wp-json\/wp\/v2\/pages\/4986\/revisions\/9347"}],"wp:attachment":[{"href":"https:\/\/agora.xtec.cat\/iesalella\/wp-json\/wp\/v2\/media?parent=4986"}],"curies":[{"name":"wp","href":"https:\/\/api.w.org\/{rel}","templated":true}]}}