{"id":4875,"date":"2018-10-12T19:53:22","date_gmt":"2018-10-12T17:53:22","guid":{"rendered":"http:\/\/agora.xtec.cat\/iesalella\/?page_id=4875"},"modified":"2023-04-11T13:04:28","modified_gmt":"2023-04-11T11:04:28","slug":"grau-mitja","status":"publish","type":"page","link":"https:\/\/agora.xtec.cat\/iesalella\/grau-mitja\/","title":{"rendered":"CICLE FORMATIU DE GRAU MITJ\u00c0"},"content":{"rendered":"<p><iframe loading=\"lazy\" src=\"https:\/\/docs.google.com\/presentation\/d\/e\/2PACX-1vQsazp-GuV5ruirCgpzvom4-nMQ2qhP05Ifg6XRI1q_dF1GHbcVJY20HJkfYNZoIhNnB3kh7TJ0H3pp\/embed?start=true&amp;loop=true&amp;delayms=5000\" width=\"960\" height=\"569\" frameborder=\"0\" allowfullscreen=\"allowfullscreen\"><\/iframe><\/p>\n<p>&nbsp;<\/p>\n<h3><a href=\"https:\/\/triaeducativa.gencat.cat\/ca\/estudis?activitats-comercials&amp;p_id=1370\" target=\"_blank\" rel=\"noopener\">M\u00e9s informaci\u00f3: <strong>AQU\u00cd<\/strong><\/a><\/h3>\n","protected":false},"excerpt":{"rendered":"<p>&nbsp;<br \/>\n<a href=\"https:\/\/triaeducativa.gencat.cat\/ca\/estudis?activitats-comercials&amp;p_id=1370\" target=\"_blank\" rel=\"noopener\">M\u00e9s informaci\u00f3: AQU\u00cd<\/a><\/p>\n","protected":false},"author":1,"featured_media":0,"parent":0,"menu_order":3,"comment_status":"closed","ping_status":"closed","template":"page-templates\/side-menu.php","meta":{"_bbp_topic_count":0,"_bbp_reply_count":0,"_bbp_total_topic_count":0,"_bbp_total_reply_count":0,"_bbp_voice_count":0,"_bbp_anonymous_reply_count":0,"_bbp_topic_count_hidden":0,"_bbp_reply_count_hidden":0,"_bbp_forum_subforum_count":0,"footnotes":""},"class_list":["post-4875","page","type-page","status-publish","hentry"],"post_mailing_queue_ids":[],"_links":{"self":[{"href":"https:\/\/agora.xtec.cat\/iesalella\/wp-json\/wp\/v2\/pages\/4875","targetHints":{"allow":["GET"]}}],"collection":[{"href":"https:\/\/agora.xtec.cat\/iesalella\/wp-json\/wp\/v2\/pages"}],"about":[{"href":"https:\/\/agora.xtec.cat\/iesalella\/wp-json\/wp\/v2\/types\/page"}],"author":[{"embeddable":true,"href":"https:\/\/agora.xtec.cat\/iesalella\/wp-json\/wp\/v2\/users\/1"}],"replies":[{"embeddable":true,"href":"https:\/\/agora.xtec.cat\/iesalella\/wp-json\/wp\/v2\/comments?post=4875"}],"version-history":[{"count":4,"href":"https:\/\/agora.xtec.cat\/iesalella\/wp-json\/wp\/v2\/pages\/4875\/revisions"}],"predecessor-version":[{"id":7987,"href":"https:\/\/agora.xtec.cat\/iesalella\/wp-json\/wp\/v2\/pages\/4875\/revisions\/7987"}],"wp:attachment":[{"href":"https:\/\/agora.xtec.cat\/iesalella\/wp-json\/wp\/v2\/media?parent=4875"}],"curies":[{"name":"wp","href":"https:\/\/api.w.org\/{rel}","templated":true}]}}