{"id":4870,"date":"2018-10-12T19:42:57","date_gmt":"2018-10-12T17:42:57","guid":{"rendered":"http:\/\/agora.xtec.cat\/iesalella\/?page_id=4870"},"modified":"2022-03-17T13:26:21","modified_gmt":"2022-03-17T12:26:21","slug":"formacio-professional","status":"publish","type":"page","link":"https:\/\/agora.xtec.cat\/iesalella\/estudis\/formacio-professional\/","title":{"rendered":"Formaci\u00f3 Professional"},"content":{"rendered":"<p>Els<strong> cicles formatius<\/strong> s\u00f3n ensenyaments que preparen els joves per a una determinada professi\u00f3, combinant la formaci\u00f3 en el centre educatiu amb la formaci\u00f3 pr\u00e0ctica en centres de treball. Poden ser de grau mitj\u00e0 o de grau superior i s\u2019agrupen en\u00a0fam\u00edlies professionals.<\/p>\n<p>A<strong> l&#8217;Institut d&#8217;Alella es poden cursar dos cicles formatius, un de grau mitj\u00e0 i un de grau superior, que tenen continu\u00eftat entre s\u00ed:<\/strong><\/p>\n<p>&nbsp;<\/p>\n<table style=\"border-collapse: collapse; width: 100%;\">\n<tbody>\n<tr>\n<td style=\"width: 50%;\">\n<h5>CICLE FORMATIU DE GRAU MITJ\u00c0<\/h5>\n<\/td>\n<td style=\"width: 50%;\"><span style=\"font-size: 1.125em;\">CICLE FORMATIU DE GRAU SUPERIOR:<\/span><\/td>\n<\/tr>\n<tr>\n<td style=\"width: 50%;\"><a href=\"https:\/\/agora.xtec.cat\/iesalella\/estudis\/formacio-professional\/grau-mitja\/\" target=\"_blank\" rel=\"noopener\"><img loading=\"lazy\" decoding=\"async\" class=\"size-medium wp-image-5230 aligncenter\" src=\"https:\/\/agora.xtec.cat\/iesalella\/wp-content\/uploads\/usu119\/2019\/04\/cartell-CFGM-Edited-212x300.jpg\" alt=\"\" width=\"212\" height=\"300\" srcset=\"https:\/\/agora.xtec.cat\/iesalella\/wp-content\/uploads\/usu119\/2019\/04\/cartell-CFGM-Edited-212x300.jpg 212w, https:\/\/agora.xtec.cat\/iesalella\/wp-content\/uploads\/usu119\/2019\/04\/cartell-CFGM-Edited-768x1086.jpg 768w, https:\/\/agora.xtec.cat\/iesalella\/wp-content\/uploads\/usu119\/2019\/04\/cartell-CFGM-Edited-724x1024.jpg 724w\" sizes=\"auto, (max-width: 212px) 100vw, 212px\" \/><\/a><\/td>\n<td style=\"width: 50%;\">\n<p style=\"text-align: center;\"><strong>M\u00c0RQUETING I PUBLICITAT<\/strong><\/p>\n<p><a href=\"https:\/\/agora.xtec.cat\/iesalella\/portes-obertes-virtuals\/estudis-jpo\/grau-superior\/\" target=\"_blank\" rel=\"noopener\"><img loading=\"lazy\" decoding=\"async\" class=\"wp-image-6577 aligncenter\" src=\"https:\/\/agora.xtec.cat\/iesalella\/wp-content\/uploads\/usu119\/2022\/02\/marketing-i-vendes2.jpeg-300x300.jpg\" alt=\"\" width=\"276\" height=\"276\" srcset=\"https:\/\/agora.xtec.cat\/iesalella\/wp-content\/uploads\/usu119\/2022\/02\/marketing-i-vendes2.jpeg-300x300.jpg 300w, https:\/\/agora.xtec.cat\/iesalella\/wp-content\/uploads\/usu119\/2022\/02\/marketing-i-vendes2.jpeg-150x150.jpg 150w, https:\/\/agora.xtec.cat\/iesalella\/wp-content\/uploads\/usu119\/2022\/02\/marketing-i-vendes2.jpeg.jpg 640w\" sizes=\"auto, (max-width: 276px) 100vw, 276px\" \/><\/a><\/td>\n<\/tr>\n<\/tbody>\n<\/table>\n<p>&nbsp;<\/p>\n<h4>Trobareu m\u00e9s informaci\u00f3 en aquest <strong><a href=\"https:\/\/sites.google.com\/insalella.cat\/fpinsalella\/inici\" target=\"_blank\" rel=\"noopener noreferrer\">ENLLA\u00c7<\/a><\/strong><\/h4>\n","protected":false},"excerpt":{"rendered":"<p>Els cicles formatius s\u00f3n ensenyaments que preparen els joves per a una determinada professi\u00f3, combinant la formaci\u00f3 en el centre educatiu amb la formaci\u00f3 pr\u00e0ctica en centres de treball. Poden ser de grau mitj\u00e0 o de grau superior i s\u2019agrupen en\u00a0fam\u00edlies professionals.<br \/>\nA l&#8217;Institut d&#8217;Alella es&hellip;  <a href=\"https:\/\/agora.xtec.cat\/iesalella\/estudis\/formacio-professional\/\" title=\"Read Formaci\u00f3 Professional\">Llegeix m\u00e9s\u00bb<\/a><\/p>\n","protected":false},"author":1,"featured_media":0,"parent":195,"menu_order":3,"comment_status":"closed","ping_status":"closed","template":"page-templates\/side-menu.php","meta":{"_bbp_topic_count":0,"_bbp_reply_count":0,"_bbp_total_topic_count":0,"_bbp_total_reply_count":0,"_bbp_voice_count":0,"_bbp_anonymous_reply_count":0,"_bbp_topic_count_hidden":0,"_bbp_reply_count_hidden":0,"_bbp_forum_subforum_count":0,"footnotes":""},"class_list":["post-4870","page","type-page","status-publish","hentry"],"post_mailing_queue_ids":[],"_links":{"self":[{"href":"https:\/\/agora.xtec.cat\/iesalella\/wp-json\/wp\/v2\/pages\/4870","targetHints":{"allow":["GET"]}}],"collection":[{"href":"https:\/\/agora.xtec.cat\/iesalella\/wp-json\/wp\/v2\/pages"}],"about":[{"href":"https:\/\/agora.xtec.cat\/iesalella\/wp-json\/wp\/v2\/types\/page"}],"author":[{"embeddable":true,"href":"https:\/\/agora.xtec.cat\/iesalella\/wp-json\/wp\/v2\/users\/1"}],"replies":[{"embeddable":true,"href":"https:\/\/agora.xtec.cat\/iesalella\/wp-json\/wp\/v2\/comments?post=4870"}],"version-history":[{"count":4,"href":"https:\/\/agora.xtec.cat\/iesalella\/wp-json\/wp\/v2\/pages\/4870\/revisions"}],"predecessor-version":[{"id":6646,"href":"https:\/\/agora.xtec.cat\/iesalella\/wp-json\/wp\/v2\/pages\/4870\/revisions\/6646"}],"up":[{"embeddable":true,"href":"https:\/\/agora.xtec.cat\/iesalella\/wp-json\/wp\/v2\/pages\/195"}],"wp:attachment":[{"href":"https:\/\/agora.xtec.cat\/iesalella\/wp-json\/wp\/v2\/media?parent=4870"}],"curies":[{"name":"wp","href":"https:\/\/api.w.org\/{rel}","templated":true}]}}